{"id":852,"date":"2024-04-02T16:34:10","date_gmt":"2024-04-02T08:34:10","guid":{"rendered":"https:\/\/sterubber.com\/?post_type=product&#038;p=852"},"modified":"2024-04-15T15:36:19","modified_gmt":"2024-04-15T07:36:19","slug":"correias-transportadoras","status":"publish","type":"product","link":"https:\/\/www.sterubber.com\/pt\/product\/conveyor-belts\/","title":{"rendered":"Correias transportadoras"},"content":{"rendered":"<p>Correias transportadoras, ou correias transportadoras, s\u00e3o produtos compostos de borracha, fibra, metal ou produtos compostos de pl\u00e1stico e tecido usados em correias transportadoras para carregar e transportar materiais. Correias transportadoras s\u00e3o amplamente usadas em cimento, coque, metalurgia, qu\u00edmica, a\u00e7o e outras ind\u00fastrias onde a dist\u00e2ncia de transporte \u00e9 curta e o volume de transporte \u00e9 pequeno.<\/p>\n<p>Correias transportadoras e transportadores de correia s\u00e3o amplamente utilizados em empresas agr\u00edcolas, industriais e de minera\u00e7\u00e3o, e ind\u00fastrias de transporte para transportar v\u00e1rios materiais s\u00f3lidos em bloco e p\u00f3 ou itens acabados. Correias transportadoras podem transportar continuamente, eficientemente e em grandes \u00e2ngulos. Correias transportadoras \u00c9 seguro operar, a correia transportadora \u00e9 f\u00e1cil de usar, f\u00e1cil de manter e tem baixo frete. Pode encurtar a dist\u00e2ncia de transporte, reduzir o custo do projeto e economizar m\u00e3o de obra e recursos materiais.<\/p>\n<p>Como material<\/p>\n<p>Correia transportadora de PVC, correia transportadora de PU, correia transportadora de polietileno, correia transportadora de placa de corrente de pl\u00e1stico, correia transportadora de malha modular, correia transportadora de polipropileno, correia transportadora de nylon, correia transportadora, correia transportadora de a\u00e7o inoxid\u00e1vel.<\/p>\n<p>Como resist\u00eancia ao calor<\/p>\n<p>\u2460. Correia transportadora resistente ao calor: o tipo TI pode suportar no m\u00e1ximo 100 graus, o tipo T2 pode suportar no m\u00e1ximo 125 graus e o tipo T3 pode suportar no m\u00e1ximo 150 graus.<\/p>\n<p>\u2461. Correia transportadora resistente a altas temperaturas: a resist\u00eancia \u00e0 temperatura n\u00e3o \u00e9 maior que 200 graus<\/p>\n<p>\u2462. Correia transportadora resistente a queimaduras (correia transportadora com n\u00facleo de malha met\u00e1lica): resistente \u00e0 temperatura de 200-500 graus<\/p>\n\n<table id=\"tablepress-37\" class=\"tablepress tablepress-id-37 tbody-has-connected-cells\">\n<tbody class=\"row-striping row-hover\">\n<tr class=\"row-1\">\n\t<td colspan=\"8\" class=\"column-1\">Principais par\u00e2metros t\u00e9cnicos<\/td>\n<\/tr>\n<tr class=\"row-2\">\n\t<td rowspan=\"2\" class=\"column-1\">Forma do rolo do rolamento<\/td><td class=\"column-2\">Velocidade de curvatura<\/td><td colspan=\"6\" class=\"column-3\">Largura da curvatura (mm)<\/td>\n<\/tr>\n<tr class=\"row-3\">\n\t<td class=\"column-2\">(EM)<\/td><td class=\"column-3\">500<\/td><td class=\"column-4\">650<\/td><td class=\"column-5\">800<\/td><td class=\"column-6\">100<\/td><td class=\"column-7\">1200<\/td><td class=\"column-8\">1400<\/td>\n<\/tr>\n<tr class=\"row-4\">\n\t<td colspan=\"2\" class=\"column-1\"><\/td><td colspan=\"6\" class=\"column-3\">Capacidade de transporteQ(m3\/h)<\/td>\n<\/tr>\n<tr class=\"row-5\">\n\t<td rowspan=\"4\" class=\"column-1\">Atrav\u00e9s do rolo<\/td><td class=\"column-2\">0.8<\/td><td class=\"column-3\">78<\/td><td class=\"column-4\">138<\/td><td class=\"column-5\">-<\/td><td class=\"column-6\">-<\/td><td class=\"column-7\">-<\/td><td class=\"column-8\">-<\/td>\n<\/tr>\n<tr class=\"row-6\">\n\t<td class=\"column-2\">1.0~2.5<\/td><td class=\"column-3\">97~232<\/td><td class=\"column-4\">164~391<\/td><td class=\"column-5\">278~661<\/td><td class=\"column-6\">435~1033<\/td><td class=\"column-7\">655~1556<\/td><td class=\"column-8\">891~2118<\/td>\n<\/tr>\n<tr class=\"row-7\">\n\t<td class=\"column-2\">3.15<\/td><td class=\"column-3\">-<\/td><td class=\"column-4\">-<\/td><td class=\"column-5\">821<\/td><td class=\"column-6\">123.3<\/td><td class=\"column-7\">1858<\/td><td class=\"column-8\">2528<\/td>\n<\/tr>\n<tr class=\"row-8\">\n\t<td class=\"column-2\">4<\/td><td class=\"column-3\">-<\/td><td class=\"column-4\">-<\/td><td class=\"column-5\">-<\/td><td class=\"column-6\">-<\/td><td class=\"column-7\">2202<\/td><td class=\"column-8\">2996<\/td>\n<\/tr>\n<tr class=\"row-9\">\n\t<td rowspan=\"2\" class=\"column-1\">Rolo plano<\/td><td class=\"column-2\">0.8<\/td><td class=\"column-3\">41<\/td><td class=\"column-4\">67<\/td><td class=\"column-5\">118<\/td><td class=\"column-6\">-<\/td><td class=\"column-7\">-<\/td><td class=\"column-8\">-<\/td>\n<\/tr>\n<tr class=\"row-10\">\n\t<td class=\"column-2\">1.0~2.5<\/td><td class=\"column-3\">52~125<\/td><td class=\"column-4\">88~211<\/td><td class=\"column-5\">147~350<\/td><td class=\"column-6\">230~546<\/td><td class=\"column-7\">345~821<\/td><td class=\"column-8\">467~1117<\/td>\n<\/tr>\n<tr class=\"row-11\">\n\t<td colspan=\"2\" class=\"column-1\">Pot\u00eancia (kw)<\/td><td class=\"column-3\">1.5~40<\/td><td class=\"column-4\">1.5~50<\/td><td class=\"column-5\">2.2~75<\/td><td class=\"column-6\">4~100<\/td><td class=\"column-7\">7~185<\/td><td class=\"column-8\">4~185<\/td>\n<\/tr>\n<\/tbody>\n<\/table>\n<!-- #tablepress-37 from cache -->\n<p>&nbsp;<\/p>","protected":false},"excerpt":{"rendered":"<p>Correias transportadoras, ou correias transportadoras, s\u00e3o produtos compostos de borracha, fibra, metal ou produtos compostos de pl\u00e1stico e tecido usados em correias transportadoras para carregar e transportar materiais. Correias transportadoras s\u00e3o amplamente usadas em cimento, coque, metalurgia, qu\u00edmica, a\u00e7o e outras ind\u00fastrias onde a dist\u00e2ncia de transporte \u00e9 curta e o volume de transporte \u00e9 pequeno.<\/p>","protected":false},"featured_media":854,"comment_status":"open","ping_status":"closed","template":"","meta":{"site-sidebar-layout":"default","site-content-layout":"","ast-site-content-layout":"default","site-content-style":"default","site-sidebar-style":"default","ast-global-header-display":"","ast-banner-title-visibility":"","ast-main-header-display":"","ast-hfb-above-header-display":"","ast-hfb-below-header-display":"","ast-hfb-mobile-header-display":"","site-post-title":"","ast-breadcrumbs-content":"","ast-featured-img":"","footer-sml-layout":"","ast-disable-related-posts":"","theme-transparent-header-meta":"default","adv-header-id-meta":"","stick-header-meta":"","header-above-stick-meta":"","header-main-stick-meta":"","header-below-stick-meta":"","astra-migrate-meta-layouts":"set","ast-page-background-enabled":"default","ast-page-background-meta":{"desktop":{"background-color":"var(--ast-global-color-4)","background-image":"","background-repeat":"repeat","background-position":"center center","background-size":"auto","background-attachment":"scroll","background-type":"","background-media":"","overlay-type":"","overlay-color":"","overlay-opacity":"","overlay-gradient":""},"tablet":{"background-color":"","background-image":"","background-repeat":"repeat","background-position":"center center","background-size":"auto","background-attachment":"scroll","background-type":"","background-media":"","overlay-type":"","overlay-color":"","overlay-opacity":"","overlay-gradient":""},"mobile":{"background-color":"","background-image":"","background-repeat":"repeat","background-position":"center center","background-size":"auto","background-attachment":"scroll","background-type":"","background-media":"","overlay-type":"","overlay-color":"","overlay-opacity":"","overlay-gradient":""}},"ast-content-background-meta":{"desktop":{"background-color":"var(--ast-global-color-5)","background-image":"","background-repeat":"repeat","background-position":"center center","background-size":"auto","background-attachment":"scroll","background-type":"","background-media":"","overlay-type":"","overlay-color":"","overlay-opacity":"","overlay-gradient":""},"tablet":{"background-color":"var(--ast-global-color-5)","background-image":"","background-repeat":"repeat","background-position":"center center","background-size":"auto","background-attachment":"scroll","background-type":"","background-media":"","overlay-type":"","overlay-color":"","overlay-opacity":"","overlay-gradient":""},"mobile":{"background-color":"var(--ast-global-color-5)","background-image":"","background-repeat":"repeat","background-position":"center center","background-size":"auto","background-attachment":"scroll","background-type":"","background-media":"","overlay-type":"","overlay-color":"","overlay-opacity":"","overlay-gradient":""}}},"product_brand":[],"product_cat":[38],"product_tag":[],"class_list":{"0":"post-852","1":"product","2":"type-product","3":"status-publish","4":"has-post-thumbnail","6":"product_cat-conveying-belt","7":"desktop-align-center","8":"tablet-align-left","9":"mobile-align-left","11":"first","12":"instock","13":"shipping-taxable","14":"product-type-simple"},"_links":{"self":[{"href":"https:\/\/www.sterubber.com\/pt\/wp-json\/wp\/v2\/product\/852","targetHints":{"allow":["GET"]}}],"collection":[{"href":"https:\/\/www.sterubber.com\/pt\/wp-json\/wp\/v2\/product"}],"about":[{"href":"https:\/\/www.sterubber.com\/pt\/wp-json\/wp\/v2\/types\/product"}],"replies":[{"embeddable":true,"href":"https:\/\/www.sterubber.com\/pt\/wp-json\/wp\/v2\/comments?post=852"}],"wp:featuredmedia":[{"embeddable":true,"href":"https:\/\/www.sterubber.com\/pt\/wp-json\/wp\/v2\/media\/854"}],"wp:attachment":[{"href":"https:\/\/www.sterubber.com\/pt\/wp-json\/wp\/v2\/media?parent=852"}],"wp:term":[{"taxonomy":"product_brand","embeddable":true,"href":"https:\/\/www.sterubber.com\/pt\/wp-json\/wp\/v2\/product_brand?post=852"},{"taxonomy":"product_cat","embeddable":true,"href":"https:\/\/www.sterubber.com\/pt\/wp-json\/wp\/v2\/product_cat?post=852"},{"taxonomy":"product_tag","embeddable":true,"href":"https:\/\/www.sterubber.com\/pt\/wp-json\/wp\/v2\/product_tag?post=852"}],"curies":[{"name":"wp","href":"https:\/\/api.w.org\/{rel}","templated":true}]}}