{"id":846,"date":"2024-04-02T16:11:06","date_gmt":"2024-04-02T08:11:06","guid":{"rendered":"https:\/\/sterubber.com\/?post_type=product&#038;p=846"},"modified":"2024-04-15T15:59:05","modified_gmt":"2024-04-15T07:59:05","slug":"pressao-de-aco-inoxidavel","status":"publish","type":"product","link":"https:\/\/www.sterubber.com\/pt\/product\/stainless-steel-pressure\/","title":{"rendered":"Mangueira de press\u00e3o de a\u00e7o inoxid\u00e1vel"},"content":{"rendered":"<p>A mangueira de metal resistente \u00e0 press\u00e3o de a\u00e7o inoxid\u00e1vel \u00e9 feita de tubo corrugado de a\u00e7o inoxid\u00e1vel com uma camada ou m\u00faltiplas camadas de fio de a\u00e7o ou manga de malha de correia de a\u00e7o, ambas as extremidades s\u00e3o conectadas com juntas ou flanges, e componentes flex\u00edveis s\u00e3o usados para transportar v\u00e1rios meios. \u00c9 caracterizada pela resist\u00eancia \u00e0 corros\u00e3o, resist\u00eancia a altas temperaturas, resist\u00eancia a baixas temperaturas (-196\u2103 ~ +420\u2103), leve, tamanho pequeno e boa maciez.<\/p>\n<p>Amplamente utilizado na avia\u00e7\u00e3o, aeroespacial, petr\u00f3leo, ind\u00fastria qu\u00edmica, metalurgia, eletricidade, papel, madeira, t\u00eaxtil, constru\u00e7\u00e3o, tabaco, transporte e outras ind\u00fastrias.<\/p>\n<p><img fetchpriority=\"high\" decoding=\"async\" class=\"aligncenter wp-image-847 size-full\" src=\"https:\/\/sterubber.com\/wp-content\/uploads\/2024\/04\/Stainless-steel-pressure-1.jpg\" alt=\"\" width=\"1000\" height=\"800\" srcset=\"https:\/\/www.sterubber.com\/wp-content\/uploads\/2024\/04\/Stainless-steel-pressure-1.jpg 1000w, https:\/\/www.sterubber.com\/wp-content\/uploads\/2024\/04\/Stainless-steel-pressure-1-300x240.jpg 300w, https:\/\/www.sterubber.com\/wp-content\/uploads\/2024\/04\/Stainless-steel-pressure-1-768x614.jpg 768w, https:\/\/www.sterubber.com\/wp-content\/uploads\/2024\/04\/Stainless-steel-pressure-1-600x480.jpg 600w\" sizes=\"(max-width: 1000px) 100vw, 1000px\" \/><\/p>\n<p><img decoding=\"async\" class=\"aligncenter wp-image-848 size-full\" src=\"https:\/\/sterubber.com\/wp-content\/uploads\/2024\/04\/Stainless-steel-pressure-2.jpg\" alt=\"\" width=\"1000\" height=\"757\" srcset=\"https:\/\/www.sterubber.com\/wp-content\/uploads\/2024\/04\/Stainless-steel-pressure-2.jpg 1000w, https:\/\/www.sterubber.com\/wp-content\/uploads\/2024\/04\/Stainless-steel-pressure-2-300x227.jpg 300w, https:\/\/www.sterubber.com\/wp-content\/uploads\/2024\/04\/Stainless-steel-pressure-2-768x581.jpg 768w, https:\/\/www.sterubber.com\/wp-content\/uploads\/2024\/04\/Stainless-steel-pressure-2-600x454.jpg 600w\" sizes=\"(max-width: 1000px) 100vw, 1000px\" \/><\/p>","protected":false},"excerpt":{"rendered":"<p>Stainless steel pressure-resistant metal hose is made of stainless steel corrugated pipe with a layer or multiple layers of steel [&hellip;]<\/p>\n","protected":false},"featured_media":849,"comment_status":"open","ping_status":"closed","template":"","meta":{"site-sidebar-layout":"default","site-content-layout":"","ast-site-content-layout":"default","site-content-style":"default","site-sidebar-style":"default","ast-global-header-display":"","ast-banner-title-visibility":"","ast-main-header-display":"","ast-hfb-above-header-display":"","ast-hfb-below-header-display":"","ast-hfb-mobile-header-display":"","site-post-title":"","ast-breadcrumbs-content":"","ast-featured-img":"","footer-sml-layout":"","ast-disable-related-posts":"","theme-transparent-header-meta":"default","adv-header-id-meta":"","stick-header-meta":"","header-above-stick-meta":"","header-main-stick-meta":"","header-below-stick-meta":"","astra-migrate-meta-layouts":"set","ast-page-background-enabled":"default","ast-page-background-meta":{"desktop":{"background-color":"var(--ast-global-color-4)","background-image":"","background-repeat":"repeat","background-position":"center center","background-size":"auto","background-attachment":"scroll","background-type":"","background-media":"","overlay-type":"","overlay-color":"","overlay-opacity":"","overlay-gradient":""},"tablet":{"background-color":"","background-image":"","background-repeat":"repeat","background-position":"center center","background-size":"auto","background-attachment":"scroll","background-type":"","background-media":"","overlay-type":"","overlay-color":"","overlay-opacity":"","overlay-gradient":""},"mobile":{"background-color":"","background-image":"","background-repeat":"repeat","background-position":"center center","background-size":"auto","background-attachment":"scroll","background-type":"","background-media":"","overlay-type":"","overlay-color":"","overlay-opacity":"","overlay-gradient":""}},"ast-content-background-meta":{"desktop":{"background-color":"var(--ast-global-color-5)","background-image":"","background-repeat":"repeat","background-position":"center center","background-size":"auto","background-attachment":"scroll","background-type":"","background-media":"","overlay-type":"","overlay-color":"","overlay-opacity":"","overlay-gradient":""},"tablet":{"background-color":"var(--ast-global-color-5)","background-image":"","background-repeat":"repeat","background-position":"center center","background-size":"auto","background-attachment":"scroll","background-type":"","background-media":"","overlay-type":"","overlay-color":"","overlay-opacity":"","overlay-gradient":""},"mobile":{"background-color":"var(--ast-global-color-5)","background-image":"","background-repeat":"repeat","background-position":"center center","background-size":"auto","background-attachment":"scroll","background-type":"","background-media":"","overlay-type":"","overlay-color":"","overlay-opacity":"","overlay-gradient":""}}},"product_brand":[],"product_cat":[47],"product_tag":[],"class_list":{"0":"post-846","1":"product","2":"type-product","3":"status-publish","4":"has-post-thumbnail","6":"product_cat-stainless-steel-pressure-hose","7":"desktop-align-center","8":"tablet-align-left","9":"mobile-align-left","11":"first","12":"instock","13":"shipping-taxable","14":"product-type-simple"},"_links":{"self":[{"href":"https:\/\/www.sterubber.com\/pt\/wp-json\/wp\/v2\/product\/846","targetHints":{"allow":["GET"]}}],"collection":[{"href":"https:\/\/www.sterubber.com\/pt\/wp-json\/wp\/v2\/product"}],"about":[{"href":"https:\/\/www.sterubber.com\/pt\/wp-json\/wp\/v2\/types\/product"}],"replies":[{"embeddable":true,"href":"https:\/\/www.sterubber.com\/pt\/wp-json\/wp\/v2\/comments?post=846"}],"wp:featuredmedia":[{"embeddable":true,"href":"https:\/\/www.sterubber.com\/pt\/wp-json\/wp\/v2\/media\/849"}],"wp:attachment":[{"href":"https:\/\/www.sterubber.com\/pt\/wp-json\/wp\/v2\/media?parent=846"}],"wp:term":[{"taxonomy":"product_brand","embeddable":true,"href":"https:\/\/www.sterubber.com\/pt\/wp-json\/wp\/v2\/product_brand?post=846"},{"taxonomy":"product_cat","embeddable":true,"href":"https:\/\/www.sterubber.com\/pt\/wp-json\/wp\/v2\/product_cat?post=846"},{"taxonomy":"product_tag","embeddable":true,"href":"https:\/\/www.sterubber.com\/pt\/wp-json\/wp\/v2\/product_tag?post=846"}],"curies":[{"name":"wp","href":"https:\/\/api.w.org\/{rel}","templated":true}]}}