{"id":817,"date":"2024-04-02T15:21:34","date_gmt":"2024-04-02T07:21:34","guid":{"rendered":"https:\/\/sterubber.com\/?post_type=product&#038;p=817"},"modified":"2024-04-07T10:29:07","modified_gmt":"2024-04-07T02:29:07","slug":"mangueira-de-borracha-trancada-com-fio-de-aco-de-alta-pressao","status":"publish","type":"product","link":"https:\/\/www.sterubber.com\/pt\/product\/high-pressure-steel-wire-braided-rubber-hose\/","title":{"rendered":"Mangueira de borracha tran\u00e7ada com fio de a\u00e7o de alta press\u00e3o"},"content":{"rendered":"<p>Mangueira de borracha tran\u00e7ada com fio de a\u00e7o de alta press\u00e3o<\/p>\n<p>Estrutura: Esta mangueira consiste em um tubo interno de borracha sint\u00e9tica resistente a \u00f3leo, um refor\u00e7o de tran\u00e7a de fio \u00fanico e uma capa de borracha sint\u00e9tica resistente a \u00f3leo e intemp\u00e9ries.<\/p>\n<p>APLICA\u00c7\u00d5ES: A linha de mangueiras \u00e9 adequada para transportar fluidos hidr\u00e1ulicos, como glicol, \u00f3leos minerais, combust\u00edveis, lubrificantes, emuls\u00f5es, hidrocarbonetos, etc.<\/p>\n<p>TEMPERATURA DE TRABALHO: de -40\u2103 at\u00e9 +100\u2103<\/p>\n<p>ESPECIFICA\u00c7\u00c3O: Q\/HOY03-2011 1\u578b\/Tipo 1<\/p>\n<p><img fetchpriority=\"high\" decoding=\"async\" class=\"aligncenter wp-image-824 size-full\" src=\"https:\/\/sterubber.com\/wp-content\/uploads\/2024\/04\/High-Pressure-Steel-Wire-Braided-Rubber-Hose-type1.jpg\" alt=\"Mangueira de borracha tran\u00e7ada com fio de a\u00e7o de alta press\u00e3o tipo 1\" width=\"1161\" height=\"592\" srcset=\"https:\/\/www.sterubber.com\/wp-content\/uploads\/2024\/04\/High-Pressure-Steel-Wire-Braided-Rubber-Hose-type1.jpg 1161w, https:\/\/www.sterubber.com\/wp-content\/uploads\/2024\/04\/High-Pressure-Steel-Wire-Braided-Rubber-Hose-type1-300x153.jpg 300w, https:\/\/www.sterubber.com\/wp-content\/uploads\/2024\/04\/High-Pressure-Steel-Wire-Braided-Rubber-Hose-type1-1024x522.jpg 1024w, https:\/\/www.sterubber.com\/wp-content\/uploads\/2024\/04\/High-Pressure-Steel-Wire-Braided-Rubber-Hose-type1-768x392.jpg 768w, https:\/\/www.sterubber.com\/wp-content\/uploads\/2024\/04\/High-Pressure-Steel-Wire-Braided-Rubber-Hose-type1-600x306.jpg 600w\" sizes=\"(max-width: 1161px) 100vw, 1161px\" \/><\/p>\n<p>Estrutura: Esta mangueira consiste em um tubo interno de borracha sint\u00e9tica de \u00f3leo, dois refor\u00e7os de malha de arame e uma capa de borracha sint\u00e9tica resistente a \u00f3leo e intemp\u00e9ries.<\/p>\n<p>APLICA\u00c7\u00d5ES: A linha de mangueiras \u00e9 adequada para transportar fluidos hidr\u00e1ulicos, como glicol, \u00f3leos minerais, combust\u00edveis, lubrificantes, emuls\u00f5es, hidrocarbonetos, etc.<\/p>\n<p>TEMPERATURA DE TRABALHO: de -40\u2103 at\u00e9 +100\u2103<\/p>\n<p>ESPECIFICA\u00c7\u00c3O:Q\/HOY03-2011\/Tipo 2<\/p>\n<p><img decoding=\"async\" class=\"aligncenter wp-image-825 size-full\" src=\"https:\/\/sterubber.com\/wp-content\/uploads\/2024\/04\/type-2.png\" alt=\"Mangueira de borracha tran\u00e7ada com fio de a\u00e7o de alta press\u00e3o tipo 2\" width=\"935\" height=\"536\" srcset=\"https:\/\/www.sterubber.com\/wp-content\/uploads\/2024\/04\/type-2.png 935w, https:\/\/www.sterubber.com\/wp-content\/uploads\/2024\/04\/type-2-300x172.png 300w, https:\/\/www.sterubber.com\/wp-content\/uploads\/2024\/04\/type-2-768x440.png 768w, https:\/\/www.sterubber.com\/wp-content\/uploads\/2024\/04\/type-2-600x344.png 600w\" sizes=\"(max-width: 935px) 100vw, 935px\" \/><\/p>\n<p>Estrutura: Esta mangueira consiste em um tubo interno de borracha sint\u00e9tica de \u00f3leo, refor\u00e7os de tr\u00eas fios tran\u00e7ados e uma capa de borracha sint\u00e9tica resistente a \u00f3leo e intemp\u00e9ries.<\/p>\n<p>APLICA\u00c7\u00d5ES: A linha de mangueiras \u00e9 adequada para transportar fluidos hidr\u00e1ulicos, como glicol, \u00f3leos minerais, combust\u00edveis, lubrificantes, emuls\u00f5es, hidrocarbonetos, etc.<\/p>\n<p>TEMPERATURA DE TRABALHO: de -40\u2103 at\u00e9 +100\u2103<\/p>\n<p>ESPECIFICA\u00c7\u00c3O: Q\/HOY03-2011\/Tipo 3<\/p>\n<p><img decoding=\"async\" class=\"aligncenter wp-image-826 size-full\" src=\"https:\/\/sterubber.com\/wp-content\/uploads\/2024\/04\/type-3.png\" alt=\"\" width=\"947\" height=\"476\" srcset=\"https:\/\/www.sterubber.com\/wp-content\/uploads\/2024\/04\/type-3.png 947w, https:\/\/www.sterubber.com\/wp-content\/uploads\/2024\/04\/type-3-300x151.png 300w, https:\/\/www.sterubber.com\/wp-content\/uploads\/2024\/04\/type-3-768x386.png 768w, https:\/\/www.sterubber.com\/wp-content\/uploads\/2024\/04\/type-3-600x302.png 600w\" sizes=\"(max-width: 947px) 100vw, 947px\" \/><\/p>\n<p>Estrutura: Esta mangueira consiste em um tubo interno de borracha sint\u00e9tica resistente a \u00f3leo, um refor\u00e7o de tran\u00e7a de fio \u00fanico e uma capa de borracha sint\u00e9tica resistente a \u00f3leo e intemp\u00e9ries.<\/p>\n<p>APLICA\u00c7\u00d5ES: A linha de mangueiras \u00e9 adequada para transportar fluidos hidr\u00e1ulicos, como glicol, \u00f3leos minerais, combust\u00edveis, lubrificantes, emuls\u00f5es, hidrocarbonetos, etc.<\/p>\n<p>TEMPERATURA DE TRABALHO: de -40\u2103 at\u00e9 +100\u2103<\/p>\n<p>ESPECIFICA\u00c7\u00c3O: GB\/T 3683 \/Tipo 1ST<\/p>\n<p><img loading=\"lazy\" decoding=\"async\" class=\"aligncenter wp-image-827 size-full\" src=\"https:\/\/sterubber.com\/wp-content\/uploads\/2024\/04\/Type-1ST-1.png\" alt=\"\" width=\"1011\" height=\"327\" srcset=\"https:\/\/www.sterubber.com\/wp-content\/uploads\/2024\/04\/Type-1ST-1.png 1011w, https:\/\/www.sterubber.com\/wp-content\/uploads\/2024\/04\/Type-1ST-1-300x97.png 300w, https:\/\/www.sterubber.com\/wp-content\/uploads\/2024\/04\/Type-1ST-1-768x248.png 768w, https:\/\/www.sterubber.com\/wp-content\/uploads\/2024\/04\/Type-1ST-1-600x194.png 600w\" sizes=\"(max-width: 1011px) 100vw, 1011px\" \/><\/p>\n<p><img loading=\"lazy\" decoding=\"async\" class=\"aligncenter wp-image-828 size-full\" src=\"https:\/\/sterubber.com\/wp-content\/uploads\/2024\/04\/Type-1ST-2.png\" alt=\"\" width=\"1130\" height=\"330\" srcset=\"https:\/\/www.sterubber.com\/wp-content\/uploads\/2024\/04\/Type-1ST-2.png 1130w, https:\/\/www.sterubber.com\/wp-content\/uploads\/2024\/04\/Type-1ST-2-300x88.png 300w, https:\/\/www.sterubber.com\/wp-content\/uploads\/2024\/04\/Type-1ST-2-1024x299.png 1024w, https:\/\/www.sterubber.com\/wp-content\/uploads\/2024\/04\/Type-1ST-2-768x224.png 768w, https:\/\/www.sterubber.com\/wp-content\/uploads\/2024\/04\/Type-1ST-2-600x175.png 600w\" sizes=\"(max-width: 1130px) 100vw, 1130px\" \/><\/p>\n<p>Estrutura: Esta mangueira consiste em um tubo interno de borracha sint\u00e9tica de \u00f3leo, dois refor\u00e7os de malha de arame e uma capa de borracha sint\u00e9tica resistente a \u00f3leo e intemp\u00e9ries.<\/p>\n<p>APLICA\u00c7\u00d5ES: A linha de mangueiras \u00e9 adequada para transportar fluidos hidr\u00e1ulicos, como glicol, \u00f3leos minerais, combust\u00edveis, lubrificantes, emuls\u00f5es, hidrocarbonetos, etc.<\/p>\n<p>TEMPERATURA DE TRABALHO: de -40\u2103 at\u00e9 +100\u2103<\/p>\n<p>ESPECIFICA\u00c7\u00c3O: GB\/T3683\/Tipo 2ST<\/p>\n<p><img loading=\"lazy\" decoding=\"async\" class=\"aligncenter wp-image-829 size-full\" src=\"https:\/\/sterubber.com\/wp-content\/uploads\/2024\/04\/Type-2ST-1.png\" alt=\"\" width=\"950\" height=\"328\" srcset=\"https:\/\/www.sterubber.com\/wp-content\/uploads\/2024\/04\/Type-2ST-1.png 950w, https:\/\/www.sterubber.com\/wp-content\/uploads\/2024\/04\/Type-2ST-1-300x104.png 300w, https:\/\/www.sterubber.com\/wp-content\/uploads\/2024\/04\/Type-2ST-1-768x265.png 768w, https:\/\/www.sterubber.com\/wp-content\/uploads\/2024\/04\/Type-2ST-1-600x207.png 600w\" sizes=\"(max-width: 950px) 100vw, 950px\" \/><\/p>\n<p><img loading=\"lazy\" decoding=\"async\" class=\"aligncenter wp-image-830 size-full\" src=\"https:\/\/sterubber.com\/wp-content\/uploads\/2024\/04\/Type-2ST-2.png\" alt=\"\" width=\"1064\" height=\"352\" srcset=\"https:\/\/www.sterubber.com\/wp-content\/uploads\/2024\/04\/Type-2ST-2.png 1064w, https:\/\/www.sterubber.com\/wp-content\/uploads\/2024\/04\/Type-2ST-2-300x99.png 300w, https:\/\/www.sterubber.com\/wp-content\/uploads\/2024\/04\/Type-2ST-2-1024x339.png 1024w, https:\/\/www.sterubber.com\/wp-content\/uploads\/2024\/04\/Type-2ST-2-768x254.png 768w, https:\/\/www.sterubber.com\/wp-content\/uploads\/2024\/04\/Type-2ST-2-600x198.png 600w\" sizes=\"(max-width: 1064px) 100vw, 1064px\" \/><\/p>","protected":false},"excerpt":{"rendered":"<p>Mangueira de borracha tran\u00e7ada com fio de a\u00e7o de alta press\u00e3o<\/p>\n<p>Structure: This hose consists of an inner tube of oil synthetic rubber, a single wire braid reinforcement, and an oil and weather-resistant synthetic rubber cover&#8230;<\/p>","protected":false},"featured_media":821,"comment_status":"open","ping_status":"closed","template":"","meta":{"site-sidebar-layout":"default","site-content-layout":"","ast-site-content-layout":"default","site-content-style":"default","site-sidebar-style":"default","ast-global-header-display":"","ast-banner-title-visibility":"","ast-main-header-display":"","ast-hfb-above-header-display":"","ast-hfb-below-header-display":"","ast-hfb-mobile-header-display":"","site-post-title":"","ast-breadcrumbs-content":"","ast-featured-img":"","footer-sml-layout":"","ast-disable-related-posts":"","theme-transparent-header-meta":"default","adv-header-id-meta":"","stick-header-meta":"","header-above-stick-meta":"","header-main-stick-meta":"","header-below-stick-meta":"","astra-migrate-meta-layouts":"set","ast-page-background-enabled":"default","ast-page-background-meta":{"desktop":{"background-color":"var(--ast-global-color-4)","background-image":"","background-repeat":"repeat","background-position":"center center","background-size":"auto","background-attachment":"scroll","background-type":"","background-media":"","overlay-type":"","overlay-color":"","overlay-opacity":"","overlay-gradient":""},"tablet":{"background-color":"","background-image":"","background-repeat":"repeat","background-position":"center center","background-size":"auto","background-attachment":"scroll","background-type":"","background-media":"","overlay-type":"","overlay-color":"","overlay-opacity":"","overlay-gradient":""},"mobile":{"background-color":"","background-image":"","background-repeat":"repeat","background-position":"center center","background-size":"auto","background-attachment":"scroll","background-type":"","background-media":"","overlay-type":"","overlay-color":"","overlay-opacity":"","overlay-gradient":""}},"ast-content-background-meta":{"desktop":{"background-color":"var(--ast-global-color-5)","background-image":"","background-repeat":"repeat","background-position":"center center","background-size":"auto","background-attachment":"scroll","background-type":"","background-media":"","overlay-type":"","overlay-color":"","overlay-opacity":"","overlay-gradient":""},"tablet":{"background-color":"var(--ast-global-color-5)","background-image":"","background-repeat":"repeat","background-position":"center center","background-size":"auto","background-attachment":"scroll","background-type":"","background-media":"","overlay-type":"","overlay-color":"","overlay-opacity":"","overlay-gradient":""},"mobile":{"background-color":"var(--ast-global-color-5)","background-image":"","background-repeat":"repeat","background-position":"center center","background-size":"auto","background-attachment":"scroll","background-type":"","background-media":"","overlay-type":"","overlay-color":"","overlay-opacity":"","overlay-gradient":""}}},"product_brand":[],"product_cat":[24],"product_tag":[],"class_list":{"0":"post-817","1":"product","2":"type-product","3":"status-publish","4":"has-post-thumbnail","6":"product_cat-rubber-hose","7":"desktop-align-center","8":"tablet-align-left","9":"mobile-align-left","11":"first","12":"instock","13":"shipping-taxable","14":"product-type-simple"},"_links":{"self":[{"href":"https:\/\/www.sterubber.com\/pt\/wp-json\/wp\/v2\/product\/817","targetHints":{"allow":["GET"]}}],"collection":[{"href":"https:\/\/www.sterubber.com\/pt\/wp-json\/wp\/v2\/product"}],"about":[{"href":"https:\/\/www.sterubber.com\/pt\/wp-json\/wp\/v2\/types\/product"}],"replies":[{"embeddable":true,"href":"https:\/\/www.sterubber.com\/pt\/wp-json\/wp\/v2\/comments?post=817"}],"wp:featuredmedia":[{"embeddable":true,"href":"https:\/\/www.sterubber.com\/pt\/wp-json\/wp\/v2\/media\/821"}],"wp:attachment":[{"href":"https:\/\/www.sterubber.com\/pt\/wp-json\/wp\/v2\/media?parent=817"}],"wp:term":[{"taxonomy":"product_brand","embeddable":true,"href":"https:\/\/www.sterubber.com\/pt\/wp-json\/wp\/v2\/product_brand?post=817"},{"taxonomy":"product_cat","embeddable":true,"href":"https:\/\/www.sterubber.com\/pt\/wp-json\/wp\/v2\/product_cat?post=817"},{"taxonomy":"product_tag","embeddable":true,"href":"https:\/\/www.sterubber.com\/pt\/wp-json\/wp\/v2\/product_tag?post=817"}],"curies":[{"name":"wp","href":"https:\/\/api.w.org\/{rel}","templated":true}]}}