{"id":811,"date":"2024-04-02T14:56:36","date_gmt":"2024-04-02T06:56:36","guid":{"rendered":"https:\/\/sterubber.com\/?post_type=product&#038;p=811"},"modified":"2024-04-07T10:28:41","modified_gmt":"2024-04-07T02:28:41","slug":"mangueira-de-borracha-de-enchimento-de-mineracao","status":"publish","type":"product","link":"https:\/\/www.sterubber.com\/pt\/product\/mining-filling-rubber-hose\/","title":{"rendered":"Mangueira de borracha para enchimento de minera\u00e7\u00e3o"},"content":{"rendered":"<div class=\"tit\">Estrutura da mangueira de borracha para enchimento de minera\u00e7\u00e3o: Estrutura complexa refor\u00e7ada com fio de a\u00e7o APLICA\u00c7\u00d5ES: Linha de mangueiras adequada para projetos de enchimento em \u00e1reas mineradas para fornecer p\u00f3 de carv\u00e3o, concreto de ganga ou material de mistura s\u00f3lido-l\u00edquido.<\/div>\n<div>\n<table id=\"tablepress-33\" class=\"tablepress tablepress-id-33 tbody-has-connected-cells\">\n<tbody class=\"row-striping row-hover\">\n<tr class=\"row-1\">\n\t<td rowspan=\"2\" class=\"column-1\">Tamanho da mangueira<\/td><td class=\"column-2\">Di\u00e2metro interno<\/td><td class=\"column-3\">Di\u00e2metro de refor\u00e7o<\/td><td class=\"column-4\">Di\u00e2metro externo<\/td><td colspan=\"2\" class=\"column-5\">Press\u00e3o de trabalho<\/td>\n<\/tr>\n<tr class=\"row-2\">\n\t<td class=\"column-2\">mil\u00edmetros<\/td><td class=\"column-3\">mil\u00edmetros<\/td><td class=\"column-4\">mil\u00edmetros<\/td><td class=\"column-5\">MPa<\/td><td class=\"column-6\">Psi<\/td>\n<\/tr>\n<tr class=\"row-3\">\n\t<td class=\"column-1\">\u03c6152<\/td><td class=\"column-2\">152\u00b11,0<\/td><td class=\"column-3\">168\u00b11,5<\/td><td class=\"column-4\">172\u00b12,0<\/td><td class=\"column-5\">9<\/td><td class=\"column-6\">1300<\/td>\n<\/tr>\n<tr class=\"row-4\">\n\t<td class=\"column-1\">\u03c6152<\/td><td class=\"column-2\">152\u00b11,0<\/td><td class=\"column-3\">175\u00b11,5<\/td><td class=\"column-4\">181\u00b11,5<\/td><td class=\"column-5\">12<\/td><td class=\"column-6\">1750<\/td>\n<\/tr>\n<tr class=\"row-5\">\n\t<td class=\"column-1\">\u03c6203<\/td><td class=\"column-2\">203\u00b11,0<\/td><td class=\"column-3\">226\u00b11,5<\/td><td class=\"column-4\">232\u00b11,5<\/td><td class=\"column-5\">15<\/td><td class=\"column-6\">2180<\/td>\n<\/tr>\n<\/tbody>\n<\/table>\n<!-- #tablepress-33 from cache --><\/div>\n<div>\n<table id=\"tablepress-34\" class=\"tablepress tablepress-id-34 tbody-has-connected-cells\">\n<tbody class=\"row-striping row-hover\">\n<tr class=\"row-1\">\n\t<td rowspan=\"2\" class=\"column-1\">Tamanho da mangueira<\/td><td colspan=\"2\" class=\"column-2\">press\u00e3o de prova<\/td><td colspan=\"2\" class=\"column-4\">Press\u00e3o de ruptura<\/td><td class=\"column-6\">Raio de curvatura m\u00ednimo<\/td><td class=\"column-7\">Peso de refer\u00eancia<\/td>\n<\/tr>\n<tr class=\"row-2\">\n\t<td class=\"column-2\">MPA<\/td><td class=\"column-3\">Psi<\/td><td class=\"column-4\">MPA<\/td><td class=\"column-5\">Psi<\/td><td class=\"column-6\">mil\u00edmetros<\/td><td class=\"column-7\">kg\/m<\/td>\n<\/tr>\n<tr class=\"row-3\">\n\t<td class=\"column-1\">\u03c6152<\/td><td class=\"column-2\">12<\/td><td class=\"column-3\">1750<\/td><td class=\"column-4\">15<\/td><td class=\"column-5\">2180<\/td><td class=\"column-6\">1600<\/td><td class=\"column-7\">13.1<\/td>\n<\/tr>\n<tr class=\"row-4\">\n\t<td class=\"column-1\">\u03c6152<\/td><td class=\"column-2\">15<\/td><td class=\"column-3\">2180<\/td><td class=\"column-4\">18<\/td><td class=\"column-5\">2600<\/td><td class=\"column-6\">2280<\/td><td class=\"column-7\">19.8<\/td>\n<\/tr>\n<tr class=\"row-5\">\n\t<td class=\"column-1\">\u03c6203<\/td><td class=\"column-2\">18<\/td><td class=\"column-3\">2600<\/td><td class=\"column-4\">22.5<\/td><td class=\"column-5\">3250<\/td><td class=\"column-6\">3050<\/td><td class=\"column-7\">26.5<\/td>\n<\/tr>\n<\/tbody>\n<\/table>\n<!-- #tablepress-34 from cache --><\/div>\n<div><\/div>\n<div><\/div>","protected":false},"excerpt":{"rendered":"<p>Estrutura da mangueira de borracha para enchimento de minera\u00e7\u00e3o: Estrutura complexa refor\u00e7ada com fio de a\u00e7o APLICA\u00c7\u00d5ES: Linha de mangueiras adequada para projetos de enchimento em \u00e1reas mineradas para fornecer p\u00f3 de carv\u00e3o, concreto de ganga ou material de mistura s\u00f3lido-l\u00edquido.<\/p>","protected":false},"featured_media":812,"comment_status":"open","ping_status":"closed","template":"","meta":{"site-sidebar-layout":"default","site-content-layout":"","ast-site-content-layout":"default","site-content-style":"default","site-sidebar-style":"default","ast-global-header-display":"","ast-banner-title-visibility":"","ast-main-header-display":"","ast-hfb-above-header-display":"","ast-hfb-below-header-display":"","ast-hfb-mobile-header-display":"","site-post-title":"","ast-breadcrumbs-content":"","ast-featured-img":"","footer-sml-layout":"","ast-disable-related-posts":"","theme-transparent-header-meta":"default","adv-header-id-meta":"","stick-header-meta":"","header-above-stick-meta":"","header-main-stick-meta":"","header-below-stick-meta":"","astra-migrate-meta-layouts":"set","ast-page-background-enabled":"default","ast-page-background-meta":{"desktop":{"background-color":"var(--ast-global-color-4)","background-image":"","background-repeat":"repeat","background-position":"center center","background-size":"auto","background-attachment":"scroll","background-type":"","background-media":"","overlay-type":"","overlay-color":"","overlay-opacity":"","overlay-gradient":""},"tablet":{"background-color":"","background-image":"","background-repeat":"repeat","background-position":"center center","background-size":"auto","background-attachment":"scroll","background-type":"","background-media":"","overlay-type":"","overlay-color":"","overlay-opacity":"","overlay-gradient":""},"mobile":{"background-color":"","background-image":"","background-repeat":"repeat","background-position":"center center","background-size":"auto","background-attachment":"scroll","background-type":"","background-media":"","overlay-type":"","overlay-color":"","overlay-opacity":"","overlay-gradient":""}},"ast-content-background-meta":{"desktop":{"background-color":"var(--ast-global-color-5)","background-image":"","background-repeat":"repeat","background-position":"center center","background-size":"auto","background-attachment":"scroll","background-type":"","background-media":"","overlay-type":"","overlay-color":"","overlay-opacity":"","overlay-gradient":""},"tablet":{"background-color":"var(--ast-global-color-5)","background-image":"","background-repeat":"repeat","background-position":"center center","background-size":"auto","background-attachment":"scroll","background-type":"","background-media":"","overlay-type":"","overlay-color":"","overlay-opacity":"","overlay-gradient":""},"mobile":{"background-color":"var(--ast-global-color-5)","background-image":"","background-repeat":"repeat","background-position":"center center","background-size":"auto","background-attachment":"scroll","background-type":"","background-media":"","overlay-type":"","overlay-color":"","overlay-opacity":"","overlay-gradient":""}}},"product_brand":[],"product_cat":[24],"product_tag":[],"class_list":{"0":"post-811","1":"product","2":"type-product","3":"status-publish","4":"has-post-thumbnail","6":"product_cat-rubber-hose","7":"desktop-align-center","8":"tablet-align-left","9":"mobile-align-left","11":"first","12":"instock","13":"shipping-taxable","14":"product-type-simple"},"_links":{"self":[{"href":"https:\/\/www.sterubber.com\/pt\/wp-json\/wp\/v2\/product\/811","targetHints":{"allow":["GET"]}}],"collection":[{"href":"https:\/\/www.sterubber.com\/pt\/wp-json\/wp\/v2\/product"}],"about":[{"href":"https:\/\/www.sterubber.com\/pt\/wp-json\/wp\/v2\/types\/product"}],"replies":[{"embeddable":true,"href":"https:\/\/www.sterubber.com\/pt\/wp-json\/wp\/v2\/comments?post=811"}],"wp:featuredmedia":[{"embeddable":true,"href":"https:\/\/www.sterubber.com\/pt\/wp-json\/wp\/v2\/media\/812"}],"wp:attachment":[{"href":"https:\/\/www.sterubber.com\/pt\/wp-json\/wp\/v2\/media?parent=811"}],"wp:term":[{"taxonomy":"product_brand","embeddable":true,"href":"https:\/\/www.sterubber.com\/pt\/wp-json\/wp\/v2\/product_brand?post=811"},{"taxonomy":"product_cat","embeddable":true,"href":"https:\/\/www.sterubber.com\/pt\/wp-json\/wp\/v2\/product_cat?post=811"},{"taxonomy":"product_tag","embeddable":true,"href":"https:\/\/www.sterubber.com\/pt\/wp-json\/wp\/v2\/product_tag?post=811"}],"curies":[{"name":"wp","href":"https:\/\/api.w.org\/{rel}","templated":true}]}}