{"id":800,"date":"2024-04-02T14:46:04","date_gmt":"2024-04-02T06:46:04","guid":{"rendered":"https:\/\/sterubber.com\/?post_type=product&#038;p=800"},"modified":"2024-04-07T10:28:28","modified_gmt":"2024-04-07T02:28:28","slug":"mangueira-de-borracha-resistente-ao-fogo","status":"publish","type":"product","link":"https:\/\/www.sterubber.com\/pt\/product\/fire-resistance-rubber-hose\/","title":{"rendered":"Mangueira de borracha resistente ao fogo"},"content":{"rendered":"<p>Estrutura de mangueira de borracha resistente ao fogo: mangueira de enrolamento de fio de a\u00e7o de alta press\u00e3o como matriz, a casca externa \u00e9 coberta com uma camada de revestimento refrat\u00e1rio, camada de tran\u00e7a de fio de a\u00e7o e camada retardante de chamas Constituem. Aplica\u00e7\u00e3o: opera\u00e7\u00e3o de controle de po\u00e7o de campo de petr\u00f3leo, fundi\u00e7\u00e3o de metais e ind\u00fastria qu\u00edmica com uma fonte de calor ou fonte de radia\u00e7\u00e3o t\u00e9rmica de condi\u00e7\u00f5es ambientais de alta temperatura.<\/p>\n<p>Executar o Padr\u00e3o\/ESPECIFICA\u00c7\u00c3O: API SPEC 16C<\/p>\n\n<table id=\"tablepress-31\" class=\"tablepress tablepress-id-31 tbody-has-connected-cells\">\n<tbody class=\"row-striping row-hover\">\n<tr class=\"row-1\">\n\t<td rowspan=\"2\" class=\"column-1\">Tamanho da mangueira<\/td><td class=\"column-2\">Di\u00e2metro interno<\/td><td class=\"column-3\">Di\u00e2metro de refor\u00e7o<\/td><td class=\"column-4\">Di\u00e2metro externo<\/td><td colspan=\"2\" class=\"column-5\">Press\u00e3o de trabalho<\/td>\n<\/tr>\n<tr class=\"row-2\">\n\t<td class=\"column-2\">mil\u00edmetros<\/td><td class=\"column-3\">mil\u00edmetros<\/td><td class=\"column-4\">mil\u00edmetros<\/td><td class=\"column-5\">MPa<\/td><td class=\"column-6\">Psi<\/td>\n<\/tr>\n<tr class=\"row-3\">\n\t<td class=\"column-1\">\u03c613(112 )<\/td><td class=\"column-2\">13\u00b10,5<\/td><td class=\"column-3\">22,2\u00b10,8<\/td><td class=\"column-4\">44\u00b11,0<\/td><td class=\"column-5\">43<\/td><td class=\"column-6\">6231<\/td>\n<\/tr>\n<tr class=\"row-4\">\n\t<td class=\"column-1\">p16(518 )<\/td><td class=\"column-2\">16\u00b10,5<\/td><td class=\"column-3\">26\u00b10,8<\/td><td class=\"column-4\">47\u00b11,5<\/td><td class=\"column-5\">38<\/td><td class=\"column-6\">5506<\/td>\n<\/tr>\n<tr class=\"row-5\">\n\t<td class=\"column-1\">\u03c619(314)<\/td><td class=\"column-2\">19\u00b10,5<\/td><td class=\"column-3\">30\u00b10,8<\/td><td class=\"column-4\">52\u00b11,5<\/td><td class=\"column-5\">34.5<\/td><td class=\"column-6\">4999<\/td>\n<\/tr>\n<tr class=\"row-6\">\n\t<td class=\"column-1\">p25(1)<\/td><td class=\"column-2\">25\u00b10,8<\/td><td class=\"column-3\">36\u00b10,8<\/td><td class=\"column-4\">59\u00b11,5<\/td><td class=\"column-5\">27.5<\/td><td class=\"column-6\">3985<\/td>\n<\/tr>\n<tr class=\"row-7\">\n\t<td class=\"column-1\">\u03c632(1-1\/4)<\/td><td class=\"column-2\">32\u00b10,8<\/td><td class=\"column-3\">44\u00b10,8<\/td><td class=\"column-4\">69\u00b12,0<\/td><td class=\"column-5\">20.5<\/td><td class=\"column-6\">2970<\/td>\n<\/tr>\n<tr class=\"row-8\">\n\t<td class=\"column-1\">\u03c638(1-1\/2)<\/td><td class=\"column-2\">38\u00b11,0<\/td><td class=\"column-3\">50,8\u00b11,0<\/td><td class=\"column-4\">76\u00b12,0<\/td><td class=\"column-5\">17<\/td><td class=\"column-6\">2463<\/td>\n<\/tr>\n<tr class=\"row-9\">\n\t<td class=\"column-1\">\u03c651(2)<\/td><td class=\"column-2\">51\u00b11,0<\/td><td class=\"column-3\">63,8\u00b11,0<\/td><td class=\"column-4\">91\u00b12,0<\/td><td class=\"column-5\">17<\/td><td class=\"column-6\">2463<\/td>\n<\/tr>\n<tr class=\"row-10\">\n\t<td class=\"column-1\">9102(4)<\/td><td class=\"column-2\">102\u00b11,0<\/td><td class=\"column-3\">129,0\u00b11,0<\/td><td class=\"column-4\">157\u00b12,0<\/td><td class=\"column-5\">17<\/td><td class=\"column-6\">2463<\/td>\n<\/tr>\n<\/tbody>\n<\/table>\n<!-- #tablepress-31 from cache -->\n\n<table id=\"tablepress-32\" class=\"tablepress tablepress-id-32 tbody-has-connected-cells\">\n<tbody class=\"row-striping row-hover\">\n<tr class=\"row-1\">\n\t<td rowspan=\"2\" class=\"column-1\">Tamanho da mangueira<\/td><td colspan=\"2\" class=\"column-2\">Press\u00e3o de Prova<\/td><td colspan=\"2\" class=\"column-4\">Press\u00e3o de ruptura<\/td><td class=\"column-6\">Raio de curvatura m\u00ednimo<\/td><td class=\"column-7\">Temperatura de resist\u00eancia ao fogo<\/td>\n<\/tr>\n<tr class=\"row-2\">\n\t<td class=\"column-2\">MPa<\/td><td class=\"column-3\">Psi<\/td><td class=\"column-4\">MPa<\/td><td class=\"column-5\">Psi<\/td><td class=\"column-6\">mil\u00edmetros<\/td><td class=\"column-7\">\u00b0C<\/td>\n<\/tr>\n<tr class=\"row-3\">\n\t<td class=\"column-1\">\u03c613(112 )<\/td><td class=\"column-2\">64.5<\/td><td class=\"column-3\">9364<\/td><td class=\"column-4\">86<\/td><td class=\"column-5\">12461<\/td><td class=\"column-6\">230<\/td><td class=\"column-7\">750<\/td>\n<\/tr>\n<tr class=\"row-4\">\n\t<td class=\"column-1\">p16(518 )<\/td><td class=\"column-2\">57<\/td><td class=\"column-3\">8259<\/td><td class=\"column-4\">76<\/td><td class=\"column-5\">11012<\/td><td class=\"column-6\">260<\/td><td class=\"column-7\">750<\/td>\n<\/tr>\n<tr class=\"row-5\">\n\t<td class=\"column-1\">\u03c619(314)<\/td><td class=\"column-2\">51.75<\/td><td class=\"column-3\">7499<\/td><td class=\"column-4\">69<\/td><td class=\"column-5\">9998<\/td><td class=\"column-6\">300<\/td><td class=\"column-7\">750<\/td>\n<\/tr>\n<tr class=\"row-6\">\n\t<td class=\"column-1\">p25(1)<\/td><td class=\"column-2\">41.25<\/td><td class=\"column-3\">5977<\/td><td class=\"column-4\">55<\/td><td class=\"column-5\">7970<\/td><td class=\"column-6\">360<\/td><td class=\"column-7\">750<\/td>\n<\/tr>\n<tr class=\"row-7\">\n\t<td class=\"column-1\">\u03c632(1-1\/4)<\/td><td class=\"column-2\">30.75<\/td><td class=\"column-3\">4456<\/td><td class=\"column-4\">41<\/td><td class=\"column-5\">5941<\/td><td class=\"column-6\">470<\/td><td class=\"column-7\">750<\/td>\n<\/tr>\n<tr class=\"row-8\">\n\t<td class=\"column-1\">\u03c638(1-1\/2)<\/td><td class=\"column-2\">25.5<\/td><td class=\"column-3\">3695<\/td><td class=\"column-4\">34<\/td><td class=\"column-5\">4907<\/td><td class=\"column-6\">570<\/td><td class=\"column-7\">750<\/td>\n<\/tr>\n<tr class=\"row-9\">\n\t<td class=\"column-1\">\u03c651(2)<\/td><td class=\"column-2\">25.5<\/td><td class=\"column-3\">3695<\/td><td class=\"column-4\">34<\/td><td class=\"column-5\">4927<\/td><td class=\"column-6\">740<\/td><td class=\"column-7\">750<\/td>\n<\/tr>\n<tr class=\"row-10\">\n\t<td class=\"column-1\">9102(4)<\/td><td class=\"column-2\">25.5<\/td><td class=\"column-3\">3695<\/td><td class=\"column-4\">34<\/td><td class=\"column-5\">4927<\/td><td class=\"column-6\">1500<\/td><td class=\"column-7\">750<\/td>\n<\/tr>\n<\/tbody>\n<\/table>\n<!-- #tablepress-32 from cache -->\n<p>&nbsp;<\/p>","protected":false},"excerpt":{"rendered":"<p>Estrutura de mangueira de borracha resistente ao fogo: mangueira de enrolamento de fio de a\u00e7o de alta press\u00e3o como matriz, a casca externa \u00e9 coberta com uma camada de revestimento refrat\u00e1rio, camada de tran\u00e7a de fio de a\u00e7o e camada retardante de chamas Constituem. Aplica\u00e7\u00e3o: opera\u00e7\u00e3o de controle de po\u00e7o de campo de petr\u00f3leo, fundi\u00e7\u00e3o de metais e ind\u00fastria qu\u00edmica com uma fonte de calor ou fonte de radia\u00e7\u00e3o t\u00e9rmica de condi\u00e7\u00f5es ambientais de alta temperatura.<\/p>","protected":false},"featured_media":801,"comment_status":"open","ping_status":"closed","template":"","meta":{"site-sidebar-layout":"default","site-content-layout":"","ast-site-content-layout":"default","site-content-style":"default","site-sidebar-style":"default","ast-global-header-display":"","ast-banner-title-visibility":"","ast-main-header-display":"","ast-hfb-above-header-display":"","ast-hfb-below-header-display":"","ast-hfb-mobile-header-display":"","site-post-title":"","ast-breadcrumbs-content":"","ast-featured-img":"","footer-sml-layout":"","ast-disable-related-posts":"","theme-transparent-header-meta":"default","adv-header-id-meta":"","stick-header-meta":"","header-above-stick-meta":"","header-main-stick-meta":"","header-below-stick-meta":"","astra-migrate-meta-layouts":"set","ast-page-background-enabled":"default","ast-page-background-meta":{"desktop":{"background-color":"var(--ast-global-color-4)","background-image":"","background-repeat":"repeat","background-position":"center center","background-size":"auto","background-attachment":"scroll","background-type":"","background-media":"","overlay-type":"","overlay-color":"","overlay-opacity":"","overlay-gradient":""},"tablet":{"background-color":"","background-image":"","background-repeat":"repeat","background-position":"center center","background-size":"auto","background-attachment":"scroll","background-type":"","background-media":"","overlay-type":"","overlay-color":"","overlay-opacity":"","overlay-gradient":""},"mobile":{"background-color":"","background-image":"","background-repeat":"repeat","background-position":"center center","background-size":"auto","background-attachment":"scroll","background-type":"","background-media":"","overlay-type":"","overlay-color":"","overlay-opacity":"","overlay-gradient":""}},"ast-content-background-meta":{"desktop":{"background-color":"var(--ast-global-color-5)","background-image":"","background-repeat":"repeat","background-position":"center center","background-size":"auto","background-attachment":"scroll","background-type":"","background-media":"","overlay-type":"","overlay-color":"","overlay-opacity":"","overlay-gradient":""},"tablet":{"background-color":"var(--ast-global-color-5)","background-image":"","background-repeat":"repeat","background-position":"center center","background-size":"auto","background-attachment":"scroll","background-type":"","background-media":"","overlay-type":"","overlay-color":"","overlay-opacity":"","overlay-gradient":""},"mobile":{"background-color":"var(--ast-global-color-5)","background-image":"","background-repeat":"repeat","background-position":"center center","background-size":"auto","background-attachment":"scroll","background-type":"","background-media":"","overlay-type":"","overlay-color":"","overlay-opacity":"","overlay-gradient":""}}},"product_brand":[],"product_cat":[24],"product_tag":[],"class_list":{"0":"post-800","1":"product","2":"type-product","3":"status-publish","4":"has-post-thumbnail","6":"product_cat-rubber-hose","7":"desktop-align-center","8":"tablet-align-left","9":"mobile-align-left","11":"first","12":"instock","13":"shipping-taxable","14":"product-type-simple"},"_links":{"self":[{"href":"https:\/\/www.sterubber.com\/pt\/wp-json\/wp\/v2\/product\/800","targetHints":{"allow":["GET"]}}],"collection":[{"href":"https:\/\/www.sterubber.com\/pt\/wp-json\/wp\/v2\/product"}],"about":[{"href":"https:\/\/www.sterubber.com\/pt\/wp-json\/wp\/v2\/types\/product"}],"replies":[{"embeddable":true,"href":"https:\/\/www.sterubber.com\/pt\/wp-json\/wp\/v2\/comments?post=800"}],"wp:featuredmedia":[{"embeddable":true,"href":"https:\/\/www.sterubber.com\/pt\/wp-json\/wp\/v2\/media\/801"}],"wp:attachment":[{"href":"https:\/\/www.sterubber.com\/pt\/wp-json\/wp\/v2\/media?parent=800"}],"wp:term":[{"taxonomy":"product_brand","embeddable":true,"href":"https:\/\/www.sterubber.com\/pt\/wp-json\/wp\/v2\/product_brand?post=800"},{"taxonomy":"product_cat","embeddable":true,"href":"https:\/\/www.sterubber.com\/pt\/wp-json\/wp\/v2\/product_cat?post=800"},{"taxonomy":"product_tag","embeddable":true,"href":"https:\/\/www.sterubber.com\/pt\/wp-json\/wp\/v2\/product_tag?post=800"}],"curies":[{"name":"wp","href":"https:\/\/api.w.org\/{rel}","templated":true}]}}