{"id":790,"date":"2024-04-02T14:22:25","date_gmt":"2024-04-02T06:22:25","guid":{"rendered":"https:\/\/sterubber.com\/?post_type=product&#038;p=790"},"modified":"2024-04-07T10:28:15","modified_gmt":"2024-04-07T02:28:15","slug":"mangueira-de-borracha-para-transporte-de-oleo-marinho","status":"publish","type":"product","link":"https:\/\/www.sterubber.com\/pt\/product\/marine-oil-conveying-rubber-hose\/","title":{"rendered":"Mangueira de borracha para transporte de \u00f3leo marinho"},"content":{"rendered":"<p>Mangueira de borracha para transporte de \u00f3leo marinho<\/p>\n<p>Estrutura: \u00c9 composto por uma camada interna resistente a \u00f3leo e \u00e1gua do mar, camada protetora de tecido interno, camada de esqueleto de metal (camada de refor\u00e7o), camadas adesivas e anticorros\u00e3o, resist\u00eancia \u00e0s intemp\u00e9ries e capa protetora resistente \u00e0 \u00e1gua do mar. APLICA\u00c7\u00d5ES: Para transportar g\u00e1s natural, petr\u00f3leo, etc. no fundo do mar. ESPECIFICA\u00c7\u00c3O: Q\/HOY04-2011<\/p>\n\n<table id=\"tablepress-29\" class=\"tablepress tablepress-id-29 tbody-has-connected-cells\">\n<tbody class=\"row-striping row-hover\">\n<tr class=\"row-1\">\n\t<td rowspan=\"2\" class=\"column-1\">Tamanho da mangueira<\/td><td class=\"column-2\">Di\u00e2metro interno <\/td><td class=\"column-3\">Di\u00e2metro de refor\u00e7o <\/td><td class=\"column-4\">Di\u00e2metro externo <\/td><td colspan=\"2\" class=\"column-5\">Press\u00e3o de trabalho<\/td>\n<\/tr>\n<tr class=\"row-2\">\n\t<td class=\"column-2\">mil\u00edmetros<\/td><td class=\"column-3\">mil\u00edmetros<\/td><td class=\"column-4\">mil\u00edmetros<\/td><td class=\"column-5\">MPA<\/td><td class=\"column-6\">Psi<\/td>\n<\/tr>\n<tr class=\"row-3\">\n\t<td class=\"column-1\">4sp-51-35<\/td><td class=\"column-2\">51\u00b11,0<\/td><td class=\"column-3\">63\u00b11,0<\/td><td class=\"column-4\">69\u00b11,5<\/td><td class=\"column-5\">34.5<\/td><td class=\"column-6\">5000<\/td>\n<\/tr>\n<tr class=\"row-4\">\n\t<td class=\"column-1\">4sp-64-35<\/td><td class=\"column-2\">64\u00b11,2<\/td><td class=\"column-3\">77\u00b11,0<\/td><td class=\"column-4\">84\u00b11,5<\/td><td class=\"column-5\">34.5<\/td><td class=\"column-6\">5000<\/td>\n<\/tr>\n<tr class=\"row-5\">\n\t<td class=\"column-1\">4sp-76-35<\/td><td class=\"column-2\">76\u00b11,4<\/td><td class=\"column-3\">101\u00b11,5<\/td><td class=\"column-4\">107\u00b12<\/td><td class=\"column-5\">34.5<\/td><td class=\"column-6\">5000<\/td>\n<\/tr>\n<tr class=\"row-6\">\n\t<td class=\"column-1\">4sp-89-35<\/td><td class=\"column-2\">89\u00b11,4<\/td><td class=\"column-3\">114\u00b11,5<\/td><td class=\"column-4\">120\u00b12<\/td><td class=\"column-5\">34.5<\/td><td class=\"column-6\">5000<\/td>\n<\/tr>\n<tr class=\"row-7\">\n\t<td class=\"column-1\">4sp-102-35<\/td><td class=\"column-2\">102\u00b11,5<\/td><td class=\"column-3\">127\u00b11,5<\/td><td class=\"column-4\">133\u00b12<\/td><td class=\"column-5\">34.5<\/td><td class=\"column-6\">5000<\/td>\n<\/tr>\n<tr class=\"row-8\">\n\t<td class=\"column-1\">4sp-127-35<\/td><td class=\"column-2\">127\u00b11,5<\/td><td class=\"column-3\">152\u00b11,5<\/td><td class=\"column-4\">158\u00b12<\/td><td class=\"column-5\">34.5<\/td><td class=\"column-6\">5000<\/td>\n<\/tr>\n<tr class=\"row-9\">\n\t<td class=\"column-1\">6sp-51-70<\/td><td class=\"column-2\">51\u00b11,0<\/td><td class=\"column-3\">66\u00b11,0<\/td><td class=\"column-4\">72\u00b11,5<\/td><td class=\"column-5\">69<\/td><td class=\"column-6\">10000<\/td>\n<\/tr>\n<tr class=\"row-10\">\n\t<td class=\"column-1\">6sp-64-70<\/td><td class=\"column-2\">64\u00b11,2<\/td><td class=\"column-3\">81\u00b11,0<\/td><td class=\"column-4\">88\u00b11,5<\/td><td class=\"column-5\">69<\/td><td class=\"column-6\">10000<\/td>\n<\/tr>\n<tr class=\"row-11\">\n\t<td class=\"column-1\">6sp-76-70<\/td><td class=\"column-2\">76\u00b11,4<\/td><td class=\"column-3\">109\u00b11,5<\/td><td class=\"column-4\">116\u00b12<\/td><td class=\"column-5\">69<\/td><td class=\"column-6\">10000<\/td>\n<\/tr>\n<tr class=\"row-12\">\n\t<td class=\"column-1\">6sp-89-70<\/td><td class=\"column-2\">89\u00b11,4<\/td><td class=\"column-3\">122\u00b11,5<\/td><td class=\"column-4\">129\u00b12<\/td><td class=\"column-5\">69<\/td><td class=\"column-6\">10000<\/td>\n<\/tr>\n<tr class=\"row-13\">\n\t<td class=\"column-1\">6sp-102-70<\/td><td class=\"column-2\">102\u00b11,5<\/td><td class=\"column-3\">135\u00b11,5<\/td><td class=\"column-4\">142\u00b12<\/td><td class=\"column-5\">69<\/td><td class=\"column-6\">10000<\/td>\n<\/tr>\n<tr class=\"row-14\">\n\t<td class=\"column-1\">6sp-127-51,7<\/td><td class=\"column-2\">127\u00b11,5<\/td><td class=\"column-3\">160\u00b11,5<\/td><td class=\"column-4\">166\u00b12<\/td><td class=\"column-5\">51.7<\/td><td class=\"column-6\">7500<\/td>\n<\/tr>\n<\/tbody>\n<\/table>\n<!-- #tablepress-29 from cache -->\n\n<table id=\"tablepress-30\" class=\"tablepress tablepress-id-30 tbody-has-connected-cells\">\n<tbody class=\"row-striping row-hover\">\n<tr class=\"row-1\">\n\t<td rowspan=\"2\" class=\"column-1\">Tamanho da mangueira<\/td><td colspan=\"2\" class=\"column-2\">press\u00e3o de prova<\/td><td colspan=\"2\" class=\"column-4\">Press\u00e3o de ruptura<\/td><td class=\"column-6\">Raio de curvatura m\u00ednimo<\/td><td class=\"column-7\">Peso de refer\u00eancia<\/td>\n<\/tr>\n<tr class=\"row-2\">\n\t<td class=\"column-2\">MPA<\/td><td class=\"column-3\">Psi<\/td><td class=\"column-4\">MPA<\/td><td class=\"column-5\">Psi<\/td><td class=\"column-6\">mil\u00edmetros<\/td><td class=\"column-7\">kg\/m<\/td>\n<\/tr>\n<tr class=\"row-3\">\n\t<td class=\"column-1\">4sp-51-35<\/td><td class=\"column-2\">69<\/td><td class=\"column-3\">10000<\/td><td class=\"column-4\">87.5<\/td><td class=\"column-5\">12500<\/td><td class=\"column-6\">900<\/td><td class=\"column-7\">5.7<\/td>\n<\/tr>\n<tr class=\"row-4\">\n\t<td class=\"column-1\">4sp-64-35<\/td><td class=\"column-2\">69<\/td><td class=\"column-3\">10000<\/td><td class=\"column-4\">87.5<\/td><td class=\"column-5\">12500<\/td><td class=\"column-6\">1100<\/td><td class=\"column-7\">6.7<\/td>\n<\/tr>\n<tr class=\"row-5\">\n\t<td class=\"column-1\">4sp-76-35<\/td><td class=\"column-2\">69<\/td><td class=\"column-3\">10000<\/td><td class=\"column-4\">87.5<\/td><td class=\"column-5\">12500<\/td><td class=\"column-6\">1200<\/td><td class=\"column-7\">16.2<\/td>\n<\/tr>\n<tr class=\"row-6\">\n\t<td class=\"column-1\">4sp-89-35<\/td><td class=\"column-2\">69<\/td><td class=\"column-3\">10000<\/td><td class=\"column-4\">87.5<\/td><td class=\"column-5\">12500<\/td><td class=\"column-6\">1300<\/td><td class=\"column-7\">18.4<\/td>\n<\/tr>\n<tr class=\"row-7\">\n\t<td class=\"column-1\">4sp-102-35<\/td><td class=\"column-2\">69<\/td><td class=\"column-3\">10000<\/td><td class=\"column-4\">87.5<\/td><td class=\"column-5\">12500<\/td><td class=\"column-6\">1400<\/td><td class=\"column-7\">20.3<\/td>\n<\/tr>\n<tr class=\"row-8\">\n\t<td class=\"column-1\">4sp-127-35<\/td><td class=\"column-2\">69<\/td><td class=\"column-3\">10000<\/td><td class=\"column-4\">87.5<\/td><td class=\"column-5\">12500<\/td><td class=\"column-6\">1500<\/td><td class=\"column-7\">29.3<\/td>\n<\/tr>\n<tr class=\"row-9\">\n\t<td class=\"column-1\">6sp-51-70<\/td><td class=\"column-2\">103.4<\/td><td class=\"column-3\">15000<\/td><td class=\"column-4\">155.3<\/td><td class=\"column-5\">22500<\/td><td class=\"column-6\">1000<\/td><td class=\"column-7\">7.7<\/td>\n<\/tr>\n<tr class=\"row-10\">\n\t<td class=\"column-1\">6sp-64-70<\/td><td class=\"column-2\">103.4<\/td><td class=\"column-3\">15000<\/td><td class=\"column-4\">155.3<\/td><td class=\"column-5\">22500<\/td><td class=\"column-6\">1200<\/td><td class=\"column-7\">9.2<\/td>\n<\/tr>\n<tr class=\"row-11\">\n\t<td class=\"column-1\">6sp-76-70<\/td><td class=\"column-2\">103.4<\/td><td class=\"column-3\">15000<\/td><td class=\"column-4\">155.3<\/td><td class=\"column-5\">22500<\/td><td class=\"column-6\">1300<\/td><td class=\"column-7\">26.3<\/td>\n<\/tr>\n<tr class=\"row-12\">\n\t<td class=\"column-1\">6sp-89-70<\/td><td class=\"column-2\">103.4<\/td><td class=\"column-3\">15000<\/td><td class=\"column-4\">155.3<\/td><td class=\"column-5\">22500<\/td><td class=\"column-6\">1400<\/td><td class=\"column-7\">32.1<\/td>\n<\/tr>\n<tr class=\"row-13\">\n\t<td class=\"column-1\">6sp-102-70<\/td><td class=\"column-2\">103.4<\/td><td class=\"column-3\">15000<\/td><td class=\"column-4\">155.3<\/td><td class=\"column-5\">22500<\/td><td class=\"column-6\">1600<\/td><td class=\"column-7\">39.5<\/td>\n<\/tr>\n<tr class=\"row-14\">\n\t<td class=\"column-1\">6sp-127-51,7<\/td><td class=\"column-2\">103.4<\/td><td class=\"column-3\">15000<\/td><td class=\"column-4\">129.3<\/td><td class=\"column-5\">18750<\/td><td class=\"column-6\">1800<\/td><td class=\"column-7\">46.6<\/td>\n<\/tr>\n<\/tbody>\n<\/table>\n<!-- #tablepress-30 from cache -->\n<p>&nbsp;<\/p>","protected":false},"excerpt":{"rendered":"<p>A mangueira de borracha para transporte de \u00f3leo marinho \u00e9 composta de uma camada interna resistente a \u00f3leo e \u00e1gua do mar, camada protetora de tecido interno, camada de esqueleto de metal (camada de refor\u00e7o), camadas adesivas e capa protetora anticorrosiva, resistente a intemp\u00e9ries e resistente \u00e0 \u00e1gua do mar. APLICA\u00c7\u00d5ES: Para transportar g\u00e1s natural, petr\u00f3leo, etc. no fundo do mar. ESPECIFICA\u00c7\u00c3O: Q\/HOY04-2011<\/p>","protected":false},"featured_media":793,"comment_status":"open","ping_status":"closed","template":"","meta":{"site-sidebar-layout":"default","site-content-layout":"","ast-site-content-layout":"default","site-content-style":"default","site-sidebar-style":"default","ast-global-header-display":"","ast-banner-title-visibility":"","ast-main-header-display":"","ast-hfb-above-header-display":"","ast-hfb-below-header-display":"","ast-hfb-mobile-header-display":"","site-post-title":"","ast-breadcrumbs-content":"","ast-featured-img":"","footer-sml-layout":"","ast-disable-related-posts":"","theme-transparent-header-meta":"default","adv-header-id-meta":"","stick-header-meta":"","header-above-stick-meta":"","header-main-stick-meta":"","header-below-stick-meta":"","astra-migrate-meta-layouts":"set","ast-page-background-enabled":"default","ast-page-background-meta":{"desktop":{"background-color":"var(--ast-global-color-4)","background-image":"","background-repeat":"repeat","background-position":"center center","background-size":"auto","background-attachment":"scroll","background-type":"","background-media":"","overlay-type":"","overlay-color":"","overlay-opacity":"","overlay-gradient":""},"tablet":{"background-color":"","background-image":"","background-repeat":"repeat","background-position":"center center","background-size":"auto","background-attachment":"scroll","background-type":"","background-media":"","overlay-type":"","overlay-color":"","overlay-opacity":"","overlay-gradient":""},"mobile":{"background-color":"","background-image":"","background-repeat":"repeat","background-position":"center center","background-size":"auto","background-attachment":"scroll","background-type":"","background-media":"","overlay-type":"","overlay-color":"","overlay-opacity":"","overlay-gradient":""}},"ast-content-background-meta":{"desktop":{"background-color":"var(--ast-global-color-5)","background-image":"","background-repeat":"repeat","background-position":"center center","background-size":"auto","background-attachment":"scroll","background-type":"","background-media":"","overlay-type":"","overlay-color":"","overlay-opacity":"","overlay-gradient":""},"tablet":{"background-color":"var(--ast-global-color-5)","background-image":"","background-repeat":"repeat","background-position":"center center","background-size":"auto","background-attachment":"scroll","background-type":"","background-media":"","overlay-type":"","overlay-color":"","overlay-opacity":"","overlay-gradient":""},"mobile":{"background-color":"var(--ast-global-color-5)","background-image":"","background-repeat":"repeat","background-position":"center center","background-size":"auto","background-attachment":"scroll","background-type":"","background-media":"","overlay-type":"","overlay-color":"","overlay-opacity":"","overlay-gradient":""}}},"product_brand":[],"product_cat":[24],"product_tag":[],"class_list":{"0":"post-790","1":"product","2":"type-product","3":"status-publish","4":"has-post-thumbnail","6":"product_cat-rubber-hose","7":"desktop-align-center","8":"tablet-align-left","9":"mobile-align-left","11":"first","12":"instock","13":"shipping-taxable","14":"product-type-simple"},"_links":{"self":[{"href":"https:\/\/www.sterubber.com\/pt\/wp-json\/wp\/v2\/product\/790","targetHints":{"allow":["GET"]}}],"collection":[{"href":"https:\/\/www.sterubber.com\/pt\/wp-json\/wp\/v2\/product"}],"about":[{"href":"https:\/\/www.sterubber.com\/pt\/wp-json\/wp\/v2\/types\/product"}],"replies":[{"embeddable":true,"href":"https:\/\/www.sterubber.com\/pt\/wp-json\/wp\/v2\/comments?post=790"}],"wp:featuredmedia":[{"embeddable":true,"href":"https:\/\/www.sterubber.com\/pt\/wp-json\/wp\/v2\/media\/793"}],"wp:attachment":[{"href":"https:\/\/www.sterubber.com\/pt\/wp-json\/wp\/v2\/media?parent=790"}],"wp:term":[{"taxonomy":"product_brand","embeddable":true,"href":"https:\/\/www.sterubber.com\/pt\/wp-json\/wp\/v2\/product_brand?post=790"},{"taxonomy":"product_cat","embeddable":true,"href":"https:\/\/www.sterubber.com\/pt\/wp-json\/wp\/v2\/product_cat?post=790"},{"taxonomy":"product_tag","embeddable":true,"href":"https:\/\/www.sterubber.com\/pt\/wp-json\/wp\/v2\/product_tag?post=790"}],"curies":[{"name":"wp","href":"https:\/\/api.w.org\/{rel}","templated":true}]}}