{"id":782,"date":"2024-04-02T13:53:02","date_gmt":"2024-04-02T05:53:02","guid":{"rendered":"https:\/\/sterubber.com\/?post_type=product&#038;p=782"},"modified":"2024-04-07T10:28:02","modified_gmt":"2024-04-07T02:28:02","slug":"mangueira-de-borracha-de-baixa-pressao","status":"publish","type":"product","link":"https:\/\/www.sterubber.com\/pt\/product\/low-pressure-rubber-hose\/","title":{"rendered":"Mangueira de borracha de baixa press\u00e3o"},"content":{"rendered":"<p style=\"font-weight: 400;\">A mangueira de borracha de baixa press\u00e3o transporta vapor saturado ou \u00e1gua superaquecida abaixo de 170\u00b0C. A press\u00e3o de trabalho \u00e9 de 0,35 Mpa para vapor e 0,8 Mpa para \u00e1gua quente.<\/p>\n<p style=\"font-weight: 400;\">\u2013 Finalidade da mangueira de vapor: Transportar vapor saturado ou \u00e1gua superaquecida a 165\u2103~220\u2103. \u00c9 adequada para uso como tubula\u00e7\u00f5es flex\u00edveis em equipamentos de prensagem a quente, como limpadores a vapor, martelos a vapor, vulcanizadores planos e m\u00e1quinas de moldagem por inje\u00e7\u00e3o.<\/p>\n<p style=\"font-weight: 400;\">Caracter\u00edsticas: As camadas de borracha interna e externa da mangueira s\u00e3o feitas de borracha sint\u00e9tica com excelente resist\u00eancia ao calor. O corpo do tubo \u00e9 macio, volumoso, flex\u00edvel e tem alta resist\u00eancia ao calor.<\/p>\n<p style=\"font-weight: 400;\"><strong>Classifica\u00e7\u00e3o da mangueira de borracha de baixa press\u00e3o:<\/strong><\/p>\n<p style=\"font-weight: 400;\">\u2013 Mangueira de vapor revestida de pano<\/p>\n<p style=\"font-weight: 400;\">-Tubo PTFE<\/p>\n<p style=\"font-weight: 400;\">-Tubo de silicone<\/p>\n<p style=\"font-weight: 400;\">\u2013 Mangueira de vapor revestida de pano<\/p>\n<p style=\"font-weight: 400;\">Uso: Adequado para transportar vapor saturado ou \u00e1gua superaquecida n\u00e3o superior a 150 \u00b0C. Caracter\u00edsticas: A camada de borracha tem boa resist\u00eancia ao calor e a press\u00e3o da mangueira n\u00e3o \u00e9 inferior a 10 vezes a press\u00e3o de trabalho.<\/p>\n<p style=\"font-weight: 400;\">- Uso de tubos de PTFE: amplamente utilizados na ind\u00fastria qu\u00edmica, m\u00e1quinas, eletr\u00f4nicos, aparelhos el\u00e9tricos, ind\u00fastria militar, oleodutos, petr\u00f3leo, m\u00e1quinas t\u00eaxteis, isolamento el\u00e9trico, prote\u00e7\u00e3o ambiental e outros campos econ\u00f4micos.<\/p>\n<p style=\"font-weight: 400;\">Caracter\u00edsticas: Estrutura de apar\u00eancia fina, sem impurezas mec\u00e2nicas, alta resist\u00eancia, excelente estabilidade qu\u00edmica, resist\u00eancia \u00e0 corros\u00e3o, veda\u00e7\u00e3o, autolubrifica\u00e7\u00e3o e n\u00e3o pegajosa, capacidades de isolamento el\u00e9trico, pode ser usado por um longo tempo a -60 ~ 250 \u2103 e tem resist\u00eancia confi\u00e1vel e excelente \u00e0 corros\u00e3o, usado para transportar meios altamente corrosivos em altas temperaturas<\/p>\n<p style=\"font-weight: 400;\">Qualquer comprimento dentro da faixa de di\u00e2metro de 4-50MM, resistente ao frio, resistente a altas temperaturas, n\u00e3o t\u00f3xico e ins\u00edpido, em linha com a higiene alimentar, al\u00e9m de um tubo de silicone de fibra de vidro, que tem propriedades mais fortes \u00e0 prova de umidade e resistentes \u00e0 press\u00e3o. Pode suportar uma temperatura de 300\u00b0C. As principais especifica\u00e7\u00f5es s\u00e3o o di\u00e2metro interno de 9,5 e 12,7, a espessura da parede de 3,5 e press\u00e3o \u2264 0,3MPa. \u00c9 usado para portas de bomba perist\u00e1ltica para rolar o tubo da bomba atrav\u00e9s da cabe\u00e7a da bomba para gerar v\u00e1cuo e acionar o fluxo de l\u00edquido.<\/p>\n\n<table id=\"tablepress-28\" class=\"tablepress tablepress-id-28\">\n<thead>\n<tr class=\"row-1\">\n\t<th class=\"column-1\">Nome do produto<\/th><th class=\"column-2\">Identifica\u00e7\u00e3o (mm)<\/th><th class=\"column-3\">Desempenho e uso<\/th><th class=\"column-4\">Observa\u00e7\u00e3o<\/th>\n<\/tr>\n<\/thead>\n<tbody class=\"row-striping row-hover\">\n<tr class=\"row-2\">\n\t<td class=\"column-1\">Mangueira de vapor<\/td><td class=\"column-2\">6-76<\/td><td class=\"column-3\">Transporte vapor saturado ou \u00e1gua superaquecida abaixo de 170\u2103, a press\u00e3o de trabalho \u00e9 de 0,35 Mpa para vapor e 0,8 Mpa para \u00e1gua quente.<\/td><td class=\"column-4\"><\/td>\n<\/tr>\n<tr class=\"row-3\">\n\t<td class=\"column-1\">Mangueira de transmiss\u00e3o e suc\u00e7\u00e3o de \u00f3leo<\/td><td class=\"column-2\">6-152<\/td><td class=\"column-3\">Suc\u00e7\u00e3o e entrega de gasolina, \u00f3leo de motor, \u00f3leo lubrificante e outros \u00f3leos minerais em temperatura normal. A press\u00e3o de trabalho \u00e9 de 0,5-1,2 Mpa.<\/td><td class=\"column-4\"><\/td>\n<\/tr>\n<tr class=\"row-4\">\n\t<td class=\"column-1\">Mangueira de suc\u00e7\u00e3o de alimentos<\/td><td class=\"column-2\">16-152<\/td><td class=\"column-3\">Atrai leite, \u00e1lcool, \u00f3leos comest\u00edveis e bebidas l\u00edquidas. A press\u00e3o de trabalho \u00e9 de 0,5-0,8 Mpa.<\/td><td class=\"column-4\"><\/td>\n<\/tr>\n<tr class=\"row-5\">\n\t<td class=\"column-1\">Mangueira de transporte de \u00e1cido e \u00e1lcali<\/td><td class=\"column-2\">19-203<\/td><td class=\"column-3\">Transporte solu\u00e7\u00f5es \u00e1cidas e alcalinas dilu\u00eddas em temperatura ambiente. A press\u00e3o de trabalho \u00e9 de 0,5-0,7 Mpa.<\/td><td class=\"column-4\">Ao transportar \u00e1cido concentrado, a borracha but\u00edlica pode ser usada como camada interna de borracha, e a fibra de vidro pode ser usada como camada de tecido.<\/td>\n<\/tr>\n<tr class=\"row-6\">\n\t<td class=\"column-1\">Mangueira de jateamento de areia resistente ao desgaste<\/td><td class=\"column-2\">19-76<\/td><td class=\"column-3\">Mangueira para jateamento de areia com press\u00e3o de ar, press\u00e3o de trabalho de 0,6 Mpa.<\/td><td class=\"column-4\">Tubos de caminh\u00e3o-tanque de cimento tamb\u00e9m podem ser produzidos de acordo com este m\u00e9todo<\/td>\n<\/tr>\n<tr class=\"row-7\">\n\t<td class=\"column-1\">Tubo curvo para tanque de \u00e1gua<\/td><td class=\"column-2\">25-102<\/td><td class=\"column-3\">Tanque de \u00e1gua da locomotiva para entrega de \u00e1gua<\/td><td class=\"column-4\"><\/td>\n<\/tr>\n<tr class=\"row-8\">\n\t<td class=\"column-1\">Mangueira de perfura\u00e7\u00e3o<\/td><td class=\"column-2\">51-102<\/td><td class=\"column-3\">\u00c9 resistente \u00e0 press\u00e3o, ao desgaste e ao \u00f3leo. \u00c9 usado como um tubo de conex\u00e3o flex\u00edvel entre a torneira da mangueira da m\u00e1quina de perfura\u00e7\u00e3o e o flange do riser. A press\u00e3o de trabalho \u00e9 de 10-30pa.<\/td><td class=\"column-4\">Existem conectores de metal em ambas as extremidades<\/td>\n<\/tr>\n<tr class=\"row-9\">\n\t<td class=\"column-1\">Mangueira de sopro de oxig\u00eanio enrolada em fio de nylon<\/td><td class=\"column-2\">51-127<\/td><td class=\"column-3\">Tubos de conex\u00e3o flex\u00edveis s\u00e3o usados para conversores de oxig\u00eanio puro soprados pela parte superior, e a press\u00e3o de trabalho \u00e9 de 1,5 Mpa.<\/td><td class=\"column-4\">Flange de metal vulcanizado de ponta a ponta com camada protetora de amianto na parte externa.<\/td>\n<\/tr>\n<tr class=\"row-10\">\n\t<td class=\"column-1\">Mangueira de descarga de lama (suc\u00e7\u00e3o)<\/td><td class=\"column-2\">196-900<\/td><td class=\"column-3\">A draga \u00e9 usada para descarregar (sugar) sedimentos e a press\u00e3o de trabalho \u00e9 de 0,4-0,5 Mpa.<\/td><td class=\"column-4\">Pode ser equipado com junta de flange de acordo com os requisitos de projeto<\/td>\n<\/tr>\n<tr class=\"row-11\">\n\t<td class=\"column-1\">Mangueira para fazer furos<\/td><td class=\"column-2\">25, 32, 40<\/td><td class=\"column-3\">\u00c9 usado para fazer furos em pontes, rodovias e outras constru\u00e7\u00f5es de engenharia, e a resist\u00eancia \u00e0 tra\u00e7\u00e3o \u00e9 de 1,50-2,30 kg\/raiz.<\/td><td class=\"column-4\">A camada externa de cola tem boas propriedades de rasgamento<\/td>\n<\/tr>\n<\/tbody>\n<\/table>\n<!-- #tablepress-28 from cache -->","protected":false},"excerpt":{"rendered":"<p>A mangueira de borracha de baixa press\u00e3o transporta vapor saturado ou \u00e1gua superaquecida abaixo de 170\u00b0C. A press\u00e3o de trabalho \u00e9 de 0,35 Mpa para vapor e 0,8 Mpa para \u00e1gua quente.<\/p>","protected":false},"featured_media":787,"comment_status":"open","ping_status":"closed","template":"","meta":{"site-sidebar-layout":"default","site-content-layout":"","ast-site-content-layout":"default","site-content-style":"default","site-sidebar-style":"default","ast-global-header-display":"","ast-banner-title-visibility":"","ast-main-header-display":"","ast-hfb-above-header-display":"","ast-hfb-below-header-display":"","ast-hfb-mobile-header-display":"","site-post-title":"","ast-breadcrumbs-content":"","ast-featured-img":"","footer-sml-layout":"","ast-disable-related-posts":"","theme-transparent-header-meta":"default","adv-header-id-meta":"","stick-header-meta":"","header-above-stick-meta":"","header-main-stick-meta":"","header-below-stick-meta":"","astra-migrate-meta-layouts":"set","ast-page-background-enabled":"default","ast-page-background-meta":{"desktop":{"background-color":"var(--ast-global-color-4)","background-image":"","background-repeat":"repeat","background-position":"center center","background-size":"auto","background-attachment":"scroll","background-type":"","background-media":"","overlay-type":"","overlay-color":"","overlay-opacity":"","overlay-gradient":""},"tablet":{"background-color":"","background-image":"","background-repeat":"repeat","background-position":"center center","background-size":"auto","background-attachment":"scroll","background-type":"","background-media":"","overlay-type":"","overlay-color":"","overlay-opacity":"","overlay-gradient":""},"mobile":{"background-color":"","background-image":"","background-repeat":"repeat","background-position":"center center","background-size":"auto","background-attachment":"scroll","background-type":"","background-media":"","overlay-type":"","overlay-color":"","overlay-opacity":"","overlay-gradient":""}},"ast-content-background-meta":{"desktop":{"background-color":"var(--ast-global-color-5)","background-image":"","background-repeat":"repeat","background-position":"center center","background-size":"auto","background-attachment":"scroll","background-type":"","background-media":"","overlay-type":"","overlay-color":"","overlay-opacity":"","overlay-gradient":""},"tablet":{"background-color":"var(--ast-global-color-5)","background-image":"","background-repeat":"repeat","background-position":"center center","background-size":"auto","background-attachment":"scroll","background-type":"","background-media":"","overlay-type":"","overlay-color":"","overlay-opacity":"","overlay-gradient":""},"mobile":{"background-color":"var(--ast-global-color-5)","background-image":"","background-repeat":"repeat","background-position":"center center","background-size":"auto","background-attachment":"scroll","background-type":"","background-media":"","overlay-type":"","overlay-color":"","overlay-opacity":"","overlay-gradient":""}}},"product_brand":[],"product_cat":[24],"product_tag":[],"class_list":{"0":"post-782","1":"product","2":"type-product","3":"status-publish","4":"has-post-thumbnail","6":"product_cat-rubber-hose","7":"desktop-align-center","8":"tablet-align-left","9":"mobile-align-left","11":"first","12":"instock","13":"shipping-taxable","14":"product-type-simple"},"_links":{"self":[{"href":"https:\/\/www.sterubber.com\/pt\/wp-json\/wp\/v2\/product\/782","targetHints":{"allow":["GET"]}}],"collection":[{"href":"https:\/\/www.sterubber.com\/pt\/wp-json\/wp\/v2\/product"}],"about":[{"href":"https:\/\/www.sterubber.com\/pt\/wp-json\/wp\/v2\/types\/product"}],"replies":[{"embeddable":true,"href":"https:\/\/www.sterubber.com\/pt\/wp-json\/wp\/v2\/comments?post=782"}],"wp:featuredmedia":[{"embeddable":true,"href":"https:\/\/www.sterubber.com\/pt\/wp-json\/wp\/v2\/media\/787"}],"wp:attachment":[{"href":"https:\/\/www.sterubber.com\/pt\/wp-json\/wp\/v2\/media?parent=782"}],"wp:term":[{"taxonomy":"product_brand","embeddable":true,"href":"https:\/\/www.sterubber.com\/pt\/wp-json\/wp\/v2\/product_brand?post=782"},{"taxonomy":"product_cat","embeddable":true,"href":"https:\/\/www.sterubber.com\/pt\/wp-json\/wp\/v2\/product_cat?post=782"},{"taxonomy":"product_tag","embeddable":true,"href":"https:\/\/www.sterubber.com\/pt\/wp-json\/wp\/v2\/product_tag?post=782"}],"curies":[{"name":"wp","href":"https:\/\/api.w.org\/{rel}","templated":true}]}}