{"id":765,"date":"2024-04-02T13:34:06","date_gmt":"2024-04-02T05:34:06","guid":{"rendered":"https:\/\/sterubber.com\/?post_type=product&#038;p=765"},"modified":"2024-04-07T10:26:46","modified_gmt":"2024-04-07T02:26:46","slug":"borracha-waterstop","status":"publish","type":"product","link":"https:\/\/www.sterubber.com\/pt\/product\/rubber-waterstop\/","title":{"rendered":"Parada de \u00e1gua de borracha"},"content":{"rendered":"<p><span class=\"15\">Batente de borracha para \u00e1gua<\/span> \u00e9 feito de borracha natural, EPDM e v\u00e1rias borrachas sint\u00e9ticas, adicionando uma variedade de aditivos e enchimentos e sendo refinado, misturado e prensado durante o processo de vulcaniza\u00e7\u00e3o. O water stop de borracha tem boas propriedades de elasticidade, resist\u00eancia \u00e0 abras\u00e3o, resist\u00eancia ao envelhecimento e resist\u00eancia ao rasgo.<\/p>\n\n<table id=\"tablepress-26\" class=\"tablepress tablepress-id-26\">\n<tbody class=\"row-striping row-hover\">\n<tr class=\"row-1\">\n\t<td class=\"column-1\">Nome do produto<\/td><td class=\"column-2\">Waterstops borracha batente de \u00e1gua<\/td>\n<\/tr>\n<tr class=\"row-2\">\n\t<td class=\"column-1\">Tamanho<\/td><td class=\"column-2\">Em estoque e tamanho personalizado<\/td>\n<\/tr>\n<tr class=\"row-3\">\n\t<td class=\"column-1\">Material<\/td><td class=\"column-2\">NR, BR, SBR, NBR, CR, IR, IIR, EPDM, FKM e mais<\/td>\n<\/tr>\n<tr class=\"row-4\">\n\t<td class=\"column-1\">Dureza da borracha<\/td><td class=\"column-2\">30-80 Costa A<\/td>\n<\/tr>\n<tr class=\"row-5\">\n\t<td class=\"column-1\">Cor<\/td><td class=\"column-2\">Preto ou cor personalizada<\/td>\n<\/tr>\n<tr class=\"row-6\">\n\t<td class=\"column-1\"><\/td><td class=\"column-2\"><\/td>\n<\/tr>\n<\/tbody>\n<\/table>\n<!-- #tablepress-26 from cache -->\n<figure id=\"attachment_771\" aria-describedby=\"caption-attachment-771\" style=\"width: 749px\" class=\"wp-caption alignnone\"><img fetchpriority=\"high\" decoding=\"async\" class=\"wp-image-771 size-full\" src=\"https:\/\/sterubber.com\/wp-content\/uploads\/2024\/04\/Rubber-Waterstop-6.png\" alt=\"Borracha Waterstop 6\" width=\"749\" height=\"738\" srcset=\"https:\/\/www.sterubber.com\/wp-content\/uploads\/2024\/04\/Rubber-Waterstop-6.png 749w, https:\/\/www.sterubber.com\/wp-content\/uploads\/2024\/04\/Rubber-Waterstop-6-300x296.png 300w, https:\/\/www.sterubber.com\/wp-content\/uploads\/2024\/04\/Rubber-Waterstop-6-600x591.png 600w, https:\/\/www.sterubber.com\/wp-content\/uploads\/2024\/04\/Rubber-Waterstop-6-100x100.png 100w\" sizes=\"(max-width: 749px) 100vw, 749px\" \/><figcaption id=\"caption-attachment-771\" class=\"wp-caption-text\">Borracha Waterstop 6<\/figcaption><\/figure>\n<figure id=\"attachment_772\" aria-describedby=\"caption-attachment-772\" style=\"width: 783px\" class=\"wp-caption alignnone\"><img decoding=\"async\" class=\"wp-image-772 size-full\" src=\"https:\/\/sterubber.com\/wp-content\/uploads\/2024\/04\/Rubber-Waterstop-7.png\" alt=\"Borracha Waterstop 7\" width=\"783\" height=\"743\" srcset=\"https:\/\/www.sterubber.com\/wp-content\/uploads\/2024\/04\/Rubber-Waterstop-7.png 783w, https:\/\/www.sterubber.com\/wp-content\/uploads\/2024\/04\/Rubber-Waterstop-7-300x285.png 300w, https:\/\/www.sterubber.com\/wp-content\/uploads\/2024\/04\/Rubber-Waterstop-7-768x729.png 768w, https:\/\/www.sterubber.com\/wp-content\/uploads\/2024\/04\/Rubber-Waterstop-7-600x569.png 600w\" sizes=\"(max-width: 783px) 100vw, 783px\" \/><figcaption id=\"caption-attachment-772\" class=\"wp-caption-text\">Borracha Waterstop 7<\/figcaption><\/figure>\n<figure id=\"attachment_773\" aria-describedby=\"caption-attachment-773\" style=\"width: 780px\" class=\"wp-caption alignnone\"><img decoding=\"async\" class=\"wp-image-773 size-full\" src=\"https:\/\/sterubber.com\/wp-content\/uploads\/2024\/04\/Rubber-Waterstop-8.png\" alt=\"Borracha Waterstop 8\" width=\"780\" height=\"779\" srcset=\"https:\/\/www.sterubber.com\/wp-content\/uploads\/2024\/04\/Rubber-Waterstop-8.png 780w, https:\/\/www.sterubber.com\/wp-content\/uploads\/2024\/04\/Rubber-Waterstop-8-300x300.png 300w, https:\/\/www.sterubber.com\/wp-content\/uploads\/2024\/04\/Rubber-Waterstop-8-150x150.png 150w, https:\/\/www.sterubber.com\/wp-content\/uploads\/2024\/04\/Rubber-Waterstop-8-768x767.png 768w, https:\/\/www.sterubber.com\/wp-content\/uploads\/2024\/04\/Rubber-Waterstop-8-600x599.png 600w, https:\/\/www.sterubber.com\/wp-content\/uploads\/2024\/04\/Rubber-Waterstop-8-100x100.png 100w\" sizes=\"(max-width: 780px) 100vw, 780px\" \/><figcaption id=\"caption-attachment-773\" class=\"wp-caption-text\">Borracha Waterstop 8<\/figcaption><\/figure>","protected":false},"excerpt":{"rendered":"<p><span class=\"15\">Batente de borracha para \u00e1gua<\/span> \u00e9 feito de borracha natural, EPDM e v\u00e1rias borrachas sint\u00e9ticas, adicionando uma variedade de aditivos e enchimentos e sendo refinado, misturado e prensado durante o processo de vulcaniza\u00e7\u00e3o. O water stop de borracha tem boas propriedades de elasticidade, resist\u00eancia \u00e0 abras\u00e3o, resist\u00eancia ao envelhecimento e resist\u00eancia ao rasgo.<\/p>","protected":false},"featured_media":766,"comment_status":"open","ping_status":"closed","template":"","meta":{"site-sidebar-layout":"default","site-content-layout":"","ast-site-content-layout":"default","site-content-style":"default","site-sidebar-style":"default","ast-global-header-display":"","ast-banner-title-visibility":"","ast-main-header-display":"","ast-hfb-above-header-display":"","ast-hfb-below-header-display":"","ast-hfb-mobile-header-display":"","site-post-title":"","ast-breadcrumbs-content":"","ast-featured-img":"","footer-sml-layout":"","ast-disable-related-posts":"","theme-transparent-header-meta":"default","adv-header-id-meta":"","stick-header-meta":"","header-above-stick-meta":"","header-main-stick-meta":"","header-below-stick-meta":"","astra-migrate-meta-layouts":"set","ast-page-background-enabled":"default","ast-page-background-meta":{"desktop":{"background-color":"var(--ast-global-color-4)","background-image":"","background-repeat":"repeat","background-position":"center center","background-size":"auto","background-attachment":"scroll","background-type":"","background-media":"","overlay-type":"","overlay-color":"","overlay-opacity":"","overlay-gradient":""},"tablet":{"background-color":"","background-image":"","background-repeat":"repeat","background-position":"center center","background-size":"auto","background-attachment":"scroll","background-type":"","background-media":"","overlay-type":"","overlay-color":"","overlay-opacity":"","overlay-gradient":""},"mobile":{"background-color":"","background-image":"","background-repeat":"repeat","background-position":"center center","background-size":"auto","background-attachment":"scroll","background-type":"","background-media":"","overlay-type":"","overlay-color":"","overlay-opacity":"","overlay-gradient":""}},"ast-content-background-meta":{"desktop":{"background-color":"var(--ast-global-color-5)","background-image":"","background-repeat":"repeat","background-position":"center center","background-size":"auto","background-attachment":"scroll","background-type":"","background-media":"","overlay-type":"","overlay-color":"","overlay-opacity":"","overlay-gradient":""},"tablet":{"background-color":"var(--ast-global-color-5)","background-image":"","background-repeat":"repeat","background-position":"center center","background-size":"auto","background-attachment":"scroll","background-type":"","background-media":"","overlay-type":"","overlay-color":"","overlay-opacity":"","overlay-gradient":""},"mobile":{"background-color":"var(--ast-global-color-5)","background-image":"","background-repeat":"repeat","background-position":"center center","background-size":"auto","background-attachment":"scroll","background-type":"","background-media":"","overlay-type":"","overlay-color":"","overlay-opacity":"","overlay-gradient":""}}},"product_brand":[],"product_cat":[46],"product_tag":[],"class_list":{"0":"post-765","1":"product","2":"type-product","3":"status-publish","4":"has-post-thumbnail","6":"product_cat-rubber-waterstop-2","7":"desktop-align-center","8":"tablet-align-left","9":"mobile-align-left","11":"first","12":"instock","13":"shipping-taxable","14":"product-type-simple"},"_links":{"self":[{"href":"https:\/\/www.sterubber.com\/pt\/wp-json\/wp\/v2\/product\/765","targetHints":{"allow":["GET"]}}],"collection":[{"href":"https:\/\/www.sterubber.com\/pt\/wp-json\/wp\/v2\/product"}],"about":[{"href":"https:\/\/www.sterubber.com\/pt\/wp-json\/wp\/v2\/types\/product"}],"replies":[{"embeddable":true,"href":"https:\/\/www.sterubber.com\/pt\/wp-json\/wp\/v2\/comments?post=765"}],"wp:featuredmedia":[{"embeddable":true,"href":"https:\/\/www.sterubber.com\/pt\/wp-json\/wp\/v2\/media\/766"}],"wp:attachment":[{"href":"https:\/\/www.sterubber.com\/pt\/wp-json\/wp\/v2\/media?parent=765"}],"wp:term":[{"taxonomy":"product_brand","embeddable":true,"href":"https:\/\/www.sterubber.com\/pt\/wp-json\/wp\/v2\/product_brand?post=765"},{"taxonomy":"product_cat","embeddable":true,"href":"https:\/\/www.sterubber.com\/pt\/wp-json\/wp\/v2\/product_cat?post=765"},{"taxonomy":"product_tag","embeddable":true,"href":"https:\/\/www.sterubber.com\/pt\/wp-json\/wp\/v2\/product_tag?post=765"}],"curies":[{"name":"wp","href":"https:\/\/api.w.org\/{rel}","templated":true}]}}