{"id":757,"date":"2024-04-02T13:26:57","date_gmt":"2024-04-02T05:26:57","guid":{"rendered":"https:\/\/sterubber.com\/?post_type=product&#038;p=757"},"modified":"2024-04-15T15:14:35","modified_gmt":"2024-04-15T07:14:35","slug":"tubo-de-hdpe","status":"publish","type":"product","link":"https:\/\/www.sterubber.com\/pt\/product\/hdpe-pipe\/","title":{"rendered":"Tubo HDPE"},"content":{"rendered":"<p>Os tubos de PEAD s\u00e3o divididos em: tubos de abastecimento de \u00e1gua de PEAD, tubos de arame de PEAD, tubos de dragagem de PEAD, tubos de g\u00e1s de PEAD, tubos de minera\u00e7\u00e3o antiest\u00e1ticos e retardantes de chamas de PEAD, tubos de bomba de calor de fonte terrestre de PEAD, tubos de drenagem de sif\u00e3o de PEAD, que s\u00e3o usados principalmente em engenharia municipal e engenharia de g\u00e1s, engenharia de dragagem, engenharia de minera\u00e7\u00e3o, irriga\u00e7\u00e3o agr\u00edcola e engenharia de energia, seis sistemas principais.<\/p>\n<figure id=\"attachment_763\" aria-describedby=\"caption-attachment-763\" style=\"width: 667px\" class=\"wp-caption alignnone\"><img fetchpriority=\"high\" decoding=\"async\" class=\"wp-image-763 size-full\" src=\"https:\/\/www.sterubber.com\/wp-content\/uploads\/2024\/04\/HDPE-pipe-specification.jpg\" alt=\"Especifica\u00e7\u00e3o de tubo de HDPE\" width=\"667\" height=\"672\" srcset=\"https:\/\/www.sterubber.com\/wp-content\/uploads\/2024\/04\/HDPE-pipe-specification.jpg 667w, https:\/\/www.sterubber.com\/wp-content\/uploads\/2024\/04\/HDPE-pipe-specification-298x300.jpg 298w, https:\/\/www.sterubber.com\/wp-content\/uploads\/2024\/04\/HDPE-pipe-specification-150x150.jpg 150w, https:\/\/www.sterubber.com\/wp-content\/uploads\/2024\/04\/HDPE-pipe-specification-600x604.jpg 600w, https:\/\/www.sterubber.com\/wp-content\/uploads\/2024\/04\/HDPE-pipe-specification-100x100.jpg 100w\" sizes=\"(max-width: 667px) 100vw, 667px\" \/><figcaption id=\"caption-attachment-763\" class=\"wp-caption-text\">Especifica\u00e7\u00e3o de tubo de HDPE<\/figcaption><\/figure>","protected":false},"excerpt":{"rendered":"<p>Os tubos de PEAD s\u00e3o divididos em: tubos de abastecimento de \u00e1gua de PEAD, tubos de arame de PEAD, tubos de dragagem de PEAD, tubos de g\u00e1s de PEAD, tubos de minera\u00e7\u00e3o antiest\u00e1ticos e retardantes de chamas de PEAD, tubos de bomba de calor de fonte terrestre de PEAD, tubos de drenagem de sif\u00e3o de PEAD, que s\u00e3o usados principalmente em engenharia municipal e engenharia de g\u00e1s, engenharia de dragagem, engenharia de minera\u00e7\u00e3o, irriga\u00e7\u00e3o agr\u00edcola e engenharia de energia, seis sistemas principais.<\/p>","protected":false},"featured_media":758,"comment_status":"open","ping_status":"closed","template":"","meta":{"site-sidebar-layout":"default","site-content-layout":"","ast-site-content-layout":"default","site-content-style":"default","site-sidebar-style":"default","ast-global-header-display":"","ast-banner-title-visibility":"","ast-main-header-display":"","ast-hfb-above-header-display":"","ast-hfb-below-header-display":"","ast-hfb-mobile-header-display":"","site-post-title":"","ast-breadcrumbs-content":"","ast-featured-img":"","footer-sml-layout":"","ast-disable-related-posts":"","theme-transparent-header-meta":"default","adv-header-id-meta":"","stick-header-meta":"","header-above-stick-meta":"","header-main-stick-meta":"","header-below-stick-meta":"","astra-migrate-meta-layouts":"set","ast-page-background-enabled":"default","ast-page-background-meta":{"desktop":{"background-color":"var(--ast-global-color-4)","background-image":"","background-repeat":"repeat","background-position":"center center","background-size":"auto","background-attachment":"scroll","background-type":"","background-media":"","overlay-type":"","overlay-color":"","overlay-opacity":"","overlay-gradient":""},"tablet":{"background-color":"","background-image":"","background-repeat":"repeat","background-position":"center center","background-size":"auto","background-attachment":"scroll","background-type":"","background-media":"","overlay-type":"","overlay-color":"","overlay-opacity":"","overlay-gradient":""},"mobile":{"background-color":"","background-image":"","background-repeat":"repeat","background-position":"center center","background-size":"auto","background-attachment":"scroll","background-type":"","background-media":"","overlay-type":"","overlay-color":"","overlay-opacity":"","overlay-gradient":""}},"ast-content-background-meta":{"desktop":{"background-color":"var(--ast-global-color-5)","background-image":"","background-repeat":"repeat","background-position":"center center","background-size":"auto","background-attachment":"scroll","background-type":"","background-media":"","overlay-type":"","overlay-color":"","overlay-opacity":"","overlay-gradient":""},"tablet":{"background-color":"var(--ast-global-color-5)","background-image":"","background-repeat":"repeat","background-position":"center center","background-size":"auto","background-attachment":"scroll","background-type":"","background-media":"","overlay-type":"","overlay-color":"","overlay-opacity":"","overlay-gradient":""},"mobile":{"background-color":"var(--ast-global-color-5)","background-image":"","background-repeat":"repeat","background-position":"center center","background-size":"auto","background-attachment":"scroll","background-type":"","background-media":"","overlay-type":"","overlay-color":"","overlay-opacity":"","overlay-gradient":""}}},"product_brand":[],"product_cat":[45],"product_tag":[],"class_list":{"0":"post-757","1":"product","2":"type-product","3":"status-publish","4":"has-post-thumbnail","6":"product_cat-hdpe-pipe","7":"desktop-align-center","8":"tablet-align-left","9":"mobile-align-left","11":"first","12":"instock","13":"shipping-taxable","14":"product-type-simple"},"_links":{"self":[{"href":"https:\/\/www.sterubber.com\/pt\/wp-json\/wp\/v2\/product\/757","targetHints":{"allow":["GET"]}}],"collection":[{"href":"https:\/\/www.sterubber.com\/pt\/wp-json\/wp\/v2\/product"}],"about":[{"href":"https:\/\/www.sterubber.com\/pt\/wp-json\/wp\/v2\/types\/product"}],"replies":[{"embeddable":true,"href":"https:\/\/www.sterubber.com\/pt\/wp-json\/wp\/v2\/comments?post=757"}],"wp:featuredmedia":[{"embeddable":true,"href":"https:\/\/www.sterubber.com\/pt\/wp-json\/wp\/v2\/media\/758"}],"wp:attachment":[{"href":"https:\/\/www.sterubber.com\/pt\/wp-json\/wp\/v2\/media?parent=757"}],"wp:term":[{"taxonomy":"product_brand","embeddable":true,"href":"https:\/\/www.sterubber.com\/pt\/wp-json\/wp\/v2\/product_brand?post=757"},{"taxonomy":"product_cat","embeddable":true,"href":"https:\/\/www.sterubber.com\/pt\/wp-json\/wp\/v2\/product_cat?post=757"},{"taxonomy":"product_tag","embeddable":true,"href":"https:\/\/www.sterubber.com\/pt\/wp-json\/wp\/v2\/product_tag?post=757"}],"curies":[{"name":"wp","href":"https:\/\/api.w.org\/{rel}","templated":true}]}}