{"id":741,"date":"2024-04-02T13:00:01","date_gmt":"2024-04-02T05:00:01","guid":{"rendered":"https:\/\/sterubber.com\/?post_type=product&#038;p=741"},"modified":"2024-04-07T10:25:06","modified_gmt":"2024-04-07T02:25:06","slug":"vedacao-de-gaxeta-de-ptfe","status":"publish","type":"product","link":"https:\/\/www.sterubber.com\/pt\/product\/ptfe-gland-packing-seal\/","title":{"rendered":"Selo de embalagem de gl\u00e2ndula PTFE"},"content":{"rendered":"<p style=\"font-weight: 400;\">A veda\u00e7\u00e3o de gaxeta de PTFE \u00e9 feita de resina de dispers\u00e3o de PTFE pura. Primeiro, \u00e9 transformada em um filme de mat\u00e9ria-prima e, em seguida, torcida e tecida em embalagem. Este tipo de embalagem n\u00e3o tem outros aditivos e pode ser amplamente utilizada em alimentos e produtos farmac\u00eauticos. , fabrica\u00e7\u00e3o de papel, fibra qu\u00edmica, etc. t\u00eam requisitos de limpeza mais altos, e v\u00e1lvulas e bombas com meios altamente corrosivos.<\/p>\n<p style=\"font-weight: 400;\">\u00c2mbito de aplica\u00e7\u00e3o: Temperatura m\u00e1xima: 260\u00b0C, press\u00e3o m\u00e1xima de opera\u00e7\u00e3o: 2,0MPa, valor de PH: 0-14.<\/p>\n<p style=\"font-weight: 400;\"><strong>Embalagem PTFE puro<\/strong><\/p>\n<p style=\"font-weight: 400;\"><strong>Introdu\u00e7\u00e3o:\u00a0<\/strong>A embalagem de PTFE \u00e9 feita de fibra de PTFE pura, sem emuls\u00e3o de PTFE e tratamento de graxa lubrificante. Por ser feita de tran\u00e7a s\u00f3lida e ter flexibilidade e ajustabilidade, pode ser bem combinada com o eixo e a caixa de gaxeta e tem excelente resist\u00eancia \u00e0 corros\u00e3o, boa autolubrifica\u00e7\u00e3o e antiader\u00eancia.<\/p>\n<p style=\"font-weight: 400;\"><strong>Tamanho:\u00a0<\/strong>De 6 x 6 mm a 50 x 50 mm.<\/p>\n<p style=\"font-weight: 400;\"><strong>Embalagem:<\/strong>\u00a0Em rolos de 5 a 10 kg, outros pesos sob consulta.<\/p>\n<p style=\"font-weight: 400;\"><strong>Aplicativo:\u00a0<\/strong>Pode ser usado em produtos qu\u00edmicos, alimentos, medicamentos, papel, fibras qu\u00edmicas, produtos qu\u00edmicos finos e outros campos onde a polui\u00e7\u00e3o n\u00e3o \u00e9 permitida.<\/p>\n<p style=\"font-weight: 400;\"><strong>Gaxeta de PTFE de grafite<\/strong><\/p>\n<p style=\"font-weight: 400;\"><strong>Introdu\u00e7\u00e3o:\u00a0<\/strong>A embalagem tran\u00e7ada de PTFE (impregnada) \u00e9 feita de fita de mat\u00e9ria-prima F4 por tran\u00e7ado de urdidura (impregnado), com boa estabilidade qu\u00edmica, bom desempenho autolubrificante, resist\u00eancia inalterada sob altas temperaturas e ambiente \u00famido, e f\u00e1cil de carregar e desmontar.<\/p>\n<p style=\"font-weight: 400;\"><strong>Tamanho:<\/strong>\u00a0De 6 x 6 mm a 50 x 50 mm.\u00a0<strong>Embalagem:\u00a0<\/strong>Em rolos de 5 a 10 kg, outros pesos sob consulta.<\/p>\n<p style=\"font-weight: 400;\"><strong>Aplicativo:<\/strong>\u00a0Pode ser usado em<br \/>\nprodutos qu\u00edmicos, alimentos, medicamentos, papel, fibras qu\u00edmicas, produtos qu\u00edmicos finos e outros campos onde a polui\u00e7\u00e3o n\u00e3o \u00e9 permitida.<\/p>\n\n<table id=\"tablepress-24\" class=\"tablepress tablepress-id-24\">\n<tbody class=\"row-striping row-hover\">\n<tr class=\"row-1\">\n\t<td class=\"column-1\">Temperatura de trabalho<\/td><td class=\"column-2\">-240\u00b0C~280\u00b0C<\/td>\n<\/tr>\n<tr class=\"row-2\">\n\t<td class=\"column-1\">Faixa de pH<\/td><td class=\"column-2\">0~14<\/td>\n<\/tr>\n<tr class=\"row-3\">\n\t<td class=\"column-1\">Press\u00e3o<\/td><td class=\"column-2\">27,5 bar\/296 bar<\/td>\n<\/tr>\n<tr class=\"row-4\">\n\t<td class=\"column-1\">Velocidade<\/td><td class=\"column-2\">20 m\/s<\/td>\n<\/tr>\n<tr class=\"row-5\">\n\t<td class=\"column-1\">Equipamento<\/td><td class=\"column-2\">equipamentos rotativos e alternativos, v\u00e1lvulas, sopradores de fuligem, juntas de expans\u00e3o<\/td>\n<\/tr>\n<tr class=\"row-6\">\n\t<td class=\"column-1\">M\u00eddia de aplica\u00e7\u00e3o<\/td><td class=\"column-2\">produtos qu\u00edmicos, solventes, corrosivos, gases, \u00e1gua, vapor, am\u00f4nia, ar, \u00f3leos, papel, licor, condensado, \u00e1gua de alimenta\u00e7\u00e3o de caldeira<\/td>\n<\/tr>\n<\/tbody>\n<\/table>\n<!-- #tablepress-24 from cache -->\n<p>&nbsp;<\/p>","protected":false},"excerpt":{"rendered":"<p>A veda\u00e7\u00e3o de gaxeta de PTFE \u00e9 feita de resina de dispers\u00e3o de PTFE pura. Primeiro, \u00e9 transformada em um filme de mat\u00e9ria-prima e, em seguida, torcida e tecida em embalagem. Este tipo de embalagem n\u00e3o tem outros aditivos e pode ser amplamente utilizada em alimentos e produtos farmac\u00eauticos. , fabrica\u00e7\u00e3o de papel, fibra qu\u00edmica, etc. t\u00eam requisitos de limpeza mais altos, e v\u00e1lvulas e bombas com meios altamente corrosivos.<\/p>","protected":false},"featured_media":742,"comment_status":"open","ping_status":"closed","template":"","meta":{"site-sidebar-layout":"default","site-content-layout":"","ast-site-content-layout":"default","site-content-style":"default","site-sidebar-style":"default","ast-global-header-display":"","ast-banner-title-visibility":"","ast-main-header-display":"","ast-hfb-above-header-display":"","ast-hfb-below-header-display":"","ast-hfb-mobile-header-display":"","site-post-title":"","ast-breadcrumbs-content":"","ast-featured-img":"","footer-sml-layout":"","ast-disable-related-posts":"","theme-transparent-header-meta":"default","adv-header-id-meta":"","stick-header-meta":"","header-above-stick-meta":"","header-main-stick-meta":"","header-below-stick-meta":"","astra-migrate-meta-layouts":"set","ast-page-background-enabled":"default","ast-page-background-meta":{"desktop":{"background-color":"var(--ast-global-color-4)","background-image":"","background-repeat":"repeat","background-position":"center center","background-size":"auto","background-attachment":"scroll","background-type":"","background-media":"","overlay-type":"","overlay-color":"","overlay-opacity":"","overlay-gradient":""},"tablet":{"background-color":"","background-image":"","background-repeat":"repeat","background-position":"center center","background-size":"auto","background-attachment":"scroll","background-type":"","background-media":"","overlay-type":"","overlay-color":"","overlay-opacity":"","overlay-gradient":""},"mobile":{"background-color":"","background-image":"","background-repeat":"repeat","background-position":"center center","background-size":"auto","background-attachment":"scroll","background-type":"","background-media":"","overlay-type":"","overlay-color":"","overlay-opacity":"","overlay-gradient":""}},"ast-content-background-meta":{"desktop":{"background-color":"var(--ast-global-color-5)","background-image":"","background-repeat":"repeat","background-position":"center center","background-size":"auto","background-attachment":"scroll","background-type":"","background-media":"","overlay-type":"","overlay-color":"","overlay-opacity":"","overlay-gradient":""},"tablet":{"background-color":"var(--ast-global-color-5)","background-image":"","background-repeat":"repeat","background-position":"center center","background-size":"auto","background-attachment":"scroll","background-type":"","background-media":"","overlay-type":"","overlay-color":"","overlay-opacity":"","overlay-gradient":""},"mobile":{"background-color":"var(--ast-global-color-5)","background-image":"","background-repeat":"repeat","background-position":"center center","background-size":"auto","background-attachment":"scroll","background-type":"","background-media":"","overlay-type":"","overlay-color":"","overlay-opacity":"","overlay-gradient":""}}},"product_brand":[],"product_cat":[35,23],"product_tag":[],"class_list":{"0":"post-741","1":"product","2":"type-product","3":"status-publish","4":"has-post-thumbnail","6":"product_cat-packing-seal","7":"product_cat-rubber-seals","8":"desktop-align-center","9":"tablet-align-left","10":"mobile-align-left","12":"first","13":"instock","14":"shipping-taxable","15":"product-type-simple"},"_links":{"self":[{"href":"https:\/\/www.sterubber.com\/pt\/wp-json\/wp\/v2\/product\/741","targetHints":{"allow":["GET"]}}],"collection":[{"href":"https:\/\/www.sterubber.com\/pt\/wp-json\/wp\/v2\/product"}],"about":[{"href":"https:\/\/www.sterubber.com\/pt\/wp-json\/wp\/v2\/types\/product"}],"replies":[{"embeddable":true,"href":"https:\/\/www.sterubber.com\/pt\/wp-json\/wp\/v2\/comments?post=741"}],"wp:featuredmedia":[{"embeddable":true,"href":"https:\/\/www.sterubber.com\/pt\/wp-json\/wp\/v2\/media\/742"}],"wp:attachment":[{"href":"https:\/\/www.sterubber.com\/pt\/wp-json\/wp\/v2\/media?parent=741"}],"wp:term":[{"taxonomy":"product_brand","embeddable":true,"href":"https:\/\/www.sterubber.com\/pt\/wp-json\/wp\/v2\/product_brand?post=741"},{"taxonomy":"product_cat","embeddable":true,"href":"https:\/\/www.sterubber.com\/pt\/wp-json\/wp\/v2\/product_cat?post=741"},{"taxonomy":"product_tag","embeddable":true,"href":"https:\/\/www.sterubber.com\/pt\/wp-json\/wp\/v2\/product_tag?post=741"}],"curies":[{"name":"wp","href":"https:\/\/api.w.org\/{rel}","templated":true}]}}