{"id":732,"date":"2024-04-02T12:54:53","date_gmt":"2024-04-02T04:54:53","guid":{"rendered":"https:\/\/sterubber.com\/?post_type=product&#038;p=732"},"modified":"2024-04-07T10:24:49","modified_gmt":"2024-04-07T02:24:49","slug":"vedacao-de-embalagem-de-grafite-flexivel","status":"publish","type":"product","link":"https:\/\/www.sterubber.com\/pt\/product\/flexible-graphite-packing-seal\/","title":{"rendered":"Selo de embalagem de grafite flex\u00edvel"},"content":{"rendered":"<p style=\"font-weight: 400;\">Selo de embalagem de grafite flex\u00edvel<\/p>\n<p style=\"font-weight: 400;\">Feito de fio de grafite flex\u00edvel e refor\u00e7ado com v\u00e1rios fios Inconel resistentes a altas temperaturas, tendo press\u00e3o muito alta<br \/>\nestanqueidade e desempenho est\u00e1vel, aplic\u00e1vel para veda\u00e7\u00e3o est\u00e1tica sob alta temperatura e press\u00e3o.<\/p>\n\n<table id=\"tablepress-23\" class=\"tablepress tablepress-id-23\">\n<tbody class=\"row-striping row-hover\">\n<tr class=\"row-1\">\n\t<td class=\"column-1\">Temperatura<\/td><td class=\"column-2\">\u201c-204~+650 \u2103<\/td>\n<\/tr>\n<tr class=\"row-2\">\n\t<td class=\"column-1\">Press\u00e3o<\/td><td class=\"column-2\">9-45 Mpa<\/td>\n<\/tr>\n<tr class=\"row-3\">\n\t<td class=\"column-1\">Velocidade do eixo<\/td><td class=\"column-2\">2-15 m\/s<\/td>\n<\/tr>\n<tr class=\"row-4\">\n\t<td class=\"column-1\">Faixa de pH<\/td><td class=\"column-2\">0~14<\/td>\n<\/tr>\n<tr class=\"row-5\">\n\t<td class=\"column-1\">Densidade (aprox.)<\/td><td class=\"column-2\">1,1~1,4 g\/cm3<\/td>\n<\/tr>\n<\/tbody>\n<\/table>\n<!-- #tablepress-23 from cache -->\n<p style=\"font-weight: 400;\">A veda\u00e7\u00e3o de embalagem tamb\u00e9m \u00e9 chamada de enchimento de veda\u00e7\u00e3o. Geralmente \u00e9 feita de materiais lineares relativamente macios e \u00e9 preenchida na cavidade de veda\u00e7\u00e3o com tiras com uma \u00e1rea de se\u00e7\u00e3o transversal quadrada para obter a veda\u00e7\u00e3o.<\/p>\n<p style=\"font-weight: 400;\">O material utiliza principalmente grafite e diversas fibras como principais mat\u00e9rias-primas e \u00e9 refor\u00e7ado de acordo com diferentes requisitos.<\/p>\n<p style=\"font-weight: 400;\">A veda\u00e7\u00e3o de embalagem de grafite expandida, tamb\u00e9m conhecida como embalagem de grafite flex\u00edvel, \u00e9 feita de fios de grafite flex\u00edveis entrela\u00e7ados no cora\u00e7\u00e3o. Possui boa autolubrifica\u00e7\u00e3o e condutividade t\u00e9rmica, um pequeno coeficiente de atrito, forte versatilidade, boa flexibilidade e alta resist\u00eancia, e \u00e9 adequada para eixos. Tem um efeito protetor e outras vantagens<\/p>\n<p style=\"font-weight: 400;\">Esta embalagem \u00e9 uma embalagem universal e \u00e9 amplamente utilizada em todas as esferas da vida.<\/p>","protected":false},"excerpt":{"rendered":"<p style=\"font-weight: 400;\">A veda\u00e7\u00e3o de grafite flex\u00edvel \u00e9 feita de fio de grafite flex\u00edvel e refor\u00e7ada com v\u00e1rios fios Inconel resistentes a altas temperaturas, tendo alta estanqueidade \u00e0 press\u00e3o e desempenho est\u00e1vel, aplic\u00e1vel para veda\u00e7\u00e3o est\u00e1tica sob alta temperatura e press\u00e3o.<\/p>","protected":false},"featured_media":733,"comment_status":"open","ping_status":"closed","template":"","meta":{"site-sidebar-layout":"default","site-content-layout":"","ast-site-content-layout":"default","site-content-style":"default","site-sidebar-style":"default","ast-global-header-display":"","ast-banner-title-visibility":"","ast-main-header-display":"","ast-hfb-above-header-display":"","ast-hfb-below-header-display":"","ast-hfb-mobile-header-display":"","site-post-title":"","ast-breadcrumbs-content":"","ast-featured-img":"","footer-sml-layout":"","ast-disable-related-posts":"","theme-transparent-header-meta":"default","adv-header-id-meta":"","stick-header-meta":"","header-above-stick-meta":"","header-main-stick-meta":"","header-below-stick-meta":"","astra-migrate-meta-layouts":"set","ast-page-background-enabled":"default","ast-page-background-meta":{"desktop":{"background-color":"var(--ast-global-color-4)","background-image":"","background-repeat":"repeat","background-position":"center center","background-size":"auto","background-attachment":"scroll","background-type":"","background-media":"","overlay-type":"","overlay-color":"","overlay-opacity":"","overlay-gradient":""},"tablet":{"background-color":"","background-image":"","background-repeat":"repeat","background-position":"center center","background-size":"auto","background-attachment":"scroll","background-type":"","background-media":"","overlay-type":"","overlay-color":"","overlay-opacity":"","overlay-gradient":""},"mobile":{"background-color":"","background-image":"","background-repeat":"repeat","background-position":"center center","background-size":"auto","background-attachment":"scroll","background-type":"","background-media":"","overlay-type":"","overlay-color":"","overlay-opacity":"","overlay-gradient":""}},"ast-content-background-meta":{"desktop":{"background-color":"var(--ast-global-color-5)","background-image":"","background-repeat":"repeat","background-position":"center center","background-size":"auto","background-attachment":"scroll","background-type":"","background-media":"","overlay-type":"","overlay-color":"","overlay-opacity":"","overlay-gradient":""},"tablet":{"background-color":"var(--ast-global-color-5)","background-image":"","background-repeat":"repeat","background-position":"center center","background-size":"auto","background-attachment":"scroll","background-type":"","background-media":"","overlay-type":"","overlay-color":"","overlay-opacity":"","overlay-gradient":""},"mobile":{"background-color":"var(--ast-global-color-5)","background-image":"","background-repeat":"repeat","background-position":"center center","background-size":"auto","background-attachment":"scroll","background-type":"","background-media":"","overlay-type":"","overlay-color":"","overlay-opacity":"","overlay-gradient":""}}},"product_brand":[],"product_cat":[35,23],"product_tag":[],"class_list":{"0":"post-732","1":"product","2":"type-product","3":"status-publish","4":"has-post-thumbnail","6":"product_cat-packing-seal","7":"product_cat-rubber-seals","8":"desktop-align-center","9":"tablet-align-left","10":"mobile-align-left","12":"first","13":"instock","14":"shipping-taxable","15":"product-type-simple"},"_links":{"self":[{"href":"https:\/\/www.sterubber.com\/pt\/wp-json\/wp\/v2\/product\/732","targetHints":{"allow":["GET"]}}],"collection":[{"href":"https:\/\/www.sterubber.com\/pt\/wp-json\/wp\/v2\/product"}],"about":[{"href":"https:\/\/www.sterubber.com\/pt\/wp-json\/wp\/v2\/types\/product"}],"replies":[{"embeddable":true,"href":"https:\/\/www.sterubber.com\/pt\/wp-json\/wp\/v2\/comments?post=732"}],"wp:featuredmedia":[{"embeddable":true,"href":"https:\/\/www.sterubber.com\/pt\/wp-json\/wp\/v2\/media\/733"}],"wp:attachment":[{"href":"https:\/\/www.sterubber.com\/pt\/wp-json\/wp\/v2\/media?parent=732"}],"wp:term":[{"taxonomy":"product_brand","embeddable":true,"href":"https:\/\/www.sterubber.com\/pt\/wp-json\/wp\/v2\/product_brand?post=732"},{"taxonomy":"product_cat","embeddable":true,"href":"https:\/\/www.sterubber.com\/pt\/wp-json\/wp\/v2\/product_cat?post=732"},{"taxonomy":"product_tag","embeddable":true,"href":"https:\/\/www.sterubber.com\/pt\/wp-json\/wp\/v2\/product_tag?post=732"}],"curies":[{"name":"wp","href":"https:\/\/api.w.org\/{rel}","templated":true}]}}