{"id":722,"date":"2024-04-02T11:21:52","date_gmt":"2024-04-02T03:21:52","guid":{"rendered":"https:\/\/sterubber.com\/?post_type=product&#038;p=722"},"modified":"2024-04-07T10:24:33","modified_gmt":"2024-04-07T02:24:33","slug":"tira-de-vedacao","status":"publish","type":"product","link":"https:\/\/www.sterubber.com\/pt\/product\/sealing-strip\/","title":{"rendered":"Fita selante"},"content":{"rendered":"<p><strong>Caracter\u00edstica da tira de veda\u00e7\u00e3o:<\/strong><\/p>\n<ol>\n<li>Boa resist\u00eancia \u00e0s intemp\u00e9ries e ao envelhecimento<\/li>\n<li>Boa resist\u00eancia ao fogo e \u00e0 \u00e1gua<\/li>\n<li>Excelente desempenho anti-UV, melhor flexibilidade<\/li>\n<li>Elasticidade superior e resist\u00eancia \u00e0 corros\u00e3o qu\u00edmica<\/li>\n<li>Resist\u00eancia a altas e baixas temperaturas (-40\u00b0c~+120\u00b0c)<\/li>\n<\/ol>\n<p><strong>Fun\u00e7\u00e3o:<\/strong><\/p>\n<ol>\n<li>Evitando insetos e barulho<\/li>\n<li>Evite que o ar quente ou frio entre no ambiente interno<\/li>\n<li>\u00c0 prova de poeira e vento<\/li>\n<li>Capacidade anti-frio, quente, seco e \u00famido de longo prazo<\/li>\n<\/ol>\n\n<table id=\"tablepress-21\" class=\"tablepress tablepress-id-21\">\n<tbody class=\"row-striping row-hover\">\n<tr class=\"row-1\">\n\t<td class=\"column-1\">Nome do produto<\/td><td class=\"column-2\">Tira de veda\u00e7\u00e3o de borracha<\/td>\n<\/tr>\n<tr class=\"row-2\">\n\t<td class=\"column-1\">Material<\/td><td class=\"column-2\">NRB\/EPDM\/Silicone\/FQM\/PMQ<\/td>\n<\/tr>\n<tr class=\"row-3\">\n\t<td class=\"column-1\">Cor<\/td><td class=\"column-2\">Preto\/Marrom\/Branco\/Amarelo ou conforme a exig\u00eancia do cliente<\/td>\n<\/tr>\n<tr class=\"row-4\">\n\t<td class=\"column-1\">Aplicativo<\/td><td class=\"column-2\">Portas e janelas\/M\u00e1quinas automotivas\/industriais<\/td>\n<\/tr>\n<tr class=\"row-5\">\n\t<td class=\"column-1\">Recurso<\/td><td class=\"column-2\">\u00c0 prova de som\/\u00e0 prova d&#039;\u00e1gua\/resist\u00eancia \u00e0 poeira\/dur\u00e1vel<\/td>\n<\/tr>\n<tr class=\"row-6\">\n\t<td class=\"column-1\">Servi\u00e7o<\/td><td class=\"column-2\">OEM .ODM .Personalizado<\/td>\n<\/tr>\n<tr class=\"row-7\">\n\t<td class=\"column-1\">Dureza<\/td><td class=\"column-2\">Costa 60-90<\/td>\n<\/tr>\n<tr class=\"row-8\">\n\t<td class=\"column-1\">Tecnologia<\/td><td class=\"column-2\">Extrudado<\/td>\n<\/tr>\n<tr class=\"row-9\">\n\t<td class=\"column-1\">Tamanho<\/td><td class=\"column-2\">Extrudado<\/td>\n<\/tr>\n<\/tbody>\n<\/table>\n<!-- #tablepress-21 from cache -->","protected":false},"excerpt":{"rendered":"<p><strong>Rubber Sealing Strip Feature:<\/strong><\/p>\n<ol>\n<li>Boa resist\u00eancia \u00e0s intemp\u00e9ries e ao envelhecimento<\/li>\n<li>Boa resist\u00eancia ao fogo e \u00e0 \u00e1gua<\/li>\n<li>Excelente desempenho anti-UV, melhor flexibilidade<\/li>\n<li>Elasticidade superior e resist\u00eancia \u00e0 corros\u00e3o qu\u00edmica<\/li>\n<li>Resist\u00eancia a altas e baixas temperaturas (-40\u00b0c~+120\u00b0c)<\/li>\n<\/ol>","protected":false},"featured_media":725,"comment_status":"open","ping_status":"closed","template":"","meta":{"site-sidebar-layout":"default","site-content-layout":"","ast-site-content-layout":"default","site-content-style":"default","site-sidebar-style":"default","ast-global-header-display":"","ast-banner-title-visibility":"","ast-main-header-display":"","ast-hfb-above-header-display":"","ast-hfb-below-header-display":"","ast-hfb-mobile-header-display":"","site-post-title":"","ast-breadcrumbs-content":"","ast-featured-img":"","footer-sml-layout":"","ast-disable-related-posts":"","theme-transparent-header-meta":"default","adv-header-id-meta":"","stick-header-meta":"","header-above-stick-meta":"","header-main-stick-meta":"","header-below-stick-meta":"","astra-migrate-meta-layouts":"set","ast-page-background-enabled":"default","ast-page-background-meta":{"desktop":{"background-color":"var(--ast-global-color-4)","background-image":"","background-repeat":"repeat","background-position":"center center","background-size":"auto","background-attachment":"scroll","background-type":"","background-media":"","overlay-type":"","overlay-color":"","overlay-opacity":"","overlay-gradient":""},"tablet":{"background-color":"","background-image":"","background-repeat":"repeat","background-position":"center center","background-size":"auto","background-attachment":"scroll","background-type":"","background-media":"","overlay-type":"","overlay-color":"","overlay-opacity":"","overlay-gradient":""},"mobile":{"background-color":"","background-image":"","background-repeat":"repeat","background-position":"center center","background-size":"auto","background-attachment":"scroll","background-type":"","background-media":"","overlay-type":"","overlay-color":"","overlay-opacity":"","overlay-gradient":""}},"ast-content-background-meta":{"desktop":{"background-color":"var(--ast-global-color-5)","background-image":"","background-repeat":"repeat","background-position":"center center","background-size":"auto","background-attachment":"scroll","background-type":"","background-media":"","overlay-type":"","overlay-color":"","overlay-opacity":"","overlay-gradient":""},"tablet":{"background-color":"var(--ast-global-color-5)","background-image":"","background-repeat":"repeat","background-position":"center center","background-size":"auto","background-attachment":"scroll","background-type":"","background-media":"","overlay-type":"","overlay-color":"","overlay-opacity":"","overlay-gradient":""},"mobile":{"background-color":"var(--ast-global-color-5)","background-image":"","background-repeat":"repeat","background-position":"center center","background-size":"auto","background-attachment":"scroll","background-type":"","background-media":"","overlay-type":"","overlay-color":"","overlay-opacity":"","overlay-gradient":""}}},"product_brand":[],"product_cat":[23,34],"product_tag":[],"class_list":{"0":"post-722","1":"product","2":"type-product","3":"status-publish","4":"has-post-thumbnail","6":"product_cat-rubber-seals","7":"product_cat-sealing-strip","8":"desktop-align-center","9":"tablet-align-left","10":"mobile-align-left","12":"first","13":"instock","14":"shipping-taxable","15":"product-type-simple"},"_links":{"self":[{"href":"https:\/\/www.sterubber.com\/pt\/wp-json\/wp\/v2\/product\/722","targetHints":{"allow":["GET"]}}],"collection":[{"href":"https:\/\/www.sterubber.com\/pt\/wp-json\/wp\/v2\/product"}],"about":[{"href":"https:\/\/www.sterubber.com\/pt\/wp-json\/wp\/v2\/types\/product"}],"replies":[{"embeddable":true,"href":"https:\/\/www.sterubber.com\/pt\/wp-json\/wp\/v2\/comments?post=722"}],"wp:featuredmedia":[{"embeddable":true,"href":"https:\/\/www.sterubber.com\/pt\/wp-json\/wp\/v2\/media\/725"}],"wp:attachment":[{"href":"https:\/\/www.sterubber.com\/pt\/wp-json\/wp\/v2\/media?parent=722"}],"wp:term":[{"taxonomy":"product_brand","embeddable":true,"href":"https:\/\/www.sterubber.com\/pt\/wp-json\/wp\/v2\/product_brand?post=722"},{"taxonomy":"product_cat","embeddable":true,"href":"https:\/\/www.sterubber.com\/pt\/wp-json\/wp\/v2\/product_cat?post=722"},{"taxonomy":"product_tag","embeddable":true,"href":"https:\/\/www.sterubber.com\/pt\/wp-json\/wp\/v2\/product_tag?post=722"}],"curies":[{"name":"wp","href":"https:\/\/api.w.org\/{rel}","templated":true}]}}