{"id":713,"date":"2024-04-02T11:07:56","date_gmt":"2024-04-02T03:07:56","guid":{"rendered":"https:\/\/sterubber.com\/?post_type=product&#038;p=713"},"modified":"2024-04-07T10:24:16","modified_gmt":"2024-04-07T02:24:16","slug":"tubo-de-silicone","status":"publish","type":"product","link":"https:\/\/www.sterubber.com\/pt\/product\/silicone-tube\/","title":{"rendered":"Tubo de silicone"},"content":{"rendered":"<p style=\"font-weight: 400;\">Os tubos de silicone comuns incluem tubos de silicone m\u00e9dico, tubos de silicone de grau aliment\u00edcio, tubos de silicone industrial, tubos de silicone com formatos especiais e acess\u00f3rios para tubos de silicone.<\/p>\n<p style=\"font-weight: 400;\"><strong>Caracter\u00edsticas de desempenho<\/strong><\/p>\n<p style=\"font-weight: 400;\"><strong>Caracter\u00edsticas:<\/strong><\/p>\n<p style=\"font-weight: 400;\">\u2460Faixa de temperatura de uso cont\u00ednuo: -60\u2103\uff5e200\u2103;<\/p>\n<p style=\"font-weight: 400;\">\u2461Macio, resistente a arco e resistente a corona;<\/p>\n<p style=\"font-weight: 400;\">\u2462 V\u00e1rias especifica\u00e7\u00f5es podem ser personalizadas de acordo com os requisitos do cliente.<\/p>\n<p style=\"font-weight: 400;\">\u2463Inofensivo, n\u00e3o t\u00f3xico e inodoro<\/p>\n<p style=\"font-weight: 400;\">\u2464Resist\u00eancia a alta press\u00e3o e prote\u00e7\u00e3o ambiental<\/p>\n<p style=\"font-weight: 400;\">Cores padr\u00e3o: Preto, vermelho, azul, branco, cinza, verde, transparente (outras cores podem ser produzidas mediante solicita\u00e7\u00e3o).<\/p>\n<p style=\"font-weight: 400;\"><strong>Aplica\u00e7\u00f5es<\/strong><\/p>\n<ol>\n<li style=\"font-weight: 400;\">Transporte: Aplica\u00e7\u00e3o na ind\u00fastria de constru\u00e7\u00e3o naval.<\/li>\n<li style=\"font-weight: 400;\">R\u00e1dio e motor: na ind\u00fastria de telecomunica\u00e7\u00f5es.<\/li>\n<li style=\"font-weight: 400;\">Instrumentos e aplica\u00e7\u00f5es na ind\u00fastria de instrumentos.<\/li>\n<li style=\"font-weight: 400;\">Aplica\u00e7\u00e3o na ind\u00fastria da avia\u00e7\u00e3o.<\/li>\n<li style=\"font-weight: 400;\">Adequado para eletrodom\u00e9sticos, ilumina\u00e7\u00e3o, equipamentos m\u00e9dicos, de beleza e cabeleireiro, etc.<\/li>\n<\/ol>\n\n<table id=\"tablepress-18\" class=\"tablepress tablepress-id-18 tbody-has-connected-cells\">\n<tbody class=\"row-striping row-hover\">\n<tr class=\"row-1\">\n\t<td rowspan=\"2\" class=\"column-1\">Especifica\u00e7\u00e3o<\/td><td colspan=\"2\" class=\"column-2\">Tamanho<\/td><td class=\"column-4\">Grossura\t<\/td><td class=\"column-5\"><\/td><td rowspan=\"2\" class=\"column-6\">Densidade<\/td>\n<\/tr>\n<tr class=\"row-2\">\n\t<td class=\"column-2\">EU IA<\/td><td class=\"column-3\">DO<\/td><td class=\"column-4\">Padr\u00e3o<\/td><td class=\"column-5\">Mistura<\/td>\n<\/tr>\n<tr class=\"row-3\">\n\t<td class=\"column-1\">0.8*1.8<\/td><td class=\"column-2\">0,8\u00b10,1<\/td><td class=\"column-3\">1,8\u00b10,1<\/td><td class=\"column-4\">0.5<\/td><td class=\"column-5\">0.38<\/td><td class=\"column-6\">1,18\u00b10,02<\/td>\n<\/tr>\n<tr class=\"row-4\">\n\t<td class=\"column-1\">1.0*2.0<\/td><td class=\"column-2\">1,0\u00b10,2<\/td><td class=\"column-3\">2,0\u00b10,2<\/td><td class=\"column-4\">0.5<\/td><td class=\"column-5\">0.38<\/td><td class=\"column-6\">1,18\u00b10,02<\/td>\n<\/tr>\n<tr class=\"row-5\">\n\t<td class=\"column-1\">1.2*2.2<\/td><td class=\"column-2\">1,2\u00b10,2<\/td><td class=\"column-3\">2,2\u00b10,2<\/td><td class=\"column-4\">0.5<\/td><td class=\"column-5\">0.38<\/td><td class=\"column-6\">1,18\u00b10,02<\/td>\n<\/tr>\n<tr class=\"row-6\">\n\t<td class=\"column-1\">1.5*2.5<\/td><td class=\"column-2\">1.5+0.4\/-0.2<\/td><td class=\"column-3\">2.5+0.4\/-0.2<\/td><td class=\"column-4\">0.5<\/td><td class=\"column-5\">0.38<\/td><td class=\"column-6\">1,18\u00b10,02<\/td>\n<\/tr>\n<tr class=\"row-7\">\n\t<td class=\"column-1\">2.0*3.0<\/td><td class=\"column-2\">2.0+0.4\/-0.2<\/td><td class=\"column-3\">3.0+0.4\/-0.2<\/td><td class=\"column-4\">0.5<\/td><td class=\"column-5\">0.38<\/td><td class=\"column-6\">1,18\u00b10,02<\/td>\n<\/tr>\n<tr class=\"row-8\">\n\t<td class=\"column-1\">2.5*3.5<\/td><td class=\"column-2\">2.5+0.4\/-0.2<\/td><td class=\"column-3\">3.5+0.4\/-0.2<\/td><td class=\"column-4\">0.5<\/td><td class=\"column-5\">0.38<\/td><td class=\"column-6\">1,18\u00b10,02<\/td>\n<\/tr>\n<tr class=\"row-9\">\n\t<td class=\"column-1\">3.0*4.0<\/td><td class=\"column-2\">3.0+0.4\/-0.3<\/td><td class=\"column-3\">4.0+0.4\/-0.3<\/td><td class=\"column-4\">0.5<\/td><td class=\"column-5\">0.38<\/td><td class=\"column-6\">1,18\u00b10,02<\/td>\n<\/tr>\n<tr class=\"row-10\">\n\t<td class=\"column-1\">3.5*4.5<\/td><td class=\"column-2\">3.5+0.4\/-0.3<\/td><td class=\"column-3\">4.5+0.4\/-0.3<\/td><td class=\"column-4\">0.5<\/td><td class=\"column-5\">0.38<\/td><td class=\"column-6\">1,18\u00b10,02<\/td>\n<\/tr>\n<tr class=\"row-11\">\n\t<td class=\"column-1\">4.0*5.0<\/td><td class=\"column-2\">4.0+0.5\/-0.4<\/td><td class=\"column-3\">5.0+0.5\/-0.4<\/td><td class=\"column-4\">0.5<\/td><td class=\"column-5\">0.38<\/td><td class=\"column-6\">1,18\u00b10,02<\/td>\n<\/tr>\n<tr class=\"row-12\">\n\t<td class=\"column-1\">4.5*5.5<\/td><td class=\"column-2\">4.5+0.5\/-0.4<\/td><td class=\"column-3\">5.5+0.5\/-0.4<\/td><td class=\"column-4\">0.5<\/td><td class=\"column-5\">0.38<\/td><td class=\"column-6\">1,18\u00b10,02<\/td>\n<\/tr>\n<tr class=\"row-13\">\n\t<td class=\"column-1\">5.0*6.0<\/td><td class=\"column-2\">5.0+0.5\/-0.4<\/td><td class=\"column-3\">6.0+0.5\/-0.4<\/td><td class=\"column-4\">0.5<\/td><td class=\"column-5\">0.38<\/td><td class=\"column-6\">1,18\u00b10,02<\/td>\n<\/tr>\n<tr class=\"row-14\">\n\t<td class=\"column-1\">6.0*7.0<\/td><td class=\"column-2\">6.0+1.0\/-0.5<\/td><td class=\"column-3\">7.0+1.0\/-0.5<\/td><td class=\"column-4\">0.5<\/td><td class=\"column-5\">0.38<\/td><td class=\"column-6\">1,18\u00b10,02<\/td>\n<\/tr>\n<tr class=\"row-15\">\n\t<td class=\"column-1\">7.0*8.4<\/td><td class=\"column-2\">7.0+1.0\/-0.5<\/td><td class=\"column-3\">8.4+1.0\/-0.5<\/td><td class=\"column-4\">0.7<\/td><td class=\"column-5\">0.56<\/td><td class=\"column-6\">1,18\u00b10,02<\/td>\n<\/tr>\n<tr class=\"row-16\">\n\t<td class=\"column-1\">8.0*9.4<\/td><td class=\"column-2\">8.0+1.0\/-0.5<\/td><td class=\"column-3\">9.4+1.0\/-0.5<\/td><td class=\"column-4\">0.8<\/td><td class=\"column-5\">0.56<\/td><td class=\"column-6\">1,18\u00b10,02<\/td>\n<\/tr>\n<tr class=\"row-17\">\n\t<td class=\"column-1\">9.0*10.6<\/td><td class=\"column-2\">9.0+1.0\/-0.5<\/td><td class=\"column-3\">10.6+1.0\/-0.5<\/td><td class=\"column-4\">0.8<\/td><td class=\"column-5\">0.68<\/td><td class=\"column-6\">1,18\u00b10,02<\/td>\n<\/tr>\n<tr class=\"row-18\">\n\t<td class=\"column-1\">10*11.6<\/td><td class=\"column-2\">10.0+1.0\/-0.5<\/td><td class=\"column-3\">11.6+1.0\/-0.5<\/td><td class=\"column-4\">0.8<\/td><td class=\"column-5\">0.68<\/td><td class=\"column-6\">1,18\u00b10,02<\/td>\n<\/tr>\n<tr class=\"row-19\">\n\t<td class=\"column-1\">11.0*13.0<\/td><td class=\"column-2\">11.0+1.0\/-0.5<\/td><td class=\"column-3\">13.0+1.0\/-0.5<\/td><td class=\"column-4\">1<\/td><td class=\"column-5\">0.89<\/td><td class=\"column-6\">1,18\u00b10,02<\/td>\n<\/tr>\n<tr class=\"row-20\">\n\t<td class=\"column-1\">12.0*14.0<\/td><td class=\"column-2\">12.0+1.0\/-0.5<\/td><td class=\"column-3\">14.0+1.0\/-0.5<\/td><td class=\"column-4\">1<\/td><td class=\"column-5\">0.89<\/td><td class=\"column-6\">1,18\u00b10,02<\/td>\n<\/tr>\n<tr class=\"row-21\">\n\t<td class=\"column-1\">13.0*15.0<\/td><td class=\"column-2\">13.0+1.0\/-0.5<\/td><td class=\"column-3\">15.0+1.0\/-0.5<\/td><td class=\"column-4\">1<\/td><td class=\"column-5\">0.89<\/td><td class=\"column-6\">1,18\u00b10,02<\/td>\n<\/tr>\n<tr class=\"row-22\">\n\t<td class=\"column-1\">14.0*16.0<\/td><td class=\"column-2\">14.0+1.0\/-0.5<\/td><td class=\"column-3\">16.0+1.0\/-0.5<\/td><td class=\"column-4\">1<\/td><td class=\"column-5\">0.89<\/td><td class=\"column-6\">1,18\u00b10,02<\/td>\n<\/tr>\n<tr class=\"row-23\">\n\t<td class=\"column-1\">15.0*17.0<\/td><td class=\"column-2\">15.0+1.0\/-0.5<\/td><td class=\"column-3\">17.0+1.0\/-0.5<\/td><td class=\"column-4\">1<\/td><td class=\"column-5\">0.89<\/td><td class=\"column-6\">1,18\u00b10,02<\/td>\n<\/tr>\n<tr class=\"row-24\">\n\t<td class=\"column-1\">16.0*18.0<\/td><td class=\"column-2\">16.0+1.0\/-0.5<\/td><td class=\"column-3\">18.0+1.0\/-0.5<\/td><td class=\"column-4\">1<\/td><td class=\"column-5\">0.89<\/td><td class=\"column-6\">1,18\u00b10,02<\/td>\n<\/tr>\n<tr class=\"row-25\">\n\t<td class=\"column-1\">17.0*19.0<\/td><td class=\"column-2\">17.0+1.0\/-0.6<\/td><td class=\"column-3\">19.0+1.0\/-0.6<\/td><td class=\"column-4\">1<\/td><td class=\"column-5\">0.89<\/td><td class=\"column-6\">1,18\u00b10,02<\/td>\n<\/tr>\n<tr class=\"row-26\">\n\t<td class=\"column-1\">18.0*20.0<\/td><td class=\"column-2\">18.0+1.0\/-0.6<\/td><td class=\"column-3\">20.0+1.0\/-0.6<\/td><td class=\"column-4\">1<\/td><td class=\"column-5\">0.89<\/td><td class=\"column-6\">1,18\u00b10,02<\/td>\n<\/tr>\n<tr class=\"row-27\">\n\t<td class=\"column-1\">19.0*22.0<\/td><td class=\"column-2\">19.0+1.0\/-0.6<\/td><td class=\"column-3\">22.0+1.0\/-0.6<\/td><td class=\"column-4\">1.5<\/td><td class=\"column-5\">1.35<\/td><td class=\"column-6\">1,18\u00b10,02<\/td>\n<\/tr>\n<tr class=\"row-28\">\n\t<td class=\"column-1\">20.0*23.0<\/td><td class=\"column-2\">20.0+1.0\/-0.6<\/td><td class=\"column-3\">23.0+1.0\/-0.6<\/td><td class=\"column-4\">1.5<\/td><td class=\"column-5\">1.35<\/td><td class=\"column-6\">1,18\u00b10,02<\/td>\n<\/tr>\n<\/tbody>\n<\/table>\n<!-- #tablepress-18 from cache -->","protected":false},"excerpt":{"rendered":"<p>Os tubos de silicone comuns incluem tubos de silicone m\u00e9dico, tubos de silicone de grau aliment\u00edcio, tubos de silicone industrial, tubos de silicone com formatos especiais e acess\u00f3rios para tubos de silicone.<\/p>","protected":false},"featured_media":715,"comment_status":"open","ping_status":"closed","template":"","meta":{"site-sidebar-layout":"default","site-content-layout":"","ast-site-content-layout":"default","site-content-style":"default","site-sidebar-style":"default","ast-global-header-display":"","ast-banner-title-visibility":"","ast-main-header-display":"","ast-hfb-above-header-display":"","ast-hfb-below-header-display":"","ast-hfb-mobile-header-display":"","site-post-title":"","ast-breadcrumbs-content":"","ast-featured-img":"","footer-sml-layout":"","ast-disable-related-posts":"","theme-transparent-header-meta":"default","adv-header-id-meta":"","stick-header-meta":"","header-above-stick-meta":"","header-main-stick-meta":"","header-below-stick-meta":"","astra-migrate-meta-layouts":"set","ast-page-background-enabled":"default","ast-page-background-meta":{"desktop":{"background-color":"var(--ast-global-color-4)","background-image":"","background-repeat":"repeat","background-position":"center center","background-size":"auto","background-attachment":"scroll","background-type":"","background-media":"","overlay-type":"","overlay-color":"","overlay-opacity":"","overlay-gradient":""},"tablet":{"background-color":"","background-image":"","background-repeat":"repeat","background-position":"center center","background-size":"auto","background-attachment":"scroll","background-type":"","background-media":"","overlay-type":"","overlay-color":"","overlay-opacity":"","overlay-gradient":""},"mobile":{"background-color":"","background-image":"","background-repeat":"repeat","background-position":"center center","background-size":"auto","background-attachment":"scroll","background-type":"","background-media":"","overlay-type":"","overlay-color":"","overlay-opacity":"","overlay-gradient":""}},"ast-content-background-meta":{"desktop":{"background-color":"var(--ast-global-color-5)","background-image":"","background-repeat":"repeat","background-position":"center center","background-size":"auto","background-attachment":"scroll","background-type":"","background-media":"","overlay-type":"","overlay-color":"","overlay-opacity":"","overlay-gradient":""},"tablet":{"background-color":"var(--ast-global-color-5)","background-image":"","background-repeat":"repeat","background-position":"center center","background-size":"auto","background-attachment":"scroll","background-type":"","background-media":"","overlay-type":"","overlay-color":"","overlay-opacity":"","overlay-gradient":""},"mobile":{"background-color":"var(--ast-global-color-5)","background-image":"","background-repeat":"repeat","background-position":"center center","background-size":"auto","background-attachment":"scroll","background-type":"","background-media":"","overlay-type":"","overlay-color":"","overlay-opacity":"","overlay-gradient":""}}},"product_brand":[],"product_cat":[23,34],"product_tag":[],"class_list":{"0":"post-713","1":"product","2":"type-product","3":"status-publish","4":"has-post-thumbnail","6":"product_cat-rubber-seals","7":"product_cat-sealing-strip","8":"desktop-align-center","9":"tablet-align-left","10":"mobile-align-left","12":"first","13":"instock","14":"shipping-taxable","15":"product-type-simple"},"_links":{"self":[{"href":"https:\/\/www.sterubber.com\/pt\/wp-json\/wp\/v2\/product\/713","targetHints":{"allow":["GET"]}}],"collection":[{"href":"https:\/\/www.sterubber.com\/pt\/wp-json\/wp\/v2\/product"}],"about":[{"href":"https:\/\/www.sterubber.com\/pt\/wp-json\/wp\/v2\/types\/product"}],"replies":[{"embeddable":true,"href":"https:\/\/www.sterubber.com\/pt\/wp-json\/wp\/v2\/comments?post=713"}],"wp:featuredmedia":[{"embeddable":true,"href":"https:\/\/www.sterubber.com\/pt\/wp-json\/wp\/v2\/media\/715"}],"wp:attachment":[{"href":"https:\/\/www.sterubber.com\/pt\/wp-json\/wp\/v2\/media?parent=713"}],"wp:term":[{"taxonomy":"product_brand","embeddable":true,"href":"https:\/\/www.sterubber.com\/pt\/wp-json\/wp\/v2\/product_brand?post=713"},{"taxonomy":"product_cat","embeddable":true,"href":"https:\/\/www.sterubber.com\/pt\/wp-json\/wp\/v2\/product_cat?post=713"},{"taxonomy":"product_tag","embeddable":true,"href":"https:\/\/www.sterubber.com\/pt\/wp-json\/wp\/v2\/product_tag?post=713"}],"curies":[{"name":"wp","href":"https:\/\/api.w.org\/{rel}","templated":true}]}}