{"id":708,"date":"2024-04-02T10:56:54","date_gmt":"2024-04-02T02:56:54","guid":{"rendered":"https:\/\/sterubber.com\/?post_type=product&#038;p=708"},"modified":"2024-04-07T10:23:56","modified_gmt":"2024-04-07T02:23:56","slug":"vedacao-de-oleo-de-poliuretano","status":"publish","type":"product","link":"https:\/\/www.sterubber.com\/pt\/product\/polyurethane-oil-seal\/","title":{"rendered":"Selo de \u00f3leo de poliuretano"},"content":{"rendered":"<p>Informa\u00e7\u00f5es sobre veda\u00e7\u00e3o de \u00f3leo de poliuretano<\/p>\n<p>Vantagens do material TPU<\/p>\n<p>1. Muito leve: a densidade \u00e9 de apenas 1,25, ligeiramente maior que a da \u00e1gua. \u00c9 \u00e0 prova de fogo, \u00e0 prova d&#039;\u00e1gua, \u00e0 prova de tra\u00e7as, resistente a mofo, resistente a rachaduras e outras propriedades, \u00e9 muito adequado para materiais decorativos internos e externos e \u00e9 um novo material decorativo verde.<\/p>\n<p>2. F\u00e1cil de processar: os produtos de PU podem ser pregados, serrados, aplainados, fresados, dobr\u00e1veis, etc., e n\u00e3o s\u00e3o rachados, deformados ou comidos por tra\u00e7as, e podem ser usados em ambientes internos e externos.<\/p>\n<p>3. Prote\u00e7\u00e3o ambiental: Devido ao uso de fibras sint\u00e9ticas como mat\u00e9rias-primas, o desmatamento \u00e9 reduzido, e o padr\u00e3o de produtos verdes n\u00e3o t\u00f3xicos e inofensivos pode ser alcan\u00e7ado. 4. Resist\u00eancia \u00e0 \u00e1gua: sem absor\u00e7\u00e3o de \u00e1gua, sem infiltra\u00e7\u00e3o de \u00e1gua, sem deforma\u00e7\u00e3o e resist\u00eancia ao mofo.<\/p>\n\n<table id=\"tablepress-17\" class=\"tablepress tablepress-id-17 tbody-has-connected-cells\">\n<tbody class=\"row-striping row-hover\">\n<tr class=\"row-1\">\n\t<td colspan=\"4\" class=\"column-1\">Desempenho do material<\/td>\n<\/tr>\n<tr class=\"row-2\">\n\t<td class=\"column-1\">Tipo de material\t<\/td><td class=\"column-2\">Descri\u00e7\u00e3o da temperatura\t<\/td><td class=\"column-3\">Desempenho<\/td><td class=\"column-4\">Vantagens<\/td>\n<\/tr>\n<tr class=\"row-3\">\n\t<td rowspan=\"2\" class=\"column-1\">NBR<\/td><td rowspan=\"2\" class=\"column-2\">-25~100\u2103\t<\/td><td class=\"column-3\">1. Resistente a \u00f3leo e \u00e0 \u00e1gua.\t<\/td><td rowspan=\"2\" class=\"column-4\">Excelente resist\u00eancia ao \u00f3leo, amplamente utilizado na \u00e1rea industrial.<\/td>\n<\/tr>\n<tr class=\"row-4\">\n\t<td class=\"column-3\">2. Boa compress\u00e3o, inclina\u00e7\u00e3o, antidesgaste e alongamento.<br \/>\n<\/td>\n<\/tr>\n<tr class=\"row-5\">\n\t<td rowspan=\"3\" class=\"column-1\">FKM, FPM<\/td><td rowspan=\"3\" class=\"column-2\">-20~250\u2103<\/td><td class=\"column-3\">1. Resist\u00eancia \u00e0 corros\u00e3o.\t<\/td><td rowspan=\"3\" class=\"column-4\">Excelente resist\u00eancia a altas temperaturas e ampla faixa de propriedades qu\u00edmicas, permeabilidade e deforma\u00e7\u00e3o por compress\u00e3o.<br \/>\n<\/td>\n<\/tr>\n<tr class=\"row-6\">\n\t<td class=\"column-3\">2. Resist\u00eancia a altas temperaturas.<\/td>\n<\/tr>\n<tr class=\"row-7\">\n\t<td class=\"column-3\">3. Antiest\u00e1tico<\/td>\n<\/tr>\n<tr class=\"row-8\">\n\t<td rowspan=\"2\" class=\"column-1\">CR<\/td><td rowspan=\"2\" class=\"column-2\">-50~150\u2103<\/td><td class=\"column-3\">1. Resistente a \u00f3leo e \u00e0 \u00e1gua.\t<\/td><td rowspan=\"2\" class=\"column-4\">Geralmente boa resist\u00eancia ao oz\u00f4nio, envelhecimento e produtos qu\u00edmicos, boas propriedades mec\u00e2nicas em uma ampla faixa de temperatura<br \/>\n<\/td>\n<\/tr>\n<tr class=\"row-9\">\n\t<td class=\"column-3\">2. \u00c0 prova de fogo<\/td>\n<\/tr>\n<tr class=\"row-10\">\n\t<td rowspan=\"2\" class=\"column-1\">Borracha de silicone\t<\/td><td rowspan=\"2\" class=\"column-2\">-30~150\u2103\t<\/td><td class=\"column-3\">1. Resist\u00eancia \u00e0 corros\u00e3o.\t<\/td><td rowspan=\"2\" class=\"column-4\">Maior faixa de temperatura operacional, desempenho est\u00e1vel em altas e baixas temperaturas, amplamente utilizado na \u00e1rea de selagem de alimentos.<br \/>\n<\/td>\n<\/tr>\n<tr class=\"row-11\">\n\t<td class=\"column-3\">2. Resist\u00eancia a altas temperaturas.<\/td>\n<\/tr>\n<tr class=\"row-12\">\n\t<td rowspan=\"2\" class=\"column-1\">NR, borracha natural\t<\/td><td rowspan=\"2\" class=\"column-2\">-25~150\u2103\t<\/td><td class=\"column-3\">1. Resist\u00eancia ao desgaste.\t<\/td><td rowspan=\"2\" class=\"column-4\">Alta elasticidade, boa resist\u00eancia qu\u00edmica.<br \/>\n<\/td>\n<\/tr>\n<tr class=\"row-13\">\n\t<td class=\"column-3\">2. Resist\u00eancia ao calor.<\/td>\n<\/tr>\n<tr class=\"row-14\">\n\t<td rowspan=\"2\" class=\"column-1\">HSN, HNBR\t<\/td><td rowspan=\"2\" class=\"column-2\">-62~210\u2103\t<\/td><td class=\"column-3\">1. Resistente a \u00f3leo.\t<\/td><td rowspan=\"2\" class=\"column-4\">Estabilidade t\u00e9rmica e resist\u00eancia \u00e0 oxida\u00e7\u00e3o.<br \/>\n<\/td>\n<\/tr>\n<tr class=\"row-15\">\n\t<td class=\"column-3\">2. Resist\u00eancia \u00e0 temperatura.<\/td>\n<\/tr>\n<\/tbody>\n<\/table>\n<!-- #tablepress-17 from cache -->","protected":false},"excerpt":{"rendered":"<p>Informa\u00e7\u00f5es sobre veda\u00e7\u00e3o de \u00f3leo de poliuretano<\/p>\n<p>Vantagens do material TPU<\/p>\n<p>1. Very light: density is only 1.25, slightly greater than water. It is fireproof, waterproof, mothproof, mildew resistant, crack resistant, and other properties, is very suitable for indoor and outdoor decorative materials, and is a new green decorative material&#8230;<\/p>","protected":false},"featured_media":712,"comment_status":"open","ping_status":"closed","template":"","meta":{"site-sidebar-layout":"default","site-content-layout":"","ast-site-content-layout":"default","site-content-style":"default","site-sidebar-style":"default","ast-global-header-display":"","ast-banner-title-visibility":"","ast-main-header-display":"","ast-hfb-above-header-display":"","ast-hfb-below-header-display":"","ast-hfb-mobile-header-display":"","site-post-title":"","ast-breadcrumbs-content":"","ast-featured-img":"","footer-sml-layout":"","ast-disable-related-posts":"","theme-transparent-header-meta":"default","adv-header-id-meta":"","stick-header-meta":"","header-above-stick-meta":"","header-main-stick-meta":"","header-below-stick-meta":"","astra-migrate-meta-layouts":"set","ast-page-background-enabled":"default","ast-page-background-meta":{"desktop":{"background-color":"var(--ast-global-color-4)","background-image":"","background-repeat":"repeat","background-position":"center center","background-size":"auto","background-attachment":"scroll","background-type":"","background-media":"","overlay-type":"","overlay-color":"","overlay-opacity":"","overlay-gradient":""},"tablet":{"background-color":"","background-image":"","background-repeat":"repeat","background-position":"center center","background-size":"auto","background-attachment":"scroll","background-type":"","background-media":"","overlay-type":"","overlay-color":"","overlay-opacity":"","overlay-gradient":""},"mobile":{"background-color":"","background-image":"","background-repeat":"repeat","background-position":"center center","background-size":"auto","background-attachment":"scroll","background-type":"","background-media":"","overlay-type":"","overlay-color":"","overlay-opacity":"","overlay-gradient":""}},"ast-content-background-meta":{"desktop":{"background-color":"var(--ast-global-color-5)","background-image":"","background-repeat":"repeat","background-position":"center center","background-size":"auto","background-attachment":"scroll","background-type":"","background-media":"","overlay-type":"","overlay-color":"","overlay-opacity":"","overlay-gradient":""},"tablet":{"background-color":"var(--ast-global-color-5)","background-image":"","background-repeat":"repeat","background-position":"center center","background-size":"auto","background-attachment":"scroll","background-type":"","background-media":"","overlay-type":"","overlay-color":"","overlay-opacity":"","overlay-gradient":""},"mobile":{"background-color":"var(--ast-global-color-5)","background-image":"","background-repeat":"repeat","background-position":"center center","background-size":"auto","background-attachment":"scroll","background-type":"","background-media":"","overlay-type":"","overlay-color":"","overlay-opacity":"","overlay-gradient":""}}},"product_brand":[],"product_cat":[33,23],"product_tag":[],"class_list":{"0":"post-708","1":"product","2":"type-product","3":"status-publish","4":"has-post-thumbnail","6":"product_cat-hydraulic-cylinder-oil-seal","7":"product_cat-rubber-seals","8":"desktop-align-center","9":"tablet-align-left","10":"mobile-align-left","12":"first","13":"instock","14":"shipping-taxable","15":"product-type-simple"},"_links":{"self":[{"href":"https:\/\/www.sterubber.com\/pt\/wp-json\/wp\/v2\/product\/708","targetHints":{"allow":["GET"]}}],"collection":[{"href":"https:\/\/www.sterubber.com\/pt\/wp-json\/wp\/v2\/product"}],"about":[{"href":"https:\/\/www.sterubber.com\/pt\/wp-json\/wp\/v2\/types\/product"}],"replies":[{"embeddable":true,"href":"https:\/\/www.sterubber.com\/pt\/wp-json\/wp\/v2\/comments?post=708"}],"wp:featuredmedia":[{"embeddable":true,"href":"https:\/\/www.sterubber.com\/pt\/wp-json\/wp\/v2\/media\/712"}],"wp:attachment":[{"href":"https:\/\/www.sterubber.com\/pt\/wp-json\/wp\/v2\/media?parent=708"}],"wp:term":[{"taxonomy":"product_brand","embeddable":true,"href":"https:\/\/www.sterubber.com\/pt\/wp-json\/wp\/v2\/product_brand?post=708"},{"taxonomy":"product_cat","embeddable":true,"href":"https:\/\/www.sterubber.com\/pt\/wp-json\/wp\/v2\/product_cat?post=708"},{"taxonomy":"product_tag","embeddable":true,"href":"https:\/\/www.sterubber.com\/pt\/wp-json\/wp\/v2\/product_tag?post=708"}],"curies":[{"name":"wp","href":"https:\/\/api.w.org\/{rel}","templated":true}]}}