{"id":684,"date":"2024-04-02T09:25:46","date_gmt":"2024-04-02T01:25:46","guid":{"rendered":"https:\/\/sterubber.com\/?post_type=product&#038;p=684"},"modified":"2024-04-07T10:43:16","modified_gmt":"2024-04-07T02:43:16","slug":"selo-mecanico-de-bomba-de-carboneto-de-silicio-fluorcarbonado","status":"publish","type":"product","link":"https:\/\/www.sterubber.com\/pt\/product\/fluorocarbon-silicon-carbide-mechanical-pump-seal\/","title":{"rendered":"Selo mec\u00e2nico da bomba de carboneto de sil\u00edcio de fluorocarbono"},"content":{"rendered":"<p>Informa\u00e7\u00f5es sobre veda\u00e7\u00e3o mec\u00e2nica de bomba de carboneto de sil\u00edcio fluorcarbonado<\/p>\n\n<table id=\"tablepress-15\" class=\"tablepress tablepress-id-15\">\n<thead>\n<tr class=\"row-1\">\n\t<th class=\"column-1\">Especifica\u00e7\u00f5es\t<\/th><th class=\"column-2\">Di\u00e2metro interno (mm)<\/th><th class=\"column-3\">Di\u00e2metro externo (mm)<\/th><th class=\"column-4\">Anel din\u00e2mico (altura mm)<\/th><th class=\"column-5\">Anel est\u00e1tico (altura mm)<\/th>\n<\/tr>\n<\/thead>\n<tbody class=\"row-striping row-hover\">\n<tr class=\"row-2\">\n\t<td class=\"column-1\">109-12<\/td><td class=\"column-2\">12<\/td><td class=\"column-3\">23<\/td><td class=\"column-4\">15<\/td><td class=\"column-5\">6.6<\/td>\n<\/tr>\n<tr class=\"row-3\">\n\t<td class=\"column-1\">109-14<\/td><td class=\"column-2\">14<\/td><td class=\"column-3\">25<\/td><td class=\"column-4\">17<\/td><td class=\"column-5\">6.6<\/td>\n<\/tr>\n<tr class=\"row-4\">\n\t<td class=\"column-1\">109-16<\/td><td class=\"column-2\">16<\/td><td class=\"column-3\">27<\/td><td class=\"column-4\">17<\/td><td class=\"column-5\">6.6<\/td>\n<\/tr>\n<tr class=\"row-5\">\n\t<td class=\"column-1\">109-18<\/td><td class=\"column-2\">18<\/td><td class=\"column-3\">33<\/td><td class=\"column-4\">19.5<\/td><td class=\"column-5\">7.5<\/td>\n<\/tr>\n<tr class=\"row-6\">\n\t<td class=\"column-1\">109-20<\/td><td class=\"column-2\">20<\/td><td class=\"column-3\">35<\/td><td class=\"column-4\">21.5<\/td><td class=\"column-5\">7.5<\/td>\n<\/tr>\n<tr class=\"row-7\">\n\t<td class=\"column-1\">109-22<\/td><td class=\"column-2\">22<\/td><td class=\"column-3\">37<\/td><td class=\"column-4\">21.5<\/td><td class=\"column-5\">7.5<\/td>\n<\/tr>\n<tr class=\"row-8\">\n\t<td class=\"column-1\">109-24<\/td><td class=\"column-2\">12<\/td><td class=\"column-3\">39<\/td><td class=\"column-4\">22.5<\/td><td class=\"column-5\">7.5<\/td>\n<\/tr>\n<tr class=\"row-9\">\n\t<td class=\"column-1\">109-25<\/td><td class=\"column-2\">24<\/td><td class=\"column-3\">40<\/td><td class=\"column-4\">23<\/td><td class=\"column-5\">7.5<\/td>\n<\/tr>\n<tr class=\"row-10\">\n\t<td class=\"column-1\">109-28<\/td><td class=\"column-2\">28<\/td><td class=\"column-3\">43<\/td><td class=\"column-4\">26.5<\/td><td class=\"column-5\">7.5<\/td>\n<\/tr>\n<tr class=\"row-11\">\n\t<td class=\"column-1\">109-30<\/td><td class=\"column-2\">30<\/td><td class=\"column-3\">45<\/td><td class=\"column-4\">27.5<\/td><td class=\"column-5\">7.5<\/td>\n<\/tr>\n<tr class=\"row-12\">\n\t<td class=\"column-1\">109-35<\/td><td class=\"column-2\">35<\/td><td class=\"column-3\">50<\/td><td class=\"column-4\">28.5<\/td><td class=\"column-5\">7.5<\/td>\n<\/tr>\n<\/tbody>\n<\/table>\n<!-- #tablepress-15 from cache -->","protected":false},"excerpt":{"rendered":"<p>Fluorocarbon silicon carbide mechanical pump seal introduction&#8230;<\/p>","protected":false},"featured_media":688,"comment_status":"open","ping_status":"closed","template":"","meta":{"site-sidebar-layout":"default","site-content-layout":"","ast-site-content-layout":"default","site-content-style":"default","site-sidebar-style":"default","ast-global-header-display":"","ast-banner-title-visibility":"","ast-main-header-display":"","ast-hfb-above-header-display":"","ast-hfb-below-header-display":"","ast-hfb-mobile-header-display":"","site-post-title":"","ast-breadcrumbs-content":"","ast-featured-img":"","footer-sml-layout":"","ast-disable-related-posts":"","theme-transparent-header-meta":"default","adv-header-id-meta":"","stick-header-meta":"","header-above-stick-meta":"","header-main-stick-meta":"","header-below-stick-meta":"","astra-migrate-meta-layouts":"set","ast-page-background-enabled":"default","ast-page-background-meta":{"desktop":{"background-color":"var(--ast-global-color-4)","background-image":"","background-repeat":"repeat","background-position":"center center","background-size":"auto","background-attachment":"scroll","background-type":"","background-media":"","overlay-type":"","overlay-color":"","overlay-opacity":"","overlay-gradient":""},"tablet":{"background-color":"","background-image":"","background-repeat":"repeat","background-position":"center center","background-size":"auto","background-attachment":"scroll","background-type":"","background-media":"","overlay-type":"","overlay-color":"","overlay-opacity":"","overlay-gradient":""},"mobile":{"background-color":"","background-image":"","background-repeat":"repeat","background-position":"center center","background-size":"auto","background-attachment":"scroll","background-type":"","background-media":"","overlay-type":"","overlay-color":"","overlay-opacity":"","overlay-gradient":""}},"ast-content-background-meta":{"desktop":{"background-color":"var(--ast-global-color-5)","background-image":"","background-repeat":"repeat","background-position":"center center","background-size":"auto","background-attachment":"scroll","background-type":"","background-media":"","overlay-type":"","overlay-color":"","overlay-opacity":"","overlay-gradient":""},"tablet":{"background-color":"var(--ast-global-color-5)","background-image":"","background-repeat":"repeat","background-position":"center center","background-size":"auto","background-attachment":"scroll","background-type":"","background-media":"","overlay-type":"","overlay-color":"","overlay-opacity":"","overlay-gradient":""},"mobile":{"background-color":"var(--ast-global-color-5)","background-image":"","background-repeat":"repeat","background-position":"center center","background-size":"auto","background-attachment":"scroll","background-type":"","background-media":"","overlay-type":"","overlay-color":"","overlay-opacity":"","overlay-gradient":""}}},"product_brand":[],"product_cat":[31,23],"product_tag":[],"class_list":{"0":"post-684","1":"product","2":"type-product","3":"status-publish","4":"has-post-thumbnail","6":"product_cat-michinery-seal","7":"product_cat-rubber-seals","8":"desktop-align-center","9":"tablet-align-left","10":"mobile-align-left","12":"first","13":"instock","14":"shipping-taxable","15":"product-type-simple"},"_links":{"self":[{"href":"https:\/\/www.sterubber.com\/pt\/wp-json\/wp\/v2\/product\/684","targetHints":{"allow":["GET"]}}],"collection":[{"href":"https:\/\/www.sterubber.com\/pt\/wp-json\/wp\/v2\/product"}],"about":[{"href":"https:\/\/www.sterubber.com\/pt\/wp-json\/wp\/v2\/types\/product"}],"replies":[{"embeddable":true,"href":"https:\/\/www.sterubber.com\/pt\/wp-json\/wp\/v2\/comments?post=684"}],"wp:featuredmedia":[{"embeddable":true,"href":"https:\/\/www.sterubber.com\/pt\/wp-json\/wp\/v2\/media\/688"}],"wp:attachment":[{"href":"https:\/\/www.sterubber.com\/pt\/wp-json\/wp\/v2\/media?parent=684"}],"wp:term":[{"taxonomy":"product_brand","embeddable":true,"href":"https:\/\/www.sterubber.com\/pt\/wp-json\/wp\/v2\/product_brand?post=684"},{"taxonomy":"product_cat","embeddable":true,"href":"https:\/\/www.sterubber.com\/pt\/wp-json\/wp\/v2\/product_cat?post=684"},{"taxonomy":"product_tag","embeddable":true,"href":"https:\/\/www.sterubber.com\/pt\/wp-json\/wp\/v2\/product_tag?post=684"}],"curies":[{"name":"wp","href":"https:\/\/api.w.org\/{rel}","templated":true}]}}