{"id":655,"date":"2024-04-01T16:48:00","date_gmt":"2024-04-01T08:48:00","guid":{"rendered":"https:\/\/sterubber.com\/?post_type=product&#038;p=655"},"modified":"2024-04-07T10:42:48","modified_gmt":"2024-04-07T02:42:48","slug":"vedacao-da-haste-do-pistao-com-anel-spgo-glyd","status":"publish","type":"product","link":"https:\/\/www.sterubber.com\/pt\/product\/spgo-glyd-ring-piston-rod-seal\/","title":{"rendered":"Selo da haste do pist\u00e3o do anel Glyd SPGO"},"content":{"rendered":"<h2>Informa\u00e7\u00f5es sobre a veda\u00e7\u00e3o da haste do pist\u00e3o do anel de deslizamento SPGO<\/h2>\n<p style=\"font-weight: 400;\">SPGO \u00e9 uma veda\u00e7\u00e3o energizada com anel O-Ring de dupla a\u00e7\u00e3o, desenvolvida para veda\u00e7\u00e3o entre dois meios, como fluido e g\u00e1s. Incorpora uma veda\u00e7\u00e3o de anel qu\u00e1druplo de tamanho limitado, inserida na face de veda\u00e7\u00e3o din\u00e2mica. Instalada em ranhuras. Aplicada em sistemas hidr\u00e1ulicos m\u00f3veis, cilindros de reten\u00e7\u00e3o, acumuladores de pist\u00e3o, etc.<\/p>\n<p style=\"font-weight: 400;\">Combina as caracter\u00edsticas de veda\u00e7\u00e3o de baixo atrito, alta press\u00e3o e alta velocidade, bem como a excelente veda\u00e7\u00e3o de elast\u00f4meros de borracha. Portanto, \u00e9 adequado para trabalhar em altas velocidades, altas press\u00f5es e sob press\u00e3o.<\/p>\n<p style=\"font-weight: 400;\">Pode ser usado como um acumulador de pist\u00e3o de dupla a\u00e7\u00e3o para controlar e guiar os elementos de veda\u00e7\u00e3o do cilindro. Adequado para m\u00e1quinas-ferramentas, prensas, laminadores, acumuladores e cilindros de eleva\u00e7\u00e3o.<\/p>\n<p style=\"font-weight: 400;\">Recomendado para certas aplica\u00e7\u00f5es pesadas e de grande di\u00e2metro.<\/p>\n<p style=\"font-weight: 400;\">Caracter\u00edsticas<\/p>\n<p style=\"font-weight: 400;\">-Baixo atrito e alta elasticidade, dupla garantia<\/p>\n<p style=\"font-weight: 400;\">-Alto efeito de veda\u00e7\u00e3o em fluido\/fluido ou fluido\/g\u00e1s<\/p>\n<p style=\"font-weight: 400;\">-Baixa permeabilidade a gases<\/p>\n<p style=\"font-weight: 400;\">- Excelentes propriedades de deslizamento, sem comportamento de ader\u00eancia e deslizamento<\/p>\n<p style=\"font-weight: 400;\">-Pode ser usado em condi\u00e7\u00f5es de alta press\u00e3o, com bom desempenho de deslizamento<\/p>\n<p style=\"font-weight: 400;\">-Design de ranhura simples<\/p>\n<p style=\"font-weight: 400;\">-Instala\u00e7\u00e3o simples<\/p>\n<p style=\"font-weight: 400;\">\u00a0PTFE+NBR\/FKM<\/p>\n\n<table id=\"tablepress-12\" class=\"tablepress tablepress-id-12 tbody-has-connected-cells\">\n<tbody class=\"row-striping row-hover\">\n<tr class=\"row-1\">\n\t<td rowspan=\"2\" class=\"column-1\">Descri\u00e7\u00e3o do material<\/td><td class=\"column-2\">Bronze com enchimento de PTFE, fibra de carbono com enchimento de PTFE e MoS2, grafite com enchimento de PTFE, PI com enchimento de PTFE,<\/td>\n<\/tr>\n<tr class=\"row-2\">\n\t<td class=\"column-2\">Ekonol e assim por diante.<\/td>\n<\/tr>\n<tr class=\"row-3\">\n\t<td class=\"column-1\">Cor dispon\u00edvel\t<\/td><td class=\"column-2\">Preto, verde, caf\u00e9, branco, vermelho, azul, dourado e assim por diante<\/td>\n<\/tr>\n<tr class=\"row-4\">\n\t<td class=\"column-1\">Resist\u00eancia do material<\/td><td class=\"column-2\">Alta precis\u00e3o, excelente resist\u00eancia ao desgaste, bom desempenho autolubrificante, prote\u00e7\u00e3o ambiental.<\/td>\n<\/tr>\n<tr class=\"row-5\">\n\t<td class=\"column-1\">Temperatura<\/td><td class=\"column-2\">-45~+200\u2103<\/td>\n<\/tr>\n<tr class=\"row-6\">\n\t<td class=\"column-1\">Velocidade<\/td><td class=\"column-2\">\u22643m\/s<\/td>\n<\/tr>\n<tr class=\"row-7\">\n\t<td class=\"column-1\">Press\u00e3o<\/td><td class=\"column-2\">\u226460MPa<\/td>\n<\/tr>\n<tr class=\"row-8\">\n\t<td class=\"column-1\">M\u00e9dio<\/td><td class=\"column-2\">Fluidos hidr\u00e1ulicos \u00e0 base de \u00f3leo mineral, fluidos hidr\u00e1ulicos dificilmente inflam\u00e1veis, \u00e1gua, ar e outros.<\/td>\n<\/tr>\n<tr class=\"row-9\">\n\t<td class=\"column-1\">Dispositivo Aplicado<\/td><td class=\"column-2\">Hidr\u00e1ulica m\u00f3vel \/ Cilindros de reten\u00e7\u00e3o \/ Acumuladores de pist\u00e3o, etc.<\/td>\n<\/tr>\n<\/tbody>\n<\/table>\n\n\n<table id=\"tablepress-13\" class=\"tablepress tablepress-id-13 tbody-has-connected-cells\">\n<tbody class=\"row-striping row-hover\">\n<tr class=\"row-1\">\n\t<td colspan=\"5\" class=\"column-1\">Dados t\u00e9cnicos<\/td>\n<\/tr>\n<tr class=\"row-2\">\n\t<td class=\"column-1\"><\/td><td class=\"column-2\">Press\u00e3o<\/td><td class=\"column-3\">Temperatura<\/td><td class=\"column-4\">Velocidade de deslizamento<\/td><td class=\"column-5\">M\u00e9dio<\/td>\n<\/tr>\n<tr class=\"row-3\">\n\t<td class=\"column-1\">Padr\u00e3o<\/td><td class=\"column-2\">\u226460 MPa<\/td><td class=\"column-3\">-45~+200 \u2103<\/td><td class=\"column-4\">\u22643 m\/s<\/td><td class=\"column-5\">Fluidos hidr\u00e1ulicos \u00e0 base de \u00f3leo mineral, fluidos hidr\u00e1ulicos dificilmente inflam\u00e1veis, \u00e1gua, ar e outros.<\/td>\n<\/tr>\n<tr class=\"row-4\">\n\t<td colspan=\"5\" class=\"column-1\">Material<\/td>\n<\/tr>\n<tr class=\"row-5\">\n\t<td class=\"column-1\"><\/td><td class=\"column-2\">Anel O e anel X<\/td><td colspan=\"3\" class=\"column-3\">Anel deslizante<\/td>\n<\/tr>\n<tr class=\"row-6\">\n\t<td class=\"column-1\">Padr\u00e3o<\/td><td class=\"column-2\">NBR<\/td><td colspan=\"3\" class=\"column-3\">PTFE-Bronze<\/td>\n<\/tr>\n<tr class=\"row-7\">\n\t<td class=\"column-1\">Especial (sob consulta)<\/td><td class=\"column-2\">FKM<\/td><td colspan=\"3\" class=\"column-3\">PTFE-Carbono<\/td>\n<\/tr>\n<tr class=\"row-8\">\n\t<td colspan=\"2\" class=\"column-1\">Press\u00e3o<\/td><td class=\"column-3\">160bar<\/td><td class=\"column-4\">200 bar<\/td><td class=\"column-5\">300 bar<\/td>\n<\/tr>\n<tr class=\"row-9\">\n\t<td colspan=\"2\" class=\"column-1\">Lacuna m\u00e1xima E<\/td><td class=\"column-3\">E\u22640,6 mm<\/td><td class=\"column-4\">E\u22640,4 mm<\/td><td class=\"column-5\">E\u22640,3 mm<\/td>\n<\/tr>\n<\/tbody>\n<\/table>","protected":false},"excerpt":{"rendered":"<p><strong>Selo da haste do pist\u00e3o do anel Glyd SPGO<\/strong><\/p>\n<p>SPGO \u00e9 uma veda\u00e7\u00e3o energizada com anel O-Ring de dupla a\u00e7\u00e3o, desenvolvida para veda\u00e7\u00e3o entre dois meios, como fluido e g\u00e1s. Incorpora uma veda\u00e7\u00e3o de anel qu\u00e1druplo de tamanho limitado, inserida na face de veda\u00e7\u00e3o din\u00e2mica. Instalada em ranhuras. Aplicada em sistemas hidr\u00e1ulicos m\u00f3veis, cilindros de reten\u00e7\u00e3o, acumuladores de pist\u00e3o, etc.<\/p>","protected":false},"featured_media":659,"comment_status":"open","ping_status":"closed","template":"","meta":{"site-sidebar-layout":"default","site-content-layout":"","ast-site-content-layout":"default","site-content-style":"default","site-sidebar-style":"default","ast-global-header-display":"","ast-banner-title-visibility":"","ast-main-header-display":"","ast-hfb-above-header-display":"","ast-hfb-below-header-display":"","ast-hfb-mobile-header-display":"","site-post-title":"","ast-breadcrumbs-content":"","ast-featured-img":"","footer-sml-layout":"","ast-disable-related-posts":"","theme-transparent-header-meta":"default","adv-header-id-meta":"","stick-header-meta":"","header-above-stick-meta":"","header-main-stick-meta":"","header-below-stick-meta":"","astra-migrate-meta-layouts":"set","ast-page-background-enabled":"default","ast-page-background-meta":{"desktop":{"background-color":"var(--ast-global-color-4)","background-image":"","background-repeat":"repeat","background-position":"center center","background-size":"auto","background-attachment":"scroll","background-type":"","background-media":"","overlay-type":"","overlay-color":"","overlay-opacity":"","overlay-gradient":""},"tablet":{"background-color":"","background-image":"","background-repeat":"repeat","background-position":"center center","background-size":"auto","background-attachment":"scroll","background-type":"","background-media":"","overlay-type":"","overlay-color":"","overlay-opacity":"","overlay-gradient":""},"mobile":{"background-color":"","background-image":"","background-repeat":"repeat","background-position":"center center","background-size":"auto","background-attachment":"scroll","background-type":"","background-media":"","overlay-type":"","overlay-color":"","overlay-opacity":"","overlay-gradient":""}},"ast-content-background-meta":{"desktop":{"background-color":"var(--ast-global-color-5)","background-image":"","background-repeat":"repeat","background-position":"center center","background-size":"auto","background-attachment":"scroll","background-type":"","background-media":"","overlay-type":"","overlay-color":"","overlay-opacity":"","overlay-gradient":""},"tablet":{"background-color":"var(--ast-global-color-5)","background-image":"","background-repeat":"repeat","background-position":"center center","background-size":"auto","background-attachment":"scroll","background-type":"","background-media":"","overlay-type":"","overlay-color":"","overlay-opacity":"","overlay-gradient":""},"mobile":{"background-color":"var(--ast-global-color-5)","background-image":"","background-repeat":"repeat","background-position":"center center","background-size":"auto","background-attachment":"scroll","background-type":"","background-media":"","overlay-type":"","overlay-color":"","overlay-opacity":"","overlay-gradient":""}}},"product_brand":[],"product_cat":[30,23],"product_tag":[],"class_list":{"0":"post-655","1":"product","2":"type-product","3":"status-publish","4":"has-post-thumbnail","6":"product_cat-piston-rod-seal","7":"product_cat-rubber-seals","8":"desktop-align-center","9":"tablet-align-left","10":"mobile-align-left","12":"first","13":"instock","14":"shipping-taxable","15":"product-type-simple"},"_links":{"self":[{"href":"https:\/\/www.sterubber.com\/pt\/wp-json\/wp\/v2\/product\/655","targetHints":{"allow":["GET"]}}],"collection":[{"href":"https:\/\/www.sterubber.com\/pt\/wp-json\/wp\/v2\/product"}],"about":[{"href":"https:\/\/www.sterubber.com\/pt\/wp-json\/wp\/v2\/types\/product"}],"replies":[{"embeddable":true,"href":"https:\/\/www.sterubber.com\/pt\/wp-json\/wp\/v2\/comments?post=655"}],"wp:featuredmedia":[{"embeddable":true,"href":"https:\/\/www.sterubber.com\/pt\/wp-json\/wp\/v2\/media\/659"}],"wp:attachment":[{"href":"https:\/\/www.sterubber.com\/pt\/wp-json\/wp\/v2\/media?parent=655"}],"wp:term":[{"taxonomy":"product_brand","embeddable":true,"href":"https:\/\/www.sterubber.com\/pt\/wp-json\/wp\/v2\/product_brand?post=655"},{"taxonomy":"product_cat","embeddable":true,"href":"https:\/\/www.sterubber.com\/pt\/wp-json\/wp\/v2\/product_cat?post=655"},{"taxonomy":"product_tag","embeddable":true,"href":"https:\/\/www.sterubber.com\/pt\/wp-json\/wp\/v2\/product_tag?post=655"}],"curies":[{"name":"wp","href":"https:\/\/api.w.org\/{rel}","templated":true}]}}