{"id":643,"date":"2024-04-01T16:09:52","date_gmt":"2024-04-01T08:09:52","guid":{"rendered":"https:\/\/sterubber.com\/?post_type=product&#038;p=643"},"modified":"2024-04-07T10:42:12","modified_gmt":"2024-04-07T02:42:12","slug":"vedacao-de-pistao-compacta-de-dupla-acao","status":"publish","type":"product","link":"https:\/\/www.sterubber.com\/pt\/product\/double-acting-compact-piston-seal\/","title":{"rendered":"Veda\u00e7\u00e3o de pist\u00e3o compacta de dupla a\u00e7\u00e3o"},"content":{"rendered":"<h2>Informa\u00e7\u00f5es sobre veda\u00e7\u00e3o de pist\u00e3o compacta de dupla a\u00e7\u00e3o<\/h2>\n<p style=\"font-weight: 400;\">Com designs de cinco pe\u00e7as, nossas veda\u00e7\u00f5es compactas RSOOO s\u00e3o usadas como veda\u00e7\u00f5es de pist\u00e3o compactas para cilindros de dupla a\u00e7\u00e3o com press\u00e3o m\u00e1xima de 35 MPa.<\/p>\n<p style=\"font-weight: 400;\">O RSOOO tem um anel NBR com 3 l\u00e1bios de veda\u00e7\u00e3o no meio; O elast\u00f4mero tem um bom efeito de veda\u00e7\u00e3o em condi\u00e7\u00f5es din\u00e2micas e est\u00e1ticas. 2 an\u00e9is de backup de elast\u00f4mero de poli\u00e9ster reduzem a folga permitida em ambos os lados; os an\u00e9is de backup evitam que o elast\u00f4mero seja extrudado na lacuna de veda\u00e7\u00e3o. 2 anel POM como guia. A fun\u00e7\u00e3o do anel guia \u00e9 ajudar o pist\u00e3o no guia do cilindro e absorver a for\u00e7a radial. \u00c9 usado principalmente em cilindros hidr\u00e1ulicos como uma veda\u00e7\u00e3o de pist\u00e3o. Conforme mostrado no design, a opera\u00e7\u00e3o de veda\u00e7\u00e3o \u00e9 realizada por um anel NBR.<\/p>\n<p><strong>NOSSAS VANTAGENS<\/strong><\/p>\n<p style=\"font-weight: 400;\">- Bom efeito de veda\u00e7\u00e3o, tamb\u00e9m adequado para segurar cilindros.<\/p>\n<p style=\"font-weight: 400;\">- Insensibilidade a cargas de choque e picos de press\u00e3o.<\/p>\n<p style=\"font-weight: 400;\">-Capaz de ser instalado em ranhuras fechadas com custos de usinagem reduzidos.<\/p>\n<p style=\"font-weight: 400;\">-F\u00e1cil instala\u00e7\u00e3o.<\/p>\n<p><strong>POM+NBR+TPE<\/strong><\/p>\n<p style=\"font-weight: 400;\">Projetado com precis\u00e3o e projetado para durar, o Compact Piston Seal \u00e9 a solu\u00e7\u00e3o perfeita para aplica\u00e7\u00f5es exigentes onde o espa\u00e7o \u00e9 limitado. Seu design de baixo atrito reduz o consumo de energia e minimiza o desgaste, garantindo m\u00e1xima efici\u00eancia e longevidade.<\/p>\n<p style=\"font-weight: 400;\">Seja na ind\u00fastria automotiva, aeroespacial ou hidr\u00e1ulica, o Compact Piston Seal \u00e9 o selo de escolha para aqueles que exigem o melhor. Seu tamanho compacto, desempenho excepcional e confiabilidade fazem dele a solu\u00e7\u00e3o ideal para qualquer aplica\u00e7\u00e3o.<\/p>\n<p style=\"font-weight: 400;\">N\u00e3o se contente com nada menos que o melhor. Escolha o Compact Piston Seal e sinta a diferen\u00e7a em desempenho, efici\u00eancia e longevidade.<\/p>\n\n<table id=\"tablepress-10\" class=\"tablepress tablepress-id-10 tbody-has-connected-cells\">\n<thead>\n<tr class=\"row-1\">\n\t<th class=\"column-1\">Cor<\/th><th class=\"column-2\">Material<\/th><th class=\"column-3\">Tipo<\/th><th class=\"column-4\">M\u00eddia de trabalho<\/th>\n<\/tr>\n<\/thead>\n<tbody class=\"row-striping row-hover\">\n<tr class=\"row-2\">\n\t<td class=\"column-1\">Marrom<\/td><td class=\"column-2\">Borracha<\/td><td class=\"column-3\">Selo mec\u00e2nico<\/td><td rowspan=\"7\" class=\"column-4\">\u00d3leo hidr\u00e1ulico \u00e0 base de petr\u00f3leo, \u00f3leo hidr\u00e1ulico resistente ao fogo. \u00d3leo hidr\u00e1ulico de prote\u00e7\u00e3o ambiental (\u00f3leo biol\u00f3gico), \u00e1gua e outros meios, de acordo com o material de veda\u00e7\u00e3o<\/td>\n<\/tr>\n<tr class=\"row-3\">\n\t<td class=\"column-1\">Prata<\/td><td class=\"column-2\">PTFE<\/td><td class=\"column-3\">Anel O<\/td>\n<\/tr>\n<tr class=\"row-4\">\n\t<td class=\"column-1\">Preto<\/td><td class=\"column-2\">Pl\u00e1stico<\/td><td class=\"column-3\">TIRA DE VEDA\u00c7\u00c3O<\/td>\n<\/tr>\n<tr class=\"row-5\">\n\t<td class=\"column-1\">Cinza<\/td><td class=\"column-2\">Silicone<\/td><td class=\"column-3\">Fole de veda\u00e7\u00e3o<\/td>\n<\/tr>\n<tr class=\"row-6\">\n\t<td class=\"column-1\">Vermelho<\/td><td class=\"column-2\">PU<\/td><td class=\"column-3\">Selo flutuante<\/td>\n<\/tr>\n<tr class=\"row-7\">\n\t<td class=\"column-1\"><\/td><td class=\"column-2\">Imperme\u00e1vel<\/td><td class=\"column-3\">\u00d3leo<\/td>\n<\/tr>\n<tr class=\"row-8\">\n\t<td class=\"column-1\"><\/td><td class=\"column-2\">PVC<\/td><td class=\"column-3\">Hidr\u00e1ulico<\/td>\n<\/tr>\n<\/tbody>\n<\/table>\n\n\n<table id=\"tablepress-11\" class=\"tablepress tablepress-id-11\">\n<tbody class=\"row-striping row-hover\">\n<tr class=\"row-1\">\n\t<td class=\"column-1\">Descri\u00e7\u00e3o do material<\/td><td class=\"column-2\">Bronze com enchimento de PTFE, fibra de carbono com enchimento de PTFE e MoS2, grafite com enchimento de PTFE, PI com enchimento de PTFE,<\/td>\n<\/tr>\n<tr class=\"row-2\">\n\t<td class=\"column-1\"><\/td><td class=\"column-2\">Ekonol, PU e assim por diante<\/td>\n<\/tr>\n<tr class=\"row-3\">\n\t<td class=\"column-1\">Cor dispon\u00edvel<\/td><td class=\"column-2\">Preto, verde, caf\u00e9, branco, vermelho, azul, dourado e assim por diante<\/td>\n<\/tr>\n<tr class=\"row-4\">\n\t<td class=\"column-1\">Resist\u00eancia do material<\/td><td class=\"column-2\">Alta resist\u00eancia \u00e0 extrus\u00e3o, bom desempenho \u00e0 prova de vazamentos, f\u00e1cil montagem<\/td>\n<\/tr>\n<tr class=\"row-5\">\n\t<td class=\"column-1\">Temperatura<\/td><td class=\"column-2\">-35~+100\u2103<\/td>\n<\/tr>\n<tr class=\"row-6\">\n\t<td class=\"column-1\">Velocidade<\/td><td class=\"column-2\">0,5 m\/s<\/td>\n<\/tr>\n<tr class=\"row-7\">\n\t<td class=\"column-1\">Press\u00e3o<\/td><td class=\"column-2\">\u226435MPa<\/td>\n<\/tr>\n<tr class=\"row-8\">\n\t<td class=\"column-1\">Dispositivo Aplicado<\/td><td class=\"column-2\">Cilindros padr\u00e3o\/Cilindros de reten\u00e7\u00e3o\/M\u00e1quinas agr\u00edcolas, etc.<\/td>\n<\/tr>\n<\/tbody>\n<\/table>","protected":false},"excerpt":{"rendered":"<h2>Informa\u00e7\u00f5es sobre veda\u00e7\u00e3o de pist\u00e3o compacta de dupla a\u00e7\u00e3o<\/h2>\n<p style=\"font-weight: 400;\">Com designs de cinco pe\u00e7as, nossas veda\u00e7\u00f5es compactas RSOOO s\u00e3o usadas como veda\u00e7\u00f5es de pist\u00e3o compactas para cilindros de dupla a\u00e7\u00e3o com press\u00e3o m\u00e1xima de 35 MPa.<\/p>","protected":false},"featured_media":653,"comment_status":"open","ping_status":"closed","template":"","meta":{"site-sidebar-layout":"default","site-content-layout":"","ast-site-content-layout":"default","site-content-style":"default","site-sidebar-style":"default","ast-global-header-display":"","ast-banner-title-visibility":"","ast-main-header-display":"","ast-hfb-above-header-display":"","ast-hfb-below-header-display":"","ast-hfb-mobile-header-display":"","site-post-title":"","ast-breadcrumbs-content":"","ast-featured-img":"","footer-sml-layout":"","ast-disable-related-posts":"","theme-transparent-header-meta":"default","adv-header-id-meta":"","stick-header-meta":"","header-above-stick-meta":"","header-main-stick-meta":"","header-below-stick-meta":"","astra-migrate-meta-layouts":"set","ast-page-background-enabled":"default","ast-page-background-meta":{"desktop":{"background-color":"var(--ast-global-color-4)","background-image":"","background-repeat":"repeat","background-position":"center center","background-size":"auto","background-attachment":"scroll","background-type":"","background-media":"","overlay-type":"","overlay-color":"","overlay-opacity":"","overlay-gradient":""},"tablet":{"background-color":"","background-image":"","background-repeat":"repeat","background-position":"center center","background-size":"auto","background-attachment":"scroll","background-type":"","background-media":"","overlay-type":"","overlay-color":"","overlay-opacity":"","overlay-gradient":""},"mobile":{"background-color":"","background-image":"","background-repeat":"repeat","background-position":"center center","background-size":"auto","background-attachment":"scroll","background-type":"","background-media":"","overlay-type":"","overlay-color":"","overlay-opacity":"","overlay-gradient":""}},"ast-content-background-meta":{"desktop":{"background-color":"var(--ast-global-color-5)","background-image":"","background-repeat":"repeat","background-position":"center center","background-size":"auto","background-attachment":"scroll","background-type":"","background-media":"","overlay-type":"","overlay-color":"","overlay-opacity":"","overlay-gradient":""},"tablet":{"background-color":"var(--ast-global-color-5)","background-image":"","background-repeat":"repeat","background-position":"center center","background-size":"auto","background-attachment":"scroll","background-type":"","background-media":"","overlay-type":"","overlay-color":"","overlay-opacity":"","overlay-gradient":""},"mobile":{"background-color":"var(--ast-global-color-5)","background-image":"","background-repeat":"repeat","background-position":"center center","background-size":"auto","background-attachment":"scroll","background-type":"","background-media":"","overlay-type":"","overlay-color":"","overlay-opacity":"","overlay-gradient":""}}},"product_brand":[],"product_cat":[30,23],"product_tag":[],"class_list":{"0":"post-643","1":"product","2":"type-product","3":"status-publish","4":"has-post-thumbnail","6":"product_cat-piston-rod-seal","7":"product_cat-rubber-seals","8":"desktop-align-center","9":"tablet-align-left","10":"mobile-align-left","12":"first","13":"instock","14":"shipping-taxable","15":"product-type-simple"},"_links":{"self":[{"href":"https:\/\/www.sterubber.com\/pt\/wp-json\/wp\/v2\/product\/643","targetHints":{"allow":["GET"]}}],"collection":[{"href":"https:\/\/www.sterubber.com\/pt\/wp-json\/wp\/v2\/product"}],"about":[{"href":"https:\/\/www.sterubber.com\/pt\/wp-json\/wp\/v2\/types\/product"}],"replies":[{"embeddable":true,"href":"https:\/\/www.sterubber.com\/pt\/wp-json\/wp\/v2\/comments?post=643"}],"wp:featuredmedia":[{"embeddable":true,"href":"https:\/\/www.sterubber.com\/pt\/wp-json\/wp\/v2\/media\/653"}],"wp:attachment":[{"href":"https:\/\/www.sterubber.com\/pt\/wp-json\/wp\/v2\/media?parent=643"}],"wp:term":[{"taxonomy":"product_brand","embeddable":true,"href":"https:\/\/www.sterubber.com\/pt\/wp-json\/wp\/v2\/product_brand?post=643"},{"taxonomy":"product_cat","embeddable":true,"href":"https:\/\/www.sterubber.com\/pt\/wp-json\/wp\/v2\/product_cat?post=643"},{"taxonomy":"product_tag","embeddable":true,"href":"https:\/\/www.sterubber.com\/pt\/wp-json\/wp\/v2\/product_tag?post=643"}],"curies":[{"name":"wp","href":"https:\/\/api.w.org\/{rel}","templated":true}]}}