{"id":615,"date":"2024-04-01T15:16:53","date_gmt":"2024-04-01T07:16:53","guid":{"rendered":"https:\/\/sterubber.com\/?post_type=product&#038;p=615"},"modified":"2024-04-07T10:40:24","modified_gmt":"2024-04-07T02:40:24","slug":"peca-personalizada-em-poliuretano-tpu","status":"publish","type":"product","link":"https:\/\/www.sterubber.com\/pt\/product\/polyurethane-tpu-customized-part\/","title":{"rendered":"Pe\u00e7a personalizada de poliuretano (TPU)"},"content":{"rendered":"<h2>Informa\u00e7\u00f5es sobre pe\u00e7as personalizadas de poliuretano (TPU)<\/h2>\n<p style=\"font-weight: 400;\">Os produtos desta categoria s\u00e3o chamados coletivamente de pe\u00e7as de poliuretano moldado (TPU)<\/p>\n<p style=\"font-weight: 400;\">De acordo com as necessidades do cliente de acordo com os desenhos produtos personalizados<\/p>\n<p style=\"font-weight: 400;\">A personaliza\u00e7\u00e3o de produtos tamb\u00e9m se tornou nossa maior vantagem, com o desenvolvimento profundo da industrializa\u00e7\u00e3o e da intelig\u00eancia, produtos personalizados com personalidade e que atendem aos requisitos de desenvolvimento s\u00e3o cada vez mais populares e rigorosos requisitos de qualidade.<\/p>\n<p style=\"font-weight: 400;\">Material: poliuretano (TPU)<\/p>\n<p style=\"font-weight: 400;\">Principais utiliza\u00e7\u00f5es: m\u00e1quinas, ind\u00fastria solar fotovoltaica e assim por diante<\/p>\n<p style=\"font-weight: 400;\">Caracter\u00edsticas: combinar com pe\u00e7as met\u00e1licas ou mec\u00e2nicas<\/p>","protected":false},"excerpt":{"rendered":"<p>Products in this category are collectively called Shaped polyurethane (TPU) part<\/p>\n<p>De acordo com as necessidades do cliente de acordo com os desenhos produtos personalizados<\/p>","protected":false},"featured_media":617,"comment_status":"open","ping_status":"closed","template":"","meta":{"site-sidebar-layout":"default","site-content-layout":"","ast-site-content-layout":"default","site-content-style":"default","site-sidebar-style":"default","ast-global-header-display":"","ast-banner-title-visibility":"","ast-main-header-display":"","ast-hfb-above-header-display":"","ast-hfb-below-header-display":"","ast-hfb-mobile-header-display":"","site-post-title":"","ast-breadcrumbs-content":"","ast-featured-img":"","footer-sml-layout":"","ast-disable-related-posts":"","theme-transparent-header-meta":"default","adv-header-id-meta":"","stick-header-meta":"","header-above-stick-meta":"","header-main-stick-meta":"","header-below-stick-meta":"","astra-migrate-meta-layouts":"set","ast-page-background-enabled":"default","ast-page-background-meta":{"desktop":{"background-color":"var(--ast-global-color-4)","background-image":"","background-repeat":"repeat","background-position":"center center","background-size":"auto","background-attachment":"scroll","background-type":"","background-media":"","overlay-type":"","overlay-color":"","overlay-opacity":"","overlay-gradient":""},"tablet":{"background-color":"","background-image":"","background-repeat":"repeat","background-position":"center center","background-size":"auto","background-attachment":"scroll","background-type":"","background-media":"","overlay-type":"","overlay-color":"","overlay-opacity":"","overlay-gradient":""},"mobile":{"background-color":"","background-image":"","background-repeat":"repeat","background-position":"center center","background-size":"auto","background-attachment":"scroll","background-type":"","background-media":"","overlay-type":"","overlay-color":"","overlay-opacity":"","overlay-gradient":""}},"ast-content-background-meta":{"desktop":{"background-color":"var(--ast-global-color-5)","background-image":"","background-repeat":"repeat","background-position":"center center","background-size":"auto","background-attachment":"scroll","background-type":"","background-media":"","overlay-type":"","overlay-color":"","overlay-opacity":"","overlay-gradient":""},"tablet":{"background-color":"var(--ast-global-color-5)","background-image":"","background-repeat":"repeat","background-position":"center center","background-size":"auto","background-attachment":"scroll","background-type":"","background-media":"","overlay-type":"","overlay-color":"","overlay-opacity":"","overlay-gradient":""},"mobile":{"background-color":"var(--ast-global-color-5)","background-image":"","background-repeat":"repeat","background-position":"center center","background-size":"auto","background-attachment":"scroll","background-type":"","background-media":"","overlay-type":"","overlay-color":"","overlay-opacity":"","overlay-gradient":""}}},"product_brand":[],"product_cat":[29,23],"product_tag":[],"class_list":{"0":"post-615","1":"product","2":"type-product","3":"status-publish","4":"has-post-thumbnail","6":"product_cat-custom-rubber-part","7":"product_cat-rubber-seals","8":"desktop-align-center","9":"tablet-align-left","10":"mobile-align-left","12":"first","13":"instock","14":"shipping-taxable","15":"product-type-simple"},"_links":{"self":[{"href":"https:\/\/www.sterubber.com\/pt\/wp-json\/wp\/v2\/product\/615","targetHints":{"allow":["GET"]}}],"collection":[{"href":"https:\/\/www.sterubber.com\/pt\/wp-json\/wp\/v2\/product"}],"about":[{"href":"https:\/\/www.sterubber.com\/pt\/wp-json\/wp\/v2\/types\/product"}],"replies":[{"embeddable":true,"href":"https:\/\/www.sterubber.com\/pt\/wp-json\/wp\/v2\/comments?post=615"}],"wp:featuredmedia":[{"embeddable":true,"href":"https:\/\/www.sterubber.com\/pt\/wp-json\/wp\/v2\/media\/617"}],"wp:attachment":[{"href":"https:\/\/www.sterubber.com\/pt\/wp-json\/wp\/v2\/media?parent=615"}],"wp:term":[{"taxonomy":"product_brand","embeddable":true,"href":"https:\/\/www.sterubber.com\/pt\/wp-json\/wp\/v2\/product_brand?post=615"},{"taxonomy":"product_cat","embeddable":true,"href":"https:\/\/www.sterubber.com\/pt\/wp-json\/wp\/v2\/product_cat?post=615"},{"taxonomy":"product_tag","embeddable":true,"href":"https:\/\/www.sterubber.com\/pt\/wp-json\/wp\/v2\/product_tag?post=615"}],"curies":[{"name":"wp","href":"https:\/\/api.w.org\/{rel}","templated":true}]}}