{"id":606,"date":"2024-04-01T15:03:54","date_gmt":"2024-04-01T07:03:54","guid":{"rendered":"https:\/\/sterubber.com\/?post_type=product&#038;p=606"},"modified":"2024-04-07T10:38:45","modified_gmt":"2024-04-07T02:38:45","slug":"juntas-de-borracha-fkm","status":"publish","type":"product","link":"https:\/\/www.sterubber.com\/pt\/product\/fkm-rubber-gaskets\/","title":{"rendered":"Junta de borracha FKM"},"content":{"rendered":"<h2>Informa\u00e7\u00f5es sobre juntas de borracha FKM<\/h2>\n<p>As juntas de borracha FKM s\u00e3o feitas de fluoroelast\u00f4mero, uma borracha sint\u00e9tica conhecida por suas propriedades de resist\u00eancia ao desgaste. O material \u00e9 usado em an\u00e9is de veda\u00e7\u00e3o e veda\u00e7\u00f5es.<\/p>\n<p style=\"font-weight: 400;\">As juntas de FKM s\u00e3o muito utilizadas na ind\u00fastria de petr\u00f3leo e g\u00e1s devido \u00e0 sua capacidade de suportar combust\u00edveis agressivos, produtos qu\u00edmicos e uma ampla faixa de temperaturas. Em termos de temperatura, a FKM opera sem problemas entre -10 \u00b0C e at\u00e9 250 \u00b0C. Quimicamente, \u00e9 resistente a biocidas, inibidores de corros\u00e3o, inibidores de hidratos e desincrustantes. A FKM tamb\u00e9m suporta altas press\u00f5es e vibra\u00e7\u00f5es.<\/p>\n<p style=\"font-weight: 400;\">-Pode ser personalizado.<\/p>\n<p style=\"font-weight: 400;\">-Espessura: 0,5~10,0 mm<\/p>","protected":false},"excerpt":{"rendered":"<p>As juntas de borracha FKM s\u00e3o feitas de fluoroelast\u00f4mero, uma borracha sint\u00e9tica conhecida por suas propriedades de resist\u00eancia ao desgaste. O material \u00e9 usado em an\u00e9is de veda\u00e7\u00e3o e veda\u00e7\u00f5es.<\/p>","protected":false},"featured_media":609,"comment_status":"open","ping_status":"closed","template":"","meta":{"site-sidebar-layout":"default","site-content-layout":"","ast-site-content-layout":"default","site-content-style":"default","site-sidebar-style":"default","ast-global-header-display":"","ast-banner-title-visibility":"","ast-main-header-display":"","ast-hfb-above-header-display":"","ast-hfb-below-header-display":"","ast-hfb-mobile-header-display":"","site-post-title":"","ast-breadcrumbs-content":"","ast-featured-img":"","footer-sml-layout":"","ast-disable-related-posts":"","theme-transparent-header-meta":"default","adv-header-id-meta":"","stick-header-meta":"","header-above-stick-meta":"","header-main-stick-meta":"","header-below-stick-meta":"","astra-migrate-meta-layouts":"set","ast-page-background-enabled":"default","ast-page-background-meta":{"desktop":{"background-color":"var(--ast-global-color-4)","background-image":"","background-repeat":"repeat","background-position":"center center","background-size":"auto","background-attachment":"scroll","background-type":"","background-media":"","overlay-type":"","overlay-color":"","overlay-opacity":"","overlay-gradient":""},"tablet":{"background-color":"","background-image":"","background-repeat":"repeat","background-position":"center center","background-size":"auto","background-attachment":"scroll","background-type":"","background-media":"","overlay-type":"","overlay-color":"","overlay-opacity":"","overlay-gradient":""},"mobile":{"background-color":"","background-image":"","background-repeat":"repeat","background-position":"center center","background-size":"auto","background-attachment":"scroll","background-type":"","background-media":"","overlay-type":"","overlay-color":"","overlay-opacity":"","overlay-gradient":""}},"ast-content-background-meta":{"desktop":{"background-color":"var(--ast-global-color-5)","background-image":"","background-repeat":"repeat","background-position":"center center","background-size":"auto","background-attachment":"scroll","background-type":"","background-media":"","overlay-type":"","overlay-color":"","overlay-opacity":"","overlay-gradient":""},"tablet":{"background-color":"var(--ast-global-color-5)","background-image":"","background-repeat":"repeat","background-position":"center center","background-size":"auto","background-attachment":"scroll","background-type":"","background-media":"","overlay-type":"","overlay-color":"","overlay-opacity":"","overlay-gradient":""},"mobile":{"background-color":"var(--ast-global-color-5)","background-image":"","background-repeat":"repeat","background-position":"center center","background-size":"auto","background-attachment":"scroll","background-type":"","background-media":"","overlay-type":"","overlay-color":"","overlay-opacity":"","overlay-gradient":""}}},"product_brand":[],"product_cat":[28,23],"product_tag":[],"class_list":{"0":"post-606","1":"product","2":"type-product","3":"status-publish","4":"has-post-thumbnail","6":"product_cat-pan-seal","7":"product_cat-rubber-seals","8":"desktop-align-center","9":"tablet-align-left","10":"mobile-align-left","12":"first","13":"instock","14":"shipping-taxable","15":"product-type-simple"},"_links":{"self":[{"href":"https:\/\/www.sterubber.com\/pt\/wp-json\/wp\/v2\/product\/606","targetHints":{"allow":["GET"]}}],"collection":[{"href":"https:\/\/www.sterubber.com\/pt\/wp-json\/wp\/v2\/product"}],"about":[{"href":"https:\/\/www.sterubber.com\/pt\/wp-json\/wp\/v2\/types\/product"}],"replies":[{"embeddable":true,"href":"https:\/\/www.sterubber.com\/pt\/wp-json\/wp\/v2\/comments?post=606"}],"wp:featuredmedia":[{"embeddable":true,"href":"https:\/\/www.sterubber.com\/pt\/wp-json\/wp\/v2\/media\/609"}],"wp:attachment":[{"href":"https:\/\/www.sterubber.com\/pt\/wp-json\/wp\/v2\/media?parent=606"}],"wp:term":[{"taxonomy":"product_brand","embeddable":true,"href":"https:\/\/www.sterubber.com\/pt\/wp-json\/wp\/v2\/product_brand?post=606"},{"taxonomy":"product_cat","embeddable":true,"href":"https:\/\/www.sterubber.com\/pt\/wp-json\/wp\/v2\/product_cat?post=606"},{"taxonomy":"product_tag","embeddable":true,"href":"https:\/\/www.sterubber.com\/pt\/wp-json\/wp\/v2\/product_tag?post=606"}],"curies":[{"name":"wp","href":"https:\/\/api.w.org\/{rel}","templated":true}]}}