{"id":600,"date":"2024-04-01T15:01:09","date_gmt":"2024-04-01T07:01:09","guid":{"rendered":"https:\/\/sterubber.com\/?post_type=product&#038;p=600"},"modified":"2024-04-07T10:38:17","modified_gmt":"2024-04-07T02:38:17","slug":"junta-de-borracha-de-silicone","status":"publish","type":"product","link":"https:\/\/www.sterubber.com\/pt\/product\/silicone-rubber-gasket\/","title":{"rendered":"Junta de borracha de silicone"},"content":{"rendered":"<h2>Informa\u00e7\u00f5es sobre junta de borracha de silicone<\/h2>\n<p style=\"font-weight: 400;\"><strong>Desempenho<\/strong><\/p>\n<ol>\n<li style=\"font-weight: 400;\">Possui excelente desempenho de veda\u00e7\u00e3o e \u00e9 \u00e0 prova d&#039;\u00e1gua e de vazamentos.<\/li>\n<li style=\"font-weight: 400;\">Tem um bom efeito de conserva\u00e7\u00e3o e \u00e9 completamente at\u00f3xico e ins\u00edpido.<\/li>\n<li style=\"font-weight: 400;\">Pode ser aquecido em altas temperaturas sem deforma\u00e7\u00e3o ou subst\u00e2ncias nocivas.<\/li>\n<li style=\"font-weight: 400;\">Bom desempenho de resist\u00eancia \u00e0 tra\u00e7\u00e3o, especialmente inspecionado e testado.<\/li>\n<li style=\"font-weight: 400;\">N\u00e3o ficar\u00e1 amarelado nem desbotar\u00e1 ap\u00f3s uso prolongado.<\/li>\n<li style=\"font-weight: 400;\">Resist\u00eancia \u00e0 corona, resist\u00eancia ao arco, resist\u00eancia a altas e baixas temperaturas, boa resist\u00eancia ao envelhecimento e resist\u00eancia a altas temperaturas<\/li>\n<\/ol>\n<p style=\"font-weight: 400;\">Temperatura de opera\u00e7\u00e3o: -100\u2103~300\u2103<\/p>\n<p style=\"font-weight: 400;\">Press\u00e3o de opera\u00e7\u00e3o: PN&lt;3MPa<\/p>\n<p style=\"font-weight: 400;\">Especifica\u00e7\u00f5es comuns: DN15\uff5eDN400<\/p>\n<p style=\"font-weight: 400;\"><strong>Vantagens das juntas de silicone<\/strong><\/p>\n<p style=\"font-weight: 400;\">Resist\u00eancia ao calor: A junta de borracha de silicone tem uma resist\u00eancia ao calor muito melhor do que a borracha comum. Pode ser usada quase para sempre a 150\u00b0 sem altera\u00e7\u00f5es de desempenho. Pode ser usada continuamente a 200\u00b0 por 10.000 horas e tamb\u00e9m pode ser usada a 350\u00b0 por algum tempo. Amplamente usada em ocasi\u00f5es que exigem resist\u00eancia ao calor, an\u00e9is de veda\u00e7\u00e3o de garrafas t\u00e9rmicas, an\u00e9is de panela de press\u00e3o e al\u00e7as resistentes ao calor. Resist\u00eancia ao frio: A temperatura da borracha comum \u00e9 de -20\u00b0-30\u00b0, ou seja, a borracha de silicone ainda tem boa elasticidade a -60\u00b0-70\u00b0. Algumas borrachas de silicone especialmente formuladas tamb\u00e9m podem suportar temperaturas extremamente baixas, como arruelas de baixa temperatura.<\/p>","protected":false},"excerpt":{"rendered":"<p>A junta de borracha de silicone tem uma resist\u00eancia ao calor muito melhor do que a borracha comum. Pode ser usada quase para sempre a 150\u00b0 sem altera\u00e7\u00f5es de desempenho. Pode ser usada continuamente a 200\u00b0 por 10.000 horas e tamb\u00e9m pode ser usada a 350\u00b0 por algum tempo. Amplamente usada em ocasi\u00f5es que exigem resist\u00eancia ao calor, an\u00e9is de veda\u00e7\u00e3o de garrafas t\u00e9rmicas, an\u00e9is de panela de press\u00e3o e al\u00e7as resistentes ao calor. Resist\u00eancia ao frio: A temperatura da borracha comum \u00e9 de -20\u00b0-30\u00b0, ou seja, a borracha de silicone ainda tem boa elasticidade a -60\u00b0-70\u00b0. Algumas borrachas de silicone especialmente formuladas tamb\u00e9m podem suportar temperaturas extremamente baixas, como arruelas de baixa temperatura.<\/p>","protected":false},"featured_media":605,"comment_status":"open","ping_status":"closed","template":"","meta":{"site-sidebar-layout":"default","site-content-layout":"","ast-site-content-layout":"default","site-content-style":"default","site-sidebar-style":"default","ast-global-header-display":"","ast-banner-title-visibility":"","ast-main-header-display":"","ast-hfb-above-header-display":"","ast-hfb-below-header-display":"","ast-hfb-mobile-header-display":"","site-post-title":"","ast-breadcrumbs-content":"","ast-featured-img":"","footer-sml-layout":"","ast-disable-related-posts":"","theme-transparent-header-meta":"default","adv-header-id-meta":"","stick-header-meta":"","header-above-stick-meta":"","header-main-stick-meta":"","header-below-stick-meta":"","astra-migrate-meta-layouts":"set","ast-page-background-enabled":"default","ast-page-background-meta":{"desktop":{"background-color":"var(--ast-global-color-4)","background-image":"","background-repeat":"repeat","background-position":"center center","background-size":"auto","background-attachment":"scroll","background-type":"","background-media":"","overlay-type":"","overlay-color":"","overlay-opacity":"","overlay-gradient":""},"tablet":{"background-color":"","background-image":"","background-repeat":"repeat","background-position":"center center","background-size":"auto","background-attachment":"scroll","background-type":"","background-media":"","overlay-type":"","overlay-color":"","overlay-opacity":"","overlay-gradient":""},"mobile":{"background-color":"","background-image":"","background-repeat":"repeat","background-position":"center center","background-size":"auto","background-attachment":"scroll","background-type":"","background-media":"","overlay-type":"","overlay-color":"","overlay-opacity":"","overlay-gradient":""}},"ast-content-background-meta":{"desktop":{"background-color":"var(--ast-global-color-5)","background-image":"","background-repeat":"repeat","background-position":"center center","background-size":"auto","background-attachment":"scroll","background-type":"","background-media":"","overlay-type":"","overlay-color":"","overlay-opacity":"","overlay-gradient":""},"tablet":{"background-color":"var(--ast-global-color-5)","background-image":"","background-repeat":"repeat","background-position":"center center","background-size":"auto","background-attachment":"scroll","background-type":"","background-media":"","overlay-type":"","overlay-color":"","overlay-opacity":"","overlay-gradient":""},"mobile":{"background-color":"var(--ast-global-color-5)","background-image":"","background-repeat":"repeat","background-position":"center center","background-size":"auto","background-attachment":"scroll","background-type":"","background-media":"","overlay-type":"","overlay-color":"","overlay-opacity":"","overlay-gradient":""}}},"product_brand":[],"product_cat":[28,23],"product_tag":[],"class_list":{"0":"post-600","1":"product","2":"type-product","3":"status-publish","4":"has-post-thumbnail","6":"product_cat-pan-seal","7":"product_cat-rubber-seals","8":"desktop-align-center","9":"tablet-align-left","10":"mobile-align-left","12":"first","13":"instock","14":"shipping-taxable","15":"product-type-simple"},"_links":{"self":[{"href":"https:\/\/www.sterubber.com\/pt\/wp-json\/wp\/v2\/product\/600","targetHints":{"allow":["GET"]}}],"collection":[{"href":"https:\/\/www.sterubber.com\/pt\/wp-json\/wp\/v2\/product"}],"about":[{"href":"https:\/\/www.sterubber.com\/pt\/wp-json\/wp\/v2\/types\/product"}],"replies":[{"embeddable":true,"href":"https:\/\/www.sterubber.com\/pt\/wp-json\/wp\/v2\/comments?post=600"}],"wp:featuredmedia":[{"embeddable":true,"href":"https:\/\/www.sterubber.com\/pt\/wp-json\/wp\/v2\/media\/605"}],"wp:attachment":[{"href":"https:\/\/www.sterubber.com\/pt\/wp-json\/wp\/v2\/media?parent=600"}],"wp:term":[{"taxonomy":"product_brand","embeddable":true,"href":"https:\/\/www.sterubber.com\/pt\/wp-json\/wp\/v2\/product_brand?post=600"},{"taxonomy":"product_cat","embeddable":true,"href":"https:\/\/www.sterubber.com\/pt\/wp-json\/wp\/v2\/product_cat?post=600"},{"taxonomy":"product_tag","embeddable":true,"href":"https:\/\/www.sterubber.com\/pt\/wp-json\/wp\/v2\/product_tag?post=600"}],"curies":[{"name":"wp","href":"https:\/\/api.w.org\/{rel}","templated":true}]}}