{"id":595,"date":"2024-04-01T14:57:02","date_gmt":"2024-04-01T06:57:02","guid":{"rendered":"https:\/\/sterubber.com\/?post_type=product&#038;p=595"},"modified":"2024-04-07T10:36:42","modified_gmt":"2024-04-07T02:36:42","slug":"junta-de-borracha-de-neoprene","status":"publish","type":"product","link":"https:\/\/www.sterubber.com\/pt\/product\/neoprene-rubber-gasket\/","title":{"rendered":"Junta de borracha de neoprene"},"content":{"rendered":"<p>A junta de neoprene \u00e9 um material de veda\u00e7\u00e3o resistente ao calor com boa resist\u00eancia a altas temperaturas e pode suportar altas temperaturas de -180\u00b0C a 260\u00b0C. Portanto, as juntas de neoprene s\u00e3o amplamente utilizadas para veda\u00e7\u00e3o de equipamentos mec\u00e2nicos e tubula\u00e7\u00f5es industriais em ambientes de alta temperatura.<\/p>\n<p style=\"font-weight: 400;\">Caracter\u00edsticas:<\/p>\n<ol>\n<li>Boa resist\u00eancia ao \u00f3leo<\/li>\n<\/ol>\n<p style=\"font-weight: 400;\">As juntas de neoprene tamb\u00e9m t\u00eam excelente resist\u00eancia ao \u00f3leo, podem suportar a eros\u00e3o de v\u00e1rios meios oleosos e n\u00e3o s\u00e3o facilmente corro\u00eddas por solventes como petr\u00f3leo, \u00f3leo lubrificante, diesel, etc., garantindo assim a opera\u00e7\u00e3o normal do equipamento.<\/p>\n<ol start=\"2\">\n<li style=\"font-weight: 400;\">Boa resist\u00eancia \u00e0 corros\u00e3o<\/li>\n<\/ol>\n<p style=\"font-weight: 400;\">As juntas de neoprene tamb\u00e9m t\u00eam excelente resist\u00eancia \u00e0 corros\u00e3o e podem resistir \u00e0 eros\u00e3o por alguns \u00e1cidos fortes, \u00e1lcalis fortes e subst\u00e2ncias qu\u00edmicas corrosivas, garantindo assim a vida \u00fatil da veda\u00e7\u00e3o.<\/p>\n<ol start=\"3\">\n<li style=\"font-weight: 400;\">Bom desempenho de veda\u00e7\u00e3o<\/li>\n<\/ol>\n<p style=\"font-weight: 400;\">As juntas de neoprene t\u00eam excelente desempenho de veda\u00e7\u00e3o, podem vedar v\u00e1rios meios gasosos e l\u00edquidos e desempenham um bom papel de veda\u00e7\u00e3o em tubos, recipientes, v\u00e1lvulas, etc.<\/p>\n<ol start=\"4\">\n<li style=\"font-weight: 400;\">Ampla gama de aplica\u00e7\u00f5es<\/li>\n<\/ol>\n<p style=\"font-weight: 400;\">As juntas de neoprene t\u00eam uma ampla gama de aplica\u00e7\u00f5es e s\u00e3o frequentemente usadas em m\u00e1quinas, eletricidade, constru\u00e7\u00e3o e outros campos, como veda\u00e7\u00e3o de motores, bombas, v\u00e1lvulas, canos, tanques de \u00e1gua, tanques de combust\u00edvel, etc.<\/p>\n<p style=\"font-weight: 400;\">Densidade: 1,2~2,0G\/cm3<\/p>\n<p style=\"font-weight: 400;\">Resist\u00eancia \u00e0 temperatura: -180\u2103~+260\u2103<\/p>\n<p style=\"font-weight: 400;\">Espessura: 1-15mm<\/p>\n<p style=\"font-weight: 400;\">personaliz\u00e1vel<\/p>","protected":false},"excerpt":{"rendered":"<p>A junta de neoprene \u00e9 um material de veda\u00e7\u00e3o resistente ao calor com boa resist\u00eancia a altas temperaturas e pode suportar altas temperaturas de -180\u00b0C a 260\u00b0C. Portanto, as juntas de neoprene s\u00e3o amplamente utilizadas para veda\u00e7\u00e3o de equipamentos mec\u00e2nicos e tubula\u00e7\u00f5es industriais em ambientes de alta temperatura.<\/p>","protected":false},"featured_media":596,"comment_status":"open","ping_status":"closed","template":"","meta":{"site-sidebar-layout":"default","site-content-layout":"","ast-site-content-layout":"default","site-content-style":"default","site-sidebar-style":"default","ast-global-header-display":"","ast-banner-title-visibility":"","ast-main-header-display":"","ast-hfb-above-header-display":"","ast-hfb-below-header-display":"","ast-hfb-mobile-header-display":"","site-post-title":"","ast-breadcrumbs-content":"","ast-featured-img":"","footer-sml-layout":"","ast-disable-related-posts":"","theme-transparent-header-meta":"default","adv-header-id-meta":"","stick-header-meta":"","header-above-stick-meta":"","header-main-stick-meta":"","header-below-stick-meta":"","astra-migrate-meta-layouts":"set","ast-page-background-enabled":"default","ast-page-background-meta":{"desktop":{"background-color":"var(--ast-global-color-4)","background-image":"","background-repeat":"repeat","background-position":"center center","background-size":"auto","background-attachment":"scroll","background-type":"","background-media":"","overlay-type":"","overlay-color":"","overlay-opacity":"","overlay-gradient":""},"tablet":{"background-color":"","background-image":"","background-repeat":"repeat","background-position":"center center","background-size":"auto","background-attachment":"scroll","background-type":"","background-media":"","overlay-type":"","overlay-color":"","overlay-opacity":"","overlay-gradient":""},"mobile":{"background-color":"","background-image":"","background-repeat":"repeat","background-position":"center center","background-size":"auto","background-attachment":"scroll","background-type":"","background-media":"","overlay-type":"","overlay-color":"","overlay-opacity":"","overlay-gradient":""}},"ast-content-background-meta":{"desktop":{"background-color":"var(--ast-global-color-5)","background-image":"","background-repeat":"repeat","background-position":"center center","background-size":"auto","background-attachment":"scroll","background-type":"","background-media":"","overlay-type":"","overlay-color":"","overlay-opacity":"","overlay-gradient":""},"tablet":{"background-color":"var(--ast-global-color-5)","background-image":"","background-repeat":"repeat","background-position":"center center","background-size":"auto","background-attachment":"scroll","background-type":"","background-media":"","overlay-type":"","overlay-color":"","overlay-opacity":"","overlay-gradient":""},"mobile":{"background-color":"var(--ast-global-color-5)","background-image":"","background-repeat":"repeat","background-position":"center center","background-size":"auto","background-attachment":"scroll","background-type":"","background-media":"","overlay-type":"","overlay-color":"","overlay-opacity":"","overlay-gradient":""}}},"product_brand":[],"product_cat":[28,23],"product_tag":[],"class_list":{"0":"post-595","1":"product","2":"type-product","3":"status-publish","4":"has-post-thumbnail","6":"product_cat-pan-seal","7":"product_cat-rubber-seals","8":"desktop-align-center","9":"tablet-align-left","10":"mobile-align-left","12":"first","13":"instock","14":"shipping-taxable","15":"product-type-simple"},"_links":{"self":[{"href":"https:\/\/www.sterubber.com\/pt\/wp-json\/wp\/v2\/product\/595","targetHints":{"allow":["GET"]}}],"collection":[{"href":"https:\/\/www.sterubber.com\/pt\/wp-json\/wp\/v2\/product"}],"about":[{"href":"https:\/\/www.sterubber.com\/pt\/wp-json\/wp\/v2\/types\/product"}],"replies":[{"embeddable":true,"href":"https:\/\/www.sterubber.com\/pt\/wp-json\/wp\/v2\/comments?post=595"}],"wp:featuredmedia":[{"embeddable":true,"href":"https:\/\/www.sterubber.com\/pt\/wp-json\/wp\/v2\/media\/596"}],"wp:attachment":[{"href":"https:\/\/www.sterubber.com\/pt\/wp-json\/wp\/v2\/media?parent=595"}],"wp:term":[{"taxonomy":"product_brand","embeddable":true,"href":"https:\/\/www.sterubber.com\/pt\/wp-json\/wp\/v2\/product_brand?post=595"},{"taxonomy":"product_cat","embeddable":true,"href":"https:\/\/www.sterubber.com\/pt\/wp-json\/wp\/v2\/product_cat?post=595"},{"taxonomy":"product_tag","embeddable":true,"href":"https:\/\/www.sterubber.com\/pt\/wp-json\/wp\/v2\/product_tag?post=595"}],"curies":[{"name":"wp","href":"https:\/\/api.w.org\/{rel}","templated":true}]}}