{"id":576,"date":"2024-04-01T14:39:48","date_gmt":"2024-04-01T06:39:48","guid":{"rendered":"https:\/\/sterubber.com\/?post_type=product&#038;p=576"},"modified":"2024-04-07T10:35:14","modified_gmt":"2024-04-07T02:35:14","slug":"selos-de-oleo-de-esqueleto","status":"publish","type":"product","link":"https:\/\/www.sterubber.com\/pt\/product\/skeleton-oil-seals\/","title":{"rendered":"Selos de \u00f3leo de esqueleto"},"content":{"rendered":"<p style=\"font-weight: 400;\">Os retentores de \u00f3leo de esqueleto s\u00e3o amplamente utilizados em avia\u00e7\u00e3o, autom\u00f3veis, motocicletas, ferrovias, ve\u00edculos, navios, eletrodom\u00e9sticos, m\u00e1quinas de engenharia e outras ind\u00fastrias. Adequado para veda\u00e7\u00e3o de movimento rotativo e movimento alternativo. Instalado em v\u00e1rios motores de servi\u00e7o pesado, caixas de engrenagens, eixos, navios, cilindros, etc. Ele impede principalmente que o meio selado (g\u00e1s, l\u00edquido) penetre e que mat\u00e9ria estranha externa entre no corpo.<\/p>\n<p style=\"font-weight: 400;\">Precau\u00e7\u00f5es:<\/p>\n<p style=\"font-weight: 400;\">A faixa de press\u00e3o de retentores de \u00f3leo comuns \u00e9 muito limitada, geralmente 0,03 MPa. Essa press\u00e3o \u00e9 geralmente a press\u00e3o causada pela diferen\u00e7a de altura do pr\u00f3prio \u00f3leo lubrificante. Se voc\u00ea precisar vedar em press\u00e3o mais alta, precisar\u00e1 usar um retentor de \u00f3leo de alta press\u00e3o (geralmente pode suportar uma press\u00e3o m\u00e1xima de 1 MPa) ou outras formas de veda\u00e7\u00e3o.<\/p>\n\n<table id=\"tablepress-5\" class=\"tablepress tablepress-id-5\">\n<thead>\n<tr class=\"row-1\">\n\t<th class=\"column-1\">Tipo<\/th><th class=\"column-2\">Material\t<\/th><th class=\"column-3\">L\u00e1bio<\/th><th class=\"column-4\">Primavera<\/th><th class=\"column-5\">Recurso<\/th>\n<\/tr>\n<\/thead>\n<tbody class=\"row-striping row-hover\">\n<tr class=\"row-2\">\n\t<td class=\"column-1\">TC\t<\/td><td class=\"column-2\">NBR e FKM\t<\/td><td class=\"column-3\">L\u00e1bios Duplos\t<\/td><td class=\"column-4\">Solteiro<\/td><td class=\"column-5\">Borracha coberta de metal<\/td>\n<\/tr>\n<tr class=\"row-3\">\n\t<td class=\"column-1\">tuberculose<\/td><td class=\"column-2\">NBR<\/td><td class=\"column-3\">L\u00e1bios Duplos<\/td><td class=\"column-4\">Solteiro<\/td><td class=\"column-5\">Caixa de metal<\/td>\n<\/tr>\n<tr class=\"row-4\">\n\t<td class=\"column-1\">TA<\/td><td class=\"column-2\">NBR<\/td><td class=\"column-3\">L\u00e1bios Duplos<\/td><td class=\"column-4\">Solteiro<\/td><td class=\"column-5\">Caixa de metal<\/td>\n<\/tr>\n<tr class=\"row-5\">\n\t<td class=\"column-1\">SC<\/td><td class=\"column-2\">NBR e FKM<\/td><td class=\"column-3\">Solteiro<\/td><td class=\"column-4\">Solteiro<\/td><td class=\"column-5\">Casco duplo de metal<\/td>\n<\/tr>\n<tr class=\"row-6\">\n\t<td class=\"column-1\">SB<\/td><td class=\"column-2\">NBR<\/td><td class=\"column-3\">Solteiro<\/td><td class=\"column-4\">Solteiro<\/td><td class=\"column-5\">Caixa de metal<\/td>\n<\/tr>\n<tr class=\"row-7\">\n\t<td class=\"column-1\">SA<\/td><td class=\"column-2\">NBR<\/td><td class=\"column-3\">Solteiro<\/td><td class=\"column-4\">Solteiro<\/td><td class=\"column-5\">Casco duplo de metal<\/td>\n<\/tr>\n<tr class=\"row-8\">\n\t<td class=\"column-1\">CC<\/td><td class=\"column-2\">NBR<\/td><td class=\"column-3\">L\u00e1bios Duplos<\/td><td class=\"column-4\">Dobro<\/td><td class=\"column-5\">Mola dupla<\/td>\n<\/tr>\n<tr class=\"row-9\">\n\t<td class=\"column-1\">VC<\/td><td class=\"column-2\">NBR e FKM<\/td><td class=\"column-3\">Solteiro<\/td><td class=\"column-4\">Sem<\/td><td class=\"column-5\">Borracha coberta de metal<\/td>\n<\/tr>\n<tr class=\"row-10\">\n\t<td class=\"column-1\">VB<\/td><td class=\"column-2\">NBR<\/td><td class=\"column-3\">Solteiro<\/td><td class=\"column-4\">Sem<\/td><td class=\"column-5\">Caixa de metal<\/td>\n<\/tr>\n<tr class=\"row-11\">\n\t<td class=\"column-1\">TCV<\/td><td class=\"column-2\">NBR<\/td><td class=\"column-3\">L\u00e1bios Duplos<\/td><td class=\"column-4\">Solteiro<\/td><td class=\"column-5\">Alta press\u00e3o<\/td>\n<\/tr>\n<tr class=\"row-12\">\n\t<td class=\"column-1\">TCN<\/td><td class=\"column-2\">NBR<\/td><td class=\"column-3\">L\u00e1bios Duplos<\/td><td class=\"column-4\">Solteiro<\/td><td class=\"column-5\">Alta press\u00e3o<\/td>\n<\/tr>\n<tr class=\"row-13\">\n\t<td class=\"column-1\">PTFE<\/td><td class=\"column-2\">PTFE<\/td><td class=\"column-3\">L\u00e1bios Simples e Duplos<\/td><td class=\"column-4\">Sem<\/td><td class=\"column-5\">A\u00e7o inoxid\u00e1vel<\/td>\n<\/tr>\n<tr class=\"row-14\">\n\t<td class=\"column-1\">HTCL<\/td><td class=\"column-2\">NBR e FKM<\/td><td class=\"column-3\">L\u00e1bios Duplos<\/td><td class=\"column-4\">Solteiro<\/td><td class=\"column-5\">H\u00e9lice L<\/td>\n<\/tr>\n<tr class=\"row-15\">\n\t<td class=\"column-1\">HTCR<\/td><td class=\"column-2\">NBR e FKM<\/td><td class=\"column-3\">L\u00e1bios Duplos<\/td><td class=\"column-4\">Solteiro<\/td><td class=\"column-5\">H\u00e9lice R<\/td>\n<\/tr>\n<\/tbody>\n<\/table>\n<!-- #tablepress-5 from cache -->\n<p>A fun\u00e7\u00e3o do retentor de \u00f3leo do esqueleto \u00e9 geralmente isolar os componentes que precisam de lubrifica\u00e7\u00e3o nos componentes de transmiss\u00e3o dos componentes de sa\u00edda para evitar vazamento de \u00f3leo lubrificante. Ele \u00e9 geralmente usado em eixos rotativos e \u00e9 um retentor de l\u00e1bio de eixo rotativo. O esqueleto \u00e9 como as barras de a\u00e7o dentro dos componentes de concreto, o que fortalece e permite que o retentor de \u00f3leo mantenha sua forma e tens\u00e3o. De acordo com o tipo de esqueleto, ele pode ser dividido em retentor de \u00f3leo de esqueleto interno, retentor de \u00f3leo de esqueleto externo e retentor de \u00f3leo de esqueleto exposto interno e externo.<\/p>","protected":false},"excerpt":{"rendered":"<p>A fun\u00e7\u00e3o do retentor de \u00f3leo do esqueleto \u00e9 geralmente isolar os componentes que precisam de lubrifica\u00e7\u00e3o nos componentes de transmiss\u00e3o dos componentes de sa\u00edda para evitar vazamento de \u00f3leo lubrificante. Ele \u00e9 geralmente usado em eixos rotativos e \u00e9 um retentor de l\u00e1bio de eixo rotativo. O esqueleto \u00e9 como as barras de a\u00e7o dentro dos componentes de concreto, o que fortalece e permite que o retentor de \u00f3leo mantenha sua forma e tens\u00e3o. De acordo com o tipo de esqueleto, ele pode ser dividido em retentor de \u00f3leo de esqueleto interno, retentor de \u00f3leo de esqueleto externo e retentor de \u00f3leo de esqueleto exposto interno e externo.<\/p>","protected":false},"featured_media":579,"comment_status":"open","ping_status":"closed","template":"","meta":{"site-sidebar-layout":"default","site-content-layout":"","ast-site-content-layout":"default","site-content-style":"default","site-sidebar-style":"default","ast-global-header-display":"","ast-banner-title-visibility":"","ast-main-header-display":"","ast-hfb-above-header-display":"","ast-hfb-below-header-display":"","ast-hfb-mobile-header-display":"","site-post-title":"","ast-breadcrumbs-content":"","ast-featured-img":"","footer-sml-layout":"","ast-disable-related-posts":"","theme-transparent-header-meta":"default","adv-header-id-meta":"","stick-header-meta":"","header-above-stick-meta":"","header-main-stick-meta":"","header-below-stick-meta":"","astra-migrate-meta-layouts":"set","ast-page-background-enabled":"default","ast-page-background-meta":{"desktop":{"background-color":"var(--ast-global-color-4)","background-image":"","background-repeat":"repeat","background-position":"center center","background-size":"auto","background-attachment":"scroll","background-type":"","background-media":"","overlay-type":"","overlay-color":"","overlay-opacity":"","overlay-gradient":""},"tablet":{"background-color":"","background-image":"","background-repeat":"repeat","background-position":"center center","background-size":"auto","background-attachment":"scroll","background-type":"","background-media":"","overlay-type":"","overlay-color":"","overlay-opacity":"","overlay-gradient":""},"mobile":{"background-color":"","background-image":"","background-repeat":"repeat","background-position":"center center","background-size":"auto","background-attachment":"scroll","background-type":"","background-media":"","overlay-type":"","overlay-color":"","overlay-opacity":"","overlay-gradient":""}},"ast-content-background-meta":{"desktop":{"background-color":"var(--ast-global-color-5)","background-image":"","background-repeat":"repeat","background-position":"center center","background-size":"auto","background-attachment":"scroll","background-type":"","background-media":"","overlay-type":"","overlay-color":"","overlay-opacity":"","overlay-gradient":""},"tablet":{"background-color":"var(--ast-global-color-5)","background-image":"","background-repeat":"repeat","background-position":"center center","background-size":"auto","background-attachment":"scroll","background-type":"","background-media":"","overlay-type":"","overlay-color":"","overlay-opacity":"","overlay-gradient":""},"mobile":{"background-color":"var(--ast-global-color-5)","background-image":"","background-repeat":"repeat","background-position":"center center","background-size":"auto","background-attachment":"scroll","background-type":"","background-media":"","overlay-type":"","overlay-color":"","overlay-opacity":"","overlay-gradient":""}}},"product_brand":[],"product_cat":[23,27],"product_tag":[],"class_list":{"0":"post-576","1":"product","2":"type-product","3":"status-publish","4":"has-post-thumbnail","6":"product_cat-rubber-seals","7":"product_cat-skeleton-oil-seal","8":"desktop-align-center","9":"tablet-align-left","10":"mobile-align-left","12":"first","13":"instock","14":"shipping-taxable","15":"product-type-simple"},"_links":{"self":[{"href":"https:\/\/www.sterubber.com\/pt\/wp-json\/wp\/v2\/product\/576","targetHints":{"allow":["GET"]}}],"collection":[{"href":"https:\/\/www.sterubber.com\/pt\/wp-json\/wp\/v2\/product"}],"about":[{"href":"https:\/\/www.sterubber.com\/pt\/wp-json\/wp\/v2\/types\/product"}],"replies":[{"embeddable":true,"href":"https:\/\/www.sterubber.com\/pt\/wp-json\/wp\/v2\/comments?post=576"}],"wp:featuredmedia":[{"embeddable":true,"href":"https:\/\/www.sterubber.com\/pt\/wp-json\/wp\/v2\/media\/579"}],"wp:attachment":[{"href":"https:\/\/www.sterubber.com\/pt\/wp-json\/wp\/v2\/media?parent=576"}],"wp:term":[{"taxonomy":"product_brand","embeddable":true,"href":"https:\/\/www.sterubber.com\/pt\/wp-json\/wp\/v2\/product_brand?post=576"},{"taxonomy":"product_cat","embeddable":true,"href":"https:\/\/www.sterubber.com\/pt\/wp-json\/wp\/v2\/product_cat?post=576"},{"taxonomy":"product_tag","embeddable":true,"href":"https:\/\/www.sterubber.com\/pt\/wp-json\/wp\/v2\/product_tag?post=576"}],"curies":[{"name":"wp","href":"https:\/\/api.w.org\/{rel}","templated":true}]}}