{"id":550,"date":"2024-04-01T14:25:52","date_gmt":"2024-04-01T06:25:52","guid":{"rendered":"https:\/\/sterubber.com\/?post_type=product&#038;p=550"},"modified":"2024-04-07T10:34:59","modified_gmt":"2024-04-07T02:34:59","slug":"anel-de-vedacao-labial-tipo-y","status":"publish","type":"product","link":"https:\/\/www.sterubber.com\/pt\/product\/lip-seal-y-type-ring\/","title":{"rendered":"Anel de veda\u00e7\u00e3o labial tipo Y"},"content":{"rendered":"<p class=\"p\">O selo em Y \u00e9 um selo labial t\u00edpico.<\/p>\n<p class=\"p\">De acordo com a altura e largura da se\u00e7\u00e3o, ela pode ser dividida em larga, estreita, Yx e outras categorias; se a altura dos dois l\u00e1bios for igual, ela pode ser dividida em an\u00e9is de veda\u00e7\u00e3o em Y e anel em Y com l\u00e1bios diferentes e an\u00e9is de veda\u00e7\u00e3o em forma de Y com abertura.<\/p>\n<p class=\"p\">Desenho da se\u00e7\u00e3o transversal do anel Y A se\u00e7\u00e3o do anel de veda\u00e7\u00e3o em forma de Y \u00e9 em forma de Y, por isso \u00e9 chamado de anel Y<\/p>\n<p class=\"p\" align=\"justify\">O anel de veda\u00e7\u00e3o Y \u00e9 amplamente utilizado em dispositivos de veda\u00e7\u00e3o alternativos, sua vida \u00fatil \u00e9 maior do que uma veda\u00e7\u00e3o O-ring. A press\u00e3o de trabalho aplic\u00e1vel do anel de veda\u00e7\u00e3o tipo Y n\u00e3o \u00e9 superior a 40 MPa, e a temperatura de trabalho \u00e9 de -30~80\u2103; a faixa de velocidade de trabalho: \u00e9 0,01~0, [] 6 m\/s para borracha de poliuretano; 0,05~0,3 m\/s para borracha de poliuretano; 0,01 ~ lm \/ s. O desempenho de veda\u00e7\u00e3o do anel de veda\u00e7\u00e3o tipo Y, a vida \u00fatil e o limite de press\u00e3o de trabalho de diferentes an\u00e9is de reten\u00e7\u00e3o s\u00e3o melhores do que o material de borracha de poliuretano.<\/p>\n<p style=\"font-weight: 400;\"><strong>Caracter\u00edsticas do anel de veda\u00e7\u00e3o em Y:<\/strong><\/p>\n<p style=\"font-weight: 400;\">(1) Desempenho de veda\u00e7\u00e3o confi\u00e1vel<\/p>\n<p style=\"font-weight: 400;\">(2) Resist\u00eancia ao atrito e movimento suave.<\/p>\n<p style=\"font-weight: 400;\">(3) Boa resist\u00eancia \u00e0 press\u00e3o e uma ampla faixa de press\u00e3o de uso.<\/p>\n<p style=\"font-weight: 400;\">(4) Estrutura simples, pre\u00e7o baixo.<\/p>\n<p style=\"font-weight: 400;\">(5) F\u00e1cil de instalar.<\/p>\n\n<table id=\"tablepress-2\" class=\"tablepress tablepress-id-2 tbody-has-connected-cells\">\n<thead>\n<tr class=\"row-1\">\n\t<th class=\"column-1\">Modelo<\/th><th class=\"column-2\">Corte transversal<\/th><th class=\"column-3\">Materiais comuns<\/th><th class=\"column-4\">Temperatura (\u2103\uff09<\/th><th class=\"column-5\">Imprensa (Mpa)<\/th><th class=\"column-6\">Velocidade da linha (m\/s)<\/th><th class=\"column-7\">Selo de<\/th><th class=\"column-8\">Imagem real<\/th>\n<\/tr>\n<\/thead>\n<tbody class=\"row-striping row-hover\">\n<tr class=\"row-2\">\n\t<td rowspan=\"2\" class=\"column-1\">ASL 92YxD<\/td><td rowspan=\"2\" class=\"column-2\"><img decoding=\"async\" src=\"https:\/\/sterubber.com\/wp-content\/uploads\/2024\/04\/1-1.jpg\" alt=\"\" width=\"150\" height=\"116\" class=\"alignnone size-full wp-image-554\" \/><\/td><td class=\"column-3\">ASL-PU<\/td><td class=\"column-4\">-30~+110<\/td><td rowspan=\"2\" class=\"column-5\">40<\/td><td rowspan=\"2\" class=\"column-6\">0.5<\/td><td rowspan=\"2\" class=\"column-7\">Retribuir de uma forma<\/td><td rowspan=\"2\" class=\"column-8\"><img decoding=\"async\" src=\"https:\/\/sterubber.com\/wp-content\/uploads\/2024\/04\/1-2.jpg\" alt=\"\" width=\"292\" height=\"111\" class=\"alignnone size-full wp-image-555\" \/><\/td>\n<\/tr>\n<tr class=\"row-3\">\n\t<td class=\"column-3\">ASL-FKM<\/td><td class=\"column-4\">-20~+260<\/td>\n<\/tr>\n<tr class=\"row-4\">\n\t<td rowspan=\"2\" class=\"column-1\">L\u00edngua Inglesa ASL 922<\/td><td rowspan=\"2\" class=\"column-2\"><img decoding=\"async\" src=\"https:\/\/sterubber.com\/wp-content\/uploads\/2024\/04\/2-1.jpg\" alt=\"\" width=\"147\" height=\"121\" class=\"alignnone size-full wp-image-557\" \/><\/td><td class=\"column-3\">ASL-PU<br \/>\nASL-POM<\/td><td class=\"column-4\">-30~+100<\/td><td rowspan=\"2\" class=\"column-5\">60<\/td><td rowspan=\"2\" class=\"column-6\">0.5<\/td><td rowspan=\"2\" class=\"column-7\">Retribuir de uma forma<\/td><td rowspan=\"2\" class=\"column-8\"><img loading=\"lazy\" decoding=\"async\" src=\"https:\/\/sterubber.com\/wp-content\/uploads\/2024\/04\/2-2.jpg\" alt=\"\" width=\"292\" height=\"121\" class=\"alignnone size-full wp-image-558\" \/><\/td>\n<\/tr>\n<tr class=\"row-5\">\n\t<td class=\"column-3\">ASL-FKM<br \/>\nASL-PTFE<\/td><td class=\"column-4\">-20~+260<\/td>\n<\/tr>\n<tr class=\"row-6\">\n\t<td rowspan=\"2\" class=\"column-1\">ASL 92Y<\/td><td rowspan=\"2\" class=\"column-2\"><img loading=\"lazy\" decoding=\"async\" src=\"https:\/\/sterubber.com\/wp-content\/uploads\/2024\/04\/3-1.jpg\" alt=\"\" width=\"151\" height=\"120\" class=\"alignnone size-full wp-image-559\" \/><\/td><td class=\"column-3\">ASL-PU<\/td><td class=\"column-4\">-30~+110<\/td><td rowspan=\"2\" class=\"column-5\">40<\/td><td rowspan=\"2\" class=\"column-6\">0.5<\/td><td rowspan=\"2\" class=\"column-7\">Retribuir de uma forma<\/td><td rowspan=\"2\" class=\"column-8\"><img loading=\"lazy\" decoding=\"async\" src=\"https:\/\/sterubber.com\/wp-content\/uploads\/2024\/04\/3-2.jpg\" alt=\"\" width=\"294\" height=\"117\" class=\"alignnone size-full wp-image-560\" \/><\/td>\n<\/tr>\n<tr class=\"row-7\">\n\t<td class=\"column-3\">ASL-FKM<\/td><td class=\"column-4\">-20~+260<\/td>\n<\/tr>\n<tr class=\"row-8\">\n\t<td rowspan=\"2\" class=\"column-1\">ASL 93YxD<\/td><td rowspan=\"2\" class=\"column-2\"><img loading=\"lazy\" decoding=\"async\" src=\"https:\/\/sterubber.com\/wp-content\/uploads\/2024\/04\/4-1.jpg\" alt=\"\" width=\"150\" height=\"117\" class=\"alignnone size-full wp-image-561\" \/><\/td><td class=\"column-3\">OTH-PU<\/td><td class=\"column-4\">-30~+110<\/td><td rowspan=\"2\" class=\"column-5\">40<\/td><td rowspan=\"2\" class=\"column-6\">0.5<\/td><td rowspan=\"2\" class=\"column-7\">Retribuir de uma forma<\/td><td rowspan=\"2\" class=\"column-8\"><img loading=\"lazy\" decoding=\"async\" src=\"https:\/\/sterubber.com\/wp-content\/uploads\/2024\/04\/4-2.jpg\" alt=\"\" width=\"287\" height=\"116\" class=\"alignnone size-full wp-image-562\" \/><\/td>\n<\/tr>\n<tr class=\"row-9\">\n\t<td class=\"column-3\">OTH-FKM<\/td><td class=\"column-4\">-20~+260<\/td>\n<\/tr>\n<tr class=\"row-10\">\n\t<td rowspan=\"2\" class=\"column-1\">L\u00edngua Inglesa ASL 932<\/td><td rowspan=\"2\" class=\"column-2\"><img loading=\"lazy\" decoding=\"async\" src=\"https:\/\/sterubber.com\/wp-content\/uploads\/2024\/04\/5-1.jpg\" alt=\"\" width=\"149\" height=\"119\" class=\"alignnone size-full wp-image-563\" \/><\/td><td class=\"column-3\">OTH-PU<br \/>\nOTH-POM<\/td><td class=\"column-4\">-30~+100<\/td><td rowspan=\"2\" class=\"column-5\">60<\/td><td rowspan=\"2\" class=\"column-6\">0.5<\/td><td rowspan=\"2\" class=\"column-7\">Retribuir de uma forma<\/td><td rowspan=\"2\" class=\"column-8\"><img loading=\"lazy\" decoding=\"async\" src=\"https:\/\/sterubber.com\/wp-content\/uploads\/2024\/04\/5-2.jpg\" alt=\"\" width=\"290\" height=\"119\" class=\"alignnone size-full wp-image-564\" \/><\/td>\n<\/tr>\n<tr class=\"row-11\">\n\t<td class=\"column-3\">OTH-FKM<br \/>\nOTH-PTFE<\/td><td class=\"column-4\">-20~+260<\/td>\n<\/tr>\n<tr class=\"row-12\">\n\t<td rowspan=\"2\" class=\"column-1\">ASL 93Y<\/td><td rowspan=\"2\" class=\"column-2\"><img loading=\"lazy\" decoding=\"async\" src=\"https:\/\/sterubber.com\/wp-content\/uploads\/2024\/04\/6-1.jpg\" alt=\"\" width=\"151\" height=\"111\" class=\"alignnone size-full wp-image-565\" \/><\/td><td class=\"column-3\">OTH-PU<\/td><td class=\"column-4\">-30~+110<\/td><td rowspan=\"2\" class=\"column-5\">40<\/td><td rowspan=\"2\" class=\"column-6\">0.5<\/td><td rowspan=\"2\" class=\"column-7\">Retribuir de uma forma<\/td><td rowspan=\"2\" class=\"column-8\"><img loading=\"lazy\" decoding=\"async\" src=\"https:\/\/sterubber.com\/wp-content\/uploads\/2024\/04\/6-2.jpg\" alt=\"\" width=\"290\" height=\"111\" class=\"alignnone size-full wp-image-566\" \/><\/td>\n<\/tr>\n<tr class=\"row-13\">\n\t<td class=\"column-3\">OTH-FKM<\/td><td class=\"column-4\">-20~+260<\/td>\n<\/tr>\n<tr class=\"row-14\">\n\t<td rowspan=\"2\" class=\"column-1\">L\u00edngua Inglesa ASL 927<\/td><td rowspan=\"2\" class=\"column-2\"><img loading=\"lazy\" decoding=\"async\" src=\"https:\/\/sterubber.com\/wp-content\/uploads\/2024\/04\/7-1.jpg\" alt=\"\" width=\"151\" height=\"117\" class=\"alignnone size-full wp-image-567\" \/><\/td><td class=\"column-3\">ASL-PU<\/td><td rowspan=\"2\" class=\"column-4\">-30~+110<\/td><td rowspan=\"2\" class=\"column-5\">60<\/td><td rowspan=\"2\" class=\"column-6\">0.5<\/td><td rowspan=\"2\" class=\"column-7\">Retribuir de uma forma<\/td><td rowspan=\"2\" class=\"column-8\"><img loading=\"lazy\" decoding=\"async\" src=\"https:\/\/sterubber.com\/wp-content\/uploads\/2024\/04\/7-2.jpg\" alt=\"\" width=\"291\" height=\"117\" class=\"alignnone size-full wp-image-568\" \/><\/td>\n<\/tr>\n<tr class=\"row-15\">\n\t<td class=\"column-3\">ASL-NBR<\/td>\n<\/tr>\n<tr class=\"row-16\">\n\t<td rowspan=\"2\" class=\"column-1\">L\u00edngua Inglesa ASL 921B<\/td><td rowspan=\"2\" class=\"column-2\"><img loading=\"lazy\" decoding=\"async\" src=\"https:\/\/sterubber.com\/wp-content\/uploads\/2024\/04\/8-1.jpg\" alt=\"\" width=\"150\" height=\"120\" class=\"alignnone size-full wp-image-569\" \/><\/td><td class=\"column-3\">ASL-PU<\/td><td class=\"column-4\">-30~+110<\/td><td rowspan=\"2\" class=\"column-5\">40<\/td><td rowspan=\"2\" class=\"column-6\">0.5<\/td><td rowspan=\"2\" class=\"column-7\">Retribuir de uma forma<\/td><td rowspan=\"2\" class=\"column-8\"><img loading=\"lazy\" decoding=\"async\" src=\"https:\/\/sterubber.com\/wp-content\/uploads\/2024\/04\/8-2.jpg\" alt=\"\" width=\"291\" height=\"119\" class=\"alignnone size-full wp-image-570\" \/><\/td>\n<\/tr>\n<tr class=\"row-17\">\n\t<td class=\"column-3\">ASL-FKM<\/td><td class=\"column-4\">-20~+260<\/td>\n<\/tr>\n<\/tbody>\n<\/table>\n<!-- #tablepress-2 from cache -->\n<p style=\"font-weight: 400;\">Os an\u00e9is de veda\u00e7\u00e3o em Y, o material mais comumente usado, s\u00e3o a borracha de poliuretano, os an\u00e9is de veda\u00e7\u00e3o em Y de borracha de poliuretano t\u00eam bom desempenho de veda\u00e7\u00e3o, vida \u00fatil e o uso de an\u00e9is diferentes quando o limite de press\u00e3o de trabalho \u00e9 maior<\/p>","protected":false},"excerpt":{"rendered":"<p>O anel de veda\u00e7\u00e3o Y \u00e9 amplamente utilizado em dispositivos de veda\u00e7\u00e3o alternativos, sua vida \u00fatil \u00e9 maior do que uma veda\u00e7\u00e3o O-ring. A press\u00e3o de trabalho aplic\u00e1vel do anel de veda\u00e7\u00e3o tipo Y n\u00e3o \u00e9 superior a 40 MPa, e a temperatura de trabalho \u00e9 de -30~80\u2103; a faixa de velocidade de trabalho: \u00e9 0,01~0, [] 6 m\/s para borracha de poliuretano; 0,05~0,3 m\/s para borracha de poliuretano; 0,01 ~ lm \/ s. O desempenho de veda\u00e7\u00e3o do anel de veda\u00e7\u00e3o tipo Y, a vida \u00fatil e o limite de press\u00e3o de trabalho de diferentes an\u00e9is de reten\u00e7\u00e3o s\u00e3o melhores do que o material de borracha de poliuretano.<\/p>","protected":false},"featured_media":572,"comment_status":"open","ping_status":"closed","template":"","meta":{"site-sidebar-layout":"default","site-content-layout":"","ast-site-content-layout":"default","site-content-style":"default","site-sidebar-style":"default","ast-global-header-display":"","ast-banner-title-visibility":"","ast-main-header-display":"","ast-hfb-above-header-display":"","ast-hfb-below-header-display":"","ast-hfb-mobile-header-display":"","site-post-title":"","ast-breadcrumbs-content":"","ast-featured-img":"","footer-sml-layout":"","ast-disable-related-posts":"","theme-transparent-header-meta":"default","adv-header-id-meta":"","stick-header-meta":"","header-above-stick-meta":"","header-main-stick-meta":"","header-below-stick-meta":"","astra-migrate-meta-layouts":"set","ast-page-background-enabled":"default","ast-page-background-meta":{"desktop":{"background-color":"var(--ast-global-color-4)","background-image":"","background-repeat":"repeat","background-position":"center center","background-size":"auto","background-attachment":"scroll","background-type":"","background-media":"","overlay-type":"","overlay-color":"","overlay-opacity":"","overlay-gradient":""},"tablet":{"background-color":"","background-image":"","background-repeat":"repeat","background-position":"center center","background-size":"auto","background-attachment":"scroll","background-type":"","background-media":"","overlay-type":"","overlay-color":"","overlay-opacity":"","overlay-gradient":""},"mobile":{"background-color":"","background-image":"","background-repeat":"repeat","background-position":"center center","background-size":"auto","background-attachment":"scroll","background-type":"","background-media":"","overlay-type":"","overlay-color":"","overlay-opacity":"","overlay-gradient":""}},"ast-content-background-meta":{"desktop":{"background-color":"var(--ast-global-color-5)","background-image":"","background-repeat":"repeat","background-position":"center center","background-size":"auto","background-attachment":"scroll","background-type":"","background-media":"","overlay-type":"","overlay-color":"","overlay-opacity":"","overlay-gradient":""},"tablet":{"background-color":"var(--ast-global-color-5)","background-image":"","background-repeat":"repeat","background-position":"center center","background-size":"auto","background-attachment":"scroll","background-type":"","background-media":"","overlay-type":"","overlay-color":"","overlay-opacity":"","overlay-gradient":""},"mobile":{"background-color":"var(--ast-global-color-5)","background-image":"","background-repeat":"repeat","background-position":"center center","background-size":"auto","background-attachment":"scroll","background-type":"","background-media":"","overlay-type":"","overlay-color":"","overlay-opacity":"","overlay-gradient":""}}},"product_brand":[],"product_cat":[26,23],"product_tag":[],"class_list":{"0":"post-550","1":"product","2":"type-product","3":"status-publish","4":"has-post-thumbnail","6":"product_cat-lip-seal","7":"product_cat-rubber-seals","8":"desktop-align-center","9":"tablet-align-left","10":"mobile-align-left","12":"first","13":"instock","14":"shipping-taxable","15":"product-type-simple"},"_links":{"self":[{"href":"https:\/\/www.sterubber.com\/pt\/wp-json\/wp\/v2\/product\/550","targetHints":{"allow":["GET"]}}],"collection":[{"href":"https:\/\/www.sterubber.com\/pt\/wp-json\/wp\/v2\/product"}],"about":[{"href":"https:\/\/www.sterubber.com\/pt\/wp-json\/wp\/v2\/types\/product"}],"replies":[{"embeddable":true,"href":"https:\/\/www.sterubber.com\/pt\/wp-json\/wp\/v2\/comments?post=550"}],"wp:featuredmedia":[{"embeddable":true,"href":"https:\/\/www.sterubber.com\/pt\/wp-json\/wp\/v2\/media\/572"}],"wp:attachment":[{"href":"https:\/\/www.sterubber.com\/pt\/wp-json\/wp\/v2\/media?parent=550"}],"wp:term":[{"taxonomy":"product_brand","embeddable":true,"href":"https:\/\/www.sterubber.com\/pt\/wp-json\/wp\/v2\/product_brand?post=550"},{"taxonomy":"product_cat","embeddable":true,"href":"https:\/\/www.sterubber.com\/pt\/wp-json\/wp\/v2\/product_cat?post=550"},{"taxonomy":"product_tag","embeddable":true,"href":"https:\/\/www.sterubber.com\/pt\/wp-json\/wp\/v2\/product_tag?post=550"}],"curies":[{"name":"wp","href":"https:\/\/api.w.org\/{rel}","templated":true}]}}