{"id":544,"date":"2024-04-01T13:44:41","date_gmt":"2024-04-01T05:44:41","guid":{"rendered":"https:\/\/sterubber.com\/?post_type=product&#038;p=544"},"modified":"2024-04-07T10:34:46","modified_gmt":"2024-04-07T02:34:46","slug":"anel-de-vedacao-labial-tipo-u","status":"publish","type":"product","link":"https:\/\/www.sterubber.com\/pt\/product\/lip-seal-u-type-ring\/","title":{"rendered":"Anel de veda\u00e7\u00e3o labial tipo U"},"content":{"rendered":"<p>O anel de veda\u00e7\u00e3o em forma de U \u00e9 comumente usado no cilindro hidr\u00e1ulico; \u00e9 um tipo de veda\u00e7\u00e3o de l\u00e1bio t\u00edpica, funcionando muito bem para pist\u00f5es e hastes de pist\u00e3o. O anel U de poliuretano \u00e9 usado principalmente em cilindros hidr\u00e1ulicos. Ele tem boas propriedades mec\u00e2nicas e boa resist\u00eancia a \u00f3leo e \u00e9 o mais comumente usado em cilindros de \u00f3leo hidr\u00e1ulico com press\u00e3o m\u00e9dia e alta press\u00e3o.<\/p>\n<p>Caracter\u00edsticas: Bom desempenho de veda\u00e7\u00e3o.<\/p>\n<p>Uso: o anel em forma de U \u00e9 f\u00e1cil de rolar em condi\u00e7\u00f5es separadas, por isso precisa ser usado com o anel de suporte de bronze estanhado.<\/p>\n<p>Aplica\u00e7\u00e3o: O anel de veda\u00e7\u00e3o em forma de U \u00e9 adequado apenas para cilindros hidr\u00e1ulicos com baixa press\u00e3o de trabalho ou baixa velocidade de movimento.<\/p>","protected":false},"excerpt":{"rendered":"<p>O anel de veda\u00e7\u00e3o em forma de U \u00e9 comumente usado no cilindro hidr\u00e1ulico; \u00e9 um tipo de veda\u00e7\u00e3o de l\u00e1bio t\u00edpica, funcionando muito bem para pist\u00f5es e hastes de pist\u00e3o. O anel U de poliuretano \u00e9 usado principalmente em cilindros hidr\u00e1ulicos. Ele tem boas propriedades mec\u00e2nicas e boa resist\u00eancia a \u00f3leo e \u00e9 o mais comumente usado em cilindros de \u00f3leo hidr\u00e1ulico com press\u00e3o m\u00e9dia e alta press\u00e3o.<\/p>","protected":false},"featured_media":545,"comment_status":"open","ping_status":"closed","template":"","meta":{"site-sidebar-layout":"default","site-content-layout":"","ast-site-content-layout":"default","site-content-style":"default","site-sidebar-style":"default","ast-global-header-display":"","ast-banner-title-visibility":"","ast-main-header-display":"","ast-hfb-above-header-display":"","ast-hfb-below-header-display":"","ast-hfb-mobile-header-display":"","site-post-title":"","ast-breadcrumbs-content":"","ast-featured-img":"","footer-sml-layout":"","ast-disable-related-posts":"","theme-transparent-header-meta":"default","adv-header-id-meta":"","stick-header-meta":"","header-above-stick-meta":"","header-main-stick-meta":"","header-below-stick-meta":"","astra-migrate-meta-layouts":"set","ast-page-background-enabled":"default","ast-page-background-meta":{"desktop":{"background-color":"var(--ast-global-color-4)","background-image":"","background-repeat":"repeat","background-position":"center center","background-size":"auto","background-attachment":"scroll","background-type":"","background-media":"","overlay-type":"","overlay-color":"","overlay-opacity":"","overlay-gradient":""},"tablet":{"background-color":"","background-image":"","background-repeat":"repeat","background-position":"center center","background-size":"auto","background-attachment":"scroll","background-type":"","background-media":"","overlay-type":"","overlay-color":"","overlay-opacity":"","overlay-gradient":""},"mobile":{"background-color":"","background-image":"","background-repeat":"repeat","background-position":"center center","background-size":"auto","background-attachment":"scroll","background-type":"","background-media":"","overlay-type":"","overlay-color":"","overlay-opacity":"","overlay-gradient":""}},"ast-content-background-meta":{"desktop":{"background-color":"var(--ast-global-color-5)","background-image":"","background-repeat":"repeat","background-position":"center center","background-size":"auto","background-attachment":"scroll","background-type":"","background-media":"","overlay-type":"","overlay-color":"","overlay-opacity":"","overlay-gradient":""},"tablet":{"background-color":"var(--ast-global-color-5)","background-image":"","background-repeat":"repeat","background-position":"center center","background-size":"auto","background-attachment":"scroll","background-type":"","background-media":"","overlay-type":"","overlay-color":"","overlay-opacity":"","overlay-gradient":""},"mobile":{"background-color":"var(--ast-global-color-5)","background-image":"","background-repeat":"repeat","background-position":"center center","background-size":"auto","background-attachment":"scroll","background-type":"","background-media":"","overlay-type":"","overlay-color":"","overlay-opacity":"","overlay-gradient":""}}},"product_brand":[],"product_cat":[26,23],"product_tag":[],"class_list":{"0":"post-544","1":"product","2":"type-product","3":"status-publish","4":"has-post-thumbnail","6":"product_cat-lip-seal","7":"product_cat-rubber-seals","8":"desktop-align-center","9":"tablet-align-left","10":"mobile-align-left","12":"first","13":"instock","14":"shipping-taxable","15":"product-type-simple"},"_links":{"self":[{"href":"https:\/\/www.sterubber.com\/pt\/wp-json\/wp\/v2\/product\/544","targetHints":{"allow":["GET"]}}],"collection":[{"href":"https:\/\/www.sterubber.com\/pt\/wp-json\/wp\/v2\/product"}],"about":[{"href":"https:\/\/www.sterubber.com\/pt\/wp-json\/wp\/v2\/types\/product"}],"replies":[{"embeddable":true,"href":"https:\/\/www.sterubber.com\/pt\/wp-json\/wp\/v2\/comments?post=544"}],"wp:featuredmedia":[{"embeddable":true,"href":"https:\/\/www.sterubber.com\/pt\/wp-json\/wp\/v2\/media\/545"}],"wp:attachment":[{"href":"https:\/\/www.sterubber.com\/pt\/wp-json\/wp\/v2\/media?parent=544"}],"wp:term":[{"taxonomy":"product_brand","embeddable":true,"href":"https:\/\/www.sterubber.com\/pt\/wp-json\/wp\/v2\/product_brand?post=544"},{"taxonomy":"product_cat","embeddable":true,"href":"https:\/\/www.sterubber.com\/pt\/wp-json\/wp\/v2\/product_cat?post=544"},{"taxonomy":"product_tag","embeddable":true,"href":"https:\/\/www.sterubber.com\/pt\/wp-json\/wp\/v2\/product_tag?post=544"}],"curies":[{"name":"wp","href":"https:\/\/api.w.org\/{rel}","templated":true}]}}