{"id":534,"date":"2024-04-01T13:39:05","date_gmt":"2024-04-01T05:39:05","guid":{"rendered":"https:\/\/sterubber.com\/?post_type=product&#038;p=534"},"modified":"2024-04-07T10:34:31","modified_gmt":"2024-04-07T02:34:31","slug":"anel-de-vedacao-labial-tipo-v","status":"publish","type":"product","link":"https:\/\/www.sterubber.com\/pt\/product\/lip-seal-v-type-ring\/","title":{"rendered":"Anel de veda\u00e7\u00e3o labial tipo V"},"content":{"rendered":"<p style=\"font-weight: 400;\">Os an\u00e9is em V podem ser usados para veda\u00e7\u00f5es de eixo e furos.<\/p>\n<p style=\"font-weight: 400;\">A figura a seguir \u00e9 um diagrama esquem\u00e1tico da estrutura da se\u00e7\u00e3o da veda\u00e7\u00e3o do eixo em forma de V, que \u00e9 composta principalmente de uma combina\u00e7\u00e3o de anel de press\u00e3o, 3 a 7 an\u00e9is em V e anel de suporte.<\/p>\n<p style=\"font-weight: 400;\">O l\u00e1bio do anel em forma de V excedente com o eixo (\u00eambolo), que produzir\u00e1 certa deforma\u00e7\u00e3o ap\u00f3s a montagem. Devido \u00e0 a\u00e7\u00e3o do anel de suporte, a deforma\u00e7\u00e3o ocorre apenas no l\u00e1bio, de modo que produz for\u00e7a de pr\u00e9-aperto com a superf\u00edcie deslizante e tem o efeito de \u201cautoveda\u00e7\u00e3o\u201d.<\/p>\n<p class=\"p\">A veda\u00e7\u00e3o em V \u00e9 adequada para \u00f3leo hidr\u00e1ulico, \u00e1gua, emuls\u00e3o e outros meios, usando press\u00e3o de at\u00e9 40 MPa, velocidade da linha de superf\u00edcie de 0,5 m \u00b7 s-1, bom desempenho de veda\u00e7\u00e3o, permitindo certo movimento exc\u00eantrico, press\u00e3o de impacto e press\u00e3o de vibra\u00e7\u00e3o.<\/p>\n<p class=\"p\">Os an\u00e9is em V podem ser usados em diversas combina\u00e7\u00f5es, adequados para alta press\u00e3o, grande di\u00e2metro, curso longo e outras condi\u00e7\u00f5es de trabalho.<\/p>\n<p style=\"font-weight: 400;\">Quando a press\u00e3o m\u00e9dia, o l\u00e1bio e a superf\u00edcie deslizante entram em contato mais de perto, o meio fica dif\u00edcil de passar, produzindo o primeiro efeito de veda\u00e7\u00e3o, se houver vazamento, \u00e9 selado no segundo anel em V, de forma cont\u00ednua at\u00e9 que o vazamento seja evitado, para obter o efeito de veda\u00e7\u00e3o.<\/p>\n<p style=\"font-weight: 400;\">O n\u00famero de combina\u00e7\u00e3o do anel V depende do tamanho da press\u00e3o do meio de trabalho. Geralmente, a press\u00e3o \u00e9 grande e o n\u00famero \u00e9 grande, mas a resist\u00eancia ao atrito aumenta, e o desgaste do l\u00e1bio tamb\u00e9m aumenta.<\/p>","protected":false},"excerpt":{"rendered":"<p>O l\u00e1bio do anel em forma de V excedente com o eixo (\u00eambolo), que produzir\u00e1 certa deforma\u00e7\u00e3o ap\u00f3s a montagem. Devido \u00e0 a\u00e7\u00e3o do anel de suporte, a deforma\u00e7\u00e3o ocorre apenas no l\u00e1bio, de modo que produz for\u00e7a de pr\u00e9-aperto com a superf\u00edcie deslizante e tem o efeito de \u201cautoveda\u00e7\u00e3o\u201d.<\/p>","protected":false},"featured_media":542,"comment_status":"open","ping_status":"closed","template":"","meta":{"site-sidebar-layout":"default","site-content-layout":"","ast-site-content-layout":"default","site-content-style":"default","site-sidebar-style":"default","ast-global-header-display":"","ast-banner-title-visibility":"","ast-main-header-display":"","ast-hfb-above-header-display":"","ast-hfb-below-header-display":"","ast-hfb-mobile-header-display":"","site-post-title":"","ast-breadcrumbs-content":"","ast-featured-img":"","footer-sml-layout":"","ast-disable-related-posts":"","theme-transparent-header-meta":"default","adv-header-id-meta":"","stick-header-meta":"","header-above-stick-meta":"","header-main-stick-meta":"","header-below-stick-meta":"","astra-migrate-meta-layouts":"set","ast-page-background-enabled":"default","ast-page-background-meta":{"desktop":{"background-color":"var(--ast-global-color-4)","background-image":"","background-repeat":"repeat","background-position":"center center","background-size":"auto","background-attachment":"scroll","background-type":"","background-media":"","overlay-type":"","overlay-color":"","overlay-opacity":"","overlay-gradient":""},"tablet":{"background-color":"","background-image":"","background-repeat":"repeat","background-position":"center center","background-size":"auto","background-attachment":"scroll","background-type":"","background-media":"","overlay-type":"","overlay-color":"","overlay-opacity":"","overlay-gradient":""},"mobile":{"background-color":"","background-image":"","background-repeat":"repeat","background-position":"center center","background-size":"auto","background-attachment":"scroll","background-type":"","background-media":"","overlay-type":"","overlay-color":"","overlay-opacity":"","overlay-gradient":""}},"ast-content-background-meta":{"desktop":{"background-color":"var(--ast-global-color-5)","background-image":"","background-repeat":"repeat","background-position":"center center","background-size":"auto","background-attachment":"scroll","background-type":"","background-media":"","overlay-type":"","overlay-color":"","overlay-opacity":"","overlay-gradient":""},"tablet":{"background-color":"var(--ast-global-color-5)","background-image":"","background-repeat":"repeat","background-position":"center center","background-size":"auto","background-attachment":"scroll","background-type":"","background-media":"","overlay-type":"","overlay-color":"","overlay-opacity":"","overlay-gradient":""},"mobile":{"background-color":"var(--ast-global-color-5)","background-image":"","background-repeat":"repeat","background-position":"center center","background-size":"auto","background-attachment":"scroll","background-type":"","background-media":"","overlay-type":"","overlay-color":"","overlay-opacity":"","overlay-gradient":""}}},"product_brand":[],"product_cat":[26,23],"product_tag":[],"class_list":{"0":"post-534","1":"product","2":"type-product","3":"status-publish","4":"has-post-thumbnail","6":"product_cat-lip-seal","7":"product_cat-rubber-seals","8":"desktop-align-center","9":"tablet-align-left","10":"mobile-align-left","12":"first","13":"instock","14":"shipping-taxable","15":"product-type-simple"},"_links":{"self":[{"href":"https:\/\/www.sterubber.com\/pt\/wp-json\/wp\/v2\/product\/534","targetHints":{"allow":["GET"]}}],"collection":[{"href":"https:\/\/www.sterubber.com\/pt\/wp-json\/wp\/v2\/product"}],"about":[{"href":"https:\/\/www.sterubber.com\/pt\/wp-json\/wp\/v2\/types\/product"}],"replies":[{"embeddable":true,"href":"https:\/\/www.sterubber.com\/pt\/wp-json\/wp\/v2\/comments?post=534"}],"wp:featuredmedia":[{"embeddable":true,"href":"https:\/\/www.sterubber.com\/pt\/wp-json\/wp\/v2\/media\/542"}],"wp:attachment":[{"href":"https:\/\/www.sterubber.com\/pt\/wp-json\/wp\/v2\/media?parent=534"}],"wp:term":[{"taxonomy":"product_brand","embeddable":true,"href":"https:\/\/www.sterubber.com\/pt\/wp-json\/wp\/v2\/product_brand?post=534"},{"taxonomy":"product_cat","embeddable":true,"href":"https:\/\/www.sterubber.com\/pt\/wp-json\/wp\/v2\/product_cat?post=534"},{"taxonomy":"product_tag","embeddable":true,"href":"https:\/\/www.sterubber.com\/pt\/wp-json\/wp\/v2\/product_tag?post=534"}],"curies":[{"name":"wp","href":"https:\/\/api.w.org\/{rel}","templated":true}]}}