{"id":525,"date":"2024-04-01T10:21:06","date_gmt":"2024-04-01T02:21:06","guid":{"rendered":"https:\/\/sterubber.com\/?post_type=product&#038;p=525"},"modified":"2024-04-07T10:34:15","modified_gmt":"2024-04-07T02:34:15","slug":"aneis-de-vedacao","status":"publish","type":"product","link":"https:\/\/www.sterubber.com\/pt\/product\/o-rings\/","title":{"rendered":"An\u00e9is de veda\u00e7\u00e3o"},"content":{"rendered":"<p>Informa\u00e7\u00f5es sobre an\u00e9is de veda\u00e7\u00e3o<\/p>\n<p>Configura\u00e7\u00e3o: redondo<\/p>\n<p>Material: Elast\u00f4mero, CR, NBR, FKM, EPDM, Silicone<\/p>\n<p>Aplica\u00e7\u00f5es: para v\u00e1lvulas, aplica\u00e7\u00f5es qu\u00edmicas, ind\u00fastria petrol\u00edfera, caixas de engrenagens, produtos qu\u00edmicos, equipamentos de minera\u00e7\u00e3o, sistemas de refrigera\u00e7\u00e3o, bombas, aplica\u00e7\u00f5es industriais, m\u00e1quinas da ind\u00fastria aliment\u00edcia, equipamentos de constru\u00e7\u00e3o, caldeiras, ar condicionado, ind\u00fastria farmac\u00eautica, conex\u00f5es, flanges, borracha, para m\u00e1quinas agr\u00edcolas, para sistemas de \u00e1gua, para fluidos hidr\u00e1ulicos, para aplica\u00e7\u00f5es de alta temperatura, para autom\u00f3veis, para aplica\u00e7\u00f5es hidr\u00e1ulicas, para tubos, para caminh\u00f5es<\/p>\n<p>Fluidos Corporais: Para Gases<\/p>\n<p>Outras caracter\u00edsticas: a\u00e7\u00e3o simples, est\u00e1tico, personalizado, alta press\u00e3o, alta temperatura, grande di\u00e2metro, grande<\/p>\n<p>Limites de temperatura: M\u00e1ximo: 250 \u00b0C (482 \u00b0F) M\u00ednimo: -50 \u00b0C (-58 \u00b0F)<\/p>\n<p>Limites de press\u00e3o: M\u00e1ximo: 2.000 bar (29.007,5 psi) M\u00ednimo: 0 bar (0 psi)<\/p>\n\n<table id=\"tablepress-1\" class=\"tablepress tablepress-id-1 tbody-has-connected-cells\">\n<thead>\n<tr class=\"row-1\">\n\t<th class=\"column-1\">Nome do produto<\/th><th class=\"column-2\">Material<\/th><th class=\"column-3\">Dureza<\/th><th class=\"column-4\">Temperatura<\/th>\n<\/tr>\n<\/thead>\n<tbody class=\"row-striping row-hover\">\n<tr class=\"row-2\">\n\t<td rowspan=\"6\" class=\"column-1\">Veda\u00e7\u00f5es de borracha O-Ring<\/td><td class=\"column-2\">NBR (Buna, Nitrila)\t<\/td><td class=\"column-3\">60-90A<\/td><td class=\"column-4\">-40\u2103-110\u2103<\/td>\n<\/tr>\n<tr class=\"row-3\">\n\t<td class=\"column-2\">FKM (FPM)\t<\/td><td class=\"column-3\">70-90A<\/td><td class=\"column-4\">-20\u2103-220\u2103<\/td>\n<\/tr>\n<tr class=\"row-4\">\n\t<td class=\"column-2\">EPDM<\/td><td class=\"column-3\">60-90A<\/td><td class=\"column-4\">-45\u2103-150\u2103<\/td>\n<\/tr>\n<tr class=\"row-5\">\n\t<td class=\"column-2\">Silicone (VMQ)\t<\/td><td class=\"column-3\">10-70A<\/td><td class=\"column-4\">-55\u2103-204\u2103<\/td>\n<\/tr>\n<tr class=\"row-6\">\n\t<td class=\"column-2\">HNBR<\/td><td class=\"column-3\">60-90A<\/td><td class=\"column-4\">-48\u2103-180\u2103<\/td>\n<\/tr>\n<tr class=\"row-7\">\n\t<td class=\"column-2\">FFKM (FFKM, Kalrez)\t<\/td><td class=\"column-3\">70-90A<\/td><td class=\"column-4\">-18\u2103-326\u2103<\/td>\n<\/tr>\n<\/tbody>\n<\/table>\n<!-- #tablepress-1 from cache -->\n<p class=\"p\">Um O-ring \u00e9 um anel circular com uma se\u00e7\u00e3o transversal circular que garante uma veda\u00e7\u00e3o firme contra todos os tipos de fluidos e gases. Todos os compostos e pe\u00e7as s\u00e3o desenvolvidos e fabricados em nossas instala\u00e7\u00f5es de acordo com os mais altos padr\u00f5es da ind\u00fastria. Tamanhos \u2013 Ampla gama de tamanhos padr\u00e3o em estoque \u2013 Padr\u00f5es de tamanho internacionais (AS568, BS1806, ISO3601, LJF Bague R\u2026) \u2013 O-rings especialmente desenvolvidos para seu projeto Compostos \u2013 Ampla gama de compostos: EPDM, FKM, NBR, HNBR, ACM, AEM, FFKM, Butil, Silicone, fluoro silicone\u2026. \u2013 Compostos aprovados para alimentos, \u00e1gua pot\u00e1vel, g\u00e1s e g\u00e1s de petr\u00f3leo \u2013 Dureza Shao de 50 a 98 \u2013 Faixa de temperatura de -50 \u00b0C a +250 \u00b0C \u2013 Pode suportar altas press\u00f5es de v\u00e1cuo de at\u00e9 2000 bar \u2013 Requisitos espec\u00edficos de limpeza<\/p>","protected":false},"excerpt":{"rendered":"<p>Um O-ring \u00e9 um anel circular com uma se\u00e7\u00e3o transversal circular que garante uma veda\u00e7\u00e3o firme contra todos os tipos de fluidos e gases. Todos os compostos e pe\u00e7as s\u00e3o desenvolvidos e fabricados em nossas instala\u00e7\u00f5es de acordo com os mais altos padr\u00f5es da ind\u00fastria. Tamanhos \u2013 Ampla gama de tamanhos padr\u00e3o em estoque \u2013 Padr\u00f5es de tamanho internacionais (AS568, BS1806, ISO3601, LJF Bague R\u2026) \u2013 O-rings especialmente desenvolvidos para seu projeto Compostos \u2013 Ampla gama de compostos: EPDM, FKM, NBR, HNBR, ACM, AEM, FFKM, Butil, Silicone, fluoro silicone\u2026. \u2013 Compostos aprovados para alimentos, \u00e1gua pot\u00e1vel, g\u00e1s e g\u00e1s de petr\u00f3leo \u2013 Dureza Shao de 50 a 98 \u2013 Faixa de temperatura de -50 \u00b0C a +250 \u00b0C \u2013 Pode suportar altas press\u00f5es de v\u00e1cuo de at\u00e9 2000 bar \u2013 Requisitos espec\u00edficos de limpeza<\/p>","protected":false},"featured_media":527,"comment_status":"open","ping_status":"closed","template":"","meta":{"site-sidebar-layout":"default","site-content-layout":"","ast-site-content-layout":"default","site-content-style":"default","site-sidebar-style":"default","ast-global-header-display":"","ast-banner-title-visibility":"","ast-main-header-display":"","ast-hfb-above-header-display":"","ast-hfb-below-header-display":"","ast-hfb-mobile-header-display":"","site-post-title":"","ast-breadcrumbs-content":"","ast-featured-img":"","footer-sml-layout":"","ast-disable-related-posts":"","theme-transparent-header-meta":"default","adv-header-id-meta":"","stick-header-meta":"","header-above-stick-meta":"","header-main-stick-meta":"","header-below-stick-meta":"","astra-migrate-meta-layouts":"set","ast-page-background-enabled":"default","ast-page-background-meta":{"desktop":{"background-color":"var(--ast-global-color-4)","background-image":"","background-repeat":"repeat","background-position":"center center","background-size":"auto","background-attachment":"scroll","background-type":"","background-media":"","overlay-type":"","overlay-color":"","overlay-opacity":"","overlay-gradient":""},"tablet":{"background-color":"","background-image":"","background-repeat":"repeat","background-position":"center center","background-size":"auto","background-attachment":"scroll","background-type":"","background-media":"","overlay-type":"","overlay-color":"","overlay-opacity":"","overlay-gradient":""},"mobile":{"background-color":"","background-image":"","background-repeat":"repeat","background-position":"center center","background-size":"auto","background-attachment":"scroll","background-type":"","background-media":"","overlay-type":"","overlay-color":"","overlay-opacity":"","overlay-gradient":""}},"ast-content-background-meta":{"desktop":{"background-color":"var(--ast-global-color-5)","background-image":"","background-repeat":"repeat","background-position":"center center","background-size":"auto","background-attachment":"scroll","background-type":"","background-media":"","overlay-type":"","overlay-color":"","overlay-opacity":"","overlay-gradient":""},"tablet":{"background-color":"var(--ast-global-color-5)","background-image":"","background-repeat":"repeat","background-position":"center center","background-size":"auto","background-attachment":"scroll","background-type":"","background-media":"","overlay-type":"","overlay-color":"","overlay-opacity":"","overlay-gradient":""},"mobile":{"background-color":"var(--ast-global-color-5)","background-image":"","background-repeat":"repeat","background-position":"center center","background-size":"auto","background-attachment":"scroll","background-type":"","background-media":"","overlay-type":"","overlay-color":"","overlay-opacity":"","overlay-gradient":""}}},"product_brand":[],"product_cat":[25,23],"product_tag":[],"class_list":{"0":"post-525","1":"product","2":"type-product","3":"status-publish","4":"has-post-thumbnail","6":"product_cat-o-rings","7":"product_cat-rubber-seals","8":"desktop-align-center","9":"tablet-align-left","10":"mobile-align-left","12":"first","13":"instock","14":"shipping-taxable","15":"product-type-simple"},"_links":{"self":[{"href":"https:\/\/www.sterubber.com\/pt\/wp-json\/wp\/v2\/product\/525","targetHints":{"allow":["GET"]}}],"collection":[{"href":"https:\/\/www.sterubber.com\/pt\/wp-json\/wp\/v2\/product"}],"about":[{"href":"https:\/\/www.sterubber.com\/pt\/wp-json\/wp\/v2\/types\/product"}],"replies":[{"embeddable":true,"href":"https:\/\/www.sterubber.com\/pt\/wp-json\/wp\/v2\/comments?post=525"}],"wp:featuredmedia":[{"embeddable":true,"href":"https:\/\/www.sterubber.com\/pt\/wp-json\/wp\/v2\/media\/527"}],"wp:attachment":[{"href":"https:\/\/www.sterubber.com\/pt\/wp-json\/wp\/v2\/media?parent=525"}],"wp:term":[{"taxonomy":"product_brand","embeddable":true,"href":"https:\/\/www.sterubber.com\/pt\/wp-json\/wp\/v2\/product_brand?post=525"},{"taxonomy":"product_cat","embeddable":true,"href":"https:\/\/www.sterubber.com\/pt\/wp-json\/wp\/v2\/product_cat?post=525"},{"taxonomy":"product_tag","embeddable":true,"href":"https:\/\/www.sterubber.com\/pt\/wp-json\/wp\/v2\/product_tag?post=525"}],"curies":[{"name":"wp","href":"https:\/\/api.w.org\/{rel}","templated":true}]}}