{"id":518,"date":"2024-04-01T10:13:48","date_gmt":"2024-04-01T02:13:48","guid":{"rendered":"https:\/\/sterubber.com\/?post_type=product&#038;p=518"},"modified":"2024-04-07T10:33:57","modified_gmt":"2024-04-07T02:33:57","slug":"anel-de-vedacao-revestido-com-encapsulamento-de-ptfe","status":"publish","type":"product","link":"https:\/\/www.sterubber.com\/pt\/product\/ptfe-encapsulated-coated-o-ring\/","title":{"rendered":"Anel de veda\u00e7\u00e3o revestido encapsulado em PTFE"},"content":{"rendered":"<p>PTFE Combinando a elasticidade e veda\u00e7\u00e3o da borracha com a resist\u00eancia qu\u00edmica do Teflon, \u00e9 composto por um silicone ou<br \/>\nn\u00facleo interno de borracha de fl\u00faor e uma cobertura externa relativamente fina de Teflon FEP ou Teflon PFA. Este anel de veda\u00e7\u00e3o de borracha de Teflon tem<br \/>\nexcelente desempenho de veda\u00e7\u00e3o. Os O-rings de borracha s\u00e3o f\u00e1ceis de usar, quimicamente resistentes e perme\u00e1veis a g\u00e1s. Os O-rings de Teflon puro t\u00eam maior dureza e podem resistir \u00e0 compress\u00e3o, mas t\u00eam pouca elasticidade.<br \/>\n<strong>Principais vantagens:<\/strong><br \/>\nexcelente resist\u00eancia qu\u00edmica, adequada para quase todos os meios qu\u00edmicos: excelente resist\u00eancia \u00e0 corros\u00e3o, boa resist\u00eancia \u00e0 compress\u00e3o, boa resist\u00eancia ao incha\u00e7o, resist\u00eancia a altas temperaturas e uma ampla gama de aplica\u00e7\u00f5es de temperatura.<br \/>\n<strong>Faixa de temperatura aplic\u00e1vel:<\/strong><br \/>\nTeflon FEP Shell: -60\u2103-205\u2103 pode ser usado por um curto per\u00edodo sob alta temperatura de 260\u2103. Teflon PFA shell: -60\u2103-260\u2103 pode ser usado por um curto per\u00edodo sob alta temperatura de 300\u2103.<br \/>\n<strong>Usos:\u00a0<\/strong>bombas, v\u00e1lvulas, selos mec\u00e2nicos, filtros, vasos de rea\u00e7\u00e3o, vasos de press\u00e3o, trocadores de calor, caldeiras, flanges de tubula\u00e7\u00f5es, compressores de g\u00e1s.<\/p>","protected":false},"excerpt":{"rendered":"<p>PTFE Combinando a elasticidade e veda\u00e7\u00e3o da borracha com a resist\u00eancia qu\u00edmica do Teflon, \u00e9 composto por um silicone ou<br \/>\nn\u00facleo interno de borracha de fl\u00faor e uma cobertura externa relativamente fina de Teflon FEP ou Teflon PFA. Este anel de veda\u00e7\u00e3o de borracha de Teflon tem<br \/>\nexcelente desempenho de veda\u00e7\u00e3o. Os O-rings de borracha s\u00e3o f\u00e1ceis de usar, quimicamente resistentes e perme\u00e1veis a g\u00e1s. Os O-rings de Teflon puro t\u00eam maior dureza e podem resistir \u00e0 compress\u00e3o, mas t\u00eam pouca elasticidade.<\/p>","protected":false},"featured_media":521,"comment_status":"open","ping_status":"closed","template":"","meta":{"site-sidebar-layout":"default","site-content-layout":"","ast-site-content-layout":"default","site-content-style":"default","site-sidebar-style":"default","ast-global-header-display":"","ast-banner-title-visibility":"","ast-main-header-display":"","ast-hfb-above-header-display":"","ast-hfb-below-header-display":"","ast-hfb-mobile-header-display":"","site-post-title":"","ast-breadcrumbs-content":"","ast-featured-img":"","footer-sml-layout":"","ast-disable-related-posts":"","theme-transparent-header-meta":"default","adv-header-id-meta":"","stick-header-meta":"","header-above-stick-meta":"","header-main-stick-meta":"","header-below-stick-meta":"","astra-migrate-meta-layouts":"set","ast-page-background-enabled":"default","ast-page-background-meta":{"desktop":{"background-color":"var(--ast-global-color-4)","background-image":"","background-repeat":"repeat","background-position":"center center","background-size":"auto","background-attachment":"scroll","background-type":"","background-media":"","overlay-type":"","overlay-color":"","overlay-opacity":"","overlay-gradient":""},"tablet":{"background-color":"","background-image":"","background-repeat":"repeat","background-position":"center center","background-size":"auto","background-attachment":"scroll","background-type":"","background-media":"","overlay-type":"","overlay-color":"","overlay-opacity":"","overlay-gradient":""},"mobile":{"background-color":"","background-image":"","background-repeat":"repeat","background-position":"center center","background-size":"auto","background-attachment":"scroll","background-type":"","background-media":"","overlay-type":"","overlay-color":"","overlay-opacity":"","overlay-gradient":""}},"ast-content-background-meta":{"desktop":{"background-color":"var(--ast-global-color-5)","background-image":"","background-repeat":"repeat","background-position":"center center","background-size":"auto","background-attachment":"scroll","background-type":"","background-media":"","overlay-type":"","overlay-color":"","overlay-opacity":"","overlay-gradient":""},"tablet":{"background-color":"var(--ast-global-color-5)","background-image":"","background-repeat":"repeat","background-position":"center center","background-size":"auto","background-attachment":"scroll","background-type":"","background-media":"","overlay-type":"","overlay-color":"","overlay-opacity":"","overlay-gradient":""},"mobile":{"background-color":"var(--ast-global-color-5)","background-image":"","background-repeat":"repeat","background-position":"center center","background-size":"auto","background-attachment":"scroll","background-type":"","background-media":"","overlay-type":"","overlay-color":"","overlay-opacity":"","overlay-gradient":""}}},"product_brand":[],"product_cat":[25,23],"product_tag":[],"class_list":{"0":"post-518","1":"product","2":"type-product","3":"status-publish","4":"has-post-thumbnail","6":"product_cat-o-rings","7":"product_cat-rubber-seals","8":"desktop-align-center","9":"tablet-align-left","10":"mobile-align-left","12":"first","13":"instock","14":"shipping-taxable","15":"product-type-simple"},"_links":{"self":[{"href":"https:\/\/www.sterubber.com\/pt\/wp-json\/wp\/v2\/product\/518","targetHints":{"allow":["GET"]}}],"collection":[{"href":"https:\/\/www.sterubber.com\/pt\/wp-json\/wp\/v2\/product"}],"about":[{"href":"https:\/\/www.sterubber.com\/pt\/wp-json\/wp\/v2\/types\/product"}],"replies":[{"embeddable":true,"href":"https:\/\/www.sterubber.com\/pt\/wp-json\/wp\/v2\/comments?post=518"}],"wp:featuredmedia":[{"embeddable":true,"href":"https:\/\/www.sterubber.com\/pt\/wp-json\/wp\/v2\/media\/521"}],"wp:attachment":[{"href":"https:\/\/www.sterubber.com\/pt\/wp-json\/wp\/v2\/media?parent=518"}],"wp:term":[{"taxonomy":"product_brand","embeddable":true,"href":"https:\/\/www.sterubber.com\/pt\/wp-json\/wp\/v2\/product_brand?post=518"},{"taxonomy":"product_cat","embeddable":true,"href":"https:\/\/www.sterubber.com\/pt\/wp-json\/wp\/v2\/product_cat?post=518"},{"taxonomy":"product_tag","embeddable":true,"href":"https:\/\/www.sterubber.com\/pt\/wp-json\/wp\/v2\/product_tag?post=518"}],"curies":[{"name":"wp","href":"https:\/\/api.w.org\/{rel}","templated":true}]}}