{"id":513,"date":"2024-04-01T10:09:23","date_gmt":"2024-04-01T02:09:23","guid":{"rendered":"https:\/\/sterubber.com\/?post_type=product&#038;p=513"},"modified":"2024-04-07T10:33:43","modified_gmt":"2024-04-07T02:33:43","slug":"anel-de-vedacao-nbr","status":"publish","type":"product","link":"https:\/\/www.sterubber.com\/pt\/product\/nbr-o-ring\/","title":{"rendered":"Anel O NBR"},"content":{"rendered":"<p style=\"font-weight: 400;\"><strong>An\u00e9is de veda\u00e7\u00e3o Buna-N\/ NBR\/Nitrila<\/strong><\/p>\n<p style=\"font-weight: 400;\">Caracter\u00edsticas:<\/p>\n<p style=\"font-weight: 400;\">Para NBR, a temperatura de servi\u00e7o pode ser projetada de -55 \u2103 a 100 \u2103 ou at\u00e9 130 \u2103, dependendo do conte\u00fado e da f\u00f3rmula da acrilonitrila.<\/p>\n<p style=\"font-weight: 400;\">Os compostos de NBR apresentam excelente resist\u00eancia \u00e0 abras\u00e3o, \u00f3leos e solventes n\u00e3o polares, \u00e1gua e permea\u00e7\u00e3o (maiores teores de acrilonitrila ser\u00e3o melhores). O NBR tamb\u00e9m pode ser usado em condi\u00e7\u00f5es de \u00e1cidos dilu\u00eddos, \u00e1lcalis e solu\u00e7\u00f5es salinas em baixas temperaturas.<\/p>\n<p>O-ring \u00e9 adequado para instala\u00e7\u00e3o em todos os tipos de equipamentos mec\u00e2nicos, na temperatura e press\u00e3o especificadas, bem como<br \/>\ncomo diferentes meios l\u00edquidos e gasosos, em repouso ou movimento do efeito de veda\u00e7\u00e3o.<br \/>\nEm m\u00e1quinas-ferramentas, navios, autom\u00f3veis, equipamentos aeroespaciais, m\u00e1quinas metal\u00fargicas, m\u00e1quinas qu\u00edmicas, m\u00e1quinas de engenharia, m\u00e1quinas de constru\u00e7\u00e3o, m\u00e1quinas de minera\u00e7\u00e3o, m\u00e1quinas de petr\u00f3leo, m\u00e1quinas de pl\u00e1stico, m\u00e1quinas agr\u00edcolas e todos os tipos de instrumentos e medidores, um grande n\u00famero de aplica\u00e7\u00f5es de v\u00e1rios tipos de componentes de veda\u00e7\u00e3o.<\/p>","protected":false},"excerpt":{"rendered":"<p style=\"font-weight: 400;\"><strong>An\u00e9is de veda\u00e7\u00e3o Buna-N\/ NBR\/Nitrila<\/strong><\/p>\n<p style=\"font-weight: 400;\">Caracter\u00edsticas:<\/p>\n<p style=\"font-weight: 400;\">Para NBR, a temperatura de servi\u00e7o pode ser projetada de -55 \u2103 a 100 \u2103 ou at\u00e9 130 \u2103, dependendo do conte\u00fado e da f\u00f3rmula da acrilonitrila.<\/p>\n<p style=\"font-weight: 400;\">Os compostos de NBR apresentam excelente resist\u00eancia \u00e0 abras\u00e3o, \u00f3leos e solventes n\u00e3o polares, \u00e1gua e permea\u00e7\u00e3o (maiores teores de acrilonitrila ser\u00e3o melhores). O NBR tamb\u00e9m pode ser usado em condi\u00e7\u00f5es de \u00e1cidos dilu\u00eddos, \u00e1lcalis e solu\u00e7\u00f5es salinas em baixas temperaturas.<\/p>","protected":false},"featured_media":514,"comment_status":"open","ping_status":"closed","template":"","meta":{"site-sidebar-layout":"default","site-content-layout":"","ast-site-content-layout":"default","site-content-style":"default","site-sidebar-style":"default","ast-global-header-display":"","ast-banner-title-visibility":"","ast-main-header-display":"","ast-hfb-above-header-display":"","ast-hfb-below-header-display":"","ast-hfb-mobile-header-display":"","site-post-title":"","ast-breadcrumbs-content":"","ast-featured-img":"","footer-sml-layout":"","ast-disable-related-posts":"","theme-transparent-header-meta":"default","adv-header-id-meta":"","stick-header-meta":"","header-above-stick-meta":"","header-main-stick-meta":"","header-below-stick-meta":"","astra-migrate-meta-layouts":"set","ast-page-background-enabled":"default","ast-page-background-meta":{"desktop":{"background-color":"var(--ast-global-color-4)","background-image":"","background-repeat":"repeat","background-position":"center center","background-size":"auto","background-attachment":"scroll","background-type":"","background-media":"","overlay-type":"","overlay-color":"","overlay-opacity":"","overlay-gradient":""},"tablet":{"background-color":"","background-image":"","background-repeat":"repeat","background-position":"center center","background-size":"auto","background-attachment":"scroll","background-type":"","background-media":"","overlay-type":"","overlay-color":"","overlay-opacity":"","overlay-gradient":""},"mobile":{"background-color":"","background-image":"","background-repeat":"repeat","background-position":"center center","background-size":"auto","background-attachment":"scroll","background-type":"","background-media":"","overlay-type":"","overlay-color":"","overlay-opacity":"","overlay-gradient":""}},"ast-content-background-meta":{"desktop":{"background-color":"var(--ast-global-color-5)","background-image":"","background-repeat":"repeat","background-position":"center center","background-size":"auto","background-attachment":"scroll","background-type":"","background-media":"","overlay-type":"","overlay-color":"","overlay-opacity":"","overlay-gradient":""},"tablet":{"background-color":"var(--ast-global-color-5)","background-image":"","background-repeat":"repeat","background-position":"center center","background-size":"auto","background-attachment":"scroll","background-type":"","background-media":"","overlay-type":"","overlay-color":"","overlay-opacity":"","overlay-gradient":""},"mobile":{"background-color":"var(--ast-global-color-5)","background-image":"","background-repeat":"repeat","background-position":"center center","background-size":"auto","background-attachment":"scroll","background-type":"","background-media":"","overlay-type":"","overlay-color":"","overlay-opacity":"","overlay-gradient":""}}},"product_brand":[],"product_cat":[25,23],"product_tag":[],"class_list":{"0":"post-513","1":"product","2":"type-product","3":"status-publish","4":"has-post-thumbnail","6":"product_cat-o-rings","7":"product_cat-rubber-seals","8":"desktop-align-center","9":"tablet-align-left","10":"mobile-align-left","12":"first","13":"instock","14":"shipping-taxable","15":"product-type-simple"},"_links":{"self":[{"href":"https:\/\/www.sterubber.com\/pt\/wp-json\/wp\/v2\/product\/513","targetHints":{"allow":["GET"]}}],"collection":[{"href":"https:\/\/www.sterubber.com\/pt\/wp-json\/wp\/v2\/product"}],"about":[{"href":"https:\/\/www.sterubber.com\/pt\/wp-json\/wp\/v2\/types\/product"}],"replies":[{"embeddable":true,"href":"https:\/\/www.sterubber.com\/pt\/wp-json\/wp\/v2\/comments?post=513"}],"wp:featuredmedia":[{"embeddable":true,"href":"https:\/\/www.sterubber.com\/pt\/wp-json\/wp\/v2\/media\/514"}],"wp:attachment":[{"href":"https:\/\/www.sterubber.com\/pt\/wp-json\/wp\/v2\/media?parent=513"}],"wp:term":[{"taxonomy":"product_brand","embeddable":true,"href":"https:\/\/www.sterubber.com\/pt\/wp-json\/wp\/v2\/product_brand?post=513"},{"taxonomy":"product_cat","embeddable":true,"href":"https:\/\/www.sterubber.com\/pt\/wp-json\/wp\/v2\/product_cat?post=513"},{"taxonomy":"product_tag","embeddable":true,"href":"https:\/\/www.sterubber.com\/pt\/wp-json\/wp\/v2\/product_tag?post=513"}],"curies":[{"name":"wp","href":"https:\/\/api.w.org\/{rel}","templated":true}]}}