{"id":502,"date":"2024-04-01T10:03:07","date_gmt":"2024-04-01T02:03:07","guid":{"rendered":"https:\/\/sterubber.com\/?post_type=product&#038;p=502"},"modified":"2024-04-07T10:32:10","modified_gmt":"2024-04-07T02:32:10","slug":"anel-de-vedacao-de-poliuretano","status":"publish","type":"product","link":"https:\/\/www.sterubber.com\/pt\/product\/polyurethane-o-ring-seal\/","title":{"rendered":"Anel de veda\u00e7\u00e3o de poliuretano"},"content":{"rendered":"<p style=\"font-weight: 400;\"><strong>Poliuretano (PU) O<\/strong><strong>\u00a0<\/strong><strong>Selos de anel<\/strong><\/p>\n<p style=\"font-weight: 400;\">Caracter\u00edsticas:<\/p>\n<p style=\"font-weight: 400;\">O poliuretano \u00e9 um elast\u00f4mero composto por unidades org\u00e2nicas unidas por liga\u00e7\u00f5es de uretano. Este material \u00e9 usado para fabricar tudo, desde esponjas de espuma a buchas automotivas e fibras sint\u00e9ticas como o Spandex. An\u00e9is de veda\u00e7\u00e3o, juntas e veda\u00e7\u00f5es de poliuretano s\u00e3o ideais para aplica\u00e7\u00f5es que exigem caracter\u00edsticas de borracha ou pl\u00e1stico, mas com a durabilidade necess\u00e1ria para sobreviver a ambientes desafiadores que esses materiais n\u00e3o conseguem. Eles apresentam excelente resist\u00eancia \u00e0 abras\u00e3o, resist\u00eancia qu\u00edmica, elasticidade e rebote. O poliuretano tamb\u00e9m \u00e9 altamente resistente \u00e0 abras\u00e3o, cortes, rachaduras, alto impacto e cargas pesadas.<\/p>\n<p>O-ring \u00e9 adequado para instala\u00e7\u00e3o em todos os tipos de equipamentos mec\u00e2nicos, na temperatura e press\u00e3o especificadas, bem como<br \/>\ncomo diferentes meios l\u00edquidos e gasosos, em repouso ou movimento do efeito de veda\u00e7\u00e3o.<br \/>\nEm m\u00e1quinas-ferramentas, navios, autom\u00f3veis, equipamentos aeroespaciais, m\u00e1quinas metal\u00fargicas, m\u00e1quinas qu\u00edmicas, m\u00e1quinas de engenharia, m\u00e1quinas de constru\u00e7\u00e3o, m\u00e1quinas de minera\u00e7\u00e3o, m\u00e1quinas de petr\u00f3leo, m\u00e1quinas de pl\u00e1stico, m\u00e1quinas agr\u00edcolas e todos os tipos de instrumentos e medidores, um grande n\u00famero de aplica\u00e7\u00f5es de v\u00e1rios tipos de componentes de veda\u00e7\u00e3o.<\/p>","protected":false},"excerpt":{"rendered":"<p>O poliuretano \u00e9 um elast\u00f4mero composto por unidades org\u00e2nicas unidas por liga\u00e7\u00f5es de uretano. Este material \u00e9 usado para fabricar tudo, desde esponjas de espuma a buchas automotivas e fibras sint\u00e9ticas como o Spandex. An\u00e9is de veda\u00e7\u00e3o, juntas e veda\u00e7\u00f5es de poliuretano s\u00e3o ideais para aplica\u00e7\u00f5es que exigem caracter\u00edsticas de borracha ou pl\u00e1stico, mas com a durabilidade necess\u00e1ria para sobreviver a ambientes desafiadores que esses materiais n\u00e3o conseguem. Eles apresentam excelente resist\u00eancia \u00e0 abras\u00e3o, resist\u00eancia qu\u00edmica, elasticidade e rebote. O poliuretano tamb\u00e9m \u00e9 altamente resistente \u00e0 abras\u00e3o, cortes, rachaduras, alto impacto e cargas pesadas.<\/p>","protected":false},"featured_media":504,"comment_status":"open","ping_status":"closed","template":"","meta":{"site-sidebar-layout":"default","site-content-layout":"","ast-site-content-layout":"default","site-content-style":"default","site-sidebar-style":"default","ast-global-header-display":"","ast-banner-title-visibility":"","ast-main-header-display":"","ast-hfb-above-header-display":"","ast-hfb-below-header-display":"","ast-hfb-mobile-header-display":"","site-post-title":"","ast-breadcrumbs-content":"","ast-featured-img":"","footer-sml-layout":"","ast-disable-related-posts":"","theme-transparent-header-meta":"default","adv-header-id-meta":"","stick-header-meta":"","header-above-stick-meta":"","header-main-stick-meta":"","header-below-stick-meta":"","astra-migrate-meta-layouts":"set","ast-page-background-enabled":"default","ast-page-background-meta":{"desktop":{"background-color":"var(--ast-global-color-4)","background-image":"","background-repeat":"repeat","background-position":"center center","background-size":"auto","background-attachment":"scroll","background-type":"","background-media":"","overlay-type":"","overlay-color":"","overlay-opacity":"","overlay-gradient":""},"tablet":{"background-color":"","background-image":"","background-repeat":"repeat","background-position":"center center","background-size":"auto","background-attachment":"scroll","background-type":"","background-media":"","overlay-type":"","overlay-color":"","overlay-opacity":"","overlay-gradient":""},"mobile":{"background-color":"","background-image":"","background-repeat":"repeat","background-position":"center center","background-size":"auto","background-attachment":"scroll","background-type":"","background-media":"","overlay-type":"","overlay-color":"","overlay-opacity":"","overlay-gradient":""}},"ast-content-background-meta":{"desktop":{"background-color":"var(--ast-global-color-5)","background-image":"","background-repeat":"repeat","background-position":"center center","background-size":"auto","background-attachment":"scroll","background-type":"","background-media":"","overlay-type":"","overlay-color":"","overlay-opacity":"","overlay-gradient":""},"tablet":{"background-color":"var(--ast-global-color-5)","background-image":"","background-repeat":"repeat","background-position":"center center","background-size":"auto","background-attachment":"scroll","background-type":"","background-media":"","overlay-type":"","overlay-color":"","overlay-opacity":"","overlay-gradient":""},"mobile":{"background-color":"var(--ast-global-color-5)","background-image":"","background-repeat":"repeat","background-position":"center center","background-size":"auto","background-attachment":"scroll","background-type":"","background-media":"","overlay-type":"","overlay-color":"","overlay-opacity":"","overlay-gradient":""}}},"product_brand":[],"product_cat":[25,23],"product_tag":[],"class_list":{"0":"post-502","1":"product","2":"type-product","3":"status-publish","4":"has-post-thumbnail","6":"product_cat-o-rings","7":"product_cat-rubber-seals","8":"desktop-align-center","9":"tablet-align-left","10":"mobile-align-left","12":"first","13":"instock","14":"shipping-taxable","15":"product-type-simple"},"_links":{"self":[{"href":"https:\/\/www.sterubber.com\/pt\/wp-json\/wp\/v2\/product\/502","targetHints":{"allow":["GET"]}}],"collection":[{"href":"https:\/\/www.sterubber.com\/pt\/wp-json\/wp\/v2\/product"}],"about":[{"href":"https:\/\/www.sterubber.com\/pt\/wp-json\/wp\/v2\/types\/product"}],"replies":[{"embeddable":true,"href":"https:\/\/www.sterubber.com\/pt\/wp-json\/wp\/v2\/comments?post=502"}],"wp:featuredmedia":[{"embeddable":true,"href":"https:\/\/www.sterubber.com\/pt\/wp-json\/wp\/v2\/media\/504"}],"wp:attachment":[{"href":"https:\/\/www.sterubber.com\/pt\/wp-json\/wp\/v2\/media?parent=502"}],"wp:term":[{"taxonomy":"product_brand","embeddable":true,"href":"https:\/\/www.sterubber.com\/pt\/wp-json\/wp\/v2\/product_brand?post=502"},{"taxonomy":"product_cat","embeddable":true,"href":"https:\/\/www.sterubber.com\/pt\/wp-json\/wp\/v2\/product_cat?post=502"},{"taxonomy":"product_tag","embeddable":true,"href":"https:\/\/www.sterubber.com\/pt\/wp-json\/wp\/v2\/product_tag?post=502"}],"curies":[{"name":"wp","href":"https:\/\/api.w.org\/{rel}","templated":true}]}}