{"id":432,"date":"2024-03-31T08:24:34","date_gmt":"2024-03-31T00:24:34","guid":{"rendered":"https:\/\/sterubber.com\/?post_type=product&#038;p=432"},"modified":"2024-04-07T10:31:31","modified_gmt":"2024-04-07T02:31:31","slug":"vedacoes-de-anel-quadruplo","status":"publish","type":"product","link":"https:\/\/www.sterubber.com\/pt\/product\/quad-ring-seals\/","title":{"rendered":"Selos Quad Ring"},"content":{"rendered":"<figure id=\"attachment_433\" aria-describedby=\"caption-attachment-433\" style=\"width: 750px\" class=\"wp-caption aligncenter\"><img fetchpriority=\"high\" decoding=\"async\" class=\"wp-image-433 size-full\" src=\"https:\/\/sterubber.com\/wp-content\/uploads\/2024\/03\/Quad-ring-seals-pic.jpg\" alt=\"Foto de veda\u00e7\u00f5es de anel qu\u00e1druplo\" width=\"750\" height=\"248\" srcset=\"https:\/\/www.sterubber.com\/wp-content\/uploads\/2024\/03\/Quad-ring-seals-pic.jpg 750w, https:\/\/www.sterubber.com\/wp-content\/uploads\/2024\/03\/Quad-ring-seals-pic-300x99.jpg 300w, https:\/\/www.sterubber.com\/wp-content\/uploads\/2024\/03\/Quad-ring-seals-pic-600x198.jpg 600w\" sizes=\"(max-width: 750px) 100vw, 750px\" \/><figcaption id=\"caption-attachment-433\" class=\"wp-caption-text\">Foto de veda\u00e7\u00f5es de anel qu\u00e1druplo<\/figcaption><\/figure>\n<p class=\"p\">Veda\u00e7\u00e3o X-ring, tamb\u00e9m conhecida como anel de veda\u00e7\u00e3o estrela. \u00c9 usada para ser instalada em uma ranhura com taxa de compress\u00e3o pequena especial para reduzir o atrito, e tamb\u00e9m pode ser usada na ranhura com a mesma especifica\u00e7\u00e3o do O-ring.<\/p>\n<p class=\"p\">Os an\u00e9is X t\u00eam menor atrito e superam bem a tor\u00e7\u00e3o, proporcionando melhor lubrifica\u00e7\u00e3o; s\u00e3o capazes de ser um elemento de veda\u00e7\u00e3o em velocidades mais baixas e adequados para veda\u00e7\u00e3o est\u00e1tica.<\/p>\n<p class=\"p\">O anel X \u00e9 uma veda\u00e7\u00e3o de quatro l\u00e1bios, seu formato \u00e9 semelhante ao X e possui as seguintes vantagens:<\/p>\n<p class=\"p\">\u00a01. Comparado com o anel de veda\u00e7\u00e3o, o anel X forma uma cavidade de lubrifica\u00e7\u00e3o entre os l\u00e1bios de veda\u00e7\u00e3o, que tem menos resist\u00eancia ao atrito e resist\u00eancia inicial.<\/p>\n<p class=\"p\">2. Como a localiza\u00e7\u00e3o da borda voadora \u00e9 no c\u00f4ncavo da se\u00e7\u00e3o transversal, a veda\u00e7\u00e3o \u00e9 muito boa.<\/p>\n<p class=\"p\">3. A se\u00e7\u00e3o transversal n\u00e3o circular \u00e9 capaz de evitar a rolagem durante o movimento alternativo.<\/p>\n<p class=\"p\">\u00a0Os an\u00e9is de veda\u00e7\u00e3o X t\u00eam uma ampla gama de aplica\u00e7\u00f5es.<\/p>\n<p class=\"p\">Selecione o material apropriado de acordo com a temperatura, press\u00e3o e meio.<\/p>\n<p class=\"p\">Para adaptar o anel de veda\u00e7\u00e3o em forma de X como um elemento de veda\u00e7\u00e3o \u00e0 situa\u00e7\u00e3o de aplica\u00e7\u00e3o, precisamos considerar as restri\u00e7\u00f5es m\u00fatuas entre todos os par\u00e2metros de trabalho.<\/p>\n<p class=\"p\">A temperatura de pico, a temperatura operacional cont\u00ednua e o per\u00edodo operacional devem ser levados em considera\u00e7\u00e3o ao determinar a especifica\u00e7\u00e3o da aplica\u00e7\u00e3o.<\/p>\n<p class=\"p\">Na situa\u00e7\u00e3o rotativa, tamb\u00e9m devemos considerar o aquecimento.<\/p>\n<p><strong>Vantagens do Quad O-Ring Seal<\/strong><br \/>\nAs veda\u00e7\u00f5es X-Ring fornecem quatro pontos diretos de suporte para uma ampla gama de aplica\u00e7\u00f5es. O design de quatro l\u00f3bulos produz uma veda\u00e7\u00e3o mais segura para neutralizar a tor\u00e7\u00e3o em espiral. Isso permite o uso de uma largura de ranhura mais estreita do que uma ranhura O-Ring padr\u00e3o, mas tamb\u00e9m pode ser usada em uma ranhura X-Ring padr\u00e3o. Os benef\u00edcios do Quad Ring incluem:<br \/>\n* Menor desgaste devido ao baixo atrito, proporcionando maior vida \u00fatil<br \/>\n* Excelente efici\u00eancia de veda\u00e7\u00e3o<br \/>\n* Melhoria na partida com reservat\u00f3rio de lubrificante formado entre os l\u00e1bios de veda\u00e7\u00e3o<br \/>\n* Maior estabilidade em aplica\u00e7\u00f5es din\u00e2micas<br \/>\n* Maior resist\u00eancia ao rolamento<\/p>","protected":false},"excerpt":{"rendered":"<p class=\"p\">Veda\u00e7\u00e3o X-ring, tamb\u00e9m conhecida como anel de veda\u00e7\u00e3o estrela. \u00c9 usada para ser instalada em uma ranhura com taxa de compress\u00e3o pequena especial para reduzir o atrito, e tamb\u00e9m pode ser usada na ranhura com a mesma especifica\u00e7\u00e3o do O-ring.<\/p>\n<p class=\"p\">Os an\u00e9is X t\u00eam menor atrito e superam bem a tor\u00e7\u00e3o, proporcionando melhor lubrifica\u00e7\u00e3o; s\u00e3o capazes de ser um elemento de veda\u00e7\u00e3o em velocidades mais baixas e adequados para veda\u00e7\u00e3o est\u00e1tica.<\/p>","protected":false},"featured_media":434,"comment_status":"open","ping_status":"closed","template":"","meta":{"site-sidebar-layout":"default","site-content-layout":"","ast-site-content-layout":"default","site-content-style":"default","site-sidebar-style":"default","ast-global-header-display":"","ast-banner-title-visibility":"","ast-main-header-display":"","ast-hfb-above-header-display":"","ast-hfb-below-header-display":"","ast-hfb-mobile-header-display":"","site-post-title":"","ast-breadcrumbs-content":"","ast-featured-img":"","footer-sml-layout":"","ast-disable-related-posts":"","theme-transparent-header-meta":"default","adv-header-id-meta":"","stick-header-meta":"","header-above-stick-meta":"","header-main-stick-meta":"","header-below-stick-meta":"","astra-migrate-meta-layouts":"set","ast-page-background-enabled":"default","ast-page-background-meta":{"desktop":{"background-color":"var(--ast-global-color-4)","background-image":"","background-repeat":"repeat","background-position":"center center","background-size":"auto","background-attachment":"scroll","background-type":"","background-media":"","overlay-type":"","overlay-color":"","overlay-opacity":"","overlay-gradient":""},"tablet":{"background-color":"","background-image":"","background-repeat":"repeat","background-position":"center center","background-size":"auto","background-attachment":"scroll","background-type":"","background-media":"","overlay-type":"","overlay-color":"","overlay-opacity":"","overlay-gradient":""},"mobile":{"background-color":"","background-image":"","background-repeat":"repeat","background-position":"center center","background-size":"auto","background-attachment":"scroll","background-type":"","background-media":"","overlay-type":"","overlay-color":"","overlay-opacity":"","overlay-gradient":""}},"ast-content-background-meta":{"desktop":{"background-color":"var(--ast-global-color-5)","background-image":"","background-repeat":"repeat","background-position":"center center","background-size":"auto","background-attachment":"scroll","background-type":"","background-media":"","overlay-type":"","overlay-color":"","overlay-opacity":"","overlay-gradient":""},"tablet":{"background-color":"var(--ast-global-color-5)","background-image":"","background-repeat":"repeat","background-position":"center center","background-size":"auto","background-attachment":"scroll","background-type":"","background-media":"","overlay-type":"","overlay-color":"","overlay-opacity":"","overlay-gradient":""},"mobile":{"background-color":"var(--ast-global-color-5)","background-image":"","background-repeat":"repeat","background-position":"center center","background-size":"auto","background-attachment":"scroll","background-type":"","background-media":"","overlay-type":"","overlay-color":"","overlay-opacity":"","overlay-gradient":""}}},"product_brand":[],"product_cat":[25],"product_tag":[],"class_list":{"0":"post-432","1":"product","2":"type-product","3":"status-publish","4":"has-post-thumbnail","6":"product_cat-o-rings","7":"desktop-align-center","8":"tablet-align-left","9":"mobile-align-left","11":"first","12":"instock","13":"shipping-taxable","14":"product-type-simple"},"_links":{"self":[{"href":"https:\/\/www.sterubber.com\/pt\/wp-json\/wp\/v2\/product\/432","targetHints":{"allow":["GET"]}}],"collection":[{"href":"https:\/\/www.sterubber.com\/pt\/wp-json\/wp\/v2\/product"}],"about":[{"href":"https:\/\/www.sterubber.com\/pt\/wp-json\/wp\/v2\/types\/product"}],"replies":[{"embeddable":true,"href":"https:\/\/www.sterubber.com\/pt\/wp-json\/wp\/v2\/comments?post=432"}],"wp:featuredmedia":[{"embeddable":true,"href":"https:\/\/www.sterubber.com\/pt\/wp-json\/wp\/v2\/media\/434"}],"wp:attachment":[{"href":"https:\/\/www.sterubber.com\/pt\/wp-json\/wp\/v2\/media?parent=432"}],"wp:term":[{"taxonomy":"product_brand","embeddable":true,"href":"https:\/\/www.sterubber.com\/pt\/wp-json\/wp\/v2\/product_brand?post=432"},{"taxonomy":"product_cat","embeddable":true,"href":"https:\/\/www.sterubber.com\/pt\/wp-json\/wp\/v2\/product_cat?post=432"},{"taxonomy":"product_tag","embeddable":true,"href":"https:\/\/www.sterubber.com\/pt\/wp-json\/wp\/v2\/product_tag?post=432"}],"curies":[{"name":"wp","href":"https:\/\/api.w.org\/{rel}","templated":true}]}}