{"id":271,"date":"2024-03-29T13:42:03","date_gmt":"2024-03-29T05:42:03","guid":{"rendered":"https:\/\/sterubber.com\/?page_id=271"},"modified":"2024-04-29T15:08:18","modified_gmt":"2024-04-29T07:08:18","slug":"noticias","status":"publish","type":"page","link":"https:\/\/www.sterubber.com\/pt\/news\/","title":{"rendered":"NOT\u00cdCIAS"},"content":{"rendered":"<div data-elementor-type=\"wp-page\" data-elementor-id=\"271\" class=\"elementor elementor-271\" data-elementor-post-type=\"page\">\n\t\t\t\t<div class=\"elementor-element elementor-element-ee068f6 e-flex e-con-boxed e-con e-parent\" data-id=\"ee068f6\" data-element_type=\"container\" data-e-type=\"container\">\n\t\t\t\t\t<div class=\"e-con-inner\">\n\t\t\t\t<div class=\"elementor-element elementor-element-51faed1 elementor-widget elementor-widget-woocommerce-breadcrumb\" data-id=\"51faed1\" data-element_type=\"widget\" data-e-type=\"widget\" data-widget_type=\"woocommerce-breadcrumb.default\">\n\t\t\t\t<div class=\"elementor-widget-container\">\n\t\t\t\t\t<nav class=\"woocommerce-breadcrumb\" aria-label=\"Breadcrumb\" data-no-translation=\"\" data-trp-gettext=\"\">In\u00edcio<\/nav>\t\t\t\t<\/div>\n\t\t\t\t<\/div>\n\t\t\t\t\t<\/div>\n\t\t\t\t<\/div>\n\t\t<div class=\"elementor-element elementor-element-81966dd e-flex e-con-boxed e-con e-parent\" data-id=\"81966dd\" data-element_type=\"container\" data-e-type=\"container\">\n\t\t\t\t\t<div class=\"e-con-inner\">\n\t\t\t\t<div class=\"elementor-element elementor-element-bdd8692 elementor-widget elementor-widget-heading\" data-id=\"bdd8692\" data-element_type=\"widget\" data-e-type=\"widget\" data-widget_type=\"heading.default\">\n\t\t\t\t<div class=\"elementor-widget-container\">\n\t\t\t\t\t<h2 class=\"elementor-heading-title elementor-size-default\">NOT\u00cdCIAS E ARTIGOS<\/h2>\t\t\t\t<\/div>\n\t\t\t\t<\/div>\n\t\t\t\t\t<\/div>\n\t\t\t\t<\/div>\n\t\t<div class=\"elementor-element elementor-element-cefebe7 e-flex e-con-boxed e-con e-parent\" data-id=\"cefebe7\" data-element_type=\"container\" data-e-type=\"container\">\n\t\t\t\t\t<div class=\"e-con-inner\">\n\t\t\t\t<div class=\"elementor-element elementor-element-0cac3f4 elementor-posts--align-center elementor-grid-3 elementor-grid-tablet-2 elementor-grid-mobile-1 elementor-posts--thumbnail-top elementor-card-shadow-yes elementor-posts__hover-gradient elementor-widget elementor-widget-posts\" data-id=\"0cac3f4\" data-element_type=\"widget\" data-e-type=\"widget\" data-settings=\"{&quot;pagination_type&quot;:&quot;load_more_infinite_scroll&quot;,&quot;cards_columns&quot;:&quot;3&quot;,&quot;cards_columns_tablet&quot;:&quot;2&quot;,&quot;cards_columns_mobile&quot;:&quot;1&quot;,&quot;cards_row_gap&quot;:{&quot;unit&quot;:&quot;px&quot;,&quot;size&quot;:35,&quot;sizes&quot;:[]},&quot;cards_row_gap_tablet&quot;:{&quot;unit&quot;:&quot;px&quot;,&quot;size&quot;:&quot;&quot;,&quot;sizes&quot;:[]},&quot;cards_row_gap_mobile&quot;:{&quot;unit&quot;:&quot;px&quot;,&quot;size&quot;:&quot;&quot;,&quot;sizes&quot;:[]},&quot;load_more_spinner&quot;:{&quot;value&quot;:&quot;fas fa-spinner&quot;,&quot;library&quot;:&quot;fa-solid&quot;}}\" data-widget_type=\"posts.cards\">\n\t\t\t\t<div class=\"elementor-widget-container\">\n\t\t\t\t\t\t\t<div class=\"elementor-posts-container elementor-posts elementor-posts--skin-cards elementor-grid\" role=\"list\">\n\t\t\t\t<article class=\"elementor-post elementor-grid-item post-2136 post type-post status-publish format-standard has-post-thumbnail hentry category-blog\" role=\"listitem\">\n\t\t\t<div class=\"elementor-post__card\">\n\t\t\t\t<a class=\"elementor-post__thumbnail__link\" href=\"https:\/\/www.sterubber.com\/pt\/blog\/1-authoritative-article-on-epdm-hose\/\" tabindex=\"-1\"><div class=\"elementor-post__thumbnail\"><img fetchpriority=\"high\" decoding=\"async\" width=\"300\" height=\"200\" src=\"https:\/\/www.sterubber.com\/wp-content\/uploads\/2024\/05\/an-article-on-epdm-hose-300x200.jpg\" class=\"attachment-medium size-medium wp-image-2148\" alt=\"um artigo sobre mangueira epdm\" srcset=\"https:\/\/www.sterubber.com\/wp-content\/uploads\/2024\/05\/an-article-on-epdm-hose-300x200.jpg 300w, https:\/\/www.sterubber.com\/wp-content\/uploads\/2024\/05\/an-article-on-epdm-hose-1024x683.jpg 1024w, https:\/\/www.sterubber.com\/wp-content\/uploads\/2024\/05\/an-article-on-epdm-hose-768x512.jpg 768w, https:\/\/www.sterubber.com\/wp-content\/uploads\/2024\/05\/an-article-on-epdm-hose-18x12.jpg 18w, https:\/\/www.sterubber.com\/wp-content\/uploads\/2024\/05\/an-article-on-epdm-hose-600x400.jpg 600w, https:\/\/www.sterubber.com\/wp-content\/uploads\/2024\/05\/an-article-on-epdm-hose.jpg 1170w\" sizes=\"(max-width: 300px) 100vw, 300px\" \/><\/div><\/a>\n\t\t\t\t<div class=\"elementor-post__text\">\n\t\t\t\t<h3 class=\"elementor-post__title\">\n\t\t\t<a href=\"https:\/\/www.sterubber.com\/pt\/blog\/1-authoritative-article-on-epdm-hose\/\">\n\t\t\t\tMangueira EPDM \u2013 1 artigo confi\u00e1vel\t\t\t<\/a>\n\t\t<\/h3>\n\t\t\t\t<div class=\"elementor-post__excerpt\">\n\t\t\t<p>Vis\u00e3o geral da mangueira de borracha EPDM A mangueira EPDM \u00e9 uma borracha saturada e uma borracha n\u00e3o polar. \u00c9 usada como mangueira de vapor, mangueira de sa\u00edda de \u00e1gua, resfriamento<\/p>\n\t\t<\/div>\n\t\t\t\t<\/div>\n\t\t\t\t\t<\/div>\n\t\t<\/article>\n\t\t\t\t<article class=\"elementor-post elementor-grid-item post-2109 post type-post status-publish format-standard has-post-thumbnail hentry category-blog\" role=\"listitem\">\n\t\t\t<div class=\"elementor-post__card\">\n\t\t\t\t<a class=\"elementor-post__thumbnail__link\" href=\"https:\/\/www.sterubber.com\/pt\/blog\/1-article-on-rubber-conveyor-belt\/\" tabindex=\"-1\"><div class=\"elementor-post__thumbnail\"><img decoding=\"async\" width=\"300\" height=\"200\" src=\"https:\/\/www.sterubber.com\/wp-content\/uploads\/2024\/05\/Rubber-Conveyor-Belt-Knowledge-1-Authoritative-Article-300x200.jpg\" class=\"attachment-medium size-medium wp-image-2122\" alt=\"Conhecimento sobre correias transportadoras de borracha - 1 artigo confi\u00e1vel\" srcset=\"https:\/\/www.sterubber.com\/wp-content\/uploads\/2024\/05\/Rubber-Conveyor-Belt-Knowledge-1-Authoritative-Article-300x200.jpg 300w, https:\/\/www.sterubber.com\/wp-content\/uploads\/2024\/05\/Rubber-Conveyor-Belt-Knowledge-1-Authoritative-Article-1024x683.jpg 1024w, https:\/\/www.sterubber.com\/wp-content\/uploads\/2024\/05\/Rubber-Conveyor-Belt-Knowledge-1-Authoritative-Article-768x512.jpg 768w, https:\/\/www.sterubber.com\/wp-content\/uploads\/2024\/05\/Rubber-Conveyor-Belt-Knowledge-1-Authoritative-Article-18x12.jpg 18w, https:\/\/www.sterubber.com\/wp-content\/uploads\/2024\/05\/Rubber-Conveyor-Belt-Knowledge-1-Authoritative-Article-600x400.jpg 600w, https:\/\/www.sterubber.com\/wp-content\/uploads\/2024\/05\/Rubber-Conveyor-Belt-Knowledge-1-Authoritative-Article.jpg 1170w\" sizes=\"(max-width: 300px) 100vw, 300px\" \/><\/div><\/a>\n\t\t\t\t<div class=\"elementor-post__text\">\n\t\t\t\t<h3 class=\"elementor-post__title\">\n\t\t\t<a href=\"https:\/\/www.sterubber.com\/pt\/blog\/1-article-on-rubber-conveyor-belt\/\">\n\t\t\t\tConhecimento sobre correias transportadoras de borracha \u2013 1 artigo confi\u00e1vel\t\t\t<\/a>\n\t\t<\/h3>\n\t\t\t\t<div class=\"elementor-post__excerpt\">\n\t\t\t<p>Embora a ind\u00fastria esteja progredindo ao redor do globo, os acess\u00f3rios b\u00e1sicos necess\u00e1rios para a ind\u00fastria continuam insubstitu\u00edveis. Um dos produtos mais t\u00edpicos \u00e9 a correia transportadora de borracha.<\/p>\n\t\t<\/div>\n\t\t\t\t<\/div>\n\t\t\t\t\t<\/div>\n\t\t<\/article>\n\t\t\t\t<article class=\"elementor-post elementor-grid-item post-2073 post type-post status-publish format-standard has-post-thumbnail hentry category-blog\" role=\"listitem\">\n\t\t\t<div class=\"elementor-post__card\">\n\t\t\t\t<a class=\"elementor-post__thumbnail__link\" href=\"https:\/\/www.sterubber.com\/pt\/blog\/materials-used-in-high-pressure-hoses\/\" tabindex=\"-1\"><div class=\"elementor-post__thumbnail\"><img decoding=\"async\" width=\"300\" height=\"200\" src=\"https:\/\/www.sterubber.com\/wp-content\/uploads\/2024\/04\/High-pressure-Hoses-Material-Introduction-300x200.jpg\" class=\"attachment-medium size-medium wp-image-2084\" alt=\"Introdu\u00e7\u00e3o ao material da mangueira de alta press\u00e3o\" srcset=\"https:\/\/www.sterubber.com\/wp-content\/uploads\/2024\/04\/High-pressure-Hoses-Material-Introduction-300x200.jpg 300w, https:\/\/www.sterubber.com\/wp-content\/uploads\/2024\/04\/High-pressure-Hoses-Material-Introduction-1024x683.jpg 1024w, https:\/\/www.sterubber.com\/wp-content\/uploads\/2024\/04\/High-pressure-Hoses-Material-Introduction-768x512.jpg 768w, https:\/\/www.sterubber.com\/wp-content\/uploads\/2024\/04\/High-pressure-Hoses-Material-Introduction-18x12.jpg 18w, https:\/\/www.sterubber.com\/wp-content\/uploads\/2024\/04\/High-pressure-Hoses-Material-Introduction-600x400.jpg 600w, https:\/\/www.sterubber.com\/wp-content\/uploads\/2024\/04\/High-pressure-Hoses-Material-Introduction.jpg 1170w\" sizes=\"(max-width: 300px) 100vw, 300px\" \/><\/div><\/a>\n\t\t\t\t<div class=\"elementor-post__text\">\n\t\t\t\t<h3 class=\"elementor-post__title\">\n\t\t\t<a href=\"https:\/\/www.sterubber.com\/pt\/blog\/materials-used-in-high-pressure-hoses\/\">\n\t\t\t\tIntrodu\u00e7\u00e3o ao material de mangueiras de alta press\u00e3o \u2013 1 Conte\u00fado autoritativo\t\t\t<\/a>\n\t\t<\/h3>\n\t\t\t\t<div class=\"elementor-post__excerpt\">\n\t\t\t<p>autorit\u00e1rio autorit\u00e1rio Os materiais usados em mangueiras de alta press\u00e3o s\u00e3o divididos em materiais n\u00e3o met\u00e1licos e materiais met\u00e1licos, e os materiais n\u00e3o met\u00e1licos frequentemente usados no processo de produ\u00e7\u00e3o<\/p>\n\t\t<\/div>\n\t\t\t\t<\/div>\n\t\t\t\t\t<\/div>\n\t\t<\/article>\n\t\t\t\t<article class=\"elementor-post elementor-grid-item post-1993 post type-post status-publish format-standard has-post-thumbnail hentry category-blog\" role=\"listitem\">\n\t\t\t<div class=\"elementor-post__card\">\n\t\t\t\t<a class=\"elementor-post__thumbnail__link\" href=\"https:\/\/www.sterubber.com\/pt\/blog\/hyd-hose-and-braided-hose-basic-knowledge\/\" tabindex=\"-1\"><div class=\"elementor-post__thumbnail\"><img loading=\"lazy\" decoding=\"async\" width=\"300\" height=\"200\" src=\"https:\/\/www.sterubber.com\/wp-content\/uploads\/2024\/04\/hyd-hose-and-steel-wire-hose-300x200.jpg\" class=\"attachment-medium size-medium wp-image-2044\" alt=\"mangueira hidr\u00e1ulica e mangueira de arame de a\u00e7o\" srcset=\"https:\/\/www.sterubber.com\/wp-content\/uploads\/2024\/04\/hyd-hose-and-steel-wire-hose-300x200.jpg 300w, https:\/\/www.sterubber.com\/wp-content\/uploads\/2024\/04\/hyd-hose-and-steel-wire-hose-1024x683.jpg 1024w, https:\/\/www.sterubber.com\/wp-content\/uploads\/2024\/04\/hyd-hose-and-steel-wire-hose-768x512.jpg 768w, https:\/\/www.sterubber.com\/wp-content\/uploads\/2024\/04\/hyd-hose-and-steel-wire-hose-18x12.jpg 18w, https:\/\/www.sterubber.com\/wp-content\/uploads\/2024\/04\/hyd-hose-and-steel-wire-hose-600x400.jpg 600w, https:\/\/www.sterubber.com\/wp-content\/uploads\/2024\/04\/hyd-hose-and-steel-wire-hose.jpg 1170w\" sizes=\"(max-width: 300px) 100vw, 300px\" \/><\/div><\/a>\n\t\t\t\t<div class=\"elementor-post__text\">\n\t\t\t\t<h3 class=\"elementor-post__title\">\n\t\t\t<a href=\"https:\/\/www.sterubber.com\/pt\/blog\/hyd-hose-and-braided-hose-basic-knowledge\/\">\n\t\t\t\tMangueira hidr\u00e1ulica e mangueira de arame de a\u00e7o - 1 artigo confi\u00e1vel para lhe dar uma declara\u00e7\u00e3o clara\t\t\t<\/a>\n\t\t<\/h3>\n\t\t\t\t<div class=\"elementor-post__excerpt\">\n\t\t\t<p>Neste artigo, falamos sobre mangueiras hidr\u00e1ulicas e mangueiras de fio de a\u00e7o, respectivamente. Vamos ter uma compreens\u00e3o b\u00e1sica desses dois produtos. O que \u00e9 fio de a\u00e7o<\/p>\n\t\t<\/div>\n\t\t\t\t<\/div>\n\t\t\t\t\t<\/div>\n\t\t<\/article>\n\t\t\t\t<article class=\"elementor-post elementor-grid-item post-1727 post type-post status-publish format-standard has-post-thumbnail hentry category-blog\" role=\"listitem\">\n\t\t\t<div class=\"elementor-post__card\">\n\t\t\t\t<a class=\"elementor-post__thumbnail__link\" href=\"https:\/\/www.sterubber.com\/pt\/blog\/the-lip-sealing-basic-knowledge\/\" tabindex=\"-1\"><div class=\"elementor-post__thumbnail\"><img loading=\"lazy\" decoding=\"async\" width=\"300\" height=\"200\" src=\"https:\/\/www.sterubber.com\/wp-content\/uploads\/2024\/04\/lip-seal-content-300x200.jpg\" class=\"attachment-medium size-medium wp-image-1783\" alt=\"conte\u00fado do selo labial\" srcset=\"https:\/\/www.sterubber.com\/wp-content\/uploads\/2024\/04\/lip-seal-content-300x200.jpg 300w, https:\/\/www.sterubber.com\/wp-content\/uploads\/2024\/04\/lip-seal-content-1024x683.jpg 1024w, https:\/\/www.sterubber.com\/wp-content\/uploads\/2024\/04\/lip-seal-content-768x512.jpg 768w, https:\/\/www.sterubber.com\/wp-content\/uploads\/2024\/04\/lip-seal-content-18x12.jpg 18w, https:\/\/www.sterubber.com\/wp-content\/uploads\/2024\/04\/lip-seal-content-600x400.jpg 600w, https:\/\/www.sterubber.com\/wp-content\/uploads\/2024\/04\/lip-seal-content.jpg 1170w\" sizes=\"(max-width: 300px) 100vw, 300px\" \/><\/div><\/a>\n\t\t\t\t<div class=\"elementor-post__text\">\n\t\t\t\t<h3 class=\"elementor-post__title\">\n\t\t\t<a href=\"https:\/\/www.sterubber.com\/pt\/blog\/the-lip-sealing-basic-knowledge\/\">\n\t\t\t\tConhecimento sobre selagem labial \u2013 1 artigo confi\u00e1vel para esclarecer\t\t\t<\/a>\n\t\t<\/h3>\n\t\t\t\t<div class=\"elementor-post__excerpt\">\n\t\t\t<p>O selo labial \u00e9 um tipo de anel de veda\u00e7\u00e3o com efeito autovedante, ele depende do l\u00e1bio para fechar a superf\u00edcie de veda\u00e7\u00e3o<\/p>\n\t\t<\/div>\n\t\t\t\t<\/div>\n\t\t\t\t\t<\/div>\n\t\t<\/article>\n\t\t\t\t<article class=\"elementor-post elementor-grid-item post-1642 post type-post status-publish format-standard has-post-thumbnail hentry category-blog\" role=\"listitem\">\n\t\t\t<div class=\"elementor-post__card\">\n\t\t\t\t<a class=\"elementor-post__thumbnail__link\" href=\"https:\/\/www.sterubber.com\/pt\/blog\/15-mechanical-seals-technology-qestions\/\" tabindex=\"-1\"><div class=\"elementor-post__thumbnail\"><img loading=\"lazy\" decoding=\"async\" width=\"300\" height=\"200\" src=\"https:\/\/www.sterubber.com\/wp-content\/uploads\/2024\/04\/15-Summary-of-Technical-Knowledge-Questions-About-Mechanical-Seals-300x200.jpg\" class=\"attachment-medium size-medium wp-image-1666\" alt=\"15 Resumo de perguntas de conhecimento t\u00e9cnico sobre selos mec\u00e2nicos\" srcset=\"https:\/\/www.sterubber.com\/wp-content\/uploads\/2024\/04\/15-Summary-of-Technical-Knowledge-Questions-About-Mechanical-Seals-300x200.jpg 300w, https:\/\/www.sterubber.com\/wp-content\/uploads\/2024\/04\/15-Summary-of-Technical-Knowledge-Questions-About-Mechanical-Seals-1024x683.jpg 1024w, https:\/\/www.sterubber.com\/wp-content\/uploads\/2024\/04\/15-Summary-of-Technical-Knowledge-Questions-About-Mechanical-Seals-768x512.jpg 768w, https:\/\/www.sterubber.com\/wp-content\/uploads\/2024\/04\/15-Summary-of-Technical-Knowledge-Questions-About-Mechanical-Seals-18x12.jpg 18w, https:\/\/www.sterubber.com\/wp-content\/uploads\/2024\/04\/15-Summary-of-Technical-Knowledge-Questions-About-Mechanical-Seals-600x400.jpg 600w, https:\/\/www.sterubber.com\/wp-content\/uploads\/2024\/04\/15-Summary-of-Technical-Knowledge-Questions-About-Mechanical-Seals.jpg 1170w\" sizes=\"(max-width: 300px) 100vw, 300px\" \/><\/div><\/a>\n\t\t\t\t<div class=\"elementor-post__text\">\n\t\t\t\t<h3 class=\"elementor-post__title\">\n\t\t\t<a href=\"https:\/\/www.sterubber.com\/pt\/blog\/15-mechanical-seals-technology-qestions\/\">\n\t\t\t\tConhecimento t\u00e9cnico sobre selos mec\u00e2nicos \u2013 15 bons resumos de perguntas sobre o conte\u00fado\t\t\t<\/a>\n\t\t<\/h3>\n\t\t\t\t<div class=\"elementor-post__excerpt\">\n\t\t\t<p>Neste artigo, 15 perguntas t\u00e9cnicas sobre selos mec\u00e2nicos s\u00e3o resumidas. Se voc\u00ea quiser saber mais sobre selos mec\u00e2nicos, este artigo n\u00e3o poderia ser melhor.<\/p>\n\t\t<\/div>\n\t\t\t\t<\/div>\n\t\t\t\t\t<\/div>\n\t\t<\/article>\n\t\t\t\t<\/div>\n\t\t\t\t\t<span class=\"e-load-more-spinner\">\n\t\t\t\t<svg aria-hidden=\"true\" class=\"e-font-icon-svg e-fas-spinner\" viewbox=\"0 0 512 512\" xmlns=\"http:\/\/www.w3.org\/2000\/svg\"><path d=\"M304 48c0 26.51-21.49 48-48 48s-48-21.49-48-48 21.49-48 48-48 48 21.49 48 48zm-48 368c-26.51 0-48 21.49-48 48s21.49 48 48 48 48-21.49 48-48-21.49-48-48-48zm208-208c-26.51 0-48 21.49-48 48s21.49 48 48 48 48-21.49 48-48-21.49-48-48-48zM96 256c0-26.51-21.49-48-48-48S0 229.49 0 256s21.49 48 48 48 48-21.49 48-48zm12.922 99.078c-26.51 0-48 21.49-48 48s21.49 48 48 48 48-21.49 48-48c0-26.509-21.491-48-48-48zm294.156 0c-26.51 0-48 21.49-48 48s21.49 48 48 48 48-21.49 48-48c0-26.509-21.49-48-48-48zM108.922 60.922c-26.51 0-48 21.49-48 48s21.49 48 48 48 48-21.49 48-48-21.491-48-48-48z\"><\/path><\/svg>\t\t\t<\/span>\n\t\t\n\t\t\t\t<div class=\"e-load-more-anchor\" data-page=\"1\" data-max-page=\"3\" data-next-page=\"https:\/\/www.sterubber.com\/pt\/wp-json\/wp\/v2\/pages\/271\/page\/2\/\"><\/div>\n\t\t\t\t<div class=\"e-load-more-message\"><\/div>\n\t\t\t\t\t\t<\/div>\n\t\t\t\t<\/div>\n\t\t\t\t\t<\/div>\n\t\t\t\t<\/div>\n\t\t\t\t<\/div>","protected":false},"excerpt":{"rendered":"<p>NEWS &#038; ARTICLES<\/p>","protected":false},"author":1,"featured_media":0,"parent":0,"menu_order":0,"comment_status":"closed","ping_status":"closed","template":"","meta":{"site-sidebar-layout":"no-sidebar","site-content-layout":"","ast-site-content-layout":"full-width-container","site-content-style":"default","site-sidebar-style":"default","ast-global-header-display":"","ast-banner-title-visibility":"","ast-main-header-display":"","ast-hfb-above-header-display":"","ast-hfb-below-header-display":"","ast-hfb-mobile-header-display":"","site-post-title":"disabled","ast-breadcrumbs-content":"","ast-featured-img":"disabled","footer-sml-layout":"","ast-disable-related-posts":"","theme-transparent-header-meta":"","adv-header-id-meta":"","stick-header-meta":"","header-above-stick-meta":"","header-main-stick-meta":"","header-below-stick-meta":"","astra-migrate-meta-layouts":"default","ast-page-background-enabled":"default","ast-page-background-meta":{"desktop":{"background-color":"var(--ast-global-color-4)","background-image":"","background-repeat":"repeat","background-position":"center center","background-size":"auto","background-attachment":"scroll","background-type":"","background-media":"","overlay-type":"","overlay-color":"","overlay-opacity":"","overlay-gradient":""},"tablet":{"background-color":"","background-image":"","background-repeat":"repeat","background-position":"center center","background-size":"auto","background-attachment":"scroll","background-type":"","background-media":"","overlay-type":"","overlay-color":"","overlay-opacity":"","overlay-gradient":""},"mobile":{"background-color":"","background-image":"","background-repeat":"repeat","background-position":"center center","background-size":"auto","background-attachment":"scroll","background-type":"","background-media":"","overlay-type":"","overlay-color":"","overlay-opacity":"","overlay-gradient":""}},"ast-content-background-meta":{"desktop":{"background-color":"var(--ast-global-color-5)","background-image":"","background-repeat":"repeat","background-position":"center center","background-size":"auto","background-attachment":"scroll","background-type":"","background-media":"","overlay-type":"","overlay-color":"","overlay-opacity":"","overlay-gradient":""},"tablet":{"background-color":"var(--ast-global-color-5)","background-image":"","background-repeat":"repeat","background-position":"center center","background-size":"auto","background-attachment":"scroll","background-type":"","background-media":"","overlay-type":"","overlay-color":"","overlay-opacity":"","overlay-gradient":""},"mobile":{"background-color":"var(--ast-global-color-5)","background-image":"","background-repeat":"repeat","background-position":"center center","background-size":"auto","background-attachment":"scroll","background-type":"","background-media":"","overlay-type":"","overlay-color":"","overlay-opacity":"","overlay-gradient":""}},"footnotes":""},"class_list":["post-271","page","type-page","status-publish","hentry"],"_links":{"self":[{"href":"https:\/\/www.sterubber.com\/pt\/wp-json\/wp\/v2\/pages\/271","targetHints":{"allow":["GET"]}}],"collection":[{"href":"https:\/\/www.sterubber.com\/pt\/wp-json\/wp\/v2\/pages"}],"about":[{"href":"https:\/\/www.sterubber.com\/pt\/wp-json\/wp\/v2\/types\/page"}],"author":[{"embeddable":true,"href":"https:\/\/www.sterubber.com\/pt\/wp-json\/wp\/v2\/users\/1"}],"replies":[{"embeddable":true,"href":"https:\/\/www.sterubber.com\/pt\/wp-json\/wp\/v2\/comments?post=271"}],"version-history":[{"count":0,"href":"https:\/\/www.sterubber.com\/pt\/wp-json\/wp\/v2\/pages\/271\/revisions"}],"wp:attachment":[{"href":"https:\/\/www.sterubber.com\/pt\/wp-json\/wp\/v2\/media?parent=271"}],"curies":[{"name":"wp","href":"https:\/\/api.w.org\/{rel}","templated":true}]}}