{"id":134,"date":"2024-03-29T09:02:36","date_gmt":"2024-03-29T01:02:36","guid":{"rendered":"https:\/\/sterubber.com\/?page_id=134"},"modified":"2026-03-09T15:44:22","modified_gmt":"2026-03-09T07:44:22","slug":"empresa","status":"publish","type":"page","link":"https:\/\/www.sterubber.com\/pt\/company\/","title":{"rendered":"EMPRESA"},"content":{"rendered":"<div data-elementor-type=\"wp-page\" data-elementor-id=\"134\" class=\"elementor elementor-134\" data-elementor-post-type=\"page\">\n\t\t\t\t<div class=\"elementor-element elementor-element-f49ca1a e-flex e-con-boxed e-con e-parent\" data-id=\"f49ca1a\" data-element_type=\"container\" data-e-type=\"container\">\n\t\t\t\t\t<div class=\"e-con-inner\">\n\t\t\t\t<div class=\"elementor-element elementor-element-0e17d90 elementor-widget elementor-widget-heading\" data-id=\"0e17d90\" data-element_type=\"widget\" data-e-type=\"widget\" data-widget_type=\"heading.default\">\n\t\t\t\t<div class=\"elementor-widget-container\">\n\t\t\t\t\t<h2 class=\"elementor-heading-title elementor-size-default\">SOBRE N\u00d3S<\/h2>\t\t\t\t<\/div>\n\t\t\t\t<\/div>\n\t\t\t\t<div class=\"elementor-element elementor-element-8be7281 elementor-widget elementor-widget-text-editor\" data-id=\"8be7281\" data-element_type=\"widget\" data-e-type=\"widget\" data-widget_type=\"text-editor.default\">\n\t\t\t\t<div class=\"elementor-widget-container\">\n\t\t\t\t\t\t\t\t\t<p>Desde 2019 temos trabalhado em parcerias com muitos l\u00edderes de mercado, facilitando e capitalizando oportunidades em toda a Europa, Sudeste Asi\u00e1tico e Am\u00e9rica do Sul. Sendo uma empresa industrial, nosso neg\u00f3cio abrange atividades de fabrica\u00e7\u00e3o, engenharia e distribui\u00e7\u00e3o. As principais unidades de neg\u00f3cios: Produtos de borracha, mangueiras de borracha, metalurgia, pe\u00e7as hidr\u00e1ulicas e Tecnologia.<\/p><p>Acreditamos em fazer bons neg\u00f3cios, agir com integridade e respeitar as pessoas que servimos, nossa equipe e a comunidade em geral. A nossa estabilidade financeira e organizacional permite-nos sustentar o esp\u00edrito empreendedor dos nossos fundadores, estando sempre preparados para novas oportunidades. Nossa infraestrutura regional de \u00faltima gera\u00e7\u00e3o facilita o acesso econ\u00f4mico a diversos mercados de forma r\u00e1pida e eficiente.<\/p><p>Fazemos parte de uma empresa estatal que remonta a uma parceria comercial formada na China em 2002. Al\u00e9m da regi\u00e3o, estamos intimamente ligados a uma rede de empresas irm\u00e3s na Austr\u00e1lia, na Europa e na Grande China.<\/p>\t\t\t\t\t\t\t\t<\/div>\n\t\t\t\t<\/div>\n\t\t\t\t\t<\/div>\n\t\t\t\t<\/div>\n\t\t<div class=\"elementor-element elementor-element-723c478 e-con-full e-flex e-con e-parent\" data-id=\"723c478\" data-element_type=\"container\" data-e-type=\"container\" data-settings=\"{&quot;background_background&quot;:&quot;classic&quot;}\">\n\t\t<div class=\"elementor-element elementor-element-15fe0bd e-con-full e-flex e-con e-child\" data-id=\"15fe0bd\" data-element_type=\"container\" data-e-type=\"container\">\n\t\t\t\t<div class=\"elementor-element elementor-element-216d2a6 elementor-widget elementor-widget-text-editor\" data-id=\"216d2a6\" data-element_type=\"widget\" data-e-type=\"widget\" data-widget_type=\"text-editor.default\">\n\t\t\t\t<div class=\"elementor-widget-container\">\n\t\t\t\t\t\t\t\t\t<p>A STEMETAL est\u00e1 comprometida em gerar valor para seus clientes, produzindo produtos de borracha industrial seguros, confi\u00e1veis e de alta qualidade que atendam a todos os seus objetivos. Com base nisso, buscamos constantemente aprimorar e obter reconhecimento no mercado global, um objetivo que perdura at\u00e9 hoje!<\/p>\t\t\t\t\t\t\t\t<\/div>\n\t\t\t\t<\/div>\n\t\t\t\t<\/div>\n\t\t<div class=\"elementor-element elementor-element-04e3d0c e-con-full e-flex e-con e-child\" data-id=\"04e3d0c\" data-element_type=\"container\" data-e-type=\"container\">\n\t\t\t\t<div class=\"elementor-element elementor-element-ff96def elementor-widget elementor-widget-heading\" data-id=\"ff96def\" data-element_type=\"widget\" data-e-type=\"widget\" data-widget_type=\"heading.default\">\n\t\t\t\t<div class=\"elementor-widget-container\">\n\t\t\t\t\t<h2 class=\"elementor-heading-title elementor-size-default\">VIS\u00c3O<\/h2>\t\t\t\t<\/div>\n\t\t\t\t<\/div>\n\t\t\t\t<\/div>\n\t\t\t\t<\/div>\n\t\t<div class=\"elementor-element elementor-element-884ac06 e-flex e-con-boxed e-con e-parent\" data-id=\"884ac06\" data-element_type=\"container\" data-e-type=\"container\">\n\t\t\t\t\t<div class=\"e-con-inner\">\n\t\t\t\t<div class=\"elementor-element elementor-element-ab9042d elementor-widget elementor-widget-heading\" data-id=\"ab9042d\" data-element_type=\"widget\" data-e-type=\"widget\" data-widget_type=\"heading.default\">\n\t\t\t\t<div class=\"elementor-widget-container\">\n\t\t\t\t\t<h2 class=\"elementor-heading-title elementor-size-default\">MISS\u00c3O<\/h2>\t\t\t\t<\/div>\n\t\t\t\t<\/div>\n\t\t\t\t<div class=\"elementor-element elementor-element-adb2b42 elementor-widget elementor-widget-text-editor\" data-id=\"adb2b42\" data-element_type=\"widget\" data-e-type=\"widget\" data-widget_type=\"text-editor.default\">\n\t\t\t\t<div class=\"elementor-widget-container\">\n\t\t\t\t\t\t\t\t\t<p>\u2013 A STEMETAL pretende se tornar uma fornecedora globalmente reconhecida de sistemas de distribui\u00e7\u00e3o de energia \u00e0 base de borracha.<br \/>\u2013 Aprofundar continuamente o desenvolvimento e a explora\u00e7\u00e3o dos mercados especializados de sistemas aeroespaciais, petroqu\u00edmicos e de engenharia mec\u00e2nica.<br \/>\u2013 Consolidar a lideran\u00e7a na China e acelerar o crescimento nos mercados globais<\/p><p><strong>A raz\u00e3o do nosso sucesso reside nos princ\u00edpios que sempre seguimos:<\/strong><br \/>\u2013 Respeito aos clientes e \u00e0s necessidades do mercado<br \/>\u2013 Focar e explorar continuamente \u00e1reas de inova\u00e7\u00e3o industrial<br \/>\u2013 Controle rigoroso de todos os aspectos da produ\u00e7\u00e3o<br \/>\u2013 Cuidar do crescimento dos nossos colaboradores<br \/>\u2013 Construir relacionamentos colaborativos duradouros e ganha-ganha<br \/>\u2013 Expandir e aprofundar a coopera\u00e7\u00e3o nos setores da energia e da ind\u00fastria transformadora.<\/p><p><strong>A STERUBB est\u00e1 comprometida em:<\/strong><br \/>\u2013 Entregar produtos no prazo e com a satisfa\u00e7\u00e3o de nossos clientes<br \/>\u2013 Fornecer produtos de alta qualidade que excedem os padr\u00f5es internacionais<br \/>\u2013 Construir relacionamentos ganha-ganha de longo prazo com nossos clientes<br \/>\u2013 Suporte global a neg\u00f3cios e servi\u00e7os<\/p>\t\t\t\t\t\t\t\t<\/div>\n\t\t\t\t<\/div>\n\t\t\t\t\t<\/div>\n\t\t\t\t<\/div>\n\t\t<div class=\"elementor-element elementor-element-4a2be17 e-flex e-con-boxed e-con e-parent\" data-id=\"4a2be17\" data-element_type=\"container\" data-e-type=\"container\" data-settings=\"{&quot;background_background&quot;:&quot;classic&quot;}\">\n\t\t\t\t\t<div class=\"e-con-inner\">\n\t\t<div class=\"elementor-element elementor-element-7cb723d2 e-con-full e-flex e-con e-child\" data-id=\"7cb723d2\" data-element_type=\"container\" data-e-type=\"container\">\n\t\t\t\t<div class=\"elementor-element elementor-element-6e6bed5b elementor-widget elementor-widget-heading\" data-id=\"6e6bed5b\" data-element_type=\"widget\" data-e-type=\"widget\" data-widget_type=\"heading.default\">\n\t\t\t\t<div class=\"elementor-widget-container\">\n\t\t\t\t\t<h2 class=\"elementor-heading-title elementor-size-default\">NOSSO DESENVOLVIMENTO<\/h2>\t\t\t\t<\/div>\n\t\t\t\t<\/div>\n\t\t\t\t<div class=\"elementor-element elementor-element-615e615a elementor-widget elementor-widget-text-editor\" data-id=\"615e615a\" data-element_type=\"widget\" data-e-type=\"widget\" data-widget_type=\"text-editor.default\">\n\t\t\t\t<div class=\"elementor-widget-container\">\n\t\t\t\t\t\t\t\t\t<p>Com orienta\u00e7\u00e3o e desenvolvimento ativos, a empresa continua a expandir os seus mercados e a trabalhar sem problemas com os seus clientes para desenvolver o seu neg\u00f3cio a n\u00edvel global.<\/p><p>Desde a sua cria\u00e7\u00e3o, nossos produtos entraram no Sudeste Asi\u00e1tico, Fran\u00e7a, Alemanha, Col\u00f4mbia, Chile e Emirados \u00c1rabes Unidos.<\/p>\t\t\t\t\t\t\t\t<\/div>\n\t\t\t\t<\/div>\n\t\t\t\t<\/div>\n\t\t<div class=\"elementor-element elementor-element-301fa7d4 e-con-full e-flex e-con e-child\" data-id=\"301fa7d4\" data-element_type=\"container\" data-e-type=\"container\">\n\t\t\t\t<div class=\"elementor-element elementor-element-15e12432 elementor-arrows-position-inside elementor-pagination-position-outside elementor-widget elementor-widget-image-carousel\" data-id=\"15e12432\" data-element_type=\"widget\" data-e-type=\"widget\" data-settings=\"{&quot;slides_to_show&quot;:&quot;2&quot;,&quot;slides_to_show_tablet&quot;:&quot;1&quot;,&quot;image_spacing_custom&quot;:{&quot;unit&quot;:&quot;px&quot;,&quot;size&quot;:10,&quot;sizes&quot;:[]},&quot;navigation&quot;:&quot;both&quot;,&quot;autoplay&quot;:&quot;yes&quot;,&quot;pause_on_hover&quot;:&quot;yes&quot;,&quot;pause_on_interaction&quot;:&quot;yes&quot;,&quot;autoplay_speed&quot;:5000,&quot;infinite&quot;:&quot;yes&quot;,&quot;speed&quot;:500}\" data-widget_type=\"image-carousel.default\">\n\t\t\t\t<div class=\"elementor-widget-container\">\n\t\t\t\t\t\t\t<div class=\"elementor-image-carousel-wrapper swiper\" role=\"region\" aria-roledescription=\"carousel\" aria-label=\"Carrossel de imagens\" dir=\"ltr\">\n\t\t\t<div class=\"elementor-image-carousel swiper-wrapper\" aria-live=\"off\">\n\t\t\t\t\t\t\t\t<div class=\"swiper-slide\" role=\"group\" aria-roledescription=\"slide\" aria-label=\"1 \u0645\u0646 7\" data-no-translation-aria-label=\"\"><figure class=\"swiper-slide-inner\"><img decoding=\"async\" class=\"swiper-slide-image\" src=\"https:\/\/www.sterubber.com\/wp-content\/uploads\/2024\/03\/exporting-rubber-hose-240x300.jpg\" alt=\"exportando mangueira de borracha\" \/><\/figure><\/div><div class=\"swiper-slide\" role=\"group\" aria-roledescription=\"slide\" aria-label=\"2 \u0645\u0646 7\" data-no-translation-aria-label=\"\"><figure class=\"swiper-slide-inner\"><img decoding=\"async\" class=\"swiper-slide-image\" src=\"https:\/\/www.sterubber.com\/wp-content\/uploads\/2024\/03\/rubber-seals-240x300.jpg\" alt=\"veda\u00e7\u00f5es de borracha\" \/><\/figure><\/div><div class=\"swiper-slide\" role=\"group\" aria-roledescription=\"slide\" aria-label=\"3 \u0645\u0646 7\" data-no-translation-aria-label=\"\"><figure class=\"swiper-slide-inner\"><img decoding=\"async\" class=\"swiper-slide-image\" src=\"https:\/\/www.sterubber.com\/wp-content\/uploads\/2024\/03\/automobile-industrial-rubber-240x300.jpg\" alt=\"autom\u00f3vel-industrial-borracha\" \/><\/figure><\/div><div class=\"swiper-slide\" role=\"group\" aria-roledescription=\"slide\" aria-label=\"4 \u0645\u0646 7\" data-no-translation-aria-label=\"\"><figure class=\"swiper-slide-inner\"><img decoding=\"async\" class=\"swiper-slide-image\" src=\"https:\/\/www.sterubber.com\/wp-content\/uploads\/2024\/03\/production-equipment-240x300.jpg\" alt=\"equipamento de produ\u00e7\u00e3o\" \/><\/figure><\/div><div class=\"swiper-slide\" role=\"group\" aria-roledescription=\"slide\" aria-label=\"5 \u0645\u0646 7\" data-no-translation-aria-label=\"\"><figure class=\"swiper-slide-inner\"><img decoding=\"async\" class=\"swiper-slide-image\" src=\"https:\/\/www.sterubber.com\/wp-content\/uploads\/2024\/03\/rubber-conveyor-belts-240x300.jpg\" alt=\"correias transportadoras de borracha\" \/><\/figure><\/div><div class=\"swiper-slide\" role=\"group\" aria-roledescription=\"slide\" aria-label=\"6 \u0645\u0646 7\" data-no-translation-aria-label=\"\"><figure class=\"swiper-slide-inner\"><img decoding=\"async\" class=\"swiper-slide-image\" src=\"https:\/\/www.sterubber.com\/wp-content\/uploads\/2024\/03\/rubber-liners-240x300.jpg\" alt=\"forros de borracha\" \/><\/figure><\/div><div class=\"swiper-slide\" role=\"group\" aria-roledescription=\"slide\" aria-label=\"7 \u0645\u0646 7\" data-no-translation-aria-label=\"\"><figure class=\"swiper-slide-inner\"><img decoding=\"async\" class=\"swiper-slide-image\" src=\"https:\/\/www.sterubber.com\/wp-content\/uploads\/2024\/03\/HDPE-pipes-240x300.jpg\" alt=\"Tubos HDPE\" \/><\/figure><\/div>\t\t\t<\/div>\n\t\t\t\t\t\t\t\t\t\t\t\t<div class=\"elementor-swiper-button elementor-swiper-button-prev\" role=\"button\" tabindex=\"0\">\n\t\t\t\t\t\t<svg aria-hidden=\"true\" class=\"e-font-icon-svg e-eicon-chevron-left\" viewbox=\"0 0 1000 1000\" xmlns=\"http:\/\/www.w3.org\/2000\/svg\"><path d=\"M646 125C629 125 613 133 604 142L308 442C296 454 292 471 292 487 292 504 296 521 308 533L604 854C617 867 629 875 646 875 663 875 679 871 692 858 704 846 713 829 713 812 713 796 708 779 692 767L438 487 692 225C700 217 708 204 708 187 708 171 704 154 692 142 675 129 663 125 646 125Z\"><\/path><\/svg>\t\t\t\t\t<\/div>\n\t\t\t\t\t<div class=\"elementor-swiper-button elementor-swiper-button-next\" role=\"button\" tabindex=\"0\">\n\t\t\t\t\t\t<svg aria-hidden=\"true\" class=\"e-font-icon-svg e-eicon-chevron-right\" viewbox=\"0 0 1000 1000\" xmlns=\"http:\/\/www.w3.org\/2000\/svg\"><path d=\"M696 533C708 521 713 504 713 487 713 471 708 454 696 446L400 146C388 133 375 125 354 125 338 125 325 129 313 142 300 154 292 171 292 187 292 204 296 221 308 233L563 492 304 771C292 783 288 800 288 817 288 833 296 850 308 863 321 871 338 875 354 875 371 875 388 867 400 854L696 533Z\"><\/path><\/svg>\t\t\t\t\t<\/div>\n\t\t\t\t\n\t\t\t\t\t\t\t\t\t<div class=\"swiper-pagination\"><\/div>\n\t\t\t\t\t\t\t\t\t<\/div>\n\t\t\t\t\t\t<\/div>\n\t\t\t\t<\/div>\n\t\t\t\t<\/div>\n\t\t\t\t\t<\/div>\n\t\t\t\t<\/div>\n\t\t\t\t<\/div>","protected":false},"excerpt":{"rendered":"<p>ABOUT US Since 2019 we have worked in partnerships with many market leaders, facilitating and capitalizing on opportunities throughout Europe, [&hellip;]<\/p>\n","protected":false},"author":1,"featured_media":0,"parent":0,"menu_order":0,"comment_status":"closed","ping_status":"closed","template":"","meta":{"site-sidebar-layout":"no-sidebar","site-content-layout":"","ast-site-content-layout":"full-width-container","site-content-style":"default","site-sidebar-style":"default","ast-global-header-display":"","ast-banner-title-visibility":"","ast-main-header-display":"","ast-hfb-above-header-display":"","ast-hfb-below-header-display":"","ast-hfb-mobile-header-display":"","site-post-title":"disabled","ast-breadcrumbs-content":"","ast-featured-img":"disabled","footer-sml-layout":"","ast-disable-related-posts":"","theme-transparent-header-meta":"","adv-header-id-meta":"","stick-header-meta":"","header-above-stick-meta":"","header-main-stick-meta":"","header-below-stick-meta":"","astra-migrate-meta-layouts":"default","ast-page-background-enabled":"default","ast-page-background-meta":{"desktop":{"background-color":"var(--ast-global-color-4)","background-image":"","background-repeat":"repeat","background-position":"center center","background-size":"auto","background-attachment":"scroll","background-type":"","background-media":"","overlay-type":"","overlay-color":"","overlay-opacity":"","overlay-gradient":""},"tablet":{"background-color":"","background-image":"","background-repeat":"repeat","background-position":"center center","background-size":"auto","background-attachment":"scroll","background-type":"","background-media":"","overlay-type":"","overlay-color":"","overlay-opacity":"","overlay-gradient":""},"mobile":{"background-color":"","background-image":"","background-repeat":"repeat","background-position":"center center","background-size":"auto","background-attachment":"scroll","background-type":"","background-media":"","overlay-type":"","overlay-color":"","overlay-opacity":"","overlay-gradient":""}},"ast-content-background-meta":{"desktop":{"background-color":"var(--ast-global-color-5)","background-image":"","background-repeat":"repeat","background-position":"center center","background-size":"auto","background-attachment":"scroll","background-type":"","background-media":"","overlay-type":"","overlay-color":"","overlay-opacity":"","overlay-gradient":""},"tablet":{"background-color":"var(--ast-global-color-5)","background-image":"","background-repeat":"repeat","background-position":"center center","background-size":"auto","background-attachment":"scroll","background-type":"","background-media":"","overlay-type":"","overlay-color":"","overlay-opacity":"","overlay-gradient":""},"mobile":{"background-color":"var(--ast-global-color-5)","background-image":"","background-repeat":"repeat","background-position":"center center","background-size":"auto","background-attachment":"scroll","background-type":"","background-media":"","overlay-type":"","overlay-color":"","overlay-opacity":"","overlay-gradient":""}},"footnotes":""},"class_list":["post-134","page","type-page","status-publish","hentry"],"_links":{"self":[{"href":"https:\/\/www.sterubber.com\/pt\/wp-json\/wp\/v2\/pages\/134","targetHints":{"allow":["GET"]}}],"collection":[{"href":"https:\/\/www.sterubber.com\/pt\/wp-json\/wp\/v2\/pages"}],"about":[{"href":"https:\/\/www.sterubber.com\/pt\/wp-json\/wp\/v2\/types\/page"}],"author":[{"embeddable":true,"href":"https:\/\/www.sterubber.com\/pt\/wp-json\/wp\/v2\/users\/1"}],"replies":[{"embeddable":true,"href":"https:\/\/www.sterubber.com\/pt\/wp-json\/wp\/v2\/comments?post=134"}],"version-history":[{"count":3,"href":"https:\/\/www.sterubber.com\/pt\/wp-json\/wp\/v2\/pages\/134\/revisions"}],"predecessor-version":[{"id":2182,"href":"https:\/\/www.sterubber.com\/pt\/wp-json\/wp\/v2\/pages\/134\/revisions\/2182"}],"wp:attachment":[{"href":"https:\/\/www.sterubber.com\/pt\/wp-json\/wp\/v2\/media?parent=134"}],"curies":[{"name":"wp","href":"https:\/\/api.w.org\/{rel}","templated":true}]}}