{"id":800,"date":"2024-04-02T14:46:04","date_gmt":"2024-04-02T06:46:04","guid":{"rendered":"https:\/\/sterubber.com\/?post_type=product&#038;p=800"},"modified":"2024-04-07T10:28:28","modified_gmt":"2024-04-07T02:28:28","slug":"manguera-de-goma-resistente-al-fuego","status":"publish","type":"product","link":"https:\/\/www.sterubber.com\/es\/product\/fire-resistance-rubber-hose\/","title":{"rendered":"Manguera de goma resistente al fuego"},"content":{"rendered":"<p>Estructura de la manguera de caucho resistente al fuego: Manguera de bobinado de alambre de acero de alta presi\u00f3n como matriz. La carcasa exterior est\u00e1 recubierta con una capa de revestimiento refractario, una capa de trenzado de alambre de acero y una capa ign\u00edfuga. Aplicaci\u00f3n: Control de pozos petrol\u00edferos, fundici\u00f3n de metales e industria qu\u00edmica con fuentes de calor o radiaci\u00f3n t\u00e9rmica en condiciones ambientales de alta temperatura.<\/p>\n<p>Ejecutar el est\u00e1ndar\/ESPECIFICACI\u00d3N: API SPEC 16C<\/p>\n\n<table id=\"tablepress-31\" class=\"tablepress tablepress-id-31 tbody-has-connected-cells\">\n<tbody class=\"row-striping row-hover\">\n<tr class=\"row-1\">\n\t<td rowspan=\"2\" class=\"column-1\">Tama\u00f1o de la manguera<\/td><td class=\"column-2\">Di\u00e1metro interior<\/td><td class=\"column-3\">Di\u00e1metro del refuerzo<\/td><td class=\"column-4\">Di\u00e1metro externo<\/td><td colspan=\"2\" class=\"column-5\">Presi\u00f3n de trabajo<\/td>\n<\/tr>\n<tr class=\"row-2\">\n\t<td class=\"column-2\">mm<\/td><td class=\"column-3\">mm<\/td><td class=\"column-4\">mm<\/td><td class=\"column-5\">MPa<\/td><td class=\"column-6\">Psi<\/td>\n<\/tr>\n<tr class=\"row-3\">\n\t<td class=\"column-1\">\u03c613(112 )<\/td><td class=\"column-2\">13\u00b10,5<\/td><td class=\"column-3\">22,2 \u00b1 0,8<\/td><td class=\"column-4\">44\u00b11.0<\/td><td class=\"column-5\">43<\/td><td class=\"column-6\">6231<\/td>\n<\/tr>\n<tr class=\"row-4\">\n\t<td class=\"column-1\">p\u00e1g. 16(518)<\/td><td class=\"column-2\">16\u00b10,5<\/td><td class=\"column-3\">26\u00b10,8<\/td><td class=\"column-4\">47\u00b11,5<\/td><td class=\"column-5\">38<\/td><td class=\"column-6\">5506<\/td>\n<\/tr>\n<tr class=\"row-5\">\n\t<td class=\"column-1\">\u03c619(314)<\/td><td class=\"column-2\">19\u00b10,5<\/td><td class=\"column-3\">30\u00b10,8<\/td><td class=\"column-4\">52\u00b11,5<\/td><td class=\"column-5\">34.5<\/td><td class=\"column-6\">4999<\/td>\n<\/tr>\n<tr class=\"row-6\">\n\t<td class=\"column-1\">p\u00e1g. 25(1)<\/td><td class=\"column-2\">25\u00b10,8<\/td><td class=\"column-3\">36\u00b10,8<\/td><td class=\"column-4\">59\u00b11,5<\/td><td class=\"column-5\">27.5<\/td><td class=\"column-6\">3985<\/td>\n<\/tr>\n<tr class=\"row-7\">\n\t<td class=\"column-1\">\u03c632(1-1\/4)<\/td><td class=\"column-2\">32\u00b10,8<\/td><td class=\"column-3\">44\u00b10,8<\/td><td class=\"column-4\">69\u00b12.0<\/td><td class=\"column-5\">20.5<\/td><td class=\"column-6\">2970<\/td>\n<\/tr>\n<tr class=\"row-8\">\n\t<td class=\"column-1\">\u03c638(1-1\/2)<\/td><td class=\"column-2\">38\u00b11.0<\/td><td class=\"column-3\">50,8 \u00b1 1,0<\/td><td class=\"column-4\">76\u00b12.0<\/td><td class=\"column-5\">17<\/td><td class=\"column-6\">2463<\/td>\n<\/tr>\n<tr class=\"row-9\">\n\t<td class=\"column-1\">\u03c651(2)<\/td><td class=\"column-2\">51\u00b11.0<\/td><td class=\"column-3\">63,8 \u00b1 1,0<\/td><td class=\"column-4\">91\u00b12.0<\/td><td class=\"column-5\">17<\/td><td class=\"column-6\">2463<\/td>\n<\/tr>\n<tr class=\"row-10\">\n\t<td class=\"column-1\">9102(4)<\/td><td class=\"column-2\">102\u00b11.0<\/td><td class=\"column-3\">129,0 \u00b1 1,0<\/td><td class=\"column-4\">157 \u00b1 2,0<\/td><td class=\"column-5\">17<\/td><td class=\"column-6\">2463<\/td>\n<\/tr>\n<\/tbody>\n<\/table>\n<!-- #tablepress-31 from cache -->\n\n<table id=\"tablepress-32\" class=\"tablepress tablepress-id-32 tbody-has-connected-cells\">\n<tbody class=\"row-striping row-hover\">\n<tr class=\"row-1\">\n\t<td rowspan=\"2\" class=\"column-1\">Tama\u00f1o de la manguera<\/td><td colspan=\"2\" class=\"column-2\">Presi\u00f3n de prueba<\/td><td colspan=\"2\" class=\"column-4\">Presi\u00f3n de ruptura<\/td><td class=\"column-6\">Radio de curvatura m\u00ednimo<\/td><td class=\"column-7\">Temperatura de resistencia al fuego<\/td>\n<\/tr>\n<tr class=\"row-2\">\n\t<td class=\"column-2\">MPa<\/td><td class=\"column-3\">Psi<\/td><td class=\"column-4\">MPa<\/td><td class=\"column-5\">Psi<\/td><td class=\"column-6\">mm<\/td><td class=\"column-7\">\u00b0C<\/td>\n<\/tr>\n<tr class=\"row-3\">\n\t<td class=\"column-1\">\u03c613(112 )<\/td><td class=\"column-2\">64.5<\/td><td class=\"column-3\">9364<\/td><td class=\"column-4\">86<\/td><td class=\"column-5\">12461<\/td><td class=\"column-6\">230<\/td><td class=\"column-7\">750<\/td>\n<\/tr>\n<tr class=\"row-4\">\n\t<td class=\"column-1\">p\u00e1g. 16(518)<\/td><td class=\"column-2\">57<\/td><td class=\"column-3\">8259<\/td><td class=\"column-4\">76<\/td><td class=\"column-5\">11012<\/td><td class=\"column-6\">260<\/td><td class=\"column-7\">750<\/td>\n<\/tr>\n<tr class=\"row-5\">\n\t<td class=\"column-1\">\u03c619(314)<\/td><td class=\"column-2\">51.75<\/td><td class=\"column-3\">7499<\/td><td class=\"column-4\">69<\/td><td class=\"column-5\">9998<\/td><td class=\"column-6\">300<\/td><td class=\"column-7\">750<\/td>\n<\/tr>\n<tr class=\"row-6\">\n\t<td class=\"column-1\">p\u00e1g. 25(1)<\/td><td class=\"column-2\">41.25<\/td><td class=\"column-3\">5977<\/td><td class=\"column-4\">55<\/td><td class=\"column-5\">7970<\/td><td class=\"column-6\">360<\/td><td class=\"column-7\">750<\/td>\n<\/tr>\n<tr class=\"row-7\">\n\t<td class=\"column-1\">\u03c632(1-1\/4)<\/td><td class=\"column-2\">30.75<\/td><td class=\"column-3\">4456<\/td><td class=\"column-4\">41<\/td><td class=\"column-5\">5941<\/td><td class=\"column-6\">470<\/td><td class=\"column-7\">750<\/td>\n<\/tr>\n<tr class=\"row-8\">\n\t<td class=\"column-1\">\u03c638(1-1\/2)<\/td><td class=\"column-2\">25.5<\/td><td class=\"column-3\">3695<\/td><td class=\"column-4\">34<\/td><td class=\"column-5\">4907<\/td><td class=\"column-6\">570<\/td><td class=\"column-7\">750<\/td>\n<\/tr>\n<tr class=\"row-9\">\n\t<td class=\"column-1\">\u03c651(2)<\/td><td class=\"column-2\">25.5<\/td><td class=\"column-3\">3695<\/td><td class=\"column-4\">34<\/td><td class=\"column-5\">4927<\/td><td class=\"column-6\">740<\/td><td class=\"column-7\">750<\/td>\n<\/tr>\n<tr class=\"row-10\">\n\t<td class=\"column-1\">9102(4)<\/td><td class=\"column-2\">25.5<\/td><td class=\"column-3\">3695<\/td><td class=\"column-4\">34<\/td><td class=\"column-5\">4927<\/td><td class=\"column-6\">1500<\/td><td class=\"column-7\">750<\/td>\n<\/tr>\n<\/tbody>\n<\/table>\n<!-- #tablepress-32 from cache -->\n<p>&nbsp;<\/p>","protected":false},"excerpt":{"rendered":"<p>Estructura de la manguera de caucho resistente al fuego: Manguera de bobinado de alambre de acero de alta presi\u00f3n como matriz. La carcasa exterior est\u00e1 recubierta con una capa de revestimiento refractario, una capa de trenzado de alambre de acero y una capa ign\u00edfuga. Aplicaci\u00f3n: Control de pozos petrol\u00edferos, fundici\u00f3n de metales e industria qu\u00edmica con fuentes de calor o radiaci\u00f3n t\u00e9rmica en condiciones ambientales de alta temperatura.<\/p>","protected":false},"featured_media":801,"comment_status":"open","ping_status":"closed","template":"","meta":{"site-sidebar-layout":"default","site-content-layout":"","ast-site-content-layout":"default","site-content-style":"default","site-sidebar-style":"default","ast-global-header-display":"","ast-banner-title-visibility":"","ast-main-header-display":"","ast-hfb-above-header-display":"","ast-hfb-below-header-display":"","ast-hfb-mobile-header-display":"","site-post-title":"","ast-breadcrumbs-content":"","ast-featured-img":"","footer-sml-layout":"","ast-disable-related-posts":"","theme-transparent-header-meta":"default","adv-header-id-meta":"","stick-header-meta":"","header-above-stick-meta":"","header-main-stick-meta":"","header-below-stick-meta":"","astra-migrate-meta-layouts":"set","ast-page-background-enabled":"default","ast-page-background-meta":{"desktop":{"background-color":"var(--ast-global-color-4)","background-image":"","background-repeat":"repeat","background-position":"center center","background-size":"auto","background-attachment":"scroll","background-type":"","background-media":"","overlay-type":"","overlay-color":"","overlay-opacity":"","overlay-gradient":""},"tablet":{"background-color":"","background-image":"","background-repeat":"repeat","background-position":"center center","background-size":"auto","background-attachment":"scroll","background-type":"","background-media":"","overlay-type":"","overlay-color":"","overlay-opacity":"","overlay-gradient":""},"mobile":{"background-color":"","background-image":"","background-repeat":"repeat","background-position":"center center","background-size":"auto","background-attachment":"scroll","background-type":"","background-media":"","overlay-type":"","overlay-color":"","overlay-opacity":"","overlay-gradient":""}},"ast-content-background-meta":{"desktop":{"background-color":"var(--ast-global-color-5)","background-image":"","background-repeat":"repeat","background-position":"center center","background-size":"auto","background-attachment":"scroll","background-type":"","background-media":"","overlay-type":"","overlay-color":"","overlay-opacity":"","overlay-gradient":""},"tablet":{"background-color":"var(--ast-global-color-5)","background-image":"","background-repeat":"repeat","background-position":"center center","background-size":"auto","background-attachment":"scroll","background-type":"","background-media":"","overlay-type":"","overlay-color":"","overlay-opacity":"","overlay-gradient":""},"mobile":{"background-color":"var(--ast-global-color-5)","background-image":"","background-repeat":"repeat","background-position":"center center","background-size":"auto","background-attachment":"scroll","background-type":"","background-media":"","overlay-type":"","overlay-color":"","overlay-opacity":"","overlay-gradient":""}}},"product_brand":[],"product_cat":[24],"product_tag":[],"class_list":{"0":"post-800","1":"product","2":"type-product","3":"status-publish","4":"has-post-thumbnail","6":"product_cat-rubber-hose","7":"desktop-align-center","8":"tablet-align-left","9":"mobile-align-left","11":"first","12":"instock","13":"shipping-taxable","14":"product-type-simple"},"_links":{"self":[{"href":"https:\/\/www.sterubber.com\/es\/wp-json\/wp\/v2\/product\/800","targetHints":{"allow":["GET"]}}],"collection":[{"href":"https:\/\/www.sterubber.com\/es\/wp-json\/wp\/v2\/product"}],"about":[{"href":"https:\/\/www.sterubber.com\/es\/wp-json\/wp\/v2\/types\/product"}],"replies":[{"embeddable":true,"href":"https:\/\/www.sterubber.com\/es\/wp-json\/wp\/v2\/comments?post=800"}],"wp:featuredmedia":[{"embeddable":true,"href":"https:\/\/www.sterubber.com\/es\/wp-json\/wp\/v2\/media\/801"}],"wp:attachment":[{"href":"https:\/\/www.sterubber.com\/es\/wp-json\/wp\/v2\/media?parent=800"}],"wp:term":[{"taxonomy":"product_brand","embeddable":true,"href":"https:\/\/www.sterubber.com\/es\/wp-json\/wp\/v2\/product_brand?post=800"},{"taxonomy":"product_cat","embeddable":true,"href":"https:\/\/www.sterubber.com\/es\/wp-json\/wp\/v2\/product_cat?post=800"},{"taxonomy":"product_tag","embeddable":true,"href":"https:\/\/www.sterubber.com\/es\/wp-json\/wp\/v2\/product_tag?post=800"}],"curies":[{"name":"wp","href":"https:\/\/api.w.org\/{rel}","templated":true}]}}