{"id":782,"date":"2024-04-02T13:53:02","date_gmt":"2024-04-02T05:53:02","guid":{"rendered":"https:\/\/sterubber.com\/?post_type=product&#038;p=782"},"modified":"2024-04-07T10:28:02","modified_gmt":"2024-04-07T02:28:02","slug":"manguera-de-goma-de-baja-presion","status":"publish","type":"product","link":"https:\/\/www.sterubber.com\/es\/product\/low-pressure-rubber-hose\/","title":{"rendered":"Manguera de goma de baja presi\u00f3n"},"content":{"rendered":"<p style=\"font-weight: 400;\">La manguera de goma de baja presi\u00f3n transporta vapor saturado o agua sobrecalentada a menos de 170 \u00b0C. La presi\u00f3n de trabajo es de 0,35 MPa para vapor y de 0,8 MPa para agua caliente.<\/p>\n<p style=\"font-weight: 400;\">Uso de la manguera de vapor: Transporte de vapor saturado o agua sobrecalentada a 165 \u00b0C-220 \u00b0C. Es adecuada para tuber\u00edas flexibles en equipos de prensado en caliente, como limpiadoras de vapor, martillos de vapor, vulcanizadoras planas y m\u00e1quinas de moldeo por inyecci\u00f3n.<\/p>\n<p style=\"font-weight: 400;\">Caracter\u00edsticas: Las capas de goma interior y exterior de la manguera est\u00e1n hechas de caucho sint\u00e9tico con excelente resistencia al calor. El cuerpo del tubo es suave, voluminoso, flexible y de alta resistencia al calor.<\/p>\n<p style=\"font-weight: 400;\"><strong>Clasificaci\u00f3n de mangueras de caucho de baja presi\u00f3n:<\/strong><\/p>\n<p style=\"font-weight: 400;\">\u2013 Manguera de vapor recubierta de tela<\/p>\n<p style=\"font-weight: 400;\">-Tubo de PTFE<\/p>\n<p style=\"font-weight: 400;\">-Tubo de silicona<\/p>\n<p style=\"font-weight: 400;\">\u2013 Manguera de vapor recubierta de tela<\/p>\n<p style=\"font-weight: 400;\">Uso: Adecuada para el transporte de vapor saturado o agua sobrecalentada a una temperatura no superior a 150 \u00b0C. Caracter\u00edsticas: La capa de caucho ofrece buena resistencia al calor y la presi\u00f3n de la manguera no es inferior a 10 veces la presi\u00f3n de trabajo.<\/p>\n<p style=\"font-weight: 400;\">-Uso de tuber\u00eda de PTFE: ampliamente utilizado en la industria qu\u00edmica, maquinaria, electr\u00f3nica, electrodom\u00e9sticos, industria militar, tuber\u00edas, petr\u00f3leo, maquinaria textil, aislamiento el\u00e9ctrico, protecci\u00f3n del medio ambiente y otros campos econ\u00f3micos.<\/p>\n<p style=\"font-weight: 400;\">Caracter\u00edsticas: Estructura de apariencia fina, sin impurezas mec\u00e1nicas, alta resistencia, excelente estabilidad qu\u00edmica, resistencia a la corrosi\u00f3n, sellado, autolubricante y no pegajoso, capacidades de aislamiento el\u00e9ctrico, se puede utilizar durante mucho tiempo a -60 ~ 250 \u2103 y tiene una resistencia confiable y excelente a la corrosi\u00f3n, se utiliza para transportar medios altamente corrosivos a altas temperaturas.<\/p>\n<p style=\"font-weight: 400;\">Cualquier longitud dentro del rango de di\u00e1metro de 4-50 mm, resistente al fr\u00edo y a altas temperaturas, no t\u00f3xico e ins\u00edpido, cumple con las normas de higiene alimentaria. Adem\u00e1s, est\u00e1 fabricado con un tubo de silicona y fibra de vidrio, que ofrece mayor resistencia a la humedad y a la presi\u00f3n. Soporta temperaturas de hasta 300 \u00b0C. Sus principales especificaciones son un di\u00e1metro interior de 9,5 y 12,7 mm, un espesor de pared de 3,5 mm y una presi\u00f3n \u2264 0,3 MPa. Se utiliza en puertos de bombas perist\u00e1lticas para hacer rodar el tubo de la bomba a trav\u00e9s del cabezal de la bomba, generando vac\u00edo e impulsando el flujo de l\u00edquido.<\/p>\n\n<table id=\"tablepress-28\" class=\"tablepress tablepress-id-28\">\n<thead>\n<tr class=\"row-1\">\n\t<th class=\"column-1\">Nombre del producto<\/th><th class=\"column-2\">Di\u00e1metro interior (mm)<\/th><th class=\"column-3\">Rendimiento y uso<\/th><th class=\"column-4\">Observaci\u00f3n<\/th>\n<\/tr>\n<\/thead>\n<tbody class=\"row-striping row-hover\">\n<tr class=\"row-2\">\n\t<td class=\"column-1\">Manguera de vapor<\/td><td class=\"column-2\">6-76<\/td><td class=\"column-3\">Transporte vapor saturado o agua sobrecalentada por debajo de 170 \u2103, la presi\u00f3n de trabajo es de 0,35 Mpa para vapor y 0,8 Mpa para agua caliente.<\/td><td class=\"column-4\"><\/td>\n<\/tr>\n<tr class=\"row-3\">\n\t<td class=\"column-1\">Manguera de transmisi\u00f3n y succi\u00f3n de aceite<\/td><td class=\"column-2\">6-152<\/td><td class=\"column-3\">Succi\u00f3n y transporte de gasolina, aceite de motor, aceite lubricante y otros aceites minerales a temperatura ambiente. Presi\u00f3n de trabajo: 0,5-1,2 MPa.<\/td><td class=\"column-4\"><\/td>\n<\/tr>\n<tr class=\"row-4\">\n\t<td class=\"column-1\">Manguera de succi\u00f3n de alimentos<\/td><td class=\"column-2\">16-152<\/td><td class=\"column-3\">Atrae leche, alcohol, aceites comestibles y bebidas l\u00edquidas. Presi\u00f3n de trabajo: 0,5-0,8 MPa.<\/td><td class=\"column-4\"><\/td>\n<\/tr>\n<tr class=\"row-5\">\n\t<td class=\"column-1\">Manguera de transporte de \u00e1cidos y \u00e1lcalis<\/td><td class=\"column-2\">19-203<\/td><td class=\"column-3\">Transporte de soluciones \u00e1cidas y alcalinas diluidas a temperatura ambiente. Presi\u00f3n de trabajo: 0,5-0,7 MPa.<\/td><td class=\"column-4\">Al transportar \u00e1cido concentrado, se puede utilizar caucho de butilo como capa de caucho interna y fibra de vidrio como capa de tela.<\/td>\n<\/tr>\n<tr class=\"row-6\">\n\t<td class=\"column-1\">Manguera de chorro de arena resistente al desgaste<\/td><td class=\"column-2\">19-76<\/td><td class=\"column-3\">Manguera para chorro de arena a presi\u00f3n de aire, presi\u00f3n de trabajo 0,6Mpa.<\/td><td class=\"column-4\">Las tuber\u00edas para camiones cisterna de cemento tambi\u00e9n se pueden producir seg\u00fan este m\u00e9todo.<\/td>\n<\/tr>\n<tr class=\"row-7\">\n\t<td class=\"column-1\">Tubo curvo del tanque de agua<\/td><td class=\"column-2\">25-102<\/td><td class=\"column-3\">Tanque de agua de locomotora para suministro de agua.<\/td><td class=\"column-4\"><\/td>\n<\/tr>\n<tr class=\"row-8\">\n\t<td class=\"column-1\">Manguera de perforaci\u00f3n<\/td><td class=\"column-2\">51-102<\/td><td class=\"column-3\">Es resistente a la presi\u00f3n, al desgaste y al aceite. Se utiliza como tuber\u00eda de conexi\u00f3n flexible entre la llave de la manguera de la perforadora y la brida del tubo ascendente. Su presi\u00f3n de trabajo es de 10-30 Pa.<\/td><td class=\"column-4\">Hay conectores met\u00e1licos en ambos extremos.<\/td>\n<\/tr>\n<tr class=\"row-9\">\n\t<td class=\"column-1\">Manguera de soplado de ox\u00edgeno enrollada con alambre de nailon<\/td><td class=\"column-2\">51-127<\/td><td class=\"column-3\">Para los convertidores de ox\u00edgeno puro de soplado superior se utilizan tubos de conexi\u00f3n flexibles y la presi\u00f3n de trabajo es de 1,5 MPa.<\/td><td class=\"column-4\">Brida met\u00e1lica vulcanizada de extremo a extremo con capa protectora de amianto en el exterior.<\/td>\n<\/tr>\n<tr class=\"row-10\">\n\t<td class=\"column-1\">Manguera de descarga de lodo (succi\u00f3n)<\/td><td class=\"column-2\">196-900<\/td><td class=\"column-3\">La draga se utiliza para descargar (succionar) sedimentos y la presi\u00f3n de trabajo es de 0,4 a 0,5 MPa.<\/td><td class=\"column-4\">Puede equiparse con uni\u00f3n de brida seg\u00fan los requisitos de dise\u00f1o.<\/td>\n<\/tr>\n<tr class=\"row-11\">\n\t<td class=\"column-1\">Manguera para hacer agujeros<\/td><td class=\"column-2\">25, 32, 40<\/td><td class=\"column-3\">Se utiliza para hacer agujeros en puentes, carreteras y otras construcciones de ingenier\u00eda, y la resistencia a la tracci\u00f3n es de 1,50-2,30 kg\/ra\u00edz.<\/td><td class=\"column-4\">La capa exterior de pegamento tiene buenas propiedades de desgarro.<\/td>\n<\/tr>\n<\/tbody>\n<\/table>\n<!-- #tablepress-28 from cache -->","protected":false},"excerpt":{"rendered":"<p>La manguera de goma de baja presi\u00f3n transporta vapor saturado o agua sobrecalentada a menos de 170 \u00b0C. La presi\u00f3n de trabajo es de 0,35 MPa para vapor y de 0,8 MPa para agua caliente.<\/p>","protected":false},"featured_media":787,"comment_status":"open","ping_status":"closed","template":"","meta":{"site-sidebar-layout":"default","site-content-layout":"","ast-site-content-layout":"default","site-content-style":"default","site-sidebar-style":"default","ast-global-header-display":"","ast-banner-title-visibility":"","ast-main-header-display":"","ast-hfb-above-header-display":"","ast-hfb-below-header-display":"","ast-hfb-mobile-header-display":"","site-post-title":"","ast-breadcrumbs-content":"","ast-featured-img":"","footer-sml-layout":"","ast-disable-related-posts":"","theme-transparent-header-meta":"default","adv-header-id-meta":"","stick-header-meta":"","header-above-stick-meta":"","header-main-stick-meta":"","header-below-stick-meta":"","astra-migrate-meta-layouts":"set","ast-page-background-enabled":"default","ast-page-background-meta":{"desktop":{"background-color":"var(--ast-global-color-4)","background-image":"","background-repeat":"repeat","background-position":"center center","background-size":"auto","background-attachment":"scroll","background-type":"","background-media":"","overlay-type":"","overlay-color":"","overlay-opacity":"","overlay-gradient":""},"tablet":{"background-color":"","background-image":"","background-repeat":"repeat","background-position":"center center","background-size":"auto","background-attachment":"scroll","background-type":"","background-media":"","overlay-type":"","overlay-color":"","overlay-opacity":"","overlay-gradient":""},"mobile":{"background-color":"","background-image":"","background-repeat":"repeat","background-position":"center center","background-size":"auto","background-attachment":"scroll","background-type":"","background-media":"","overlay-type":"","overlay-color":"","overlay-opacity":"","overlay-gradient":""}},"ast-content-background-meta":{"desktop":{"background-color":"var(--ast-global-color-5)","background-image":"","background-repeat":"repeat","background-position":"center center","background-size":"auto","background-attachment":"scroll","background-type":"","background-media":"","overlay-type":"","overlay-color":"","overlay-opacity":"","overlay-gradient":""},"tablet":{"background-color":"var(--ast-global-color-5)","background-image":"","background-repeat":"repeat","background-position":"center center","background-size":"auto","background-attachment":"scroll","background-type":"","background-media":"","overlay-type":"","overlay-color":"","overlay-opacity":"","overlay-gradient":""},"mobile":{"background-color":"var(--ast-global-color-5)","background-image":"","background-repeat":"repeat","background-position":"center center","background-size":"auto","background-attachment":"scroll","background-type":"","background-media":"","overlay-type":"","overlay-color":"","overlay-opacity":"","overlay-gradient":""}}},"product_brand":[],"product_cat":[24],"product_tag":[],"class_list":{"0":"post-782","1":"product","2":"type-product","3":"status-publish","4":"has-post-thumbnail","6":"product_cat-rubber-hose","7":"desktop-align-center","8":"tablet-align-left","9":"mobile-align-left","11":"first","12":"instock","13":"shipping-taxable","14":"product-type-simple"},"_links":{"self":[{"href":"https:\/\/www.sterubber.com\/es\/wp-json\/wp\/v2\/product\/782","targetHints":{"allow":["GET"]}}],"collection":[{"href":"https:\/\/www.sterubber.com\/es\/wp-json\/wp\/v2\/product"}],"about":[{"href":"https:\/\/www.sterubber.com\/es\/wp-json\/wp\/v2\/types\/product"}],"replies":[{"embeddable":true,"href":"https:\/\/www.sterubber.com\/es\/wp-json\/wp\/v2\/comments?post=782"}],"wp:featuredmedia":[{"embeddable":true,"href":"https:\/\/www.sterubber.com\/es\/wp-json\/wp\/v2\/media\/787"}],"wp:attachment":[{"href":"https:\/\/www.sterubber.com\/es\/wp-json\/wp\/v2\/media?parent=782"}],"wp:term":[{"taxonomy":"product_brand","embeddable":true,"href":"https:\/\/www.sterubber.com\/es\/wp-json\/wp\/v2\/product_brand?post=782"},{"taxonomy":"product_cat","embeddable":true,"href":"https:\/\/www.sterubber.com\/es\/wp-json\/wp\/v2\/product_cat?post=782"},{"taxonomy":"product_tag","embeddable":true,"href":"https:\/\/www.sterubber.com\/es\/wp-json\/wp\/v2\/product_tag?post=782"}],"curies":[{"name":"wp","href":"https:\/\/api.w.org\/{rel}","templated":true}]}}