{"id":774,"date":"2024-04-02T13:44:12","date_gmt":"2024-04-02T05:44:12","guid":{"rendered":"https:\/\/sterubber.com\/?post_type=product&#038;p=774"},"modified":"2024-04-07T10:27:13","modified_gmt":"2024-04-07T02:27:13","slug":"manguera-de-goma-trenzada-de-tela-flexible","status":"publish","type":"product","link":"https:\/\/www.sterubber.com\/es\/product\/flexible-cloth-braided-rubber-hose\/","title":{"rendered":"Manguera de goma trenzada de tela flexible"},"content":{"rendered":"<p>La manguera de caucho trenzado de tela flexible generalmente se compone de una capa de caucho interna, una capa de caucho intermedia, una capa trenzada (capa trenzada de algod\u00f3n o capa trenzada de alambre de acero, etc.) y una capa de caucho externa, la manguera trenzada de fibra puede estar hecha de algod\u00f3n, ray\u00f3n, fibra sint\u00e9tica, etc., la manguera trenzada de alambre de acero incluye una capa de refuerzo trenzada de alambre de acero.<\/p>\n<p style=\"font-weight: 400;\">De acuerdo con las propiedades diel\u00e9ctricas del caucho, la resistencia se puede dividir en tuber\u00edas de agua, tuber\u00edas de aire, tuber\u00edas de \u00e1cidos y \u00e1lcalis, tuber\u00edas, tuber\u00edas resistentes al calor, etc., ampliamente utilizadas en maquinaria y equipos industriales y agr\u00edcolas.<\/p>\n\n<table id=\"tablepress-27\" class=\"tablepress tablepress-id-27 tbody-has-connected-cells\">\n<tbody class=\"row-striping row-hover\">\n<tr class=\"row-1\">\n\t<td colspan=\"2\" class=\"column-1\">Di\u00e1metro interior<\/td><td rowspan=\"2\" class=\"column-3\">Capa de mejora\t<\/td><td rowspan=\"2\" class=\"column-4\">Peso bruto (kg)<\/td>\n<\/tr>\n<tr class=\"row-2\">\n\t<td class=\"column-1\">mm<\/td><td class=\"column-2\">pulgada<\/td>\n<\/tr>\n<tr class=\"row-3\">\n\t<td class=\"column-1\">19<\/td><td class=\"column-2\">3\/4\"<\/td><td class=\"column-3\">3\/5\/7\"<\/td><td class=\"column-4\">4\/6\/10\"<\/td>\n<\/tr>\n<tr class=\"row-4\">\n\t<td class=\"column-1\">25<\/td><td class=\"column-2\">1<\/td><td class=\"column-3\">3\/5\/7\"<\/td><td class=\"column-4\">4\/6\/10\"<\/td>\n<\/tr>\n<tr class=\"row-5\">\n\t<td class=\"column-1\">32<\/td><td class=\"column-2\">1.2<\/td><td class=\"column-3\">3\/5\/7\"<\/td><td class=\"column-4\">4\/6\/10\"<\/td>\n<\/tr>\n<tr class=\"row-6\">\n\t<td class=\"column-1\">38<\/td><td class=\"column-2\">1.5<\/td><td class=\"column-3\">3\/5\/7\"<\/td><td class=\"column-4\">3\/6\/8\"<\/td>\n<\/tr>\n<tr class=\"row-7\">\n\t<td class=\"column-1\">40<\/td><td class=\"column-2\">1.6<\/td><td class=\"column-3\">5\/7\"<\/td><td class=\"column-4\">5\/7\"<\/td>\n<\/tr>\n<tr class=\"row-8\">\n\t<td class=\"column-1\">42<\/td><td class=\"column-2\">1.7<\/td><td class=\"column-3\">5\/7\"<\/td><td class=\"column-4\">5\/7\"<\/td>\n<\/tr>\n<tr class=\"row-9\">\n\t<td class=\"column-1\">45<\/td><td class=\"column-2\">1.75<\/td><td class=\"column-3\">5\/7\"<\/td><td class=\"column-4\">5\/7\"<\/td>\n<\/tr>\n<tr class=\"row-10\">\n\t<td class=\"column-1\">48<\/td><td class=\"column-2\">1.9<\/td><td class=\"column-3\">5\/7\"<\/td><td class=\"column-4\">5\/7\"<\/td>\n<\/tr>\n<tr class=\"row-11\">\n\t<td class=\"column-1\">51<\/td><td class=\"column-2\">2<\/td><td class=\"column-3\">5\/7\"<\/td><td class=\"column-4\">5\/7\"<\/td>\n<\/tr>\n<tr class=\"row-12\">\n\t<td class=\"column-1\">60<\/td><td class=\"column-2\">2.4<\/td><td class=\"column-3\">5\/7\"<\/td><td class=\"column-4\">5\/7\"<\/td>\n<\/tr>\n<tr class=\"row-13\">\n\t<td class=\"column-1\">64<\/td><td class=\"column-2\">2.5<\/td><td class=\"column-3\">5\/7\"<\/td><td class=\"column-4\">5\/7\"<\/td>\n<\/tr>\n<tr class=\"row-14\">\n\t<td class=\"column-1\">76<\/td><td class=\"column-2\">3<\/td><td class=\"column-3\">5\/7\"<\/td><td class=\"column-4\">5\/7\"<\/td>\n<\/tr>\n<tr class=\"row-15\">\n\t<td class=\"column-1\">89<\/td><td class=\"column-2\">3.5<\/td><td class=\"column-3\">7<\/td><td class=\"column-4\">7<\/td>\n<\/tr>\n<tr class=\"row-16\">\n\t<td class=\"column-1\">102<\/td><td class=\"column-2\">4<\/td><td class=\"column-3\">7<\/td><td class=\"column-4\">6<\/td>\n<\/tr>\n<\/tbody>\n<\/table>\n<!-- #tablepress-27 from cache -->","protected":false},"excerpt":{"rendered":"<p>La manguera de caucho trenzado de tela flexible generalmente se compone de una capa de caucho interna, una capa de caucho intermedia, una capa trenzada (capa trenzada de algod\u00f3n o capa trenzada de alambre de acero, etc.) y una capa de caucho externa, la manguera trenzada de fibra puede estar hecha de algod\u00f3n, ray\u00f3n, fibra sint\u00e9tica, etc., la manguera trenzada de alambre de acero incluye una capa de refuerzo trenzada de alambre de acero.<\/p>","protected":false},"featured_media":778,"comment_status":"open","ping_status":"closed","template":"","meta":{"site-sidebar-layout":"default","site-content-layout":"","ast-site-content-layout":"default","site-content-style":"default","site-sidebar-style":"default","ast-global-header-display":"","ast-banner-title-visibility":"","ast-main-header-display":"","ast-hfb-above-header-display":"","ast-hfb-below-header-display":"","ast-hfb-mobile-header-display":"","site-post-title":"","ast-breadcrumbs-content":"","ast-featured-img":"","footer-sml-layout":"","ast-disable-related-posts":"","theme-transparent-header-meta":"default","adv-header-id-meta":"","stick-header-meta":"","header-above-stick-meta":"","header-main-stick-meta":"","header-below-stick-meta":"","astra-migrate-meta-layouts":"set","ast-page-background-enabled":"default","ast-page-background-meta":{"desktop":{"background-color":"var(--ast-global-color-4)","background-image":"","background-repeat":"repeat","background-position":"center center","background-size":"auto","background-attachment":"scroll","background-type":"","background-media":"","overlay-type":"","overlay-color":"","overlay-opacity":"","overlay-gradient":""},"tablet":{"background-color":"","background-image":"","background-repeat":"repeat","background-position":"center center","background-size":"auto","background-attachment":"scroll","background-type":"","background-media":"","overlay-type":"","overlay-color":"","overlay-opacity":"","overlay-gradient":""},"mobile":{"background-color":"","background-image":"","background-repeat":"repeat","background-position":"center center","background-size":"auto","background-attachment":"scroll","background-type":"","background-media":"","overlay-type":"","overlay-color":"","overlay-opacity":"","overlay-gradient":""}},"ast-content-background-meta":{"desktop":{"background-color":"var(--ast-global-color-5)","background-image":"","background-repeat":"repeat","background-position":"center center","background-size":"auto","background-attachment":"scroll","background-type":"","background-media":"","overlay-type":"","overlay-color":"","overlay-opacity":"","overlay-gradient":""},"tablet":{"background-color":"var(--ast-global-color-5)","background-image":"","background-repeat":"repeat","background-position":"center center","background-size":"auto","background-attachment":"scroll","background-type":"","background-media":"","overlay-type":"","overlay-color":"","overlay-opacity":"","overlay-gradient":""},"mobile":{"background-color":"var(--ast-global-color-5)","background-image":"","background-repeat":"repeat","background-position":"center center","background-size":"auto","background-attachment":"scroll","background-type":"","background-media":"","overlay-type":"","overlay-color":"","overlay-opacity":"","overlay-gradient":""}}},"product_brand":[],"product_cat":[24],"product_tag":[],"class_list":{"0":"post-774","1":"product","2":"type-product","3":"status-publish","4":"has-post-thumbnail","6":"product_cat-rubber-hose","7":"desktop-align-center","8":"tablet-align-left","9":"mobile-align-left","11":"first","12":"instock","13":"shipping-taxable","14":"product-type-simple"},"_links":{"self":[{"href":"https:\/\/www.sterubber.com\/es\/wp-json\/wp\/v2\/product\/774","targetHints":{"allow":["GET"]}}],"collection":[{"href":"https:\/\/www.sterubber.com\/es\/wp-json\/wp\/v2\/product"}],"about":[{"href":"https:\/\/www.sterubber.com\/es\/wp-json\/wp\/v2\/types\/product"}],"replies":[{"embeddable":true,"href":"https:\/\/www.sterubber.com\/es\/wp-json\/wp\/v2\/comments?post=774"}],"wp:featuredmedia":[{"embeddable":true,"href":"https:\/\/www.sterubber.com\/es\/wp-json\/wp\/v2\/media\/778"}],"wp:attachment":[{"href":"https:\/\/www.sterubber.com\/es\/wp-json\/wp\/v2\/media?parent=774"}],"wp:term":[{"taxonomy":"product_brand","embeddable":true,"href":"https:\/\/www.sterubber.com\/es\/wp-json\/wp\/v2\/product_brand?post=774"},{"taxonomy":"product_cat","embeddable":true,"href":"https:\/\/www.sterubber.com\/es\/wp-json\/wp\/v2\/product_cat?post=774"},{"taxonomy":"product_tag","embeddable":true,"href":"https:\/\/www.sterubber.com\/es\/wp-json\/wp\/v2\/product_tag?post=774"}],"curies":[{"name":"wp","href":"https:\/\/api.w.org\/{rel}","templated":true}]}}