{"id":732,"date":"2024-04-02T12:54:53","date_gmt":"2024-04-02T04:54:53","guid":{"rendered":"https:\/\/sterubber.com\/?post_type=product&#038;p=732"},"modified":"2024-04-07T10:24:49","modified_gmt":"2024-04-07T02:24:49","slug":"sello-de-empaque-de-grafito-flexible","status":"publish","type":"product","link":"https:\/\/www.sterubber.com\/es\/product\/flexible-graphite-packing-seal\/","title":{"rendered":"Sello de empaque de grafito flexible"},"content":{"rendered":"<p style=\"font-weight: 400;\">Sello de empaque de grafito flexible<\/p>\n<p style=\"font-weight: 400;\">Fabricado con hilo de grafito flexible y reforzado con varios alambres de Inconel resistentes a altas temperaturas, que tienen mucha alta presi\u00f3n.<br \/>\nEstanqueidad y rendimiento estable, aplicable para embalaje de sellado est\u00e1tico a alta temperatura y presi\u00f3n.<\/p>\n\n<table id=\"tablepress-23\" class=\"tablepress tablepress-id-23\">\n<tbody class=\"row-striping row-hover\">\n<tr class=\"row-1\">\n\t<td class=\"column-1\">Temperatura<\/td><td class=\"column-2\">\u201c-204~+650 \u2103<\/td>\n<\/tr>\n<tr class=\"row-2\">\n\t<td class=\"column-1\">Presi\u00f3n<\/td><td class=\"column-2\">9-45 Mpa<\/td>\n<\/tr>\n<tr class=\"row-3\">\n\t<td class=\"column-1\">Velocidad del eje<\/td><td class=\"column-2\">2-15 m\/s<\/td>\n<\/tr>\n<tr class=\"row-4\">\n\t<td class=\"column-1\">Rango de pH<\/td><td class=\"column-2\">0~14<\/td>\n<\/tr>\n<tr class=\"row-5\">\n\t<td class=\"column-1\">Densidad (aprox.)<\/td><td class=\"column-2\">1,1~1,4 g\/cm3<\/td>\n<\/tr>\n<\/tbody>\n<\/table>\n<!-- #tablepress-23 from cache -->\n<p style=\"font-weight: 400;\">El sello de empaque, tambi\u00e9n conocido como relleno de sellado, suele estar hecho de materiales lineales relativamente blandos y se introduce en la cavidad de sellado con tiras de secci\u00f3n transversal cuadrada para lograr el sellado.<\/p>\n<p style=\"font-weight: 400;\">El material utiliza principalmente grafito y diversas fibras como principales materias primas y se refuerza seg\u00fan diferentes requisitos.<\/p>\n<p style=\"font-weight: 400;\">El sello de empaque de grafito expandido, tambi\u00e9n conocido como empaque de grafito flexible, est\u00e1 hecho de alambres flexibles de grafito entrelazados en el n\u00facleo. Presenta buena autolubricaci\u00f3n y conductividad t\u00e9rmica, un bajo coeficiente de fricci\u00f3n, gran versatilidad, buena flexibilidad y alta resistencia, y es adecuado para ejes. Ofrece un efecto protector y otras ventajas.<\/p>\n<p style=\"font-weight: 400;\">Este embalaje es un embalaje universal y se utiliza ampliamente en todos los \u00e1mbitos de la vida.<\/p>","protected":false},"excerpt":{"rendered":"<p style=\"font-weight: 400;\">El sello de empaque de grafito flexible est\u00e1 hecho de hilo de grafito flexible y reforzado con varios alambres de Inconel resistentes a altas temperaturas, con mucha estanqueidad a altas presiones y rendimientos estables, aplicable para empaque de sello est\u00e1tico a altas temperaturas y presiones.<\/p>","protected":false},"featured_media":733,"comment_status":"open","ping_status":"closed","template":"","meta":{"site-sidebar-layout":"default","site-content-layout":"","ast-site-content-layout":"default","site-content-style":"default","site-sidebar-style":"default","ast-global-header-display":"","ast-banner-title-visibility":"","ast-main-header-display":"","ast-hfb-above-header-display":"","ast-hfb-below-header-display":"","ast-hfb-mobile-header-display":"","site-post-title":"","ast-breadcrumbs-content":"","ast-featured-img":"","footer-sml-layout":"","ast-disable-related-posts":"","theme-transparent-header-meta":"default","adv-header-id-meta":"","stick-header-meta":"","header-above-stick-meta":"","header-main-stick-meta":"","header-below-stick-meta":"","astra-migrate-meta-layouts":"set","ast-page-background-enabled":"default","ast-page-background-meta":{"desktop":{"background-color":"var(--ast-global-color-4)","background-image":"","background-repeat":"repeat","background-position":"center center","background-size":"auto","background-attachment":"scroll","background-type":"","background-media":"","overlay-type":"","overlay-color":"","overlay-opacity":"","overlay-gradient":""},"tablet":{"background-color":"","background-image":"","background-repeat":"repeat","background-position":"center center","background-size":"auto","background-attachment":"scroll","background-type":"","background-media":"","overlay-type":"","overlay-color":"","overlay-opacity":"","overlay-gradient":""},"mobile":{"background-color":"","background-image":"","background-repeat":"repeat","background-position":"center center","background-size":"auto","background-attachment":"scroll","background-type":"","background-media":"","overlay-type":"","overlay-color":"","overlay-opacity":"","overlay-gradient":""}},"ast-content-background-meta":{"desktop":{"background-color":"var(--ast-global-color-5)","background-image":"","background-repeat":"repeat","background-position":"center center","background-size":"auto","background-attachment":"scroll","background-type":"","background-media":"","overlay-type":"","overlay-color":"","overlay-opacity":"","overlay-gradient":""},"tablet":{"background-color":"var(--ast-global-color-5)","background-image":"","background-repeat":"repeat","background-position":"center center","background-size":"auto","background-attachment":"scroll","background-type":"","background-media":"","overlay-type":"","overlay-color":"","overlay-opacity":"","overlay-gradient":""},"mobile":{"background-color":"var(--ast-global-color-5)","background-image":"","background-repeat":"repeat","background-position":"center center","background-size":"auto","background-attachment":"scroll","background-type":"","background-media":"","overlay-type":"","overlay-color":"","overlay-opacity":"","overlay-gradient":""}}},"product_brand":[],"product_cat":[35,23],"product_tag":[],"class_list":{"0":"post-732","1":"product","2":"type-product","3":"status-publish","4":"has-post-thumbnail","6":"product_cat-packing-seal","7":"product_cat-rubber-seals","8":"desktop-align-center","9":"tablet-align-left","10":"mobile-align-left","12":"first","13":"instock","14":"shipping-taxable","15":"product-type-simple"},"_links":{"self":[{"href":"https:\/\/www.sterubber.com\/es\/wp-json\/wp\/v2\/product\/732","targetHints":{"allow":["GET"]}}],"collection":[{"href":"https:\/\/www.sterubber.com\/es\/wp-json\/wp\/v2\/product"}],"about":[{"href":"https:\/\/www.sterubber.com\/es\/wp-json\/wp\/v2\/types\/product"}],"replies":[{"embeddable":true,"href":"https:\/\/www.sterubber.com\/es\/wp-json\/wp\/v2\/comments?post=732"}],"wp:featuredmedia":[{"embeddable":true,"href":"https:\/\/www.sterubber.com\/es\/wp-json\/wp\/v2\/media\/733"}],"wp:attachment":[{"href":"https:\/\/www.sterubber.com\/es\/wp-json\/wp\/v2\/media?parent=732"}],"wp:term":[{"taxonomy":"product_brand","embeddable":true,"href":"https:\/\/www.sterubber.com\/es\/wp-json\/wp\/v2\/product_brand?post=732"},{"taxonomy":"product_cat","embeddable":true,"href":"https:\/\/www.sterubber.com\/es\/wp-json\/wp\/v2\/product_cat?post=732"},{"taxonomy":"product_tag","embeddable":true,"href":"https:\/\/www.sterubber.com\/es\/wp-json\/wp\/v2\/product_tag?post=732"}],"curies":[{"name":"wp","href":"https:\/\/api.w.org\/{rel}","templated":true}]}}