{"id":708,"date":"2024-04-02T10:56:54","date_gmt":"2024-04-02T02:56:54","guid":{"rendered":"https:\/\/sterubber.com\/?post_type=product&#038;p=708"},"modified":"2024-04-07T10:23:56","modified_gmt":"2024-04-07T02:23:56","slug":"sello-de-aceite-de-poliuretano","status":"publish","type":"product","link":"https:\/\/www.sterubber.com\/es\/product\/polyurethane-oil-seal\/","title":{"rendered":"Sello de aceite de poliuretano"},"content":{"rendered":"<p>Informaci\u00f3n sobre sellos de aceite de poliuretano<\/p>\n<p>Ventajas del material TPU<\/p>\n<p>1. Muy ligero: su densidad es de tan solo 1,25, ligeramente superior a la del agua. Es ign\u00edfugo, impermeable, antipolillas, resistente al moho y a las grietas, entre otras propiedades, ideal para materiales decorativos de interior y exterior, y un nuevo material decorativo ecol\u00f3gico.<\/p>\n<p>2. F\u00e1cil de procesar: los productos de PU se pueden clavar, aserrar, cepillar, fresar, doblar, etc., y no se agrietan, deforman ni se comen, y se pueden usar en interiores y exteriores.<\/p>\n<p>3. Protecci\u00f3n del medio ambiente: Gracias al uso de fibras sint\u00e9ticas como materia prima, se reduce la deforestaci\u00f3n y se puede alcanzar el est\u00e1ndar de productos ecol\u00f3gicos no t\u00f3xicos e inofensivos. 4. Resistencia al agua: sin absorci\u00f3n de agua, sin filtraciones de agua, sin deformaci\u00f3n y resistente al moho.<\/p>\n\n<table id=\"tablepress-17\" class=\"tablepress tablepress-id-17 tbody-has-connected-cells\">\n<tbody class=\"row-striping row-hover\">\n<tr class=\"row-1\">\n\t<td colspan=\"4\" class=\"column-1\">Rendimiento del material<\/td>\n<\/tr>\n<tr class=\"row-2\">\n\t<td class=\"column-1\">Tipo de material\t<\/td><td class=\"column-2\">Descripci\u00f3n de la temperatura\t<\/td><td class=\"column-3\">Actuaci\u00f3n<\/td><td class=\"column-4\">Ventajas<\/td>\n<\/tr>\n<tr class=\"row-3\">\n\t<td rowspan=\"2\" class=\"column-1\">NBR<\/td><td rowspan=\"2\" class=\"column-2\">-25~100\u2103\t<\/td><td class=\"column-3\">1. Resistente al aceite y al agua.\t<\/td><td rowspan=\"2\" class=\"column-4\">Excelente resistencia al aceite, ampliamente utilizado en el \u00e1rea industrial.<\/td>\n<\/tr>\n<tr class=\"row-4\">\n\t<td class=\"column-3\">2.Buena inclinaci\u00f3n de compresi\u00f3n, antidesgaste y alargamiento.<br \/>\n<\/td>\n<\/tr>\n<tr class=\"row-5\">\n\t<td rowspan=\"3\" class=\"column-1\">FKM, FPM<\/td><td rowspan=\"3\" class=\"column-2\">-20~250\u2103<\/td><td class=\"column-3\">1.Resistencia a la corrosi\u00f3n.\t<\/td><td rowspan=\"3\" class=\"column-4\">Excelente resistencia a altas temperaturas y un amplio rango de propiedades qu\u00edmicas, permeabilidad y deformaci\u00f3n por compresi\u00f3n.<br \/>\n<\/td>\n<\/tr>\n<tr class=\"row-6\">\n\t<td class=\"column-3\">2. Resistencia a altas temperaturas.<\/td>\n<\/tr>\n<tr class=\"row-7\">\n\t<td class=\"column-3\">3.Antiest\u00e1tico<\/td>\n<\/tr>\n<tr class=\"row-8\">\n\t<td rowspan=\"2\" class=\"column-1\">CR<\/td><td rowspan=\"2\" class=\"column-2\">-50~150\u2103<\/td><td class=\"column-3\">1. Resistente al aceite y al agua.\t<\/td><td rowspan=\"2\" class=\"column-4\">Generalmente buena resistencia al ozono, al envejecimiento y a los productos qu\u00edmicos, buenas propiedades mec\u00e1nicas en un amplio rango de temperaturas.<br \/>\n<\/td>\n<\/tr>\n<tr class=\"row-9\">\n\t<td class=\"column-3\">2. A prueba de fuego<\/td>\n<\/tr>\n<tr class=\"row-10\">\n\t<td rowspan=\"2\" class=\"column-1\">Caucho de silicona\t<\/td><td rowspan=\"2\" class=\"column-2\">-30~150\u2103\t<\/td><td class=\"column-3\">1. Resistencia a la corrosi\u00f3n.\t<\/td><td rowspan=\"2\" class=\"column-4\">Amplio rango de temperatura de funcionamiento, rendimiento estable en temperaturas altas y bajas, ampliamente utilizado en el \u00e1rea de sellado de alimentos.<br \/>\n<\/td>\n<\/tr>\n<tr class=\"row-11\">\n\t<td class=\"column-3\">2. Resistencia a altas temperaturas.<\/td>\n<\/tr>\n<tr class=\"row-12\">\n\t<td rowspan=\"2\" class=\"column-1\">NR, caucho natural\t<\/td><td rowspan=\"2\" class=\"column-2\">-25~150\u2103\t<\/td><td class=\"column-3\">1.Resistencia al desgaste.\t<\/td><td rowspan=\"2\" class=\"column-4\">Alta elasticidad, buena resistencia qu\u00edmica.<br \/>\n<\/td>\n<\/tr>\n<tr class=\"row-13\">\n\t<td class=\"column-3\">2.Resistencia al calor.<\/td>\n<\/tr>\n<tr class=\"row-14\">\n\t<td rowspan=\"2\" class=\"column-1\">HSN, HNBR\t<\/td><td rowspan=\"2\" class=\"column-2\">-62~210\u2103\t<\/td><td class=\"column-3\">1. Resistente al aceite.\t<\/td><td rowspan=\"2\" class=\"column-4\">Estabilidad t\u00e9rmica y resistencia a la oxidaci\u00f3n.<br \/>\n<\/td>\n<\/tr>\n<tr class=\"row-15\">\n\t<td class=\"column-3\">2.Resistencia a la temperatura.<\/td>\n<\/tr>\n<\/tbody>\n<\/table>","protected":false},"excerpt":{"rendered":"<p>Informaci\u00f3n sobre sellos de aceite de poliuretano<\/p>\n<p>Ventajas del material TPU<\/p>\n<p>1. Very light: density is only 1.25, slightly greater than water. It is fireproof, waterproof, mothproof, mildew resistant, crack resistant, and other properties, is very suitable for indoor and outdoor decorative materials, and is a new green decorative material&#8230;<\/p>","protected":false},"featured_media":712,"comment_status":"open","ping_status":"closed","template":"","meta":{"site-sidebar-layout":"default","site-content-layout":"","ast-site-content-layout":"default","site-content-style":"default","site-sidebar-style":"default","ast-global-header-display":"","ast-banner-title-visibility":"","ast-main-header-display":"","ast-hfb-above-header-display":"","ast-hfb-below-header-display":"","ast-hfb-mobile-header-display":"","site-post-title":"","ast-breadcrumbs-content":"","ast-featured-img":"","footer-sml-layout":"","ast-disable-related-posts":"","theme-transparent-header-meta":"default","adv-header-id-meta":"","stick-header-meta":"","header-above-stick-meta":"","header-main-stick-meta":"","header-below-stick-meta":"","astra-migrate-meta-layouts":"set","ast-page-background-enabled":"default","ast-page-background-meta":{"desktop":{"background-color":"var(--ast-global-color-4)","background-image":"","background-repeat":"repeat","background-position":"center center","background-size":"auto","background-attachment":"scroll","background-type":"","background-media":"","overlay-type":"","overlay-color":"","overlay-opacity":"","overlay-gradient":""},"tablet":{"background-color":"","background-image":"","background-repeat":"repeat","background-position":"center center","background-size":"auto","background-attachment":"scroll","background-type":"","background-media":"","overlay-type":"","overlay-color":"","overlay-opacity":"","overlay-gradient":""},"mobile":{"background-color":"","background-image":"","background-repeat":"repeat","background-position":"center center","background-size":"auto","background-attachment":"scroll","background-type":"","background-media":"","overlay-type":"","overlay-color":"","overlay-opacity":"","overlay-gradient":""}},"ast-content-background-meta":{"desktop":{"background-color":"var(--ast-global-color-5)","background-image":"","background-repeat":"repeat","background-position":"center center","background-size":"auto","background-attachment":"scroll","background-type":"","background-media":"","overlay-type":"","overlay-color":"","overlay-opacity":"","overlay-gradient":""},"tablet":{"background-color":"var(--ast-global-color-5)","background-image":"","background-repeat":"repeat","background-position":"center center","background-size":"auto","background-attachment":"scroll","background-type":"","background-media":"","overlay-type":"","overlay-color":"","overlay-opacity":"","overlay-gradient":""},"mobile":{"background-color":"var(--ast-global-color-5)","background-image":"","background-repeat":"repeat","background-position":"center center","background-size":"auto","background-attachment":"scroll","background-type":"","background-media":"","overlay-type":"","overlay-color":"","overlay-opacity":"","overlay-gradient":""}}},"product_brand":[],"product_cat":[33,23],"product_tag":[],"class_list":{"0":"post-708","1":"product","2":"type-product","3":"status-publish","4":"has-post-thumbnail","6":"product_cat-hydraulic-cylinder-oil-seal","7":"product_cat-rubber-seals","8":"desktop-align-center","9":"tablet-align-left","10":"mobile-align-left","12":"first","13":"instock","14":"shipping-taxable","15":"product-type-simple"},"_links":{"self":[{"href":"https:\/\/www.sterubber.com\/es\/wp-json\/wp\/v2\/product\/708","targetHints":{"allow":["GET"]}}],"collection":[{"href":"https:\/\/www.sterubber.com\/es\/wp-json\/wp\/v2\/product"}],"about":[{"href":"https:\/\/www.sterubber.com\/es\/wp-json\/wp\/v2\/types\/product"}],"replies":[{"embeddable":true,"href":"https:\/\/www.sterubber.com\/es\/wp-json\/wp\/v2\/comments?post=708"}],"wp:featuredmedia":[{"embeddable":true,"href":"https:\/\/www.sterubber.com\/es\/wp-json\/wp\/v2\/media\/712"}],"wp:attachment":[{"href":"https:\/\/www.sterubber.com\/es\/wp-json\/wp\/v2\/media?parent=708"}],"wp:term":[{"taxonomy":"product_brand","embeddable":true,"href":"https:\/\/www.sterubber.com\/es\/wp-json\/wp\/v2\/product_brand?post=708"},{"taxonomy":"product_cat","embeddable":true,"href":"https:\/\/www.sterubber.com\/es\/wp-json\/wp\/v2\/product_cat?post=708"},{"taxonomy":"product_tag","embeddable":true,"href":"https:\/\/www.sterubber.com\/es\/wp-json\/wp\/v2\/product_tag?post=708"}],"curies":[{"name":"wp","href":"https:\/\/api.w.org\/{rel}","templated":true}]}}