{"id":677,"date":"2024-04-02T09:15:15","date_gmt":"2024-04-02T01:15:15","guid":{"rendered":"https:\/\/sterubber.com\/?post_type=product&#038;p=677"},"modified":"2024-04-07T10:43:03","modified_gmt":"2024-04-07T02:43:03","slug":"sello-de-bomba-de-agua-tipo-sello-mecanico","status":"publish","type":"product","link":"https:\/\/www.sterubber.com\/es\/product\/mechanical-seal-type-water-pump-seal\/","title":{"rendered":"Sello mec\u00e1nico tipo sello de bomba de agua"},"content":{"rendered":"<p>Informaci\u00f3n sobre el sello de la bomba de agua con tipo de sello mec\u00e1nico<\/p>\n\n<table id=\"tablepress-14\" class=\"tablepress tablepress-id-14\">\n<tbody class=\"row-striping row-hover\">\n<tr class=\"row-1\">\n\t<td class=\"column-1\">Modelo<\/td><td class=\"column-2\">D1<\/td><td class=\"column-3\">D3<\/td><td class=\"column-4\">D7<\/td><td class=\"column-5\">yo<\/td><td class=\"column-6\">Nivel 3<\/td><td class=\"column-7\">L4<\/td>\n<\/tr>\n<tr class=\"row-2\">\n\t<td class=\"column-1\">WM301-6\t<\/td><td class=\"column-2\">6<\/td><td class=\"column-3\">18<\/td><td class=\"column-4\">21<\/td><td class=\"column-5\">16<\/td><td class=\"column-6\">10.5<\/td><td class=\"column-7\">5.5<\/td>\n<\/tr>\n<tr class=\"row-3\">\n\t<td class=\"column-1\">WM301-8\t<\/td><td class=\"column-2\">8<\/td><td class=\"column-3\">18<\/td><td class=\"column-4\">21<\/td><td class=\"column-5\">16<\/td><td class=\"column-6\">10.5<\/td><td class=\"column-7\">5.5<\/td>\n<\/tr>\n<tr class=\"row-4\">\n\t<td class=\"column-1\">WM301-8L\t<\/td><td class=\"column-2\">8<\/td><td class=\"column-3\">20<\/td><td class=\"column-4\">21<\/td><td class=\"column-5\">16.5\/19<\/td><td class=\"column-6\">11<\/td><td class=\"column-7\">5.5\/8<\/td>\n<\/tr>\n<tr class=\"row-5\">\n\t<td class=\"column-1\">WM301-10<\/td><td class=\"column-2\">10<\/td><td class=\"column-3\">24<\/td><td class=\"column-4\">26<\/td><td class=\"column-5\">21<\/td><td class=\"column-6\">13<\/td><td class=\"column-7\">8<\/td>\n<\/tr>\n<tr class=\"row-6\">\n\t<td class=\"column-1\">WM301-11<\/td><td class=\"column-2\">11<\/td><td class=\"column-3\">24<\/td><td class=\"column-4\">26<\/td><td class=\"column-5\">21<\/td><td class=\"column-6\">13<\/td><td class=\"column-7\">8<\/td>\n<\/tr>\n<tr class=\"row-7\">\n\t<td class=\"column-1\">WM301-12\t<\/td><td class=\"column-2\">12<\/td><td class=\"column-3\">24<\/td><td class=\"column-4\">26<\/td><td class=\"column-5\">19\/21<\/td><td class=\"column-6\">13<\/td><td class=\"column-7\">6\/8.0<\/td>\n<\/tr>\n<tr class=\"row-8\">\n\t<td class=\"column-1\">WM301-13<\/td><td class=\"column-2\">13<\/td><td class=\"column-3\">24<\/td><td class=\"column-4\">26<\/td><td class=\"column-5\">18.5<\/td><td class=\"column-6\">13<\/td><td class=\"column-7\">5.5\/8<\/td>\n<\/tr>\n<tr class=\"row-9\">\n\t<td class=\"column-1\">WM301-14P<\/td><td class=\"column-2\">14<\/td><td class=\"column-3\">27.5<\/td><td class=\"column-4\">28\/30<\/td><td class=\"column-5\">20.5\/21<\/td><td class=\"column-6\">13<\/td><td class=\"column-7\">7.5\/8<\/td>\n<\/tr>\n<tr class=\"row-10\">\n\t<td class=\"column-1\">WM301-14H<\/td><td class=\"column-2\">14<\/td><td class=\"column-3\">27.5<\/td><td class=\"column-4\">30<\/td><td class=\"column-5\">21\/22.5\/23.5<\/td><td class=\"column-6\">15.5<\/td><td class=\"column-7\">5.5\/7\/8<\/td>\n<\/tr>\n<tr class=\"row-11\">\n\t<td class=\"column-1\">WM301-14S<\/td><td class=\"column-2\">14<\/td><td class=\"column-3\">26<\/td><td class=\"column-4\">26\/28<\/td><td class=\"column-5\">18\/19\/20.5\/21<\/td><td class=\"column-6\">13<\/td><td class=\"column-7\">5\/6\/7.5\/8<\/td>\n<\/tr>\n<tr class=\"row-12\">\n\t<td class=\"column-1\">WM301-14<\/td><td class=\"column-2\">14<\/td><td class=\"column-3\">32<\/td><td class=\"column-4\">29.5<\/td><td class=\"column-5\">21<\/td><td class=\"column-6\">13<\/td><td class=\"column-7\">8<\/td>\n<\/tr>\n<tr class=\"row-13\">\n\t<td class=\"column-1\">WM301-15P<\/td><td class=\"column-2\">15<\/td><td class=\"column-3\">27.5<\/td><td class=\"column-4\">28\/30<\/td><td class=\"column-5\">20.5\/21<\/td><td class=\"column-6\">13<\/td><td class=\"column-7\">7.5\/8<\/td>\n<\/tr>\n<tr class=\"row-14\">\n\t<td class=\"column-1\">WM301-15<\/td><td class=\"column-2\">15<\/td><td class=\"column-3\">32<\/td><td class=\"column-4\">30<\/td><td class=\"column-5\">21<\/td><td class=\"column-6\">13<\/td><td class=\"column-7\">8<\/td>\n<\/tr>\n<tr class=\"row-15\">\n\t<td class=\"column-1\">WM301-16P<\/td><td class=\"column-2\">16<\/td><td class=\"column-3\">27.5<\/td><td class=\"column-4\">28\/30<\/td><td class=\"column-5\">20.5\/21<\/td><td class=\"column-6\">13<\/td><td class=\"column-7\">7.5\/8<\/td>\n<\/tr>\n<tr class=\"row-16\">\n\t<td class=\"column-1\">WM301-16<\/td><td class=\"column-2\">16<\/td><td class=\"column-3\">32<\/td><td class=\"column-4\">29.5<\/td><td class=\"column-5\">21<\/td><td class=\"column-6\">13<\/td><td class=\"column-7\">8<\/td>\n<\/tr>\n<tr class=\"row-17\">\n\t<td class=\"column-1\">WM301-16L<\/td><td class=\"column-2\">16<\/td><td class=\"column-3\">39<\/td><td class=\"column-4\">42<\/td><td class=\"column-5\">21<\/td><td class=\"column-6\">13<\/td><td class=\"column-7\">8<\/td>\n<\/tr>\n<tr class=\"row-18\">\n\t<td class=\"column-1\">WM301-17<\/td><td class=\"column-2\">17<\/td><td class=\"column-3\">39<\/td><td class=\"column-4\">42<\/td><td class=\"column-5\">21<\/td><td class=\"column-6\">13<\/td><td class=\"column-7\">8<\/td>\n<\/tr>\n<tr class=\"row-19\">\n\t<td class=\"column-1\">WM301-17S<\/td><td class=\"column-2\">17<\/td><td class=\"column-3\">31<\/td><td class=\"column-4\">36<\/td><td class=\"column-5\">28<\/td><td class=\"column-6\">18<\/td><td class=\"column-7\">10<\/td>\n<\/tr>\n<tr class=\"row-20\">\n\t<td class=\"column-1\">WM301-18<\/td><td class=\"column-2\">18<\/td><td class=\"column-3\">39<\/td><td class=\"column-4\">42<\/td><td class=\"column-5\">21<\/td><td class=\"column-6\">13<\/td><td class=\"column-7\">8<\/td>\n<\/tr>\n<tr class=\"row-21\">\n\t<td class=\"column-1\">WM301-19<\/td><td class=\"column-2\">19<\/td><td class=\"column-3\">39<\/td><td class=\"column-4\">42<\/td><td class=\"column-5\">21<\/td><td class=\"column-6\">13<\/td><td class=\"column-7\">8<\/td>\n<\/tr>\n<tr class=\"row-22\">\n\t<td class=\"column-1\">WM301-20P<\/td><td class=\"column-2\">20<\/td><td class=\"column-3\">35<\/td><td class=\"column-4\">38<\/td><td class=\"column-5\">21<\/td><td class=\"column-6\">13<\/td><td class=\"column-7\">8<\/td>\n<\/tr>\n<tr class=\"row-23\">\n\t<td class=\"column-1\">WM301-20<\/td><td class=\"column-2\">20<\/td><td class=\"column-3\">39<\/td><td class=\"column-4\">42<\/td><td class=\"column-5\">21<\/td><td class=\"column-6\">13<\/td><td class=\"column-7\">8<\/td>\n<\/tr>\n<tr class=\"row-24\">\n\t<td class=\"column-1\">WM301-20L<\/td><td class=\"column-2\">20<\/td><td class=\"column-3\">42<\/td><td class=\"column-4\">45<\/td><td class=\"column-5\">23<\/td><td class=\"column-6\">13<\/td><td class=\"column-7\">10<\/td>\n<\/tr>\n<tr class=\"row-25\">\n\t<td class=\"column-1\">WM301-22P<\/td><td class=\"column-2\">22<\/td><td class=\"column-3\">39<\/td><td class=\"column-4\">42<\/td><td class=\"column-5\">21<\/td><td class=\"column-6\">13<\/td><td class=\"column-7\">8<\/td>\n<\/tr>\n<tr class=\"row-26\">\n\t<td class=\"column-1\">WM301-22<\/td><td class=\"column-2\">22<\/td><td class=\"column-3\">42<\/td><td class=\"column-4\">45<\/td><td class=\"column-5\">23<\/td><td class=\"column-6\">13<\/td><td class=\"column-7\">10<\/td>\n<\/tr>\n<tr class=\"row-27\">\n\t<td class=\"column-1\">WM301-23<\/td><td class=\"column-2\">23<\/td><td class=\"column-3\">47<\/td><td class=\"column-4\">50<\/td><td class=\"column-5\">23.5<\/td><td class=\"column-6\">13.5<\/td><td class=\"column-7\">10<\/td>\n<\/tr>\n<tr class=\"row-28\">\n\t<td class=\"column-1\">WM301-24<\/td><td class=\"column-2\">24<\/td><td class=\"column-3\">47<\/td><td class=\"column-4\">50<\/td><td class=\"column-5\">23.5<\/td><td class=\"column-6\">13.5<\/td><td class=\"column-7\">10<\/td>\n<\/tr>\n<tr class=\"row-29\">\n\t<td class=\"column-1\">WM301-25<\/td><td class=\"column-2\">25<\/td><td class=\"column-3\">47<\/td><td class=\"column-4\">50<\/td><td class=\"column-5\">23.5<\/td><td class=\"column-6\">13.5<\/td><td class=\"column-7\">10<\/td>\n<\/tr>\n<tr class=\"row-30\">\n\t<td class=\"column-1\">WM301-25P<\/td><td class=\"column-2\">25<\/td><td class=\"column-3\">42<\/td><td class=\"column-4\">45<\/td><td class=\"column-5\">23<\/td><td class=\"column-6\">13<\/td><td class=\"column-7\">10<\/td>\n<\/tr>\n<tr class=\"row-31\">\n\t<td class=\"column-1\">WM301-26<\/td><td class=\"column-2\">26<\/td><td class=\"column-3\">47<\/td><td class=\"column-4\">50<\/td><td class=\"column-5\">23.5<\/td><td class=\"column-6\">13.5<\/td><td class=\"column-7\">10<\/td>\n<\/tr>\n<tr class=\"row-32\">\n\t<td class=\"column-1\">WM301-27<\/td><td class=\"column-2\">27<\/td><td class=\"column-3\">47<\/td><td class=\"column-4\">50<\/td><td class=\"column-5\">23.5<\/td><td class=\"column-6\">13.5<\/td><td class=\"column-7\">10<\/td>\n<\/tr>\n<tr class=\"row-33\">\n\t<td class=\"column-1\">WM301-28<\/td><td class=\"column-2\">28<\/td><td class=\"column-3\">54<\/td><td class=\"column-4\">57<\/td><td class=\"column-5\">25<\/td><td class=\"column-6\">15<\/td><td class=\"column-7\">10<\/td>\n<\/tr>\n<tr class=\"row-34\">\n\t<td class=\"column-1\">WM301-30<\/td><td class=\"column-2\">30<\/td><td class=\"column-3\">54<\/td><td class=\"column-4\">57<\/td><td class=\"column-5\">25<\/td><td class=\"column-6\">15<\/td><td class=\"column-7\">10<\/td>\n<\/tr>\n<tr class=\"row-35\">\n\t<td class=\"column-1\">WM301-32<\/td><td class=\"column-2\">32<\/td><td class=\"column-3\">54<\/td><td class=\"column-4\">57<\/td><td class=\"column-5\">25<\/td><td class=\"column-6\">15<\/td><td class=\"column-7\">10<\/td>\n<\/tr>\n<tr class=\"row-36\">\n\t<td class=\"column-1\">WM301-35<\/td><td class=\"column-2\">35<\/td><td class=\"column-3\">60<\/td><td class=\"column-4\">63<\/td><td class=\"column-5\">26<\/td><td class=\"column-6\">16<\/td><td class=\"column-7\">10<\/td>\n<\/tr>\n<tr class=\"row-37\">\n\t<td class=\"column-1\">WM301-38<\/td><td class=\"column-2\">38<\/td><td class=\"column-3\">65<\/td><td class=\"column-4\">68<\/td><td class=\"column-5\">30<\/td><td class=\"column-6\">18<\/td><td class=\"column-7\">12<\/td>\n<\/tr>\n<tr class=\"row-38\">\n\t<td class=\"column-1\">WM301-40<\/td><td class=\"column-2\">40<\/td><td class=\"column-3\">65<\/td><td class=\"column-4\">68<\/td><td class=\"column-5\">30<\/td><td class=\"column-6\">18<\/td><td class=\"column-7\">12<\/td>\n<\/tr>\n<tr class=\"row-39\">\n\t<td class=\"column-1\">WM301-45<\/td><td class=\"column-2\">45<\/td><td class=\"column-3\">70<\/td><td class=\"column-4\">73<\/td><td class=\"column-5\">32<\/td><td class=\"column-6\">20<\/td><td class=\"column-7\">12<\/td>\n<\/tr>\n<tr class=\"row-40\">\n\t<td class=\"column-1\">WM301-50<\/td><td class=\"column-2\">50<\/td><td class=\"column-3\">85<\/td><td class=\"column-4\">88<\/td><td class=\"column-5\">38<\/td><td class=\"column-6\">23<\/td><td class=\"column-7\">15<\/td>\n<\/tr>\n<tr class=\"row-41\">\n\t<td class=\"column-1\">WM301-55<\/td><td class=\"column-2\">55<\/td><td class=\"column-3\">85<\/td><td class=\"column-4\">88<\/td><td class=\"column-5\">38<\/td><td class=\"column-6\">23<\/td><td class=\"column-7\">15<\/td>\n<\/tr>\n<tr class=\"row-42\">\n\t<td class=\"column-1\">WM301-60<\/td><td class=\"column-2\">60<\/td><td class=\"column-3\">105<\/td><td class=\"column-4\">110<\/td><td class=\"column-5\">45<\/td><td class=\"column-6\">30<\/td><td class=\"column-7\">15<\/td>\n<\/tr>\n<tr class=\"row-43\">\n\t<td class=\"column-1\">WM301-65<\/td><td class=\"column-2\">65<\/td><td class=\"column-3\">105<\/td><td class=\"column-4\">110<\/td><td class=\"column-5\">45<\/td><td class=\"column-6\">30<\/td><td class=\"column-7\">15<\/td>\n<\/tr>\n<tr class=\"row-44\">\n\t<td class=\"column-1\">WM301-70<\/td><td class=\"column-2\">70<\/td><td class=\"column-3\">105<\/td><td class=\"column-4\">110<\/td><td class=\"column-5\">47<\/td><td class=\"column-6\">32<\/td><td class=\"column-7\">15<\/td>\n<\/tr>\n<\/tbody>\n<\/table>\n<!-- #tablepress-14 from cache -->","protected":false},"excerpt":{"rendered":"<p>Introducci\u00f3n a la informaci\u00f3n del sello de la bomba de agua tipo sello mec\u00e1nico<\/p>","protected":false},"featured_media":681,"comment_status":"open","ping_status":"closed","template":"","meta":{"site-sidebar-layout":"default","site-content-layout":"","ast-site-content-layout":"default","site-content-style":"default","site-sidebar-style":"default","ast-global-header-display":"","ast-banner-title-visibility":"","ast-main-header-display":"","ast-hfb-above-header-display":"","ast-hfb-below-header-display":"","ast-hfb-mobile-header-display":"","site-post-title":"","ast-breadcrumbs-content":"","ast-featured-img":"","footer-sml-layout":"","ast-disable-related-posts":"","theme-transparent-header-meta":"default","adv-header-id-meta":"","stick-header-meta":"","header-above-stick-meta":"","header-main-stick-meta":"","header-below-stick-meta":"","astra-migrate-meta-layouts":"set","ast-page-background-enabled":"default","ast-page-background-meta":{"desktop":{"background-color":"var(--ast-global-color-4)","background-image":"","background-repeat":"repeat","background-position":"center center","background-size":"auto","background-attachment":"scroll","background-type":"","background-media":"","overlay-type":"","overlay-color":"","overlay-opacity":"","overlay-gradient":""},"tablet":{"background-color":"","background-image":"","background-repeat":"repeat","background-position":"center center","background-size":"auto","background-attachment":"scroll","background-type":"","background-media":"","overlay-type":"","overlay-color":"","overlay-opacity":"","overlay-gradient":""},"mobile":{"background-color":"","background-image":"","background-repeat":"repeat","background-position":"center center","background-size":"auto","background-attachment":"scroll","background-type":"","background-media":"","overlay-type":"","overlay-color":"","overlay-opacity":"","overlay-gradient":""}},"ast-content-background-meta":{"desktop":{"background-color":"var(--ast-global-color-5)","background-image":"","background-repeat":"repeat","background-position":"center center","background-size":"auto","background-attachment":"scroll","background-type":"","background-media":"","overlay-type":"","overlay-color":"","overlay-opacity":"","overlay-gradient":""},"tablet":{"background-color":"var(--ast-global-color-5)","background-image":"","background-repeat":"repeat","background-position":"center center","background-size":"auto","background-attachment":"scroll","background-type":"","background-media":"","overlay-type":"","overlay-color":"","overlay-opacity":"","overlay-gradient":""},"mobile":{"background-color":"var(--ast-global-color-5)","background-image":"","background-repeat":"repeat","background-position":"center center","background-size":"auto","background-attachment":"scroll","background-type":"","background-media":"","overlay-type":"","overlay-color":"","overlay-opacity":"","overlay-gradient":""}}},"product_brand":[],"product_cat":[31,23],"product_tag":[],"class_list":{"0":"post-677","1":"product","2":"type-product","3":"status-publish","4":"has-post-thumbnail","6":"product_cat-michinery-seal","7":"product_cat-rubber-seals","8":"desktop-align-center","9":"tablet-align-left","10":"mobile-align-left","12":"first","13":"instock","14":"shipping-taxable","15":"product-type-simple"},"_links":{"self":[{"href":"https:\/\/www.sterubber.com\/es\/wp-json\/wp\/v2\/product\/677","targetHints":{"allow":["GET"]}}],"collection":[{"href":"https:\/\/www.sterubber.com\/es\/wp-json\/wp\/v2\/product"}],"about":[{"href":"https:\/\/www.sterubber.com\/es\/wp-json\/wp\/v2\/types\/product"}],"replies":[{"embeddable":true,"href":"https:\/\/www.sterubber.com\/es\/wp-json\/wp\/v2\/comments?post=677"}],"wp:featuredmedia":[{"embeddable":true,"href":"https:\/\/www.sterubber.com\/es\/wp-json\/wp\/v2\/media\/681"}],"wp:attachment":[{"href":"https:\/\/www.sterubber.com\/es\/wp-json\/wp\/v2\/media?parent=677"}],"wp:term":[{"taxonomy":"product_brand","embeddable":true,"href":"https:\/\/www.sterubber.com\/es\/wp-json\/wp\/v2\/product_brand?post=677"},{"taxonomy":"product_cat","embeddable":true,"href":"https:\/\/www.sterubber.com\/es\/wp-json\/wp\/v2\/product_cat?post=677"},{"taxonomy":"product_tag","embeddable":true,"href":"https:\/\/www.sterubber.com\/es\/wp-json\/wp\/v2\/product_tag?post=677"}],"curies":[{"name":"wp","href":"https:\/\/api.w.org\/{rel}","templated":true}]}}