{"id":655,"date":"2024-04-01T16:48:00","date_gmt":"2024-04-01T08:48:00","guid":{"rendered":"https:\/\/sterubber.com\/?post_type=product&#038;p=655"},"modified":"2024-04-07T10:42:48","modified_gmt":"2024-04-07T02:42:48","slug":"sello-del-vastago-del-piston-del-anillo-glyd-spgo","status":"publish","type":"product","link":"https:\/\/www.sterubber.com\/es\/product\/spgo-glyd-ring-piston-rod-seal\/","title":{"rendered":"Sello del v\u00e1stago del pist\u00f3n del anillo Glyd SPGO"},"content":{"rendered":"<h2>Informaci\u00f3n sobre el sello de v\u00e1stago de pist\u00f3n SPGO Glyd Ring<\/h2>\n<p style=\"font-weight: 400;\">SPGO es un sello energizado de doble efecto con junta t\u00f3rica, dise\u00f1ado para sellar entre dos medios, como fluidos y gases. Incorpora un sello de cuatro anillos de tama\u00f1o reducido insertado en la cara de sellado din\u00e1mico. Se instala en ranuras. Se aplica a sistemas hidr\u00e1ulicos m\u00f3viles, cilindros de retenci\u00f3n, acumuladores de pist\u00f3n, etc.<\/p>\n<p style=\"font-weight: 400;\">Combina las caracter\u00edsticas de los sellos de baja fricci\u00f3n, alta presi\u00f3n y alta velocidad, con el excelente sellado de los elast\u00f3meros de caucho. Por lo tanto, es adecuado para trabajar a altas velocidades, altas presiones y bajo presi\u00f3n.<\/p>\n<p style=\"font-weight: 400;\">Se puede utilizar como acumulador de pist\u00f3n de doble efecto para controlar y guiar los elementos de sellado del cilindro. Es adecuado para m\u00e1quinas herramienta, prensas, laminadores, acumuladores y cilindros elevadores.<\/p>\n<p style=\"font-weight: 400;\">Recomendado para ciertas aplicaciones pesadas y de gran di\u00e1metro.<\/p>\n<p style=\"font-weight: 400;\">Caracter\u00edsticas<\/p>\n<p style=\"font-weight: 400;\">-Baja fricci\u00f3n y alta elasticidad, doble garant\u00eda.<\/p>\n<p style=\"font-weight: 400;\">-Alto efecto de sellado en fluido\/fluido o fluido\/gas<\/p>\n<p style=\"font-weight: 400;\">-Baja permeabilidad a los gases<\/p>\n<p style=\"font-weight: 400;\">-Excelentes propiedades de deslizamiento, sin comportamiento de adherencia-deslizamiento<\/p>\n<p style=\"font-weight: 400;\">-Se puede utilizar en condiciones de alta presi\u00f3n, con buen rendimiento de deslizamiento.<\/p>\n<p style=\"font-weight: 400;\">-Dise\u00f1o de ranura simple<\/p>\n<p style=\"font-weight: 400;\">-Instalaci\u00f3n sencilla<\/p>\n<p style=\"font-weight: 400;\">\u00a0PTFE+NBR\/FKM<\/p>\n\n<table id=\"tablepress-12\" class=\"tablepress tablepress-id-12 tbody-has-connected-cells\">\n<tbody class=\"row-striping row-hover\">\n<tr class=\"row-1\">\n\t<td rowspan=\"2\" class=\"column-1\">Descripci\u00f3n del material<\/td><td class=\"column-2\">Bronce relleno de PTFE, fibra de carbono y MoS2 rellenos de PTFE, grafito relleno de PTFE, PI relleno de PTFE, relleno de PTFE<\/td>\n<\/tr>\n<tr class=\"row-2\">\n\t<td class=\"column-2\">Ekonol y dem\u00e1s.<\/td>\n<\/tr>\n<tr class=\"row-3\">\n\t<td class=\"column-1\">Colores disponibles\t<\/td><td class=\"column-2\">Negro, verde, caf\u00e9, blanco, rojo, azul, dorado, etc.<\/td>\n<\/tr>\n<tr class=\"row-4\">\n\t<td class=\"column-1\">Resistencia del material<\/td><td class=\"column-2\">Alta precisi\u00f3n, excelente resistencia al desgaste, buen rendimiento autolubricante, protecci\u00f3n del medio ambiente.<\/td>\n<\/tr>\n<tr class=\"row-5\">\n\t<td class=\"column-1\">Temperatura<\/td><td class=\"column-2\">-45~+200\u2103<\/td>\n<\/tr>\n<tr class=\"row-6\">\n\t<td class=\"column-1\">Velocidad<\/td><td class=\"column-2\">\u22643 m\/s<\/td>\n<\/tr>\n<tr class=\"row-7\">\n\t<td class=\"column-1\">Presi\u00f3n<\/td><td class=\"column-2\">\u226460 MPa<\/td>\n<\/tr>\n<tr class=\"row-8\">\n\t<td class=\"column-1\">Medio<\/td><td class=\"column-2\">Fluidos hidr\u00e1ulicos a base de aceite mineral, fluidos hidr\u00e1ulicos dif\u00edcilmente inflamables, agua, aire y otros.<\/td>\n<\/tr>\n<tr class=\"row-9\">\n\t<td class=\"column-1\">Dispositivo aplicado<\/td><td class=\"column-2\">Hidr\u00e1ulica m\u00f3vil \/ Cilindros de retenci\u00f3n \/ Acumuladores de pist\u00f3n, etc.<\/td>\n<\/tr>\n<\/tbody>\n<\/table>\n<!-- #tablepress-12 from cache -->\n\n<table id=\"tablepress-13\" class=\"tablepress tablepress-id-13 tbody-has-connected-cells\">\n<tbody class=\"row-striping row-hover\">\n<tr class=\"row-1\">\n\t<td colspan=\"5\" class=\"column-1\">Datos t\u00e9cnicos<\/td>\n<\/tr>\n<tr class=\"row-2\">\n\t<td class=\"column-1\"><\/td><td class=\"column-2\">Presi\u00f3n<\/td><td class=\"column-3\">Temperatura<\/td><td class=\"column-4\">Velocidad de deslizamiento<\/td><td class=\"column-5\">Medio<\/td>\n<\/tr>\n<tr class=\"row-3\">\n\t<td class=\"column-1\">Est\u00e1ndar<\/td><td class=\"column-2\">\u226460 MPa<\/td><td class=\"column-3\">-45~+200 \u2103<\/td><td class=\"column-4\">\u22643 m\/s<\/td><td class=\"column-5\">Fluidos hidr\u00e1ulicos a base de aceite mineral, fluidos hidr\u00e1ulicos apenas inflamables, agua, aire y otros.<\/td>\n<\/tr>\n<tr class=\"row-4\">\n\t<td colspan=\"5\" class=\"column-1\">Material<\/td>\n<\/tr>\n<tr class=\"row-5\">\n\t<td class=\"column-1\"><\/td><td class=\"column-2\">Junta t\u00f3rica y junta X<\/td><td colspan=\"3\" class=\"column-3\">Anillo deslizante<\/td>\n<\/tr>\n<tr class=\"row-6\">\n\t<td class=\"column-1\">Est\u00e1ndar<\/td><td class=\"column-2\">NBR<\/td><td colspan=\"3\" class=\"column-3\">PTFE-Bronce<\/td>\n<\/tr>\n<tr class=\"row-7\">\n\t<td class=\"column-1\">Especial (a petici\u00f3n)<\/td><td class=\"column-2\">FKM<\/td><td colspan=\"3\" class=\"column-3\">PTFE-Carbono<\/td>\n<\/tr>\n<tr class=\"row-8\">\n\t<td colspan=\"2\" class=\"column-1\">Presi\u00f3n<\/td><td class=\"column-3\">160 bares<\/td><td class=\"column-4\">200 bares<\/td><td class=\"column-5\">300 bares<\/td>\n<\/tr>\n<tr class=\"row-9\">\n\t<td colspan=\"2\" class=\"column-1\">Max Gap E<\/td><td class=\"column-3\">E\u22640,6 mm<\/td><td class=\"column-4\">E\u22640,4 mm<\/td><td class=\"column-5\">E\u22640,3 mm<\/td>\n<\/tr>\n<\/tbody>\n<\/table>\n<!-- #tablepress-13 from cache -->","protected":false},"excerpt":{"rendered":"<p><strong>Sello del v\u00e1stago del pist\u00f3n del anillo Glyd SPGO<\/strong><\/p>\n<p>SPGO es un sello energizado de doble efecto con junta t\u00f3rica, dise\u00f1ado para sellar entre dos medios, como fluidos y gases. Incorpora un sello de cuatro anillos de tama\u00f1o reducido insertado en la cara de sellado din\u00e1mico. Se instala en ranuras. Se aplica a sistemas hidr\u00e1ulicos m\u00f3viles, cilindros de retenci\u00f3n, acumuladores de pist\u00f3n, etc.<\/p>","protected":false},"featured_media":659,"comment_status":"open","ping_status":"closed","template":"","meta":{"site-sidebar-layout":"default","site-content-layout":"","ast-site-content-layout":"default","site-content-style":"default","site-sidebar-style":"default","ast-global-header-display":"","ast-banner-title-visibility":"","ast-main-header-display":"","ast-hfb-above-header-display":"","ast-hfb-below-header-display":"","ast-hfb-mobile-header-display":"","site-post-title":"","ast-breadcrumbs-content":"","ast-featured-img":"","footer-sml-layout":"","ast-disable-related-posts":"","theme-transparent-header-meta":"default","adv-header-id-meta":"","stick-header-meta":"","header-above-stick-meta":"","header-main-stick-meta":"","header-below-stick-meta":"","astra-migrate-meta-layouts":"set","ast-page-background-enabled":"default","ast-page-background-meta":{"desktop":{"background-color":"var(--ast-global-color-4)","background-image":"","background-repeat":"repeat","background-position":"center center","background-size":"auto","background-attachment":"scroll","background-type":"","background-media":"","overlay-type":"","overlay-color":"","overlay-opacity":"","overlay-gradient":""},"tablet":{"background-color":"","background-image":"","background-repeat":"repeat","background-position":"center center","background-size":"auto","background-attachment":"scroll","background-type":"","background-media":"","overlay-type":"","overlay-color":"","overlay-opacity":"","overlay-gradient":""},"mobile":{"background-color":"","background-image":"","background-repeat":"repeat","background-position":"center center","background-size":"auto","background-attachment":"scroll","background-type":"","background-media":"","overlay-type":"","overlay-color":"","overlay-opacity":"","overlay-gradient":""}},"ast-content-background-meta":{"desktop":{"background-color":"var(--ast-global-color-5)","background-image":"","background-repeat":"repeat","background-position":"center center","background-size":"auto","background-attachment":"scroll","background-type":"","background-media":"","overlay-type":"","overlay-color":"","overlay-opacity":"","overlay-gradient":""},"tablet":{"background-color":"var(--ast-global-color-5)","background-image":"","background-repeat":"repeat","background-position":"center center","background-size":"auto","background-attachment":"scroll","background-type":"","background-media":"","overlay-type":"","overlay-color":"","overlay-opacity":"","overlay-gradient":""},"mobile":{"background-color":"var(--ast-global-color-5)","background-image":"","background-repeat":"repeat","background-position":"center center","background-size":"auto","background-attachment":"scroll","background-type":"","background-media":"","overlay-type":"","overlay-color":"","overlay-opacity":"","overlay-gradient":""}}},"product_brand":[],"product_cat":[30,23],"product_tag":[],"class_list":{"0":"post-655","1":"product","2":"type-product","3":"status-publish","4":"has-post-thumbnail","6":"product_cat-piston-rod-seal","7":"product_cat-rubber-seals","8":"desktop-align-center","9":"tablet-align-left","10":"mobile-align-left","12":"first","13":"instock","14":"shipping-taxable","15":"product-type-simple"},"_links":{"self":[{"href":"https:\/\/www.sterubber.com\/es\/wp-json\/wp\/v2\/product\/655","targetHints":{"allow":["GET"]}}],"collection":[{"href":"https:\/\/www.sterubber.com\/es\/wp-json\/wp\/v2\/product"}],"about":[{"href":"https:\/\/www.sterubber.com\/es\/wp-json\/wp\/v2\/types\/product"}],"replies":[{"embeddable":true,"href":"https:\/\/www.sterubber.com\/es\/wp-json\/wp\/v2\/comments?post=655"}],"wp:featuredmedia":[{"embeddable":true,"href":"https:\/\/www.sterubber.com\/es\/wp-json\/wp\/v2\/media\/659"}],"wp:attachment":[{"href":"https:\/\/www.sterubber.com\/es\/wp-json\/wp\/v2\/media?parent=655"}],"wp:term":[{"taxonomy":"product_brand","embeddable":true,"href":"https:\/\/www.sterubber.com\/es\/wp-json\/wp\/v2\/product_brand?post=655"},{"taxonomy":"product_cat","embeddable":true,"href":"https:\/\/www.sterubber.com\/es\/wp-json\/wp\/v2\/product_cat?post=655"},{"taxonomy":"product_tag","embeddable":true,"href":"https:\/\/www.sterubber.com\/es\/wp-json\/wp\/v2\/product_tag?post=655"}],"curies":[{"name":"wp","href":"https:\/\/api.w.org\/{rel}","templated":true}]}}