{"id":643,"date":"2024-04-01T16:09:52","date_gmt":"2024-04-01T08:09:52","guid":{"rendered":"https:\/\/sterubber.com\/?post_type=product&#038;p=643"},"modified":"2024-04-07T10:42:12","modified_gmt":"2024-04-07T02:42:12","slug":"sello-de-piston-compacto-de-doble-efecto","status":"publish","type":"product","link":"https:\/\/www.sterubber.com\/es\/product\/double-acting-compact-piston-seal\/","title":{"rendered":"Sello de pist\u00f3n compacto de doble efecto"},"content":{"rendered":"<h2>Informaci\u00f3n sobre el sello de pist\u00f3n compacto de doble efecto<\/h2>\n<p style=\"font-weight: 400;\">Con dise\u00f1os de cinco piezas, nuestros sellos compactos RSOOO se utilizan como sellos de pist\u00f3n compactos para cilindros de doble efecto con una presi\u00f3n m\u00e1xima de 35 MPa.<\/p>\n<p style=\"font-weight: 400;\">El RSOOO cuenta con un anillo de NBR con tres labios de sellado en el centro. El elast\u00f3mero ofrece un buen efecto de sellado tanto en condiciones din\u00e1micas como est\u00e1ticas. Dos anillos de respaldo de elast\u00f3mero de poli\u00e9ster reducen la holgura admisible en ambos lados; los anillos de respaldo evitan que el elast\u00f3mero se extruya en el espacio de sellado. Dos anillos de POM como gu\u00eda. La funci\u00f3n del anillo gu\u00eda es ayudar al pist\u00f3n en el cilindro a guiarse y absorber la fuerza radial. Se utiliza principalmente en cilindros hidr\u00e1ulicos como sello de pist\u00f3n. Como se muestra en el dise\u00f1o, el sellado se realiza mediante un anillo de NBR.<\/p>\n<p><strong>NUESTRAS Ventajas<\/strong><\/p>\n<p style=\"font-weight: 400;\">-Buen efecto de sellado, adecuado tambi\u00e9n para sujetar cilindros.<\/p>\n<p style=\"font-weight: 400;\">-Insensibilidad frente a cargas de choque y picos de presi\u00f3n.<\/p>\n<p style=\"font-weight: 400;\">-Capaz de instalaci\u00f3n en ranuras cerradas de reducidos costes de mecanizado.<\/p>\n<p style=\"font-weight: 400;\">-F\u00e1cil instalaci\u00f3n.<\/p>\n<p><strong>POM+NBR+TPE<\/strong><\/p>\n<p style=\"font-weight: 400;\">Dise\u00f1ado con precisi\u00f3n y concebido para durar, el sello de pist\u00f3n compacto es la soluci\u00f3n perfecta para aplicaciones exigentes con espacio limitado. Su dise\u00f1o de baja fricci\u00f3n reduce el consumo de energ\u00eda y minimiza el desgaste, garantizando la m\u00e1xima eficiencia y durabilidad.<\/p>\n<p style=\"font-weight: 400;\">Ya sea en la industria automotriz, aeroespacial o hidr\u00e1ulica, el sello de pist\u00f3n compacto es la opci\u00f3n predilecta para quienes exigen lo mejor. Su tama\u00f1o compacto, rendimiento excepcional y confiabilidad lo convierten en la soluci\u00f3n ideal para cualquier aplicaci\u00f3n.<\/p>\n<p style=\"font-weight: 400;\">No se conforme con menos que lo mejor. Elija el sello de pist\u00f3n compacto y experimente la diferencia en rendimiento, eficiencia y durabilidad.<\/p>\n\n<table id=\"tablepress-10\" class=\"tablepress tablepress-id-10 tbody-has-connected-cells\">\n<thead>\n<tr class=\"row-1\">\n\t<th class=\"column-1\">Color<\/th><th class=\"column-2\">Material<\/th><th class=\"column-3\">Tipo<\/th><th class=\"column-4\">Medios de trabajo<\/th>\n<\/tr>\n<\/thead>\n<tbody class=\"row-striping row-hover\">\n<tr class=\"row-2\">\n\t<td class=\"column-1\">Marr\u00f3n<\/td><td class=\"column-2\">Goma<\/td><td class=\"column-3\">Sello mec\u00e1nico<\/td><td rowspan=\"7\" class=\"column-4\">Aceite hidr\u00e1ulico a base de petr\u00f3leo, aceite hidr\u00e1ulico resistente al fuego. Aceite hidr\u00e1ulico protector del medio ambiente (aceite biol\u00f3gico), agua y otros medios, seg\u00fan el material de sellado.<\/td>\n<\/tr>\n<tr class=\"row-3\">\n\t<td class=\"column-1\">Plata<\/td><td class=\"column-2\">PTFE<\/td><td class=\"column-3\">Junta t\u00f3rica<\/td>\n<\/tr>\n<tr class=\"row-4\">\n\t<td class=\"column-1\">Negro<\/td><td class=\"column-2\">Pl\u00e1stico<\/td><td class=\"column-3\">TIRA DE SELLADO<\/td>\n<\/tr>\n<tr class=\"row-5\">\n\t<td class=\"column-1\">Gris<\/td><td class=\"column-2\">Silicona<\/td><td class=\"column-3\">Sello de fuelle<\/td>\n<\/tr>\n<tr class=\"row-6\">\n\t<td class=\"column-1\">Rojo<\/td><td class=\"column-2\">PU<\/td><td class=\"column-3\">Sello flotante<\/td>\n<\/tr>\n<tr class=\"row-7\">\n\t<td class=\"column-1\"><\/td><td class=\"column-2\">Impermeable<\/td><td class=\"column-3\">Aceite<\/td>\n<\/tr>\n<tr class=\"row-8\">\n\t<td class=\"column-1\"><\/td><td class=\"column-2\">CLORURO DE POLIVINILO<\/td><td class=\"column-3\">Hidr\u00e1ulico<\/td>\n<\/tr>\n<\/tbody>\n<\/table>\n<!-- #tablepress-10 from cache -->\n\n<table id=\"tablepress-11\" class=\"tablepress tablepress-id-11\">\n<tbody class=\"row-striping row-hover\">\n<tr class=\"row-1\">\n\t<td class=\"column-1\">Descripci\u00f3n del material<\/td><td class=\"column-2\">Bronce relleno de PTFE, fibra de carbono y MoS2 rellenos de PTFE, grafito relleno de PTFE, PI relleno de PTFE, relleno de PTFE<\/td>\n<\/tr>\n<tr class=\"row-2\">\n\t<td class=\"column-1\"><\/td><td class=\"column-2\">Ekonol, PU y dem\u00e1s<\/td>\n<\/tr>\n<tr class=\"row-3\">\n\t<td class=\"column-1\">Colores disponibles<\/td><td class=\"column-2\">Negro, verde, caf\u00e9, blanco, rojo, azul, dorado, etc.<\/td>\n<\/tr>\n<tr class=\"row-4\">\n\t<td class=\"column-1\">Resistencia del material<\/td><td class=\"column-2\">Alta resistencia a la extrusi\u00f3n, buen rendimiento a prueba de fugas, f\u00e1cil montaje.<\/td>\n<\/tr>\n<tr class=\"row-5\">\n\t<td class=\"column-1\">Temperatura<\/td><td class=\"column-2\">-35~+100\u2103<\/td>\n<\/tr>\n<tr class=\"row-6\">\n\t<td class=\"column-1\">Velocidad<\/td><td class=\"column-2\">0,5 m\/s<\/td>\n<\/tr>\n<tr class=\"row-7\">\n\t<td class=\"column-1\">Presi\u00f3n<\/td><td class=\"column-2\">\u226435 MPa<\/td>\n<\/tr>\n<tr class=\"row-8\">\n\t<td class=\"column-1\">Dispositivo aplicado<\/td><td class=\"column-2\">Cilindros est\u00e1ndar \/ Cilindros de retenci\u00f3n \/ Maquinaria agr\u00edcola, etc.<\/td>\n<\/tr>\n<\/tbody>\n<\/table>\n<!-- #tablepress-11 from cache -->","protected":false},"excerpt":{"rendered":"<h2>Informaci\u00f3n sobre el sello de pist\u00f3n compacto de doble efecto<\/h2>\n<p style=\"font-weight: 400;\">Con dise\u00f1os de cinco piezas, nuestros sellos compactos RSOOO se utilizan como sellos de pist\u00f3n compactos para cilindros de doble efecto con una presi\u00f3n m\u00e1xima de 35 MPa.<\/p>","protected":false},"featured_media":653,"comment_status":"open","ping_status":"closed","template":"","meta":{"site-sidebar-layout":"default","site-content-layout":"","ast-site-content-layout":"default","site-content-style":"default","site-sidebar-style":"default","ast-global-header-display":"","ast-banner-title-visibility":"","ast-main-header-display":"","ast-hfb-above-header-display":"","ast-hfb-below-header-display":"","ast-hfb-mobile-header-display":"","site-post-title":"","ast-breadcrumbs-content":"","ast-featured-img":"","footer-sml-layout":"","ast-disable-related-posts":"","theme-transparent-header-meta":"default","adv-header-id-meta":"","stick-header-meta":"","header-above-stick-meta":"","header-main-stick-meta":"","header-below-stick-meta":"","astra-migrate-meta-layouts":"set","ast-page-background-enabled":"default","ast-page-background-meta":{"desktop":{"background-color":"var(--ast-global-color-4)","background-image":"","background-repeat":"repeat","background-position":"center center","background-size":"auto","background-attachment":"scroll","background-type":"","background-media":"","overlay-type":"","overlay-color":"","overlay-opacity":"","overlay-gradient":""},"tablet":{"background-color":"","background-image":"","background-repeat":"repeat","background-position":"center center","background-size":"auto","background-attachment":"scroll","background-type":"","background-media":"","overlay-type":"","overlay-color":"","overlay-opacity":"","overlay-gradient":""},"mobile":{"background-color":"","background-image":"","background-repeat":"repeat","background-position":"center center","background-size":"auto","background-attachment":"scroll","background-type":"","background-media":"","overlay-type":"","overlay-color":"","overlay-opacity":"","overlay-gradient":""}},"ast-content-background-meta":{"desktop":{"background-color":"var(--ast-global-color-5)","background-image":"","background-repeat":"repeat","background-position":"center center","background-size":"auto","background-attachment":"scroll","background-type":"","background-media":"","overlay-type":"","overlay-color":"","overlay-opacity":"","overlay-gradient":""},"tablet":{"background-color":"var(--ast-global-color-5)","background-image":"","background-repeat":"repeat","background-position":"center center","background-size":"auto","background-attachment":"scroll","background-type":"","background-media":"","overlay-type":"","overlay-color":"","overlay-opacity":"","overlay-gradient":""},"mobile":{"background-color":"var(--ast-global-color-5)","background-image":"","background-repeat":"repeat","background-position":"center center","background-size":"auto","background-attachment":"scroll","background-type":"","background-media":"","overlay-type":"","overlay-color":"","overlay-opacity":"","overlay-gradient":""}}},"product_brand":[],"product_cat":[30,23],"product_tag":[],"class_list":{"0":"post-643","1":"product","2":"type-product","3":"status-publish","4":"has-post-thumbnail","6":"product_cat-piston-rod-seal","7":"product_cat-rubber-seals","8":"desktop-align-center","9":"tablet-align-left","10":"mobile-align-left","12":"first","13":"instock","14":"shipping-taxable","15":"product-type-simple"},"_links":{"self":[{"href":"https:\/\/www.sterubber.com\/es\/wp-json\/wp\/v2\/product\/643","targetHints":{"allow":["GET"]}}],"collection":[{"href":"https:\/\/www.sterubber.com\/es\/wp-json\/wp\/v2\/product"}],"about":[{"href":"https:\/\/www.sterubber.com\/es\/wp-json\/wp\/v2\/types\/product"}],"replies":[{"embeddable":true,"href":"https:\/\/www.sterubber.com\/es\/wp-json\/wp\/v2\/comments?post=643"}],"wp:featuredmedia":[{"embeddable":true,"href":"https:\/\/www.sterubber.com\/es\/wp-json\/wp\/v2\/media\/653"}],"wp:attachment":[{"href":"https:\/\/www.sterubber.com\/es\/wp-json\/wp\/v2\/media?parent=643"}],"wp:term":[{"taxonomy":"product_brand","embeddable":true,"href":"https:\/\/www.sterubber.com\/es\/wp-json\/wp\/v2\/product_brand?post=643"},{"taxonomy":"product_cat","embeddable":true,"href":"https:\/\/www.sterubber.com\/es\/wp-json\/wp\/v2\/product_cat?post=643"},{"taxonomy":"product_tag","embeddable":true,"href":"https:\/\/www.sterubber.com\/es\/wp-json\/wp\/v2\/product_tag?post=643"}],"curies":[{"name":"wp","href":"https:\/\/api.w.org\/{rel}","templated":true}]}}