{"id":621,"date":"2024-04-01T15:20:44","date_gmt":"2024-04-01T07:20:44","guid":{"rendered":"https:\/\/sterubber.com\/?post_type=product&#038;p=621"},"modified":"2024-04-07T10:40:57","modified_gmt":"2024-04-07T02:40:57","slug":"pieza-de-goma-con-forma-personalizada","status":"publish","type":"product","link":"https:\/\/www.sterubber.com\/es\/product\/custom-shaped-rubber-part\/","title":{"rendered":"Pieza de caucho con forma personalizada"},"content":{"rendered":"<h2>Informaci\u00f3n sobre piezas de caucho con forma personalizada<\/h2>\n<p>Los productos de esta categor\u00eda se denominan colectivamente sellos de caucho moldeados.<\/p>\n<p>Seg\u00fan las necesidades del cliente seg\u00fan los dibujos productos personalizados<\/p>\n<p>La personalizaci\u00f3n del producto tambi\u00e9n se ha convertido en nuestra mayor ventaja, con el desarrollo en profundidad de la industrializaci\u00f3n y la inteligencia, los productos personalizados con personalidad y que cumplen con los requisitos de desarrollo son cada vez m\u00e1s populares y los requisitos de calidad estrictos.<\/p>\n<p>Material: NBR, FKM, silicona\/VMQ, EPDM, FFKM, HNBR, PU, PTFE<\/p>\n<p>Usos principales: maquinaria, industria solar fotovoltaica, etc.<\/p>\n\n<table id=\"tablepress-6\" class=\"tablepress tablepress-id-6\">\n<thead>\n<tr class=\"row-1\">\n\t<th class=\"column-1\">Materiales<\/th><th class=\"column-2\">NBR, FKM, Silicona\/VMQ, EPDM, FFKM, HNBR, PU, PTFE o personalizado<\/th>\n<\/tr>\n<\/thead>\n<tbody class=\"row-striping row-hover\">\n<tr class=\"row-2\">\n\t<td class=\"column-1\">Temperatura<\/td><td class=\"column-2\">NBR(-40~120\u00b0C), FFKM(-20~320\u00b0C), FKM(-20~200\u00b0C), <br \/>\nSilicona (-70~220 \u00b0C), EPDM (-50~150 \u00b0C), PU (-40~90 \u00b0C)<\/td>\n<\/tr>\n<tr class=\"row-3\">\n\t<td class=\"column-1\">Dureza<\/td><td class=\"column-2\">20~90 Shore A<\/td>\n<\/tr>\n<\/tbody>\n<\/table>\n<!-- #tablepress-6 from cache -->","protected":false},"excerpt":{"rendered":"<p>Los productos de esta categor\u00eda se denominan colectivamente sellos de caucho moldeados.<\/p>\n<p>Seg\u00fan las necesidades del cliente seg\u00fan los dibujos productos personalizados<\/p>","protected":false},"featured_media":624,"comment_status":"open","ping_status":"closed","template":"","meta":{"site-sidebar-layout":"default","site-content-layout":"","ast-site-content-layout":"default","site-content-style":"default","site-sidebar-style":"default","ast-global-header-display":"","ast-banner-title-visibility":"","ast-main-header-display":"","ast-hfb-above-header-display":"","ast-hfb-below-header-display":"","ast-hfb-mobile-header-display":"","site-post-title":"","ast-breadcrumbs-content":"","ast-featured-img":"","footer-sml-layout":"","ast-disable-related-posts":"","theme-transparent-header-meta":"default","adv-header-id-meta":"","stick-header-meta":"","header-above-stick-meta":"","header-main-stick-meta":"","header-below-stick-meta":"","astra-migrate-meta-layouts":"set","ast-page-background-enabled":"default","ast-page-background-meta":{"desktop":{"background-color":"var(--ast-global-color-4)","background-image":"","background-repeat":"repeat","background-position":"center center","background-size":"auto","background-attachment":"scroll","background-type":"","background-media":"","overlay-type":"","overlay-color":"","overlay-opacity":"","overlay-gradient":""},"tablet":{"background-color":"","background-image":"","background-repeat":"repeat","background-position":"center center","background-size":"auto","background-attachment":"scroll","background-type":"","background-media":"","overlay-type":"","overlay-color":"","overlay-opacity":"","overlay-gradient":""},"mobile":{"background-color":"","background-image":"","background-repeat":"repeat","background-position":"center center","background-size":"auto","background-attachment":"scroll","background-type":"","background-media":"","overlay-type":"","overlay-color":"","overlay-opacity":"","overlay-gradient":""}},"ast-content-background-meta":{"desktop":{"background-color":"var(--ast-global-color-5)","background-image":"","background-repeat":"repeat","background-position":"center center","background-size":"auto","background-attachment":"scroll","background-type":"","background-media":"","overlay-type":"","overlay-color":"","overlay-opacity":"","overlay-gradient":""},"tablet":{"background-color":"var(--ast-global-color-5)","background-image":"","background-repeat":"repeat","background-position":"center center","background-size":"auto","background-attachment":"scroll","background-type":"","background-media":"","overlay-type":"","overlay-color":"","overlay-opacity":"","overlay-gradient":""},"mobile":{"background-color":"var(--ast-global-color-5)","background-image":"","background-repeat":"repeat","background-position":"center center","background-size":"auto","background-attachment":"scroll","background-type":"","background-media":"","overlay-type":"","overlay-color":"","overlay-opacity":"","overlay-gradient":""}}},"product_brand":[],"product_cat":[29,23],"product_tag":[],"class_list":{"0":"post-621","1":"product","2":"type-product","3":"status-publish","4":"has-post-thumbnail","6":"product_cat-custom-rubber-part","7":"product_cat-rubber-seals","8":"desktop-align-center","9":"tablet-align-left","10":"mobile-align-left","12":"first","13":"instock","14":"shipping-taxable","15":"product-type-simple"},"_links":{"self":[{"href":"https:\/\/www.sterubber.com\/es\/wp-json\/wp\/v2\/product\/621","targetHints":{"allow":["GET"]}}],"collection":[{"href":"https:\/\/www.sterubber.com\/es\/wp-json\/wp\/v2\/product"}],"about":[{"href":"https:\/\/www.sterubber.com\/es\/wp-json\/wp\/v2\/types\/product"}],"replies":[{"embeddable":true,"href":"https:\/\/www.sterubber.com\/es\/wp-json\/wp\/v2\/comments?post=621"}],"wp:featuredmedia":[{"embeddable":true,"href":"https:\/\/www.sterubber.com\/es\/wp-json\/wp\/v2\/media\/624"}],"wp:attachment":[{"href":"https:\/\/www.sterubber.com\/es\/wp-json\/wp\/v2\/media?parent=621"}],"wp:term":[{"taxonomy":"product_brand","embeddable":true,"href":"https:\/\/www.sterubber.com\/es\/wp-json\/wp\/v2\/product_brand?post=621"},{"taxonomy":"product_cat","embeddable":true,"href":"https:\/\/www.sterubber.com\/es\/wp-json\/wp\/v2\/product_cat?post=621"},{"taxonomy":"product_tag","embeddable":true,"href":"https:\/\/www.sterubber.com\/es\/wp-json\/wp\/v2\/product_tag?post=621"}],"curies":[{"name":"wp","href":"https:\/\/api.w.org\/{rel}","templated":true}]}}