{"id":610,"date":"2024-04-01T15:09:09","date_gmt":"2024-04-01T07:09:09","guid":{"rendered":"https:\/\/sterubber.com\/?post_type=product&#038;p=610"},"modified":"2024-04-07T10:39:26","modified_gmt":"2024-04-07T02:39:26","slug":"junta-de-caucho-de-nitrilo","status":"publish","type":"product","link":"https:\/\/www.sterubber.com\/es\/product\/nitrile-rubber-gasket\/","title":{"rendered":"Junta de caucho de nitrilo"},"content":{"rendered":"<h2>Informaci\u00f3n sobre juntas de caucho de nitrilo<\/h2>\n<p style=\"font-weight: 400;\">Las juntas de NBR (nitrilo) ofrecen propiedades como resistencia al aceite, a \u00e1cidos y \u00e1lcalis, al fr\u00edo y al calor, y al envejecimiento. Se pueden cortar directamente en juntas de sellado de diversas formas y se utilizan ampliamente en las industrias m\u00e9dica, electr\u00f3nica, qu\u00edmica, antiest\u00e1tica, ign\u00edfuga y alimentaria, entre otras.<\/p>\n<p style=\"font-weight: 400;\">Temperatura de funcionamiento: -20\u2103~110\u2103<\/p>\n<p style=\"font-weight: 400;\">Presi\u00f3n de funcionamiento: PN&lt;=16MPa<\/p>\n<p style=\"font-weight: 400;\">Especificaciones comunes: DN15\uff5eDN400<\/p>","protected":false},"excerpt":{"rendered":"<p>Las juntas de NBR (nitrilo) ofrecen propiedades como resistencia al aceite, a \u00e1cidos y \u00e1lcalis, al fr\u00edo y al calor, y al envejecimiento. Se pueden cortar directamente en juntas de sellado de diversas formas y se utilizan ampliamente en las industrias m\u00e9dica, electr\u00f3nica, qu\u00edmica, antiest\u00e1tica, ign\u00edfuga y alimentaria, entre otras.<\/p>","protected":false},"featured_media":614,"comment_status":"open","ping_status":"closed","template":"","meta":{"site-sidebar-layout":"default","site-content-layout":"","ast-site-content-layout":"default","site-content-style":"default","site-sidebar-style":"default","ast-global-header-display":"","ast-banner-title-visibility":"","ast-main-header-display":"","ast-hfb-above-header-display":"","ast-hfb-below-header-display":"","ast-hfb-mobile-header-display":"","site-post-title":"","ast-breadcrumbs-content":"","ast-featured-img":"","footer-sml-layout":"","ast-disable-related-posts":"","theme-transparent-header-meta":"default","adv-header-id-meta":"","stick-header-meta":"","header-above-stick-meta":"","header-main-stick-meta":"","header-below-stick-meta":"","astra-migrate-meta-layouts":"set","ast-page-background-enabled":"default","ast-page-background-meta":{"desktop":{"background-color":"var(--ast-global-color-4)","background-image":"","background-repeat":"repeat","background-position":"center center","background-size":"auto","background-attachment":"scroll","background-type":"","background-media":"","overlay-type":"","overlay-color":"","overlay-opacity":"","overlay-gradient":""},"tablet":{"background-color":"","background-image":"","background-repeat":"repeat","background-position":"center center","background-size":"auto","background-attachment":"scroll","background-type":"","background-media":"","overlay-type":"","overlay-color":"","overlay-opacity":"","overlay-gradient":""},"mobile":{"background-color":"","background-image":"","background-repeat":"repeat","background-position":"center center","background-size":"auto","background-attachment":"scroll","background-type":"","background-media":"","overlay-type":"","overlay-color":"","overlay-opacity":"","overlay-gradient":""}},"ast-content-background-meta":{"desktop":{"background-color":"var(--ast-global-color-5)","background-image":"","background-repeat":"repeat","background-position":"center center","background-size":"auto","background-attachment":"scroll","background-type":"","background-media":"","overlay-type":"","overlay-color":"","overlay-opacity":"","overlay-gradient":""},"tablet":{"background-color":"var(--ast-global-color-5)","background-image":"","background-repeat":"repeat","background-position":"center center","background-size":"auto","background-attachment":"scroll","background-type":"","background-media":"","overlay-type":"","overlay-color":"","overlay-opacity":"","overlay-gradient":""},"mobile":{"background-color":"var(--ast-global-color-5)","background-image":"","background-repeat":"repeat","background-position":"center center","background-size":"auto","background-attachment":"scroll","background-type":"","background-media":"","overlay-type":"","overlay-color":"","overlay-opacity":"","overlay-gradient":""}}},"product_brand":[],"product_cat":[28,23],"product_tag":[],"class_list":{"0":"post-610","1":"product","2":"type-product","3":"status-publish","4":"has-post-thumbnail","6":"product_cat-pan-seal","7":"product_cat-rubber-seals","8":"desktop-align-center","9":"tablet-align-left","10":"mobile-align-left","12":"first","13":"instock","14":"shipping-taxable","15":"product-type-simple"},"_links":{"self":[{"href":"https:\/\/www.sterubber.com\/es\/wp-json\/wp\/v2\/product\/610","targetHints":{"allow":["GET"]}}],"collection":[{"href":"https:\/\/www.sterubber.com\/es\/wp-json\/wp\/v2\/product"}],"about":[{"href":"https:\/\/www.sterubber.com\/es\/wp-json\/wp\/v2\/types\/product"}],"replies":[{"embeddable":true,"href":"https:\/\/www.sterubber.com\/es\/wp-json\/wp\/v2\/comments?post=610"}],"wp:featuredmedia":[{"embeddable":true,"href":"https:\/\/www.sterubber.com\/es\/wp-json\/wp\/v2\/media\/614"}],"wp:attachment":[{"href":"https:\/\/www.sterubber.com\/es\/wp-json\/wp\/v2\/media?parent=610"}],"wp:term":[{"taxonomy":"product_brand","embeddable":true,"href":"https:\/\/www.sterubber.com\/es\/wp-json\/wp\/v2\/product_brand?post=610"},{"taxonomy":"product_cat","embeddable":true,"href":"https:\/\/www.sterubber.com\/es\/wp-json\/wp\/v2\/product_cat?post=610"},{"taxonomy":"product_tag","embeddable":true,"href":"https:\/\/www.sterubber.com\/es\/wp-json\/wp\/v2\/product_tag?post=610"}],"curies":[{"name":"wp","href":"https:\/\/api.w.org\/{rel}","templated":true}]}}