{"id":606,"date":"2024-04-01T15:03:54","date_gmt":"2024-04-01T07:03:54","guid":{"rendered":"https:\/\/sterubber.com\/?post_type=product&#038;p=606"},"modified":"2024-04-07T10:38:45","modified_gmt":"2024-04-07T02:38:45","slug":"juntas-de-goma-fkm","status":"publish","type":"product","link":"https:\/\/www.sterubber.com\/es\/product\/fkm-rubber-gaskets\/","title":{"rendered":"Junta de caucho FKM"},"content":{"rendered":"<h2>Informaci\u00f3n sobre juntas de caucho FKM<\/h2>\n<p>Las juntas de caucho FKM est\u00e1n fabricadas con fluoroelast\u00f3mero, un caucho sint\u00e9tico conocido por su resistencia al desgaste. Este material se utiliza para juntas t\u00f3ricas y sellos.<\/p>\n<p style=\"font-weight: 400;\">Las juntas de FKM se utilizan con mucha frecuencia en la industria del petr\u00f3leo y el gas, gracias a su capacidad para soportar combustibles agresivos, productos qu\u00edmicos y un amplio rango de temperaturas. En cuanto a la temperatura, el FKM funciona sin problemas entre -10 \u00b0C y hasta 250 \u00b0C. Qu\u00edmicamente, es resistente a biocidas, inhibidores de corrosi\u00f3n, inhibidores de hidratos y desincrustantes. El FKM tambi\u00e9n soporta altas presiones y vibraciones.<\/p>\n<p style=\"font-weight: 400;\">-Se puede personalizar.<\/p>\n<p style=\"font-weight: 400;\">-Espesor: 0,5 ~ 10,0 mm<\/p>","protected":false},"excerpt":{"rendered":"<p>Las juntas de caucho FKM est\u00e1n fabricadas con fluoroelast\u00f3mero, un caucho sint\u00e9tico conocido por su resistencia al desgaste. Este material se utiliza para juntas t\u00f3ricas y sellos.<\/p>","protected":false},"featured_media":609,"comment_status":"open","ping_status":"closed","template":"","meta":{"site-sidebar-layout":"default","site-content-layout":"","ast-site-content-layout":"default","site-content-style":"default","site-sidebar-style":"default","ast-global-header-display":"","ast-banner-title-visibility":"","ast-main-header-display":"","ast-hfb-above-header-display":"","ast-hfb-below-header-display":"","ast-hfb-mobile-header-display":"","site-post-title":"","ast-breadcrumbs-content":"","ast-featured-img":"","footer-sml-layout":"","ast-disable-related-posts":"","theme-transparent-header-meta":"default","adv-header-id-meta":"","stick-header-meta":"","header-above-stick-meta":"","header-main-stick-meta":"","header-below-stick-meta":"","astra-migrate-meta-layouts":"set","ast-page-background-enabled":"default","ast-page-background-meta":{"desktop":{"background-color":"var(--ast-global-color-4)","background-image":"","background-repeat":"repeat","background-position":"center center","background-size":"auto","background-attachment":"scroll","background-type":"","background-media":"","overlay-type":"","overlay-color":"","overlay-opacity":"","overlay-gradient":""},"tablet":{"background-color":"","background-image":"","background-repeat":"repeat","background-position":"center center","background-size":"auto","background-attachment":"scroll","background-type":"","background-media":"","overlay-type":"","overlay-color":"","overlay-opacity":"","overlay-gradient":""},"mobile":{"background-color":"","background-image":"","background-repeat":"repeat","background-position":"center center","background-size":"auto","background-attachment":"scroll","background-type":"","background-media":"","overlay-type":"","overlay-color":"","overlay-opacity":"","overlay-gradient":""}},"ast-content-background-meta":{"desktop":{"background-color":"var(--ast-global-color-5)","background-image":"","background-repeat":"repeat","background-position":"center center","background-size":"auto","background-attachment":"scroll","background-type":"","background-media":"","overlay-type":"","overlay-color":"","overlay-opacity":"","overlay-gradient":""},"tablet":{"background-color":"var(--ast-global-color-5)","background-image":"","background-repeat":"repeat","background-position":"center center","background-size":"auto","background-attachment":"scroll","background-type":"","background-media":"","overlay-type":"","overlay-color":"","overlay-opacity":"","overlay-gradient":""},"mobile":{"background-color":"var(--ast-global-color-5)","background-image":"","background-repeat":"repeat","background-position":"center center","background-size":"auto","background-attachment":"scroll","background-type":"","background-media":"","overlay-type":"","overlay-color":"","overlay-opacity":"","overlay-gradient":""}}},"product_brand":[],"product_cat":[28,23],"product_tag":[],"class_list":{"0":"post-606","1":"product","2":"type-product","3":"status-publish","4":"has-post-thumbnail","6":"product_cat-pan-seal","7":"product_cat-rubber-seals","8":"desktop-align-center","9":"tablet-align-left","10":"mobile-align-left","12":"first","13":"instock","14":"shipping-taxable","15":"product-type-simple"},"_links":{"self":[{"href":"https:\/\/www.sterubber.com\/es\/wp-json\/wp\/v2\/product\/606","targetHints":{"allow":["GET"]}}],"collection":[{"href":"https:\/\/www.sterubber.com\/es\/wp-json\/wp\/v2\/product"}],"about":[{"href":"https:\/\/www.sterubber.com\/es\/wp-json\/wp\/v2\/types\/product"}],"replies":[{"embeddable":true,"href":"https:\/\/www.sterubber.com\/es\/wp-json\/wp\/v2\/comments?post=606"}],"wp:featuredmedia":[{"embeddable":true,"href":"https:\/\/www.sterubber.com\/es\/wp-json\/wp\/v2\/media\/609"}],"wp:attachment":[{"href":"https:\/\/www.sterubber.com\/es\/wp-json\/wp\/v2\/media?parent=606"}],"wp:term":[{"taxonomy":"product_brand","embeddable":true,"href":"https:\/\/www.sterubber.com\/es\/wp-json\/wp\/v2\/product_brand?post=606"},{"taxonomy":"product_cat","embeddable":true,"href":"https:\/\/www.sterubber.com\/es\/wp-json\/wp\/v2\/product_cat?post=606"},{"taxonomy":"product_tag","embeddable":true,"href":"https:\/\/www.sterubber.com\/es\/wp-json\/wp\/v2\/product_tag?post=606"}],"curies":[{"name":"wp","href":"https:\/\/api.w.org\/{rel}","templated":true}]}}