{"id":600,"date":"2024-04-01T15:01:09","date_gmt":"2024-04-01T07:01:09","guid":{"rendered":"https:\/\/sterubber.com\/?post_type=product&#038;p=600"},"modified":"2024-04-07T10:38:17","modified_gmt":"2024-04-07T02:38:17","slug":"junta-de-caucho-de-silicona","status":"publish","type":"product","link":"https:\/\/www.sterubber.com\/es\/product\/silicone-rubber-gasket\/","title":{"rendered":"Junta de caucho de silicona"},"content":{"rendered":"<h2>Informaci\u00f3n sobre juntas de caucho de silicona<\/h2>\n<p style=\"font-weight: 400;\"><strong>Actuaci\u00f3n<\/strong><\/p>\n<ol>\n<li style=\"font-weight: 400;\">Tiene un excelente rendimiento de sellado y es impermeable y a prueba de fugas.<\/li>\n<li style=\"font-weight: 400;\">Tiene un buen efecto de conservaci\u00f3n de la frescura y es completamente no t\u00f3xico e ins\u00edpido.<\/li>\n<li style=\"font-weight: 400;\">Se puede calentar a altas temperaturas sin deformarse ni contener sustancias nocivas.<\/li>\n<li style=\"font-weight: 400;\">Buen rendimiento de resistencia a la tracci\u00f3n, especialmente inspeccionado y probado.<\/li>\n<li style=\"font-weight: 400;\">No se volver\u00e1 amarillo ni se desvanecer\u00e1 despu\u00e9s de un uso prolongado.<\/li>\n<li style=\"font-weight: 400;\">Resistencia a la corona, resistencia al arco, resistencia a altas y bajas temperaturas, buena resistencia al envejecimiento y resistencia a altas temperaturas.<\/li>\n<\/ol>\n<p style=\"font-weight: 400;\">Temperatura de funcionamiento: -100\u2103~300\u2103<\/p>\n<p style=\"font-weight: 400;\">Presi\u00f3n de funcionamiento: PN&lt;3MPa<\/p>\n<p style=\"font-weight: 400;\">Especificaciones comunes: DN15\uff5eDN400<\/p>\n<p style=\"font-weight: 400;\"><strong>Ventajas de las juntas de silicona<\/strong><\/p>\n<p style=\"font-weight: 400;\">Resistencia al calor: La junta de caucho de silicona ofrece una resistencia al calor mucho mayor que la del caucho convencional. Puede utilizarse pr\u00e1cticamente indefinidamente a 150 \u00b0C sin afectar su rendimiento. Puede utilizarse continuamente a 200 \u00b0C durante 10\u00a0000 horas e incluso a 350 \u00b0C durante un tiempo prolongado. Se utiliza ampliamente en aplicaciones que requieren resistencia al calor, como anillos de sellado para termos, anillos para ollas a presi\u00f3n y asas resistentes al calor. Resistencia al fr\u00edo: La temperatura del caucho convencional es de -20 \u00b0C a 30 \u00b0C, lo que significa que el caucho de silicona mantiene una buena elasticidad a -60 \u00b0C a 70 \u00b0C. Algunos cauchos de silicona especialmente formulados tambi\u00e9n pueden soportar temperaturas extremadamente bajas, como las lavadoras de baja temperatura.<\/p>","protected":false},"excerpt":{"rendered":"<p>La junta de caucho de silicona ofrece una resistencia al calor mucho mejor que la del caucho convencional. Puede utilizarse pr\u00e1cticamente indefinidamente a 150 \u00b0C sin afectar su rendimiento. Puede utilizarse continuamente a 200 \u00b0C durante 10\u00a0000 horas e incluso a 350 \u00b0C durante un tiempo prolongado. Se utiliza ampliamente en aplicaciones que requieren resistencia al calor, como anillos de sellado para termos, anillos para ollas a presi\u00f3n y asas resistentes al calor. Resistencia al fr\u00edo: La temperatura del caucho convencional es de -20 \u00b0C a 30 \u00b0C, lo que significa que el caucho de silicona mantiene una buena elasticidad a -60 \u00b0C a 70 \u00b0C. Algunos cauchos de silicona con f\u00f3rmulas especiales tambi\u00e9n pueden soportar temperaturas extremadamente bajas, como las lavadoras de baja temperatura.<\/p>","protected":false},"featured_media":605,"comment_status":"open","ping_status":"closed","template":"","meta":{"site-sidebar-layout":"default","site-content-layout":"","ast-site-content-layout":"default","site-content-style":"default","site-sidebar-style":"default","ast-global-header-display":"","ast-banner-title-visibility":"","ast-main-header-display":"","ast-hfb-above-header-display":"","ast-hfb-below-header-display":"","ast-hfb-mobile-header-display":"","site-post-title":"","ast-breadcrumbs-content":"","ast-featured-img":"","footer-sml-layout":"","ast-disable-related-posts":"","theme-transparent-header-meta":"default","adv-header-id-meta":"","stick-header-meta":"","header-above-stick-meta":"","header-main-stick-meta":"","header-below-stick-meta":"","astra-migrate-meta-layouts":"set","ast-page-background-enabled":"default","ast-page-background-meta":{"desktop":{"background-color":"var(--ast-global-color-4)","background-image":"","background-repeat":"repeat","background-position":"center center","background-size":"auto","background-attachment":"scroll","background-type":"","background-media":"","overlay-type":"","overlay-color":"","overlay-opacity":"","overlay-gradient":""},"tablet":{"background-color":"","background-image":"","background-repeat":"repeat","background-position":"center center","background-size":"auto","background-attachment":"scroll","background-type":"","background-media":"","overlay-type":"","overlay-color":"","overlay-opacity":"","overlay-gradient":""},"mobile":{"background-color":"","background-image":"","background-repeat":"repeat","background-position":"center center","background-size":"auto","background-attachment":"scroll","background-type":"","background-media":"","overlay-type":"","overlay-color":"","overlay-opacity":"","overlay-gradient":""}},"ast-content-background-meta":{"desktop":{"background-color":"var(--ast-global-color-5)","background-image":"","background-repeat":"repeat","background-position":"center center","background-size":"auto","background-attachment":"scroll","background-type":"","background-media":"","overlay-type":"","overlay-color":"","overlay-opacity":"","overlay-gradient":""},"tablet":{"background-color":"var(--ast-global-color-5)","background-image":"","background-repeat":"repeat","background-position":"center center","background-size":"auto","background-attachment":"scroll","background-type":"","background-media":"","overlay-type":"","overlay-color":"","overlay-opacity":"","overlay-gradient":""},"mobile":{"background-color":"var(--ast-global-color-5)","background-image":"","background-repeat":"repeat","background-position":"center center","background-size":"auto","background-attachment":"scroll","background-type":"","background-media":"","overlay-type":"","overlay-color":"","overlay-opacity":"","overlay-gradient":""}}},"product_brand":[],"product_cat":[28,23],"product_tag":[],"class_list":{"0":"post-600","1":"product","2":"type-product","3":"status-publish","4":"has-post-thumbnail","6":"product_cat-pan-seal","7":"product_cat-rubber-seals","8":"desktop-align-center","9":"tablet-align-left","10":"mobile-align-left","12":"first","13":"instock","14":"shipping-taxable","15":"product-type-simple"},"_links":{"self":[{"href":"https:\/\/www.sterubber.com\/es\/wp-json\/wp\/v2\/product\/600","targetHints":{"allow":["GET"]}}],"collection":[{"href":"https:\/\/www.sterubber.com\/es\/wp-json\/wp\/v2\/product"}],"about":[{"href":"https:\/\/www.sterubber.com\/es\/wp-json\/wp\/v2\/types\/product"}],"replies":[{"embeddable":true,"href":"https:\/\/www.sterubber.com\/es\/wp-json\/wp\/v2\/comments?post=600"}],"wp:featuredmedia":[{"embeddable":true,"href":"https:\/\/www.sterubber.com\/es\/wp-json\/wp\/v2\/media\/605"}],"wp:attachment":[{"href":"https:\/\/www.sterubber.com\/es\/wp-json\/wp\/v2\/media?parent=600"}],"wp:term":[{"taxonomy":"product_brand","embeddable":true,"href":"https:\/\/www.sterubber.com\/es\/wp-json\/wp\/v2\/product_brand?post=600"},{"taxonomy":"product_cat","embeddable":true,"href":"https:\/\/www.sterubber.com\/es\/wp-json\/wp\/v2\/product_cat?post=600"},{"taxonomy":"product_tag","embeddable":true,"href":"https:\/\/www.sterubber.com\/es\/wp-json\/wp\/v2\/product_tag?post=600"}],"curies":[{"name":"wp","href":"https:\/\/api.w.org\/{rel}","templated":true}]}}