{"id":595,"date":"2024-04-01T14:57:02","date_gmt":"2024-04-01T06:57:02","guid":{"rendered":"https:\/\/sterubber.com\/?post_type=product&#038;p=595"},"modified":"2024-04-07T10:36:42","modified_gmt":"2024-04-07T02:36:42","slug":"junta-de-goma-de-neopreno","status":"publish","type":"product","link":"https:\/\/www.sterubber.com\/es\/product\/neoprene-rubber-gasket\/","title":{"rendered":"Junta de goma de neopreno"},"content":{"rendered":"<p>La junta de neopreno es un material de sellado resistente al calor con buena resistencia a altas temperaturas y puede soportar altas temperaturas de -180 \u00b0C a 260 \u00b0C. Por lo tanto, las juntas de neopreno se utilizan ampliamente para sellar equipos mec\u00e1nicos y tuber\u00edas industriales en entornos de alta temperatura.<\/p>\n<p style=\"font-weight: 400;\">Caracter\u00edsticas:<\/p>\n<ol>\n<li>Buena resistencia al aceite.<\/li>\n<\/ol>\n<p style=\"font-weight: 400;\">Las juntas de neopreno tambi\u00e9n tienen una excelente resistencia al aceite, pueden soportar la erosi\u00f3n de varios medios de aceite y no se corroen f\u00e1cilmente con solventes como petr\u00f3leo, aceite lubricante, di\u00e9sel, etc., lo que garantiza el funcionamiento normal del equipo.<\/p>\n<ol start=\"2\">\n<li style=\"font-weight: 400;\">Buena resistencia a la corrosi\u00f3n.<\/li>\n<\/ol>\n<p style=\"font-weight: 400;\">Las juntas de neopreno tambi\u00e9n tienen una excelente resistencia a la corrosi\u00f3n y pueden resistir la erosi\u00f3n de algunos \u00e1cidos fuertes, \u00e1lcalis fuertes y sustancias qu\u00edmicas corrosivas, lo que garantiza la vida \u00fatil del sello.<\/p>\n<ol start=\"3\">\n<li style=\"font-weight: 400;\">Buen rendimiento de sellado.<\/li>\n<\/ol>\n<p style=\"font-weight: 400;\">Las juntas de neopreno tienen un excelente rendimiento de sellado, pueden sellar diversos medios de gas y l\u00edquidos y desempe\u00f1an un buen papel de sellado en tuber\u00edas, contenedores, v\u00e1lvulas, etc.<\/p>\n<ol start=\"4\">\n<li style=\"font-weight: 400;\">Amplia gama de aplicaciones<\/li>\n<\/ol>\n<p style=\"font-weight: 400;\">Las juntas de neopreno tienen una amplia gama de aplicaciones y se utilizan a menudo en maquinaria, electricidad, construcci\u00f3n y otros campos, como el sellado de motores, bombas, v\u00e1lvulas, tuber\u00edas, tanques de agua, tanques de combustible, etc.<\/p>\n<p style=\"font-weight: 400;\">Densidad: 1,2~2,0 g\/cm3<\/p>\n<p style=\"font-weight: 400;\">Resistencia a la temperatura: -180\u2103~+260\u2103<\/p>\n<p style=\"font-weight: 400;\">Espesor: 1-15 mm<\/p>\n<p style=\"font-weight: 400;\">personalizable<\/p>","protected":false},"excerpt":{"rendered":"<p>La junta de neopreno es un material de sellado resistente al calor con buena resistencia a altas temperaturas y puede soportar altas temperaturas de -180 \u00b0C a 260 \u00b0C. Por lo tanto, las juntas de neopreno se utilizan ampliamente para sellar equipos mec\u00e1nicos y tuber\u00edas industriales en entornos de alta temperatura.<\/p>","protected":false},"featured_media":596,"comment_status":"open","ping_status":"closed","template":"","meta":{"site-sidebar-layout":"default","site-content-layout":"","ast-site-content-layout":"default","site-content-style":"default","site-sidebar-style":"default","ast-global-header-display":"","ast-banner-title-visibility":"","ast-main-header-display":"","ast-hfb-above-header-display":"","ast-hfb-below-header-display":"","ast-hfb-mobile-header-display":"","site-post-title":"","ast-breadcrumbs-content":"","ast-featured-img":"","footer-sml-layout":"","ast-disable-related-posts":"","theme-transparent-header-meta":"default","adv-header-id-meta":"","stick-header-meta":"","header-above-stick-meta":"","header-main-stick-meta":"","header-below-stick-meta":"","astra-migrate-meta-layouts":"set","ast-page-background-enabled":"default","ast-page-background-meta":{"desktop":{"background-color":"var(--ast-global-color-4)","background-image":"","background-repeat":"repeat","background-position":"center center","background-size":"auto","background-attachment":"scroll","background-type":"","background-media":"","overlay-type":"","overlay-color":"","overlay-opacity":"","overlay-gradient":""},"tablet":{"background-color":"","background-image":"","background-repeat":"repeat","background-position":"center center","background-size":"auto","background-attachment":"scroll","background-type":"","background-media":"","overlay-type":"","overlay-color":"","overlay-opacity":"","overlay-gradient":""},"mobile":{"background-color":"","background-image":"","background-repeat":"repeat","background-position":"center center","background-size":"auto","background-attachment":"scroll","background-type":"","background-media":"","overlay-type":"","overlay-color":"","overlay-opacity":"","overlay-gradient":""}},"ast-content-background-meta":{"desktop":{"background-color":"var(--ast-global-color-5)","background-image":"","background-repeat":"repeat","background-position":"center center","background-size":"auto","background-attachment":"scroll","background-type":"","background-media":"","overlay-type":"","overlay-color":"","overlay-opacity":"","overlay-gradient":""},"tablet":{"background-color":"var(--ast-global-color-5)","background-image":"","background-repeat":"repeat","background-position":"center center","background-size":"auto","background-attachment":"scroll","background-type":"","background-media":"","overlay-type":"","overlay-color":"","overlay-opacity":"","overlay-gradient":""},"mobile":{"background-color":"var(--ast-global-color-5)","background-image":"","background-repeat":"repeat","background-position":"center center","background-size":"auto","background-attachment":"scroll","background-type":"","background-media":"","overlay-type":"","overlay-color":"","overlay-opacity":"","overlay-gradient":""}}},"product_brand":[],"product_cat":[28,23],"product_tag":[],"class_list":{"0":"post-595","1":"product","2":"type-product","3":"status-publish","4":"has-post-thumbnail","6":"product_cat-pan-seal","7":"product_cat-rubber-seals","8":"desktop-align-center","9":"tablet-align-left","10":"mobile-align-left","12":"first","13":"instock","14":"shipping-taxable","15":"product-type-simple"},"_links":{"self":[{"href":"https:\/\/www.sterubber.com\/es\/wp-json\/wp\/v2\/product\/595","targetHints":{"allow":["GET"]}}],"collection":[{"href":"https:\/\/www.sterubber.com\/es\/wp-json\/wp\/v2\/product"}],"about":[{"href":"https:\/\/www.sterubber.com\/es\/wp-json\/wp\/v2\/types\/product"}],"replies":[{"embeddable":true,"href":"https:\/\/www.sterubber.com\/es\/wp-json\/wp\/v2\/comments?post=595"}],"wp:featuredmedia":[{"embeddable":true,"href":"https:\/\/www.sterubber.com\/es\/wp-json\/wp\/v2\/media\/596"}],"wp:attachment":[{"href":"https:\/\/www.sterubber.com\/es\/wp-json\/wp\/v2\/media?parent=595"}],"wp:term":[{"taxonomy":"product_brand","embeddable":true,"href":"https:\/\/www.sterubber.com\/es\/wp-json\/wp\/v2\/product_brand?post=595"},{"taxonomy":"product_cat","embeddable":true,"href":"https:\/\/www.sterubber.com\/es\/wp-json\/wp\/v2\/product_cat?post=595"},{"taxonomy":"product_tag","embeddable":true,"href":"https:\/\/www.sterubber.com\/es\/wp-json\/wp\/v2\/product_tag?post=595"}],"curies":[{"name":"wp","href":"https:\/\/api.w.org\/{rel}","templated":true}]}}