{"id":583,"date":"2024-04-01T14:49:34","date_gmt":"2024-04-01T06:49:34","guid":{"rendered":"https:\/\/sterubber.com\/?post_type=product&#038;p=583"},"modified":"2024-04-07T10:35:47","modified_gmt":"2024-04-07T02:35:47","slug":"anillo-de-sellado-del-tapon-del-carter","status":"publish","type":"product","link":"https:\/\/www.sterubber.com\/es\/product\/pan-plug-seal-ring\/","title":{"rendered":"Anillo de sello del tap\u00f3n del c\u00e1rter"},"content":{"rendered":"<p class=\"p\">El sello de tap\u00f3n de bandeja es un sello especial desarrollado para el entorno de aplicaci\u00f3n de corrosi\u00f3n a alta temperatura, lubricaci\u00f3n dif\u00edcil y baja fricci\u00f3n.<\/p>\n<p class=\"p\">1. Material: PTFE + acero inoxidable, PTFE virgen + resorte, etc.<\/p>\n<p class=\"p\">Tambi\u00e9n est\u00e1 disponible otro material especial.<\/p>\n<p class=\"p\">2. Presi\u00f3n de trabajo: 700 kg\/cm2<\/p>\n<p class=\"p\">3. Temperatura: -200-+300 C<\/p>\n<p class=\"p\">4. Velocidad lineal: 20 m\/s<\/p>\n<p class=\"p\">5. Tipo de resorte: resorte en U, resorte helicoidal, resorte de bobina inclinada<\/p>\n<p><img fetchpriority=\"high\" decoding=\"async\" class=\"alignnone wp-image-588 size-full\" src=\"https:\/\/sterubber.com\/wp-content\/uploads\/2024\/04\/Pan-plug-seal-seal-ring-5.png\" alt=\"Anillo de sellado del tap\u00f3n del c\u00e1rter 5\" width=\"744\" height=\"784\" srcset=\"https:\/\/www.sterubber.com\/wp-content\/uploads\/2024\/04\/Pan-plug-seal-seal-ring-5.png 744w, https:\/\/www.sterubber.com\/wp-content\/uploads\/2024\/04\/Pan-plug-seal-seal-ring-5-285x300.png 285w, https:\/\/www.sterubber.com\/wp-content\/uploads\/2024\/04\/Pan-plug-seal-seal-ring-5-600x632.png 600w\" sizes=\"(max-width: 744px) 100vw, 744px\" \/><\/p>\n<p><img decoding=\"async\" class=\"alignnone wp-image-589 size-full\" src=\"https:\/\/sterubber.com\/wp-content\/uploads\/2024\/04\/Pan-plug-seal-seal-ring-6.jpg\" alt=\"Anillo de sellado del tap\u00f3n del c\u00e1rter 6\" width=\"750\" height=\"740\" srcset=\"https:\/\/www.sterubber.com\/wp-content\/uploads\/2024\/04\/Pan-plug-seal-seal-ring-6.jpg 750w, https:\/\/www.sterubber.com\/wp-content\/uploads\/2024\/04\/Pan-plug-seal-seal-ring-6-300x296.jpg 300w, https:\/\/www.sterubber.com\/wp-content\/uploads\/2024\/04\/Pan-plug-seal-seal-ring-6-600x592.jpg 600w, https:\/\/www.sterubber.com\/wp-content\/uploads\/2024\/04\/Pan-plug-seal-seal-ring-6-100x100.jpg 100w\" sizes=\"(max-width: 750px) 100vw, 750px\" \/><\/p>","protected":false},"excerpt":{"rendered":"<p>El sello de tap\u00f3n de bandeja es un sello especial desarrollado para el entorno de aplicaci\u00f3n de corrosi\u00f3n a alta temperatura, lubricaci\u00f3n dif\u00edcil y baja fricci\u00f3n.<\/p>","protected":false},"featured_media":585,"comment_status":"open","ping_status":"closed","template":"","meta":{"site-sidebar-layout":"default","site-content-layout":"","ast-site-content-layout":"default","site-content-style":"default","site-sidebar-style":"default","ast-global-header-display":"","ast-banner-title-visibility":"","ast-main-header-display":"","ast-hfb-above-header-display":"","ast-hfb-below-header-display":"","ast-hfb-mobile-header-display":"","site-post-title":"","ast-breadcrumbs-content":"","ast-featured-img":"","footer-sml-layout":"","ast-disable-related-posts":"","theme-transparent-header-meta":"default","adv-header-id-meta":"","stick-header-meta":"","header-above-stick-meta":"","header-main-stick-meta":"","header-below-stick-meta":"","astra-migrate-meta-layouts":"set","ast-page-background-enabled":"default","ast-page-background-meta":{"desktop":{"background-color":"var(--ast-global-color-4)","background-image":"","background-repeat":"repeat","background-position":"center center","background-size":"auto","background-attachment":"scroll","background-type":"","background-media":"","overlay-type":"","overlay-color":"","overlay-opacity":"","overlay-gradient":""},"tablet":{"background-color":"","background-image":"","background-repeat":"repeat","background-position":"center center","background-size":"auto","background-attachment":"scroll","background-type":"","background-media":"","overlay-type":"","overlay-color":"","overlay-opacity":"","overlay-gradient":""},"mobile":{"background-color":"","background-image":"","background-repeat":"repeat","background-position":"center center","background-size":"auto","background-attachment":"scroll","background-type":"","background-media":"","overlay-type":"","overlay-color":"","overlay-opacity":"","overlay-gradient":""}},"ast-content-background-meta":{"desktop":{"background-color":"var(--ast-global-color-5)","background-image":"","background-repeat":"repeat","background-position":"center center","background-size":"auto","background-attachment":"scroll","background-type":"","background-media":"","overlay-type":"","overlay-color":"","overlay-opacity":"","overlay-gradient":""},"tablet":{"background-color":"var(--ast-global-color-5)","background-image":"","background-repeat":"repeat","background-position":"center center","background-size":"auto","background-attachment":"scroll","background-type":"","background-media":"","overlay-type":"","overlay-color":"","overlay-opacity":"","overlay-gradient":""},"mobile":{"background-color":"var(--ast-global-color-5)","background-image":"","background-repeat":"repeat","background-position":"center center","background-size":"auto","background-attachment":"scroll","background-type":"","background-media":"","overlay-type":"","overlay-color":"","overlay-opacity":"","overlay-gradient":""}}},"product_brand":[],"product_cat":[40,23],"product_tag":[],"class_list":{"0":"post-583","1":"product","2":"type-product","3":"status-publish","4":"has-post-thumbnail","6":"product_cat-pan-seal-rubber-seals","7":"product_cat-rubber-seals","8":"desktop-align-center","9":"tablet-align-left","10":"mobile-align-left","12":"first","13":"instock","14":"shipping-taxable","15":"product-type-simple"},"_links":{"self":[{"href":"https:\/\/www.sterubber.com\/es\/wp-json\/wp\/v2\/product\/583","targetHints":{"allow":["GET"]}}],"collection":[{"href":"https:\/\/www.sterubber.com\/es\/wp-json\/wp\/v2\/product"}],"about":[{"href":"https:\/\/www.sterubber.com\/es\/wp-json\/wp\/v2\/types\/product"}],"replies":[{"embeddable":true,"href":"https:\/\/www.sterubber.com\/es\/wp-json\/wp\/v2\/comments?post=583"}],"wp:featuredmedia":[{"embeddable":true,"href":"https:\/\/www.sterubber.com\/es\/wp-json\/wp\/v2\/media\/585"}],"wp:attachment":[{"href":"https:\/\/www.sterubber.com\/es\/wp-json\/wp\/v2\/media?parent=583"}],"wp:term":[{"taxonomy":"product_brand","embeddable":true,"href":"https:\/\/www.sterubber.com\/es\/wp-json\/wp\/v2\/product_brand?post=583"},{"taxonomy":"product_cat","embeddable":true,"href":"https:\/\/www.sterubber.com\/es\/wp-json\/wp\/v2\/product_cat?post=583"},{"taxonomy":"product_tag","embeddable":true,"href":"https:\/\/www.sterubber.com\/es\/wp-json\/wp\/v2\/product_tag?post=583"}],"curies":[{"name":"wp","href":"https:\/\/api.w.org\/{rel}","templated":true}]}}