{"id":576,"date":"2024-04-01T14:39:48","date_gmt":"2024-04-01T06:39:48","guid":{"rendered":"https:\/\/sterubber.com\/?post_type=product&#038;p=576"},"modified":"2024-04-07T10:35:14","modified_gmt":"2024-04-07T02:35:14","slug":"sellos-de-aceite-esqueleticos","status":"publish","type":"product","link":"https:\/\/www.sterubber.com\/es\/product\/skeleton-oil-seals\/","title":{"rendered":"Sellos de aceite esquel\u00e9ticos"},"content":{"rendered":"<p style=\"font-weight: 400;\">Los retenes de aceite esquel\u00e9ticos se utilizan ampliamente en aviaci\u00f3n, autom\u00f3viles, motocicletas, ferrocarriles, veh\u00edculos, barcos, electrodom\u00e9sticos, maquinaria de ingenier\u00eda y otras industrias. Son adecuados para sellar movimientos rotatorios y alternativos. Se instalan en diversos motores de servicio pesado, cajas de engranajes, ejes, barcos, cilindros, etc. Impiden la penetraci\u00f3n del medio sellado (gas, l\u00edquido) y la entrada de cuerpos extra\u00f1os.<\/p>\n<p style=\"font-weight: 400;\">Precauciones:<\/p>\n<p style=\"font-weight: 400;\">El rango de presi\u00f3n de los sellos de aceite comunes es muy limitado, generalmente de 0,03 MPa. Esta presi\u00f3n suele deberse a la diferencia de altura del propio aceite lubricante. Si necesita sellar a mayor presi\u00f3n, debe usar un sello de aceite de alta presi\u00f3n (que generalmente soporta una presi\u00f3n m\u00e1xima de 1 MPa) u otros tipos de sellado.<\/p>\n\n<table id=\"tablepress-5\" class=\"tablepress tablepress-id-5\">\n<thead>\n<tr class=\"row-1\">\n\t<th class=\"column-1\">Tipo<\/th><th class=\"column-2\">Material\t<\/th><th class=\"column-3\">Labio<\/th><th class=\"column-4\">Primavera<\/th><th class=\"column-5\">Caracter\u00edstica<\/th>\n<\/tr>\n<\/thead>\n<tbody class=\"row-striping row-hover\">\n<tr class=\"row-2\">\n\t<td class=\"column-1\">TC\t<\/td><td class=\"column-2\">NBR y FKM\t<\/td><td class=\"column-3\">Labios dobles\t<\/td><td class=\"column-4\">Soltero<\/td><td class=\"column-5\">Caucho recubierto de metal<\/td>\n<\/tr>\n<tr class=\"row-3\">\n\t<td class=\"column-1\">tuberculosis<\/td><td class=\"column-2\">NBR<\/td><td class=\"column-3\">Labios dobles<\/td><td class=\"column-4\">Soltero<\/td><td class=\"column-5\">Caja de metal<\/td>\n<\/tr>\n<tr class=\"row-4\">\n\t<td class=\"column-1\">ej\u00e9rcito de reserva<\/td><td class=\"column-2\">NBR<\/td><td class=\"column-3\">Labios dobles<\/td><td class=\"column-4\">Soltero<\/td><td class=\"column-5\">Caja de metal<\/td>\n<\/tr>\n<tr class=\"row-5\">\n\t<td class=\"column-1\">CAROLINA DEL SUR<\/td><td class=\"column-2\">NBR y FKM<\/td><td class=\"column-3\">Soltero<\/td><td class=\"column-4\">Soltero<\/td><td class=\"column-5\">Doble carcasa de metal<\/td>\n<\/tr>\n<tr class=\"row-6\">\n\t<td class=\"column-1\">SB<\/td><td class=\"column-2\">NBR<\/td><td class=\"column-3\">Soltero<\/td><td class=\"column-4\">Soltero<\/td><td class=\"column-5\">Caja de metal<\/td>\n<\/tr>\n<tr class=\"row-7\">\n\t<td class=\"column-1\">SA<\/td><td class=\"column-2\">NBR<\/td><td class=\"column-3\">Soltero<\/td><td class=\"column-4\">Soltero<\/td><td class=\"column-5\">Doble carcasa de metal<\/td>\n<\/tr>\n<tr class=\"row-8\">\n\t<td class=\"column-1\">corriente continua<\/td><td class=\"column-2\">NBR<\/td><td class=\"column-3\">Labios dobles<\/td><td class=\"column-4\">Doble<\/td><td class=\"column-5\">Doble resorte<\/td>\n<\/tr>\n<tr class=\"row-9\">\n\t<td class=\"column-1\">VC<\/td><td class=\"column-2\">NBR y FKM<\/td><td class=\"column-3\">Soltero<\/td><td class=\"column-4\">Sin<\/td><td class=\"column-5\">Caucho recubierto de metal<\/td>\n<\/tr>\n<tr class=\"row-10\">\n\t<td class=\"column-1\">VB<\/td><td class=\"column-2\">NBR<\/td><td class=\"column-3\">Soltero<\/td><td class=\"column-4\">Sin<\/td><td class=\"column-5\">Caja de metal<\/td>\n<\/tr>\n<tr class=\"row-11\">\n\t<td class=\"column-1\">TCV<\/td><td class=\"column-2\">NBR<\/td><td class=\"column-3\">Labios dobles<\/td><td class=\"column-4\">Soltero<\/td><td class=\"column-5\">Presi\u00f3n alta<\/td>\n<\/tr>\n<tr class=\"row-12\">\n\t<td class=\"column-1\">TCN<\/td><td class=\"column-2\">NBR<\/td><td class=\"column-3\">Labios dobles<\/td><td class=\"column-4\">Soltero<\/td><td class=\"column-5\">Presi\u00f3n alta<\/td>\n<\/tr>\n<tr class=\"row-13\">\n\t<td class=\"column-1\">PTFE<\/td><td class=\"column-2\">PTFE<\/td><td class=\"column-3\">Labios simples y dobles<\/td><td class=\"column-4\">Sin<\/td><td class=\"column-5\">Acero inoxidable<\/td>\n<\/tr>\n<tr class=\"row-14\">\n\t<td class=\"column-1\">HTCL<\/td><td class=\"column-2\">NBR y FKM<\/td><td class=\"column-3\">Labios dobles<\/td><td class=\"column-4\">Soltero<\/td><td class=\"column-5\">H\u00e9lice L<\/td>\n<\/tr>\n<tr class=\"row-15\">\n\t<td class=\"column-1\">HTCR<\/td><td class=\"column-2\">NBR y FKM<\/td><td class=\"column-3\">Labios dobles<\/td><td class=\"column-4\">Soltero<\/td><td class=\"column-5\">H\u00e9lice R<\/td>\n<\/tr>\n<\/tbody>\n<\/table>\n<!-- #tablepress-5 from cache -->\n<p>La funci\u00f3n del sello de aceite esquel\u00e9tico es aislar los componentes de la transmisi\u00f3n que requieren lubricaci\u00f3n de los componentes de salida para evitar fugas de aceite. Se utiliza generalmente en ejes giratorios y es un sello de labio para ejes giratorios. El esqueleto es similar a las barras de acero dentro de los componentes de hormig\u00f3n, lo que refuerza y permite que el sello de aceite mantenga su forma y tensi\u00f3n. Seg\u00fan el tipo de esqueleto, se puede dividir en sello de aceite esquel\u00e9tico interno, sello de aceite esquel\u00e9tico externo y sello de aceite esquel\u00e9tico expuesto interno y externo.<\/p>","protected":false},"excerpt":{"rendered":"<p>La funci\u00f3n del sello de aceite esquel\u00e9tico es aislar los componentes de la transmisi\u00f3n que requieren lubricaci\u00f3n de los componentes de salida para evitar fugas de aceite. Se utiliza generalmente en ejes giratorios y es un sello de labio para ejes giratorios. El esqueleto es similar a las barras de acero dentro de los componentes de hormig\u00f3n, lo que refuerza y permite que el sello de aceite mantenga su forma y tensi\u00f3n. Seg\u00fan el tipo de esqueleto, se puede dividir en sello de aceite esquel\u00e9tico interno, sello de aceite esquel\u00e9tico externo y sello de aceite esquel\u00e9tico expuesto interno y externo.<\/p>","protected":false},"featured_media":579,"comment_status":"open","ping_status":"closed","template":"","meta":{"site-sidebar-layout":"default","site-content-layout":"","ast-site-content-layout":"default","site-content-style":"default","site-sidebar-style":"default","ast-global-header-display":"","ast-banner-title-visibility":"","ast-main-header-display":"","ast-hfb-above-header-display":"","ast-hfb-below-header-display":"","ast-hfb-mobile-header-display":"","site-post-title":"","ast-breadcrumbs-content":"","ast-featured-img":"","footer-sml-layout":"","ast-disable-related-posts":"","theme-transparent-header-meta":"default","adv-header-id-meta":"","stick-header-meta":"","header-above-stick-meta":"","header-main-stick-meta":"","header-below-stick-meta":"","astra-migrate-meta-layouts":"set","ast-page-background-enabled":"default","ast-page-background-meta":{"desktop":{"background-color":"var(--ast-global-color-4)","background-image":"","background-repeat":"repeat","background-position":"center center","background-size":"auto","background-attachment":"scroll","background-type":"","background-media":"","overlay-type":"","overlay-color":"","overlay-opacity":"","overlay-gradient":""},"tablet":{"background-color":"","background-image":"","background-repeat":"repeat","background-position":"center center","background-size":"auto","background-attachment":"scroll","background-type":"","background-media":"","overlay-type":"","overlay-color":"","overlay-opacity":"","overlay-gradient":""},"mobile":{"background-color":"","background-image":"","background-repeat":"repeat","background-position":"center center","background-size":"auto","background-attachment":"scroll","background-type":"","background-media":"","overlay-type":"","overlay-color":"","overlay-opacity":"","overlay-gradient":""}},"ast-content-background-meta":{"desktop":{"background-color":"var(--ast-global-color-5)","background-image":"","background-repeat":"repeat","background-position":"center center","background-size":"auto","background-attachment":"scroll","background-type":"","background-media":"","overlay-type":"","overlay-color":"","overlay-opacity":"","overlay-gradient":""},"tablet":{"background-color":"var(--ast-global-color-5)","background-image":"","background-repeat":"repeat","background-position":"center center","background-size":"auto","background-attachment":"scroll","background-type":"","background-media":"","overlay-type":"","overlay-color":"","overlay-opacity":"","overlay-gradient":""},"mobile":{"background-color":"var(--ast-global-color-5)","background-image":"","background-repeat":"repeat","background-position":"center center","background-size":"auto","background-attachment":"scroll","background-type":"","background-media":"","overlay-type":"","overlay-color":"","overlay-opacity":"","overlay-gradient":""}}},"product_brand":[],"product_cat":[23,27],"product_tag":[],"class_list":{"0":"post-576","1":"product","2":"type-product","3":"status-publish","4":"has-post-thumbnail","6":"product_cat-rubber-seals","7":"product_cat-skeleton-oil-seal","8":"desktop-align-center","9":"tablet-align-left","10":"mobile-align-left","12":"first","13":"instock","14":"shipping-taxable","15":"product-type-simple"},"_links":{"self":[{"href":"https:\/\/www.sterubber.com\/es\/wp-json\/wp\/v2\/product\/576","targetHints":{"allow":["GET"]}}],"collection":[{"href":"https:\/\/www.sterubber.com\/es\/wp-json\/wp\/v2\/product"}],"about":[{"href":"https:\/\/www.sterubber.com\/es\/wp-json\/wp\/v2\/types\/product"}],"replies":[{"embeddable":true,"href":"https:\/\/www.sterubber.com\/es\/wp-json\/wp\/v2\/comments?post=576"}],"wp:featuredmedia":[{"embeddable":true,"href":"https:\/\/www.sterubber.com\/es\/wp-json\/wp\/v2\/media\/579"}],"wp:attachment":[{"href":"https:\/\/www.sterubber.com\/es\/wp-json\/wp\/v2\/media?parent=576"}],"wp:term":[{"taxonomy":"product_brand","embeddable":true,"href":"https:\/\/www.sterubber.com\/es\/wp-json\/wp\/v2\/product_brand?post=576"},{"taxonomy":"product_cat","embeddable":true,"href":"https:\/\/www.sterubber.com\/es\/wp-json\/wp\/v2\/product_cat?post=576"},{"taxonomy":"product_tag","embeddable":true,"href":"https:\/\/www.sterubber.com\/es\/wp-json\/wp\/v2\/product_tag?post=576"}],"curies":[{"name":"wp","href":"https:\/\/api.w.org\/{rel}","templated":true}]}}