{"id":550,"date":"2024-04-01T14:25:52","date_gmt":"2024-04-01T06:25:52","guid":{"rendered":"https:\/\/sterubber.com\/?post_type=product&#038;p=550"},"modified":"2024-04-07T10:34:59","modified_gmt":"2024-04-07T02:34:59","slug":"anillo-de-sello-de-labio-tipo-y","status":"publish","type":"product","link":"https:\/\/www.sterubber.com\/es\/product\/lip-seal-y-type-ring\/","title":{"rendered":"Anillo de sello de labios tipo Y"},"content":{"rendered":"<p class=\"p\">El sello Y es un sello labial t\u00edpico.<\/p>\n<p class=\"p\">Seg\u00fan la altura y el ancho de la secci\u00f3n, se puede dividir en ancho, estrecho, Yx y otras categor\u00edas; si la altura de los dos labios es igual, se puede dividir en anillos de sellado en Y y anillos en Y con diferentes labios y anillos de sellado en forma de Y con apertura.<\/p>\n<p class=\"p\">Dibujo de la secci\u00f3n transversal del anillo Y La secci\u00f3n del anillo de sellado en forma de Y tiene forma de Y, por eso se denomina anillo Y<\/p>\n<p class=\"p\" align=\"justify\">El sello de anillo Y se usa ampliamente en dispositivos de sellado reciprocantes y su vida \u00fatil es mayor que la de un sello de anillo t\u00f3rico. La presi\u00f3n de trabajo aplicable del anillo de sellado tipo Y no supera los 40 MPa, y la temperatura de trabajo es de -30 a 80 \u00b0C. El rango de velocidad de trabajo es de 0,01 a 0,6 m\/s para caucho de poliuretano; de 0,05 a 0,3 m\/s para caucho de poliuretano; y de 0,01 a lm\/s. El rendimiento de sellado, la vida \u00fatil y el l\u00edmite de presi\u00f3n de trabajo de los anillos de sellado tipo Y son mejores que los del caucho de poliuretano.<\/p>\n<p style=\"font-weight: 400;\"><strong>Caracter\u00edsticas del sello de anillo Y:<\/strong><\/p>\n<p style=\"font-weight: 400;\">(1) Rendimiento de sellado confiable<\/p>\n<p style=\"font-weight: 400;\">(2) Resistencia a la fricci\u00f3n y movimiento suave.<\/p>\n<p style=\"font-weight: 400;\">(3) Buena resistencia a la presi\u00f3n y una amplia gama de presi\u00f3n de uso.<\/p>\n<p style=\"font-weight: 400;\">(4) Estructura simple, precio bajo.<\/p>\n<p style=\"font-weight: 400;\">(5) F\u00e1cil de instalar.<\/p>\n\n<table id=\"tablepress-2\" class=\"tablepress tablepress-id-2 tbody-has-connected-cells\">\n<thead>\n<tr class=\"row-1\">\n\t<th class=\"column-1\">Modelo<\/th><th class=\"column-2\">Secci\u00f3n transversal<\/th><th class=\"column-3\">Materiales comunes<\/th><th class=\"column-4\">Temperatura (\u2103\uff09<\/th><th class=\"column-5\">Prensa (Mpa)<\/th><th class=\"column-6\">Velocidad de l\u00ednea (m\/s)<\/th><th class=\"column-7\">Sello de<\/th><th class=\"column-8\">Imagen real<\/th>\n<\/tr>\n<\/thead>\n<tbody class=\"row-striping row-hover\">\n<tr class=\"row-2\">\n\t<td rowspan=\"2\" class=\"column-1\">Lenguaje de se\u00f1as americano 92YxD<\/td><td rowspan=\"2\" class=\"column-2\"><img decoding=\"async\" src=\"https:\/\/sterubber.com\/wp-content\/uploads\/2024\/04\/1-1.jpg\" alt=\"\" width=\"150\" height=\"116\" class=\"alignnone size-full wp-image-554\" \/><\/td><td class=\"column-3\">Lengua de se\u00f1as americana (ASL)-PU<\/td><td class=\"column-4\">-30~+110<\/td><td rowspan=\"2\" class=\"column-5\">40<\/td><td rowspan=\"2\" class=\"column-6\">0.5<\/td><td rowspan=\"2\" class=\"column-7\">Reciprocar en un sentido<\/td><td rowspan=\"2\" class=\"column-8\"><img decoding=\"async\" src=\"https:\/\/sterubber.com\/wp-content\/uploads\/2024\/04\/1-2.jpg\" alt=\"\" width=\"292\" height=\"111\" class=\"alignnone size-full wp-image-555\" \/><\/td>\n<\/tr>\n<tr class=\"row-3\">\n\t<td class=\"column-3\">Lengua de se\u00f1as estadounidense-FKM<\/td><td class=\"column-4\">-20~+260<\/td>\n<\/tr>\n<tr class=\"row-4\">\n\t<td rowspan=\"2\" class=\"column-1\">Lengua de se\u00f1as americana 922<\/td><td rowspan=\"2\" class=\"column-2\"><img decoding=\"async\" src=\"https:\/\/sterubber.com\/wp-content\/uploads\/2024\/04\/2-1.jpg\" alt=\"\" width=\"147\" height=\"121\" class=\"alignnone size-full wp-image-557\" \/><\/td><td class=\"column-3\">Lengua de se\u00f1as americana (ASL)-PU<br \/>\nLenguaje de se\u00f1as americano-POM<\/td><td class=\"column-4\">-30~+100<\/td><td rowspan=\"2\" class=\"column-5\">60<\/td><td rowspan=\"2\" class=\"column-6\">0.5<\/td><td rowspan=\"2\" class=\"column-7\">Reciprocar en un sentido<\/td><td rowspan=\"2\" class=\"column-8\"><img loading=\"lazy\" decoding=\"async\" src=\"https:\/\/sterubber.com\/wp-content\/uploads\/2024\/04\/2-2.jpg\" alt=\"\" width=\"292\" height=\"121\" class=\"alignnone size-full wp-image-558\" \/><\/td>\n<\/tr>\n<tr class=\"row-5\">\n\t<td class=\"column-3\">Lengua de se\u00f1as estadounidense-FKM<br \/>\nASL-PTFE<\/td><td class=\"column-4\">-20~+260<\/td>\n<\/tr>\n<tr class=\"row-6\">\n\t<td rowspan=\"2\" class=\"column-1\">Lengua de se\u00f1as americana 92Y<\/td><td rowspan=\"2\" class=\"column-2\"><img loading=\"lazy\" decoding=\"async\" src=\"https:\/\/sterubber.com\/wp-content\/uploads\/2024\/04\/3-1.jpg\" alt=\"\" width=\"151\" height=\"120\" class=\"alignnone size-full wp-image-559\" \/><\/td><td class=\"column-3\">Lengua de se\u00f1as americana (ASL)-PU<\/td><td class=\"column-4\">-30~+110<\/td><td rowspan=\"2\" class=\"column-5\">40<\/td><td rowspan=\"2\" class=\"column-6\">0.5<\/td><td rowspan=\"2\" class=\"column-7\">Reciprocar en un sentido<\/td><td rowspan=\"2\" class=\"column-8\"><img loading=\"lazy\" decoding=\"async\" src=\"https:\/\/sterubber.com\/wp-content\/uploads\/2024\/04\/3-2.jpg\" alt=\"\" width=\"294\" height=\"117\" class=\"alignnone size-full wp-image-560\" \/><\/td>\n<\/tr>\n<tr class=\"row-7\">\n\t<td class=\"column-3\">Lengua de se\u00f1as estadounidense-FKM<\/td><td class=\"column-4\">-20~+260<\/td>\n<\/tr>\n<tr class=\"row-8\">\n\t<td rowspan=\"2\" class=\"column-1\">Lengua de se\u00f1as americana 93YxD<\/td><td rowspan=\"2\" class=\"column-2\"><img loading=\"lazy\" decoding=\"async\" src=\"https:\/\/sterubber.com\/wp-content\/uploads\/2024\/04\/4-1.jpg\" alt=\"\" width=\"150\" height=\"117\" class=\"alignnone size-full wp-image-561\" \/><\/td><td class=\"column-3\">OTH-PU<\/td><td class=\"column-4\">-30~+110<\/td><td rowspan=\"2\" class=\"column-5\">40<\/td><td rowspan=\"2\" class=\"column-6\">0.5<\/td><td rowspan=\"2\" class=\"column-7\">Reciprocar en un sentido<\/td><td rowspan=\"2\" class=\"column-8\"><img loading=\"lazy\" decoding=\"async\" src=\"https:\/\/sterubber.com\/wp-content\/uploads\/2024\/04\/4-2.jpg\" alt=\"\" width=\"287\" height=\"116\" class=\"alignnone size-full wp-image-562\" \/><\/td>\n<\/tr>\n<tr class=\"row-9\">\n\t<td class=\"column-3\">OTH-FKM<\/td><td class=\"column-4\">-20~+260<\/td>\n<\/tr>\n<tr class=\"row-10\">\n\t<td rowspan=\"2\" class=\"column-1\">Lengua de se\u00f1as americana 932<\/td><td rowspan=\"2\" class=\"column-2\"><img loading=\"lazy\" decoding=\"async\" src=\"https:\/\/sterubber.com\/wp-content\/uploads\/2024\/04\/5-1.jpg\" alt=\"\" width=\"149\" height=\"119\" class=\"alignnone size-full wp-image-563\" \/><\/td><td class=\"column-3\">OTH-PU<br \/>\nOTH-POM<\/td><td class=\"column-4\">-30~+100<\/td><td rowspan=\"2\" class=\"column-5\">60<\/td><td rowspan=\"2\" class=\"column-6\">0.5<\/td><td rowspan=\"2\" class=\"column-7\">Reciprocar en un sentido<\/td><td rowspan=\"2\" class=\"column-8\"><img loading=\"lazy\" decoding=\"async\" src=\"https:\/\/sterubber.com\/wp-content\/uploads\/2024\/04\/5-2.jpg\" alt=\"\" width=\"290\" height=\"119\" class=\"alignnone size-full wp-image-564\" \/><\/td>\n<\/tr>\n<tr class=\"row-11\">\n\t<td class=\"column-3\">OTH-FKM<br \/>\nOTH-PTFE<\/td><td class=\"column-4\">-20~+260<\/td>\n<\/tr>\n<tr class=\"row-12\">\n\t<td rowspan=\"2\" class=\"column-1\">Lengua de se\u00f1as americana 93Y<\/td><td rowspan=\"2\" class=\"column-2\"><img loading=\"lazy\" decoding=\"async\" src=\"https:\/\/sterubber.com\/wp-content\/uploads\/2024\/04\/6-1.jpg\" alt=\"\" width=\"151\" height=\"111\" class=\"alignnone size-full wp-image-565\" \/><\/td><td class=\"column-3\">OTH-PU<\/td><td class=\"column-4\">-30~+110<\/td><td rowspan=\"2\" class=\"column-5\">40<\/td><td rowspan=\"2\" class=\"column-6\">0.5<\/td><td rowspan=\"2\" class=\"column-7\">Reciprocar en un sentido<\/td><td rowspan=\"2\" class=\"column-8\"><img loading=\"lazy\" decoding=\"async\" src=\"https:\/\/sterubber.com\/wp-content\/uploads\/2024\/04\/6-2.jpg\" alt=\"\" width=\"290\" height=\"111\" class=\"alignnone size-full wp-image-566\" \/><\/td>\n<\/tr>\n<tr class=\"row-13\">\n\t<td class=\"column-3\">OTH-FKM<\/td><td class=\"column-4\">-20~+260<\/td>\n<\/tr>\n<tr class=\"row-14\">\n\t<td rowspan=\"2\" class=\"column-1\">Lengua de se\u00f1as americana 927<\/td><td rowspan=\"2\" class=\"column-2\"><img loading=\"lazy\" decoding=\"async\" src=\"https:\/\/sterubber.com\/wp-content\/uploads\/2024\/04\/7-1.jpg\" alt=\"\" width=\"151\" height=\"117\" class=\"alignnone size-full wp-image-567\" \/><\/td><td class=\"column-3\">Lengua de se\u00f1as americana (ASL)-PU<\/td><td rowspan=\"2\" class=\"column-4\">-30~+110<\/td><td rowspan=\"2\" class=\"column-5\">60<\/td><td rowspan=\"2\" class=\"column-6\">0.5<\/td><td rowspan=\"2\" class=\"column-7\">Reciprocar en un sentido<\/td><td rowspan=\"2\" class=\"column-8\"><img loading=\"lazy\" decoding=\"async\" src=\"https:\/\/sterubber.com\/wp-content\/uploads\/2024\/04\/7-2.jpg\" alt=\"\" width=\"291\" height=\"117\" class=\"alignnone size-full wp-image-568\" \/><\/td>\n<\/tr>\n<tr class=\"row-15\">\n\t<td class=\"column-3\">Lenguaje de se\u00f1as americano-NBR<\/td>\n<\/tr>\n<tr class=\"row-16\">\n\t<td rowspan=\"2\" class=\"column-1\">Lengua de se\u00f1as americana 921B<\/td><td rowspan=\"2\" class=\"column-2\"><img loading=\"lazy\" decoding=\"async\" src=\"https:\/\/sterubber.com\/wp-content\/uploads\/2024\/04\/8-1.jpg\" alt=\"\" width=\"150\" height=\"120\" class=\"alignnone size-full wp-image-569\" \/><\/td><td class=\"column-3\">Lengua de se\u00f1as americana (ASL)-PU<\/td><td class=\"column-4\">-30~+110<\/td><td rowspan=\"2\" class=\"column-5\">40<\/td><td rowspan=\"2\" class=\"column-6\">0.5<\/td><td rowspan=\"2\" class=\"column-7\">Reciprocar en un sentido<\/td><td rowspan=\"2\" class=\"column-8\"><img loading=\"lazy\" decoding=\"async\" src=\"https:\/\/sterubber.com\/wp-content\/uploads\/2024\/04\/8-2.jpg\" alt=\"\" width=\"291\" height=\"119\" class=\"alignnone size-full wp-image-570\" \/><\/td>\n<\/tr>\n<tr class=\"row-17\">\n\t<td class=\"column-3\">Lengua de se\u00f1as estadounidense-FKM<\/td><td class=\"column-4\">-20~+260<\/td>\n<\/tr>\n<\/tbody>\n<\/table>\n<!-- #tablepress-2 from cache -->\n<p style=\"font-weight: 400;\">El material m\u00e1s com\u00fanmente utilizado para los anillos de sello Y es el caucho de poliuretano. Los anillos de sello Y de caucho de poliuretano tienen un buen rendimiento de sellado, vida \u00fatil y se pueden usar diferentes anillos cuando el l\u00edmite de presi\u00f3n de trabajo es mayor.<\/p>","protected":false},"excerpt":{"rendered":"<p>El sello de anillo Y se usa ampliamente en dispositivos de sellado reciprocantes y su vida \u00fatil es mayor que la de un sello de anillo t\u00f3rico. La presi\u00f3n de trabajo aplicable del anillo de sellado tipo Y no supera los 40 MPa, y la temperatura de trabajo es de -30 a 80 \u00b0C. El rango de velocidad de trabajo es de 0,01 a 0,6 m\/s para caucho de poliuretano; de 0,05 a 0,3 m\/s para caucho de poliuretano; y de 0,01 a lm\/s. El rendimiento de sellado, la vida \u00fatil y el l\u00edmite de presi\u00f3n de trabajo de los anillos de sellado tipo Y son mejores que los del caucho de poliuretano.<\/p>","protected":false},"featured_media":572,"comment_status":"open","ping_status":"closed","template":"","meta":{"site-sidebar-layout":"default","site-content-layout":"","ast-site-content-layout":"default","site-content-style":"default","site-sidebar-style":"default","ast-global-header-display":"","ast-banner-title-visibility":"","ast-main-header-display":"","ast-hfb-above-header-display":"","ast-hfb-below-header-display":"","ast-hfb-mobile-header-display":"","site-post-title":"","ast-breadcrumbs-content":"","ast-featured-img":"","footer-sml-layout":"","ast-disable-related-posts":"","theme-transparent-header-meta":"default","adv-header-id-meta":"","stick-header-meta":"","header-above-stick-meta":"","header-main-stick-meta":"","header-below-stick-meta":"","astra-migrate-meta-layouts":"set","ast-page-background-enabled":"default","ast-page-background-meta":{"desktop":{"background-color":"var(--ast-global-color-4)","background-image":"","background-repeat":"repeat","background-position":"center center","background-size":"auto","background-attachment":"scroll","background-type":"","background-media":"","overlay-type":"","overlay-color":"","overlay-opacity":"","overlay-gradient":""},"tablet":{"background-color":"","background-image":"","background-repeat":"repeat","background-position":"center center","background-size":"auto","background-attachment":"scroll","background-type":"","background-media":"","overlay-type":"","overlay-color":"","overlay-opacity":"","overlay-gradient":""},"mobile":{"background-color":"","background-image":"","background-repeat":"repeat","background-position":"center center","background-size":"auto","background-attachment":"scroll","background-type":"","background-media":"","overlay-type":"","overlay-color":"","overlay-opacity":"","overlay-gradient":""}},"ast-content-background-meta":{"desktop":{"background-color":"var(--ast-global-color-5)","background-image":"","background-repeat":"repeat","background-position":"center center","background-size":"auto","background-attachment":"scroll","background-type":"","background-media":"","overlay-type":"","overlay-color":"","overlay-opacity":"","overlay-gradient":""},"tablet":{"background-color":"var(--ast-global-color-5)","background-image":"","background-repeat":"repeat","background-position":"center center","background-size":"auto","background-attachment":"scroll","background-type":"","background-media":"","overlay-type":"","overlay-color":"","overlay-opacity":"","overlay-gradient":""},"mobile":{"background-color":"var(--ast-global-color-5)","background-image":"","background-repeat":"repeat","background-position":"center center","background-size":"auto","background-attachment":"scroll","background-type":"","background-media":"","overlay-type":"","overlay-color":"","overlay-opacity":"","overlay-gradient":""}}},"product_brand":[],"product_cat":[26,23],"product_tag":[],"class_list":{"0":"post-550","1":"product","2":"type-product","3":"status-publish","4":"has-post-thumbnail","6":"product_cat-lip-seal","7":"product_cat-rubber-seals","8":"desktop-align-center","9":"tablet-align-left","10":"mobile-align-left","12":"first","13":"instock","14":"shipping-taxable","15":"product-type-simple"},"_links":{"self":[{"href":"https:\/\/www.sterubber.com\/es\/wp-json\/wp\/v2\/product\/550","targetHints":{"allow":["GET"]}}],"collection":[{"href":"https:\/\/www.sterubber.com\/es\/wp-json\/wp\/v2\/product"}],"about":[{"href":"https:\/\/www.sterubber.com\/es\/wp-json\/wp\/v2\/types\/product"}],"replies":[{"embeddable":true,"href":"https:\/\/www.sterubber.com\/es\/wp-json\/wp\/v2\/comments?post=550"}],"wp:featuredmedia":[{"embeddable":true,"href":"https:\/\/www.sterubber.com\/es\/wp-json\/wp\/v2\/media\/572"}],"wp:attachment":[{"href":"https:\/\/www.sterubber.com\/es\/wp-json\/wp\/v2\/media?parent=550"}],"wp:term":[{"taxonomy":"product_brand","embeddable":true,"href":"https:\/\/www.sterubber.com\/es\/wp-json\/wp\/v2\/product_brand?post=550"},{"taxonomy":"product_cat","embeddable":true,"href":"https:\/\/www.sterubber.com\/es\/wp-json\/wp\/v2\/product_cat?post=550"},{"taxonomy":"product_tag","embeddable":true,"href":"https:\/\/www.sterubber.com\/es\/wp-json\/wp\/v2\/product_tag?post=550"}],"curies":[{"name":"wp","href":"https:\/\/api.w.org\/{rel}","templated":true}]}}