{"id":544,"date":"2024-04-01T13:44:41","date_gmt":"2024-04-01T05:44:41","guid":{"rendered":"https:\/\/sterubber.com\/?post_type=product&#038;p=544"},"modified":"2024-04-07T10:34:46","modified_gmt":"2024-04-07T02:34:46","slug":"anillo-tipo-u-con-sello-de-labio","status":"publish","type":"product","link":"https:\/\/www.sterubber.com\/es\/product\/lip-seal-u-type-ring\/","title":{"rendered":"Anillo tipo U con sello de labios"},"content":{"rendered":"<p>El anillo de sellado en forma de U se utiliza com\u00fanmente en los cilindros hidr\u00e1ulicos; es un tipo de sello de labios t\u00edpico, que funciona muy bien para pistones y v\u00e1stagos de pist\u00f3n. El anillo en U de poliuretano se utiliza principalmente en cilindros hidr\u00e1ulicos. Tiene buenas propiedades mec\u00e1nicas y buena resistencia al aceite y es el m\u00e1s utilizado en cilindros hidr\u00e1ulicos de aceite con presi\u00f3n media y alta.<\/p>\n<p>Caracter\u00edsticas: Buen rendimiento de sellado.<\/p>\n<p>Uso: el anillo en forma de U es f\u00e1cil de enrollar en condiciones separadas, por lo que debe usarse con el anillo de soporte de bronce de esta\u00f1o.<\/p>\n<p>Aplicaci\u00f3n: El anillo de sellado en forma de U solo es adecuado para cilindros hidr\u00e1ulicos con baja presi\u00f3n de trabajo o baja velocidad de movimiento.<\/p>","protected":false},"excerpt":{"rendered":"<p>El anillo de sellado en forma de U se utiliza com\u00fanmente en los cilindros hidr\u00e1ulicos; es un tipo de sello de labios t\u00edpico, que funciona muy bien para pistones y v\u00e1stagos de pist\u00f3n. El anillo en U de poliuretano se utiliza principalmente en cilindros hidr\u00e1ulicos. Tiene buenas propiedades mec\u00e1nicas y buena resistencia al aceite y es el m\u00e1s utilizado en cilindros hidr\u00e1ulicos de aceite con presi\u00f3n media y alta.<\/p>","protected":false},"featured_media":545,"comment_status":"open","ping_status":"closed","template":"","meta":{"site-sidebar-layout":"default","site-content-layout":"","ast-site-content-layout":"default","site-content-style":"default","site-sidebar-style":"default","ast-global-header-display":"","ast-banner-title-visibility":"","ast-main-header-display":"","ast-hfb-above-header-display":"","ast-hfb-below-header-display":"","ast-hfb-mobile-header-display":"","site-post-title":"","ast-breadcrumbs-content":"","ast-featured-img":"","footer-sml-layout":"","ast-disable-related-posts":"","theme-transparent-header-meta":"default","adv-header-id-meta":"","stick-header-meta":"","header-above-stick-meta":"","header-main-stick-meta":"","header-below-stick-meta":"","astra-migrate-meta-layouts":"set","ast-page-background-enabled":"default","ast-page-background-meta":{"desktop":{"background-color":"var(--ast-global-color-4)","background-image":"","background-repeat":"repeat","background-position":"center center","background-size":"auto","background-attachment":"scroll","background-type":"","background-media":"","overlay-type":"","overlay-color":"","overlay-opacity":"","overlay-gradient":""},"tablet":{"background-color":"","background-image":"","background-repeat":"repeat","background-position":"center center","background-size":"auto","background-attachment":"scroll","background-type":"","background-media":"","overlay-type":"","overlay-color":"","overlay-opacity":"","overlay-gradient":""},"mobile":{"background-color":"","background-image":"","background-repeat":"repeat","background-position":"center center","background-size":"auto","background-attachment":"scroll","background-type":"","background-media":"","overlay-type":"","overlay-color":"","overlay-opacity":"","overlay-gradient":""}},"ast-content-background-meta":{"desktop":{"background-color":"var(--ast-global-color-5)","background-image":"","background-repeat":"repeat","background-position":"center center","background-size":"auto","background-attachment":"scroll","background-type":"","background-media":"","overlay-type":"","overlay-color":"","overlay-opacity":"","overlay-gradient":""},"tablet":{"background-color":"var(--ast-global-color-5)","background-image":"","background-repeat":"repeat","background-position":"center center","background-size":"auto","background-attachment":"scroll","background-type":"","background-media":"","overlay-type":"","overlay-color":"","overlay-opacity":"","overlay-gradient":""},"mobile":{"background-color":"var(--ast-global-color-5)","background-image":"","background-repeat":"repeat","background-position":"center center","background-size":"auto","background-attachment":"scroll","background-type":"","background-media":"","overlay-type":"","overlay-color":"","overlay-opacity":"","overlay-gradient":""}}},"product_brand":[],"product_cat":[26,23],"product_tag":[],"class_list":{"0":"post-544","1":"product","2":"type-product","3":"status-publish","4":"has-post-thumbnail","6":"product_cat-lip-seal","7":"product_cat-rubber-seals","8":"desktop-align-center","9":"tablet-align-left","10":"mobile-align-left","12":"first","13":"instock","14":"shipping-taxable","15":"product-type-simple"},"_links":{"self":[{"href":"https:\/\/www.sterubber.com\/es\/wp-json\/wp\/v2\/product\/544","targetHints":{"allow":["GET"]}}],"collection":[{"href":"https:\/\/www.sterubber.com\/es\/wp-json\/wp\/v2\/product"}],"about":[{"href":"https:\/\/www.sterubber.com\/es\/wp-json\/wp\/v2\/types\/product"}],"replies":[{"embeddable":true,"href":"https:\/\/www.sterubber.com\/es\/wp-json\/wp\/v2\/comments?post=544"}],"wp:featuredmedia":[{"embeddable":true,"href":"https:\/\/www.sterubber.com\/es\/wp-json\/wp\/v2\/media\/545"}],"wp:attachment":[{"href":"https:\/\/www.sterubber.com\/es\/wp-json\/wp\/v2\/media?parent=544"}],"wp:term":[{"taxonomy":"product_brand","embeddable":true,"href":"https:\/\/www.sterubber.com\/es\/wp-json\/wp\/v2\/product_brand?post=544"},{"taxonomy":"product_cat","embeddable":true,"href":"https:\/\/www.sterubber.com\/es\/wp-json\/wp\/v2\/product_cat?post=544"},{"taxonomy":"product_tag","embeddable":true,"href":"https:\/\/www.sterubber.com\/es\/wp-json\/wp\/v2\/product_tag?post=544"}],"curies":[{"name":"wp","href":"https:\/\/api.w.org\/{rel}","templated":true}]}}