{"id":534,"date":"2024-04-01T13:39:05","date_gmt":"2024-04-01T05:39:05","guid":{"rendered":"https:\/\/sterubber.com\/?post_type=product&#038;p=534"},"modified":"2024-04-07T10:34:31","modified_gmt":"2024-04-07T02:34:31","slug":"anillo-de-sello-de-labio-tipo-v","status":"publish","type":"product","link":"https:\/\/www.sterubber.com\/es\/product\/lip-seal-v-type-ring\/","title":{"rendered":"Anillo tipo V con sello de labios"},"content":{"rendered":"<p style=\"font-weight: 400;\">Los anillos en V se pueden utilizar para sellos de eje y sellos de orificios.<\/p>\n<p style=\"font-weight: 400;\">La siguiente figura es un diagrama esquem\u00e1tico de la estructura de la secci\u00f3n del sello de eje en forma de V, que se compone principalmente de una combinaci\u00f3n de anillo de presi\u00f3n, 3~7 anillos en V y anillo de soporte.<\/p>\n<p style=\"font-weight: 400;\">El labio del anillo en forma de V sobresale del eje (\u00e9mbolo), lo que produce cierta deformaci\u00f3n tras el montaje. Debido a la acci\u00f3n del anillo de soporte, la deformaci\u00f3n solo se produce en el labio, lo que genera una fuerza de preapriete con la superficie deslizante y tiene el efecto de autosellado.<\/p>\n<p class=\"p\">El sello de anillo en V es adecuado para aceite hidr\u00e1ulico, agua, emulsi\u00f3n y otros medios, utilizando presi\u00f3n de hasta 40 MPa, velocidad de l\u00ednea de superficie de 0,5 m \u00b7 s-1, buen rendimiento de sellado, permitiendo cierto movimiento exc\u00e9ntrico, presi\u00f3n de impacto y presi\u00f3n de vibraci\u00f3n.<\/p>\n<p class=\"p\">Los anillos en V se pueden utilizar en m\u00faltiples combinaciones, adecuadas para alta presi\u00f3n, gran di\u00e1metro y carrera larga y otras condiciones de trabajo.<\/p>\n<p style=\"font-weight: 400;\">Cuando la presi\u00f3n del medio, el labio y la superficie deslizante entran en contacto m\u00e1s estrechamente, el medio es dif\u00edcil de pasar, produce el primer efecto de sellado, si hay fugas, se sella en el segundo anillo en V, de manera continua hasta que se evita la fuga, para lograr el efecto de sellado.<\/p>\n<p style=\"font-weight: 400;\">La cantidad de anillos en V que se pueden combinar depende de la presi\u00f3n del fluido de trabajo. Generalmente, si la presi\u00f3n y la cantidad son altas, la resistencia a la fricci\u00f3n y el desgaste del labio aumentan.<\/p>","protected":false},"excerpt":{"rendered":"<p>El labio del anillo en forma de V sobresale del eje (\u00e9mbolo), lo que produce cierta deformaci\u00f3n tras el montaje. Debido a la acci\u00f3n del anillo de soporte, la deformaci\u00f3n solo se produce en el labio, lo que genera una fuerza de preapriete con la superficie deslizante y tiene el efecto de autosellado.<\/p>","protected":false},"featured_media":542,"comment_status":"open","ping_status":"closed","template":"","meta":{"site-sidebar-layout":"default","site-content-layout":"","ast-site-content-layout":"default","site-content-style":"default","site-sidebar-style":"default","ast-global-header-display":"","ast-banner-title-visibility":"","ast-main-header-display":"","ast-hfb-above-header-display":"","ast-hfb-below-header-display":"","ast-hfb-mobile-header-display":"","site-post-title":"","ast-breadcrumbs-content":"","ast-featured-img":"","footer-sml-layout":"","ast-disable-related-posts":"","theme-transparent-header-meta":"default","adv-header-id-meta":"","stick-header-meta":"","header-above-stick-meta":"","header-main-stick-meta":"","header-below-stick-meta":"","astra-migrate-meta-layouts":"set","ast-page-background-enabled":"default","ast-page-background-meta":{"desktop":{"background-color":"var(--ast-global-color-4)","background-image":"","background-repeat":"repeat","background-position":"center center","background-size":"auto","background-attachment":"scroll","background-type":"","background-media":"","overlay-type":"","overlay-color":"","overlay-opacity":"","overlay-gradient":""},"tablet":{"background-color":"","background-image":"","background-repeat":"repeat","background-position":"center center","background-size":"auto","background-attachment":"scroll","background-type":"","background-media":"","overlay-type":"","overlay-color":"","overlay-opacity":"","overlay-gradient":""},"mobile":{"background-color":"","background-image":"","background-repeat":"repeat","background-position":"center center","background-size":"auto","background-attachment":"scroll","background-type":"","background-media":"","overlay-type":"","overlay-color":"","overlay-opacity":"","overlay-gradient":""}},"ast-content-background-meta":{"desktop":{"background-color":"var(--ast-global-color-5)","background-image":"","background-repeat":"repeat","background-position":"center center","background-size":"auto","background-attachment":"scroll","background-type":"","background-media":"","overlay-type":"","overlay-color":"","overlay-opacity":"","overlay-gradient":""},"tablet":{"background-color":"var(--ast-global-color-5)","background-image":"","background-repeat":"repeat","background-position":"center center","background-size":"auto","background-attachment":"scroll","background-type":"","background-media":"","overlay-type":"","overlay-color":"","overlay-opacity":"","overlay-gradient":""},"mobile":{"background-color":"var(--ast-global-color-5)","background-image":"","background-repeat":"repeat","background-position":"center center","background-size":"auto","background-attachment":"scroll","background-type":"","background-media":"","overlay-type":"","overlay-color":"","overlay-opacity":"","overlay-gradient":""}}},"product_brand":[],"product_cat":[26,23],"product_tag":[],"class_list":{"0":"post-534","1":"product","2":"type-product","3":"status-publish","4":"has-post-thumbnail","6":"product_cat-lip-seal","7":"product_cat-rubber-seals","8":"desktop-align-center","9":"tablet-align-left","10":"mobile-align-left","12":"first","13":"instock","14":"shipping-taxable","15":"product-type-simple"},"_links":{"self":[{"href":"https:\/\/www.sterubber.com\/es\/wp-json\/wp\/v2\/product\/534","targetHints":{"allow":["GET"]}}],"collection":[{"href":"https:\/\/www.sterubber.com\/es\/wp-json\/wp\/v2\/product"}],"about":[{"href":"https:\/\/www.sterubber.com\/es\/wp-json\/wp\/v2\/types\/product"}],"replies":[{"embeddable":true,"href":"https:\/\/www.sterubber.com\/es\/wp-json\/wp\/v2\/comments?post=534"}],"wp:featuredmedia":[{"embeddable":true,"href":"https:\/\/www.sterubber.com\/es\/wp-json\/wp\/v2\/media\/542"}],"wp:attachment":[{"href":"https:\/\/www.sterubber.com\/es\/wp-json\/wp\/v2\/media?parent=534"}],"wp:term":[{"taxonomy":"product_brand","embeddable":true,"href":"https:\/\/www.sterubber.com\/es\/wp-json\/wp\/v2\/product_brand?post=534"},{"taxonomy":"product_cat","embeddable":true,"href":"https:\/\/www.sterubber.com\/es\/wp-json\/wp\/v2\/product_cat?post=534"},{"taxonomy":"product_tag","embeddable":true,"href":"https:\/\/www.sterubber.com\/es\/wp-json\/wp\/v2\/product_tag?post=534"}],"curies":[{"name":"wp","href":"https:\/\/api.w.org\/{rel}","templated":true}]}}